{"id":1336,"date":"2022-03-17T16:17:42","date_gmt":"2022-03-17T16:17:42","guid":{"rendered":"https:\/\/congresos.turismodealmeria.es\/?page_id=1336"},"modified":"2025-02-27T15:45:17","modified_gmt":"2025-02-27T14:45:17","slug":"inicio-2","status":"publish","type":"page","link":"https:\/\/www.turismodealmeria.org\/congresos\/","title":{"rendered":"Inicio"},"content":{"rendered":"<div class=\"wpb-content-wrapper\"><p>[vc_row row_height_percent=\u00bb0&#8243; overlay_alpha=\u00bb50&#8243; gutter_size=\u00bb3&#8243; column_width_percent=\u00bb100&#8243; shift_y=\u00bb0&#8243; z_index=\u00bb0&#8243; uncode_shortcode_id=\u00bb175937&#8243; el_class=\u00bbfila-slider\u00bb][vc_column width=\u00bb1\/1&#8243;]\n\t\t\t<!-- START Slider 1 REVOLUTION SLIDER 6.7.28 --><p class=\"rs-p-wp-fix\"><\/p>\n\t\t\t<rs-module-wrap id=\"rev_slider_1_1_wrapper\" data-source=\"gallery\" style=\"visibility:hidden;background:transparent;padding:0;margin:0px auto;margin-top:0;margin-bottom:0;\">\n\t\t\t\t<rs-module id=\"rev_slider_1_1\" style=\"\" data-version=\"6.7.28\">\n\t\t\t\t\t<rs-slides style=\"overflow: hidden; position: absolute;\">\n\t\t\t\t\t\t<rs-slide style=\"position: absolute;\" data-key=\"rs-1\" data-title=\"Slide\" data-anim=\"adpr:false;\" data-in=\"o:0;\" data-out=\"a:false;\">\n\t\t\t\t\t\t\t<img decoding=\"async\" src=\"\/\/www.turismodealmeria.org\/congresos\/wp-content\/plugins\/revslider\/sr6\/assets\/assets\/dummy.png\" alt=\"Ciudad de congresos\" title=\"Ciudad de congresos\" width=\"1920\" height=\"668\" class=\"rev-slidebg tp-rs-img rs-lazyload\" data-lazyload=\"\/\/www.turismodealmeria.org\/congresos\/wp-content\/uploads\/2022\/05\/palacio-congresos-almeria.jpg\" data-no-retina>\n<!--\n\t\t\t\t\t\t\t--><rs-layer\n\t\t\t\t\t\t\t\tid=\"slider-1-slide-1-layer-4\" \n\t\t\t\t\t\t\t\tdata-type=\"image\"\n\t\t\t\t\t\t\t\tdata-rsp_ch=\"on\"\n\t\t\t\t\t\t\t\tdata-xy=\"x:l,c,c,c;xo:285px,0,0,0;y:m;\"\n\t\t\t\t\t\t\t\tdata-text=\"w:normal;s:20,10,7,4;l:0,13,9,6;\"\n\t\t\t\t\t\t\t\tdata-dim=\"w:618px,454px,467px,401px;h:247px,181px,187px,160px;\"\n\t\t\t\t\t\t\t\tdata-frame_999=\"o:0;st:w;\"\n\t\t\t\t\t\t\t\tstyle=\"z-index:8;\"\n\t\t\t\t\t\t\t><img decoding=\"async\" src=\"\/\/www.turismodealmeria.org\/congresos\/wp-content\/plugins\/revslider\/sr6\/assets\/assets\/dummy.png\" alt=\"\" class=\"tp-rs-img rs-lazyload\" width=\"618\" height=\"247\" data-lazyload=\"\/\/www.turismodealmeria.org\/congresos\/wp-content\/uploads\/2022\/05\/congresos-almeria.png\" data-no-retina> \n\t\t\t\t\t\t\t<\/rs-layer><!--\n-->\t\t\t\t\t<\/rs-slide>\n\t\t\t\t\t<\/rs-slides>\n\t\t\t\t<\/rs-module>\n\t\t\t\t<script>\n\t\t\t\t\tsetREVStartSize({c: 'rev_slider_1_1',rl:[1240,1024,778,480],el:[650,600,520,520],gw:[1920,1024,778,480],gh:[650,600,520,520],type:'standard',justify:'',layout:'fullwidth',mh:\"0\"});if (window.RS_MODULES!==undefined && window.RS_MODULES.modules!==undefined && window.RS_MODULES.modules[\"revslider11\"]!==undefined) {window.RS_MODULES.modules[\"revslider11\"].once = false;window.revapi1 = undefined;if (window.RS_MODULES.checkMinimal!==undefined) window.RS_MODULES.checkMinimal()}\n\t\t\t\t<\/script>\n\t\t\t<\/rs-module-wrap>\n\t\t\t<!-- END REVOLUTION SLIDER -->\n[\/vc_column][\/vc_row][vc_row row_height_percent=\u00bb0&#8243; override_padding=\u00bbyes\u00bb h_padding=\u00bb2&#8243; top_padding=\u00bb2&#8243; bottom_padding=\u00bb0&#8243; overlay_alpha=\u00bb50&#8243; gutter_size=\u00bb3&#8243; column_width_percent=\u00bb100&#8243; shift_y=\u00bb0&#8243; z_index=\u00bb0&#8243; uncode_shortcode_id=\u00bb103606&#8243;][vc_column width=\u00bb1\/2&#8243;][vc_custom_heading text_color=\u00bbcolor-deep-teal\u00bb heading_semantic=\u00bbh1&#8243; text_font=\u00bbfont-555555&#8243; text_size=\u00bbfontsize-35&#8243; uncode_shortcode_id=\u00bb496095&#8243; text_color_type=\u00bbuncode-palette\u00bb]Ciudad de congresos[\/vc_custom_heading][vc_column_text text_color=\u00bbcolor-charcoal-grey-Two\u00bb uncode_shortcode_id=\u00bb109152&#8243; text_color_type=\u00bbuncode-palette\u00bb css=\u00bb.vc_custom_1645282969498{margin-top: 0px !important;}\u00bb]<\/p>\n<hr class=\"separator-break separator-accent\" \/>\n<p>[\/vc_column_text][vc_column_text text_color=\u00bbcolor-charcoal-grey-Two\u00bb uncode_shortcode_id=\u00bb191990&#8243; text_color_type=\u00bbuncode-palette\u00bb]<strong>La\u202fciudad de Almer\u00eda<\/strong>\u202fes la capital de una de las provincias emergentes en el panorama tur\u00edstico y econ\u00f3mico del sur de Espa\u00f1a. Se trata de una tranquila urbe de m\u00e1s de 201.000 habitantes, cuyo perfil urbano est\u00e1 marcado por su relaci\u00f3n con el Mediterr\u00e1neo.[\/vc_column_text][\/vc_column][vc_column width=\u00bb1\/2&#8243;][vc_raw_html]JTNDaWZyYW1lJTIwd2lkdGglM0QlMjI4NDAlMjIlMjBoZWlnaHQlM0QlMjIzMjAlMjIlMjBzcmMlM0QlMjJodHRwcyUzQSUyRiUyRnd3dy55b3V0dWJlLmNvbSUyRmVtYmVkJTJGYmZZYlZoc2lHSWslMjIlMjB0aXRsZSUzRCUyMllvdVR1YmUlMjB2aWRlbyUyMHBsYXllciUyMiUyMGZyYW1lYm9yZGVyJTNEJTIyMCUyMiUyMGFsbG93JTNEJTIyYWNjZWxlcm9tZXRlciUzQiUyMGF1dG9wbGF5JTNCJTIwY2xpcGJvYXJkLXdyaXRlJTNCJTIwZW5jcnlwdGVkLW1lZGlhJTNCJTIwZ3lyb3Njb3BlJTNCJTIwcGljdHVyZS1pbi1waWN0dXJlJTIyJTIwYWxsb3dmdWxsc2NyZWVuJTNFJTNDJTJGaWZyYW1lJTNF[\/vc_raw_html][\/vc_column][\/vc_row][vc_row row_height_percent=\u00bb0&#8243; override_padding=\u00bbyes\u00bb h_padding=\u00bb2&#8243; top_padding=\u00bb0&#8243; bottom_padding=\u00bb2&#8243; overlay_alpha=\u00bb50&#8243; gutter_size=\u00bb3&#8243; column_width_percent=\u00bb100&#8243; shift_y=\u00bb0&#8243; z_index=\u00bb0&#8243; uncode_shortcode_id=\u00bb674324&#8243;][vc_column width=\u00bb1\/2&#8243;][vc_raw_html]JTNDaWZyYW1lJTIwd2lkdGglM0QlMjI4NDAlMjIlMjBoZWlnaHQlM0QlMjI0MDAlMjIlMjBzcmMlM0QlMjJodHRwcyUzQSUyRiUyRnd3dy55b3V0dWJlLmNvbSUyRmVtYmVkJTJGeEZVNFN4S3ZBQ2clMjIlMjB0aXRsZSUzRCUyMllvdVR1YmUlMjB2aWRlbyUyMHBsYXllciUyMiUyMGZyYW1lYm9yZGVyJTNEJTIyMCUyMiUyMGFsbG93JTNEJTIyYWNjZWxlcm9tZXRlciUzQiUyMGF1dG9wbGF5JTNCJTIwY2xpcGJvYXJkLXdyaXRlJTNCJTIwZW5jcnlwdGVkLW1lZGlhJTNCJTIwZ3lyb3Njb3BlJTNCJTIwcGljdHVyZS1pbi1waWN0dXJlJTNCJTIwd2ViLXNoYXJlJTIyJTIwYWxsb3dmdWxsc2NyZWVuJTNFJTNDJTJGaWZyYW1lJTNF[\/vc_raw_html][\/vc_column][vc_column column_width_percent=\u00bb100&#8243; position_vertical=\u00bbmiddle\u00bb gutter_size=\u00bb3&#8243; overlay_alpha=\u00bb50&#8243; shift_x=\u00bb0&#8243; shift_y=\u00bb0&#8243; shift_y_down=\u00bb0&#8243; z_index=\u00bb0&#8243; medium_width=\u00bb0&#8243; mobile_width=\u00bb0&#8243; width=\u00bb1\/2&#8243; uncode_shortcode_id=\u00bb207957&#8243;][vc_column_text text_color=\u00bbcolor-charcoal-grey-Two\u00bb uncode_shortcode_id=\u00bb331273&#8243; text_color_type=\u00bbuncode-palette\u00bb]<strong>Almer\u00eda<\/strong>\u202fcuenta con un clima excepcional y unas instalaciones y servicios de excelente calidad. Esto unido a su oferta cultural, monumental, de ocio, de cine\u2026 la hacen \u00fanica en la\u202f<strong>costa espa\u00f1ola<\/strong>.<\/p>\n<p>Adem\u00e1s, la ciudad ha hecho una gran apuesta para convertirse en un lugar ideal para la celebraci\u00f3n de congresos, conferencias y ferias, en el que destaca el <strong>Palacio de Congresos Cabo de Gata-Ciudad de Almer\u00eda<\/strong>, el centro referente para concentrar la actividad congresual de la ciudad. Moderno y dotado de todo tipo de instalaciones tiene una capacidad para cinco mil personas en sus ocho mil metros cuadrados.[\/vc_column_text][\/vc_column][\/vc_row][vc_row][vc_column width=\u00bb1\/1&#8243;][vc_single_image media=\u00bb1505&#8243; media_width_percent=\u00bb100&#8243; alignment=\u00bbcenter\u00bb uncode_shortcode_id=\u00bb177372&#8243;][\/vc_column][\/vc_row][vc_row row_height_percent=\u00bb0&#8243; override_padding=\u00bbyes\u00bb h_padding=\u00bb2&#8243; top_padding=\u00bb2&#8243; bottom_padding=\u00bb4&#8243; overlay_alpha=\u00bb50&#8243; gutter_size=\u00bb3&#8243; column_width_percent=\u00bb100&#8243; shift_y=\u00bb0&#8243; z_index=\u00bb0&#8243; uncode_shortcode_id=\u00bb163641&#8243;][vc_column column_width_percent=\u00bb100&#8243; gutter_size=\u00bb2&#8243; overlay_alpha=\u00bb50&#8243; shift_x=\u00bb0&#8243; shift_y=\u00bb0&#8243; shift_y_down=\u00bb0&#8243; z_index=\u00bb0&#8243; medium_width=\u00bb0&#8243; mobile_width=\u00bb0&#8243; width=\u00bb1\/1&#8243; uncode_shortcode_id=\u00bb206207&#8243;][vc_custom_heading text_color=\u00bbcolor-deep-teal\u00bb text_font=\u00bbfont-555555&#8243; uncode_shortcode_id=\u00bb619686&#8243; text_color_type=\u00bbuncode-palette\u00bb]Sedes de Congresos[\/vc_custom_heading][uncode_index el_id=\u00bbotras-sedes\u00bb isotope_mode=\u00bbfitRows\u00bb loop=\u00bbsize:All|order_by:date|order:DESC|post_type:sedes|taxonomy_count:10&#8243; screen_lg=\u00bb1000&#8243; screen_md=\u00bb600&#8243; screen_sm=\u00bb480&#8243; gutter_size=\u00bb2&#8243; post_items=\u00bbmedia|featured|onpost|original,title\u00bb sedes_items=\u00bbmedia|featured|onpost|original,title\u00bb espacio_items=\u00bbmedia|featured|onpost|original,title\u00bb single_width=\u00bb3&#8243; images_size=\u00bbthree-two\u00bb single_overlay_opacity=\u00bb50&#8243; single_padding=\u00bb1&#8243; single_title_semantic=\u00bbp\u00bb single_title_dimension=\u00bbfontsize-20&#8243; single_title_weight=\u00bb600&#8243; single_title_height=\u00bbfontheight-23&#8243; uncode_shortcode_id=\u00bb145266&#8243;][\/vc_column][\/vc_row][vc_row unlock_row_content=\u00bbyes\u00bb row_height_percent=\u00bb0&#8243; override_padding=\u00bbyes\u00bb h_padding=\u00bb0&#8243; top_padding=\u00bb2&#8243; bottom_padding=\u00bb2&#8243; overlay_alpha=\u00bb50&#8243; gutter_size=\u00bb3&#8243; column_width_percent=\u00bb100&#8243; shift_y=\u00bb0&#8243; z_index=\u00bb0&#8243; desktop_visibility=\u00bbyes\u00bb medium_visibility=\u00bbyes\u00bb mobile_visibility=\u00bbyes\u00bb uncode_shortcode_id=\u00bb305512&#8243; row_height_pixel=\u00bb398&#8243;][vc_column width=\u00bb1\/1&#8243;][vc_row_inner row_inner_height_percent=\u00bb0&#8243; overlay_alpha=\u00bb50&#8243; gutter_size=\u00bb3&#8243; shift_y=\u00bb0&#8243; z_index=\u00bb0&#8243; uncode_shortcode_id=\u00bb200709&#8243; el_class=\u00bbbtn-ver-espacios caracteristicas-tecnicas\u00bb limit_content=\u00bb\u00bb][vc_column_inner column_width_percent=\u00bb27&#8243; position_vertical=\u00bbmiddle\u00bb gutter_size=\u00bb3&#8243; overlay_alpha=\u00bb50&#8243; shift_x=\u00bb0&#8243; shift_y=\u00bb0&#8243; shift_y_down=\u00bb0&#8243; z_index=\u00bb0&#8243; medium_width=\u00bb0&#8243; mobile_width=\u00bb0&#8243; width=\u00bb5\/12&#8243; uncode_shortcode_id=\u00bb952198&#8243;][vc_custom_heading text_color=\u00bbcolor-deep-teal\u00bb text_font=\u00bbfont-555555&#8243; text_size=\u00bbfontsize-35&#8243; uncode_shortcode_id=\u00bb138135&#8243; text_color_type=\u00bbuncode-palette\u00bb]Caracter\u00edsticas t\u00e9cnicas[\/vc_custom_heading][vc_separator sep_color=\u00bbcolor-192850&#8243; uncode_shortcode_id=\u00bb656259&#8243; sep_color_type=\u00bbuncode-palette\u00bb el_width=\u00bb84px\u00bb el_height=\u00bb10px\u00bb el_class=\u00bbmt-10&#8243;][vc_button custom_typo=\u00bbyes\u00bb font_family=\u00bbfont-555555&#8243; font_weight=\u00bb600&#8243; border_width=\u00bb0&#8243; link=\u00bburl:https%3A%2F%2Fwww.turismodealmeria.org%2Fcongresos%2Fcongresos%2Fcaracteristica-tecnicas%2F\u00bb el_class=\u00bbbtn-ver-visitas\u00bb uncode_shortcode_id=\u00bb131578&#8243;]VER[\/vc_button][\/vc_column_inner][vc_column_inner column_width_percent=\u00bb100&#8243; gutter_size=\u00bb3&#8243; overlay_alpha=\u00bb50&#8243; shift_x=\u00bb0&#8243; shift_y=\u00bb0&#8243; shift_y_down=\u00bb0&#8243; z_index=\u00bb0&#8243; medium_width=\u00bb0&#8243; mobile_width=\u00bb0&#8243; width=\u00bb7\/12&#8243; uncode_shortcode_id=\u00bb106048&#8243;][vc_single_image media=\u00bb1850&#8243; media_width_percent=\u00bb100&#8243; uncode_shortcode_id=\u00bb707835&#8243;][\/vc_column_inner][\/vc_row_inner][\/vc_column][\/vc_row][vc_row row_height_percent=\u00bb0&#8243; override_padding=\u00bbyes\u00bb h_padding=\u00bb0&#8243; top_padding=\u00bb2&#8243; bottom_padding=\u00bb2&#8243; back_image=\u00bb1584&#8243; overlay_alpha=\u00bb50&#8243; gutter_size=\u00bb3&#8243; column_width_percent=\u00bb100&#8243; shift_y=\u00bb0&#8243; z_index=\u00bb0&#8243; uncode_shortcode_id=\u00bb536520&#8243; row_height_pixel=\u00bb396&#8243;][vc_column column_width_percent=\u00bb100&#8243; position_vertical=\u00bbmiddle\u00bb gutter_size=\u00bb3&#8243; overlay_alpha=\u00bb50&#8243; shift_x=\u00bb0&#8243; shift_y=\u00bb0&#8243; shift_y_down=\u00bb0&#8243; z_index=\u00bb0&#8243; medium_width=\u00bb0&#8243; mobile_width=\u00bb0&#8243; width=\u00bb1\/1&#8243; uncode_shortcode_id=\u00bb143301&#8243;][vc_single_image media=\u00bb1588&#8243; media_width_use_pixel=\u00bbyes\u00bb alignment=\u00bbcenter\u00bb uncode_shortcode_id=\u00bb158211&#8243; media_width_pixel=\u00bb315&#8243;][\/vc_column][\/vc_row][vc_row row_height_percent=\u00bb0&#8243; override_padding=\u00bbyes\u00bb h_padding=\u00bb2&#8243; top_padding=\u00bb3&#8243; bottom_padding=\u00bb0&#8243; overlay_alpha=\u00bb50&#8243; gutter_size=\u00bb3&#8243; column_width_percent=\u00bb100&#8243; shift_y=\u00bb0&#8243; z_index=\u00bb0&#8243; uncode_shortcode_id=\u00bb125835&#8243; el_class=\u00bbrow-last-news\u00bb][vc_column column_width_percent=\u00bb100&#8243; gutter_size=\u00bb2&#8243; overlay_alpha=\u00bb50&#8243; shift_x=\u00bb0&#8243; shift_y=\u00bb0&#8243; shift_y_down=\u00bb0&#8243; z_index=\u00bb0&#8243; medium_width=\u00bb0&#8243; mobile_width=\u00bb0&#8243; width=\u00bb1\/1&#8243; uncode_shortcode_id=\u00bb206207&#8243;][vc_custom_heading text_color=\u00bbcolor-deep-teal\u00bb text_font=\u00bbfont-555555&#8243; uncode_shortcode_id=\u00bb391834&#8243; text_color_type=\u00bbuncode-palette\u00bb] Disfrutar de un congreso, es hacerlo en Almer\u00eda [\/vc_custom_heading][\/vc_column][\/vc_row][vc_row row_height_percent=\u00bb0&#8243; overlay_alpha=\u00bb50&#8243; gutter_size=\u00bb3&#8243; column_width_percent=\u00bb100&#8243; shift_y=\u00bb0&#8243; z_index=\u00bb0&#8243; uncode_shortcode_id=\u00bb352714&#8243;][vc_column width=\u00bb6\/12&#8243;][vc_raw_html]JTNDaWZyYW1lJTIwd2lkdGglM0QlMjI4NDAlMjIlMjBoZWlnaHQlM0QlMjIzMjAlMjIlMjBzcmMlM0QlMjJodHRwcyUzQSUyRiUyRnd3dy55b3V0dWJlLmNvbSUyRmVtYmVkJTJGSWhrUENxaDdpQm8lM0ZzaSUzREFkNFFTOGxoYWtMVVptclIlMjIlMjB0aXRsZSUzRCUyMllvdVR1YmUlMjB2aWRlbyUyMHBsYXllciUyMiUyMGZyYW1lYm9yZGVyJTNEJTIyMCUyMiUyMGFsbG93JTNEJTIyYWNjZWxlcm9tZXRlciUzQiUyMGF1dG9wbGF5JTNCJTIwY2xpcGJvYXJkLXdyaXRlJTNCJTIwZW5jcnlwdGVkLW1lZGlhJTNCJTIwZ3lyb3Njb3BlJTNCJTIwcGljdHVyZS1pbi1waWN0dXJlJTNCJTIwd2ViLXNoYXJlJTIyJTIwcmVmZXJyZXJwb2xpY3klM0QlMjJzdHJpY3Qtb3JpZ2luLXdoZW4tY3Jvc3Mtb3JpZ2luJTIyJTIwYWxsb3dmdWxsc2NyZWVuJTNFJTNDJTJGaWZyYW1lJTNF[\/vc_raw_html][\/vc_column][vc_column width=\u00bb6\/12&#8243;][vc_column_text text_color=\u00bbcolor-charcoal-grey-Two\u00bb uncode_shortcode_id=\u00bb198998&#8243; text_color_type=\u00bbuncode-palette\u00bb]<strong>Almer\u00eda<\/strong> te invita a explorar y disfrutar de lugares \u00fanicos y acogedores que har\u00e1n que tu estancia sea inolvidable. Ya sea paseando por sus encantadores cascos antiguos, relaj\u00e1ndote en sus playas serenas o descubriendo su rica gastronom\u00eda, cada lugar que visites se convertir\u00e1 en una parte permanente de tu historia<\/p>\n<p><strong>Participar en un congreso en Almer\u00eda<\/strong> no se trata solo de asistir a eventos; es vivir una experiencia completa en una ciudad que acoge a cada visitante con brazos abiertos. Descubre por qu\u00e9 disfrutar de un <strong>congreso<\/strong> tambi\u00e9n significa vivir y respirar todo lo que <strong>Almer\u00eda<\/strong> tiene para ofrecer.[\/vc_column_text][\/vc_column][\/vc_row][vc_row row_height_percent=\u00bb0&#8243; override_padding=\u00bbyes\u00bb h_padding=\u00bb2&#8243; top_padding=\u00bb2&#8243; bottom_padding=\u00bb4&#8243; overlay_alpha=\u00bb50&#8243; gutter_size=\u00bb3&#8243; column_width_percent=\u00bb100&#8243; shift_y=\u00bb0&#8243; z_index=\u00bb0&#8243; uncode_shortcode_id=\u00bb153897&#8243; el_class=\u00bbrow-last-news\u00bb shape_dividers=\u00bb\u00bb][vc_column column_width_percent=\u00bb100&#8243; gutter_size=\u00bb2&#8243; overlay_alpha=\u00bb50&#8243; shift_x=\u00bb0&#8243; shift_y=\u00bb0&#8243; shift_y_down=\u00bb0&#8243; z_index=\u00bb0&#8243; medium_width=\u00bb0&#8243; mobile_width=\u00bb0&#8243; width=\u00bb1\/1&#8243; uncode_shortcode_id=\u00bb206207&#8243;][vc_custom_heading text_color=\u00bbcolor-deep-teal\u00bb text_font=\u00bbfont-555555&#8243; uncode_shortcode_id=\u00bb793437&#8243; text_color_type=\u00bbuncode-palette\u00bb]\u00daltimas noticias[\/vc_custom_heading][vc_column_text uncode_shortcode_id=\u00bb127884&#8243; el_class=\u00bbcontent-last-news\u00bb]<div class=\"feedzy-695d90d8b62143784f05e672da9f09ee feedzy-rss\"><ul><li  style=\"padding: 30px 0 49px\" class=\"rss_item\"><div class=\"rss_image\" style=\"height:295px;width:295px;\"><a href=\"https:\/\/www.turismodealmeria.org\/2026\/03\/04\/el-palacio-de-congresos-ciudad-de-almeria-celebra-una-nueva-edicion-de-toyo-ferial\/\" target=\"_blank\" rel=\" noopener\" title=\"El Palacio de Exposiciones y Congresos Ciudad de Almer\u00eda celebra una nueva edici\u00f3n de Toyo Ferial\" style=\"height:295px;width:295px;\"><img decoding=\"async\" src=\"https:\/\/www.turismodealmeria.org\/wp-content\/uploads\/2026\/03\/WhatsApp-Image-2026-03-04-at-16.06.41.jpeg\" title=\"El Palacio de Exposiciones y Congresos Ciudad de Almer\u00eda celebra una nueva edici\u00f3n de Toyo Ferial\" style=\"height:295px;width:295px;\"><\/a><\/div><span class=\"title\"><a href=\"https:\/\/www.turismodealmeria.org\/2026\/03\/04\/el-palacio-de-congresos-ciudad-de-almeria-celebra-una-nueva-edicion-de-toyo-ferial\/\" target=\"_blank\" rel=\" noopener\">El Palacio de Exposiciones y Congresos Ciudad de Almer\u00eda celebra una nueva edici\u00f3n de Toyo Ferial<\/a><\/span><div class=\"rss_content\" style=\"\"><\/div><\/li><li  style=\"padding: 30px 0 49px\" class=\"rss_item\"><div class=\"rss_image\" style=\"height:295px;width:295px;\"><a href=\"https:\/\/www.turismodealmeria.org\/2026\/02\/26\/almeria-participa-en-el-38o-congreso-nacional-de-opc-spain-2026-en-cordoba\/\" target=\"_blank\" rel=\" noopener\" title=\"Almer\u00eda participa en el 38\u00ba Congreso Nacional de OPC Spain 2026 en C\u00f3rdoba\" style=\"height:295px;width:295px;\"><img decoding=\"async\" src=\"https:\/\/www.turismodealmeria.org\/wp-content\/uploads\/2026\/03\/WhatsApp-Image-2026-02-20-at-14.21.16-1.jpeg\" title=\"Almer\u00eda participa en el 38\u00ba Congreso Nacional de OPC Spain 2026 en C\u00f3rdoba\" style=\"height:295px;width:295px;\"><\/a><\/div><span class=\"title\"><a href=\"https:\/\/www.turismodealmeria.org\/2026\/02\/26\/almeria-participa-en-el-38o-congreso-nacional-de-opc-spain-2026-en-cordoba\/\" target=\"_blank\" rel=\" noopener\">Almer\u00eda participa en el 38\u00ba Congreso Nacional de OPC Spain 2026 en C\u00f3rdoba<\/a><\/span><div class=\"rss_content\" style=\"\"><\/div><\/li><li  style=\"padding: 30px 0 49px\" class=\"rss_item\"><div class=\"rss_image\" style=\"height:295px;width:295px;\"><a href=\"https:\/\/www.turismodealmeria.org\/2026\/02\/16\/el-ayuntamiento-invertira-cerca-de-500-000-euros-para-impulsar-la-sostenibilidad-y-eficiencia-energetica-del-palacio-de-el-toyo\/\" target=\"_blank\" rel=\" noopener\" title=\"El Ayuntamiento invertir\u00e1 cerca de 500.000 euros para impulsar la sostenibilidad y eficiencia energ\u00e9tica del Palacio de El Toyo\" style=\"height:295px;width:295px;\"><img decoding=\"async\" src=\"https:\/\/www.turismodealmeria.org\/wp-content\/uploads\/2026\/02\/Intervencion-General-sobre-ambos-edificios.jpeg\" title=\"El Ayuntamiento invertir\u00e1 cerca de 500.000 euros para impulsar la sostenibilidad y eficiencia energ\u00e9tica del Palacio de El Toyo\" style=\"height:295px;width:295px;\"><\/a><\/div><span class=\"title\"><a href=\"https:\/\/www.turismodealmeria.org\/2026\/02\/16\/el-ayuntamiento-invertira-cerca-de-500-000-euros-para-impulsar-la-sostenibilidad-y-eficiencia-energetica-del-palacio-de-el-toyo\/\" target=\"_blank\" rel=\" noopener\">El Ayuntamiento invertir\u00e1 cerca de 500.000 euros para impulsar la sostenibilidad y eficiencia energ\u00e9tica del Palacio de El Toyo<\/a><\/span><div class=\"rss_content\" style=\"\"><\/div><\/li><li  style=\"padding: 30px 0 49px\" class=\"rss_item\"><div class=\"rss_image\" style=\"height:295px;width:295px;\"><a href=\"https:\/\/www.turismodealmeria.org\/2026\/02\/11\/almeria-tattoo-convention-celebrara-su-quinta-edicion-del-12-al-14-de-junio-en-el-toyo-con-el-objetivo-de-seguir-creciendo\/\" target=\"_blank\" rel=\" noopener\" title=\"Almer\u00eda Tattoo Convention celebrar\u00e1 su quinta edici\u00f3n del 12 al 14 de junio en El Toyo con el objetivo de seguir creciendo\" style=\"height:295px;width:295px;\"><img decoding=\"async\" src=\"https:\/\/www.turismodealmeria.org\/wp-content\/uploads\/2026\/02\/PRESENTACION-5o-TATTOO-CONVENTION-2.jpg\" title=\"Almer\u00eda Tattoo Convention celebrar\u00e1 su quinta edici\u00f3n del 12 al 14 de junio en El Toyo con el objetivo de seguir creciendo\" style=\"height:295px;width:295px;\"><\/a><\/div><span class=\"title\"><a href=\"https:\/\/www.turismodealmeria.org\/2026\/02\/11\/almeria-tattoo-convention-celebrara-su-quinta-edicion-del-12-al-14-de-junio-en-el-toyo-con-el-objetivo-de-seguir-creciendo\/\" target=\"_blank\" rel=\" noopener\">Almer\u00eda Tattoo Convention celebrar\u00e1 su quinta edici\u00f3n del 12 al 14 de junio en El Toyo con el objetivo de seguir creciendo<\/a><\/span><div class=\"rss_content\" style=\"\"><\/div><\/li><\/ul> <\/div><style type=\"text\/css\" media=\"all\">.feedzy-rss .rss_item .rss_image{float:left;position:relative;border:none;text-decoration:none;max-width:100%}.feedzy-rss .rss_item .rss_image span{display:inline-block;position:absolute;width:100%;height:100%;background-position:50%;background-size:cover}.feedzy-rss .rss_item .rss_image{margin:.3em 1em 0 0;content-visibility:auto}.feedzy-rss ul{list-style:none}.feedzy-rss ul li{display:inline-block}<\/style>[\/vc_column_text][\/vc_column][\/vc_row]<\/p>\n<\/div>","protected":false},"excerpt":{"rendered":"<p>[vc_row row_height_percent=\u00bb0&#8243; overlay_alpha=\u00bb50&#8243; gutter_size=\u00bb3&#8243; column_width_percent=\u00bb100&#8243; shift_y=\u00bb0&#8243; z_index=\u00bb0&#8243; uncode_shortcode_id=\u00bb175937&#8243; el_class=\u00bbfila-slider\u00bb][vc_column width=\u00bb1\/1&#8243;][\/vc_column][\/vc_row][vc_row row_height_percent=\u00bb0&#8243; override_padding=\u00bbyes\u00bb h_padding=\u00bb2&#8243; top_padding=\u00bb2&#8243; bottom_padding=\u00bb0&#8243; overlay_alpha=\u00bb50&#8243; gutter_size=\u00bb3&#8243; column_width_percent=\u00bb100&#8243; shift_y=\u00bb0&#8243; z_index=\u00bb0&#8243; [&hellip;]<\/p>\n","protected":false},"author":13,"featured_media":0,"parent":0,"menu_order":0,"comment_status":"closed","ping_status":"closed","template":"","meta":{"_acf_changed":false,"footnotes":""},"class_list":["post-1336","page","type-page","status-publish","hentry"],"acf":[],"_links":{"self":[{"href":"https:\/\/www.turismodealmeria.org\/congresos\/wp-json\/wp\/v2\/pages\/1336","targetHints":{"allow":["GET"]}}],"collection":[{"href":"https:\/\/www.turismodealmeria.org\/congresos\/wp-json\/wp\/v2\/pages"}],"about":[{"href":"https:\/\/www.turismodealmeria.org\/congresos\/wp-json\/wp\/v2\/types\/page"}],"author":[{"embeddable":true,"href":"https:\/\/www.turismodealmeria.org\/congresos\/wp-json\/wp\/v2\/users\/13"}],"replies":[{"embeddable":true,"href":"https:\/\/www.turismodealmeria.org\/congresos\/wp-json\/wp\/v2\/comments?post=1336"}],"version-history":[{"count":3,"href":"https:\/\/www.turismodealmeria.org\/congresos\/wp-json\/wp\/v2\/pages\/1336\/revisions"}],"predecessor-version":[{"id":2910,"href":"https:\/\/www.turismodealmeria.org\/congresos\/wp-json\/wp\/v2\/pages\/1336\/revisions\/2910"}],"wp:attachment":[{"href":"https:\/\/www.turismodealmeria.org\/congresos\/wp-json\/wp\/v2\/media?parent=1336"}],"curies":[{"name":"wp","href":"https:\/\/api.w.org\/{rel}","templated":true}]}}