{"id":1618,"date":"2022-05-23T16:57:21","date_gmt":"2022-05-23T16:57:21","guid":{"rendered":"https:\/\/congresos.turismodealmeria.es\/?page_id=1618"},"modified":"2023-05-18T15:45:28","modified_gmt":"2023-05-18T13:45:28","slug":"caracteristica-tecnicas","status":"publish","type":"page","link":"https:\/\/www.turismodealmeria.org\/congresos\/caracteristica-tecnicas\/","title":{"rendered":"Caracter\u00edsticas t\u00e9cnicas"},"content":{"rendered":"<div class=\"wpb-content-wrapper\"><p>[vc_row unlock_row=\u00bb\u00bb row_height_percent=\u00bb0&#8243; overlay_alpha=\u00bb50&#8243; gutter_size=\u00bb3&#8243; column_width_percent=\u00bb100&#8243; shift_y=\u00bb0&#8243; z_index=\u00bb0&#8243; uncode_shortcode_id=\u00bb165110&#8243;][vc_column column_width_percent=\u00bb100&#8243; position_vertical=\u00bbbottom\u00bb gutter_size=\u00bb3&#8243; overlay_alpha=\u00bb50&#8243; shift_x=\u00bb0&#8243; shift_y=\u00bb0&#8243; shift_y_down=\u00bb0&#8243; z_index=\u00bb0&#8243; medium_width=\u00bb0&#8243; mobile_width=\u00bb0&#8243; width=\u00bb1\/2&#8243; uncode_shortcode_id=\u00bb256827&#8243;][vc_custom_heading text_color=\u00bbcolor-deep-teal\u00bb heading_semantic=\u00bbh1&#8243; text_font=\u00bbfont-555555&#8243; text_size=\u00bbfontsize-35&#8243; uncode_shortcode_id=\u00bb166865&#8243; text_color_type=\u00bbuncode-palette\u00bb]Palacio de Exposiciones y Congresos[\/vc_custom_heading][vc_column_text text_color=\u00bbcolor-charcoal-grey-Two\u00bb uncode_shortcode_id=\u00bb109152&#8243; text_color_type=\u00bbuncode-palette\u00bb css=\u00bb.vc_custom_1645282969498{margin-top: 0px !important;}\u00bb]<\/p>\n<hr class=\"separator-break separator-accent\" \/>\n<p>[\/vc_column_text][vc_column_text uncode_shortcode_id=\u00bb188091&#8243;]<strong>El\u202fPalacio de Exposiciones y Congresos Cabo de Gata \u2013 Ciudad de Almer\u00eda<\/strong>\u202fes el centro referente para concentrar la actividad congresual de la ciudad. Una infraestructura moderna y vers\u00e1til creada como parte del complejo dise\u00f1ado para la Ciudad Ol\u00edmpica de los Juegos Mediterr\u00e1neos del 2005, dotado de todo tipo de instalaciones. Dispone de 9 salas distribuidas a lo largo de sus ocho mil metros cuadrados con capacidad para cinco mil personas, una apuesta segura para hacer de su evento, todo un \u00e9xito.[\/vc_column_text][\/vc_column][vc_column width=\u00bb1\/2&#8243;][vc_single_image media=\u00bb1822&#8243; media_width_percent=\u00bb100&#8243; uncode_shortcode_id=\u00bb188242&#8243;][\/vc_column][\/vc_row][vc_row row_height_percent=\u00bb0&#8243; override_padding=\u00bbyes\u00bb h_padding=\u00bb2&#8243; top_padding=\u00bb0&#8243; bottom_padding=\u00bb2&#8243; overlay_alpha=\u00bb50&#8243; gutter_size=\u00bb3&#8243; column_width_percent=\u00bb100&#8243; shift_y=\u00bb0&#8243; z_index=\u00bb0&#8243; uncode_shortcode_id=\u00bb431680&#8243;][vc_column width=\u00bb1\/1&#8243;][vc_column_text uncode_shortcode_id=\u00bb783049&#8243;]A tan s\u00f3lo 10 minutos de la capital y pr\u00f3ximo al aeropuerto internacional,\u202fEl Toyo\u202fes la puerta de entrada al Parque Natural Cabo de Gata. Un lugar tranquilo y cercano al mar para disfrutar del buen clima, los restaurantes, los t\u00edpicos bares de tapas y los no tan t\u00edpicos,\u202fhelader\u00edas\u202fy\u202fpizzer\u00edas, hacen posible que cualquiera pueda disfrutar de un buen rato en torno a la Plaza del Mar. Uno de los espacios que registra mayor afluencia de p\u00fablico durante el d\u00eda y de ocio nocturno, al caer la noche.<\/p>\n<p>Todo este espacio de congresos y negocios va acompa\u00f1ado de una capacidad alojativa de m\u00e1s de 1.100 habitaciones en menos de 350 metros a la redonda.<\/p>\n<p>Completa este excelente equipamiento la presencia de un campo de golf de 18 hoyos, as\u00ed como un pabell\u00f3n deportivo, un hospital de alta resoluci\u00f3n y gran zona comercial y de ocio a tan s\u00f3lo unos minutos a pie.[\/vc_column_text][\/vc_column][\/vc_row][vc_row row_height_percent=\u00bb0&#8243; override_padding=\u00bbyes\u00bb h_padding=\u00bb2&#8243; top_padding=\u00bb2&#8243; bottom_padding=\u00bb2&#8243; overlay_alpha=\u00bb50&#8243; gutter_size=\u00bb3&#8243; column_width_percent=\u00bb100&#8243; shift_y=\u00bb0&#8243; z_index=\u00bb0&#8243; uncode_shortcode_id=\u00bb130140&#8243;][vc_column width=\u00bb1\/1&#8243;][vc_custom_heading text_color=\u00bbcolor-deep-teal\u00bb heading_semantic=\u00bbh1&#8243; text_font=\u00bbfont-555555&#8243; uncode_shortcode_id=\u00bb733449&#8243; text_color_type=\u00bbuncode-palette\u00bb]Planos generales[\/vc_custom_heading][\/vc_column][\/vc_row][vc_row row_height_percent=\u00bb0&#8243; override_padding=\u00bbyes\u00bb h_padding=\u00bb2&#8243; top_padding=\u00bb2&#8243; bottom_padding=\u00bb3&#8243; back_color=\u00bbcolor-lxmt\u00bb overlay_alpha=\u00bb50&#8243; gutter_size=\u00bb3&#8243; column_width_percent=\u00bb100&#8243; shift_y=\u00bb0&#8243; z_index=\u00bb0&#8243; uncode_shortcode_id=\u00bb150435&#8243; back_color_type=\u00bbuncode-palette\u00bb][vc_column width=\u00bb1\/2&#8243;][vc_single_image media=\u00bb2028&#8243; media_width_percent=\u00bb100&#8243; uncode_shortcode_id=\u00bb743649&#8243;][\/vc_column][vc_column width=\u00bb1\/2&#8243;][vc_single_image media=\u00bb2029&#8243; media_width_percent=\u00bb100&#8243; uncode_shortcode_id=\u00bb200514&#8243;][\/vc_column][\/vc_row][vc_row row_height_percent=\u00bb0&#8243; override_padding=\u00bbyes\u00bb h_padding=\u00bb2&#8243; top_padding=\u00bb3&#8243; bottom_padding=\u00bb2&#8243; overlay_alpha=\u00bb50&#8243; gutter_size=\u00bb3&#8243; column_width_percent=\u00bb100&#8243; shift_y=\u00bb0&#8243; z_index=\u00bb0&#8243; uncode_shortcode_id=\u00bb126146&#8243; el_class=\u00bb.btn-ver-espacios\u00bb][vc_column column_width_percent=\u00bb100&#8243; align_horizontal=\u00bbalign_right\u00bb gutter_size=\u00bb3&#8243; overlay_alpha=\u00bb50&#8243; shift_x=\u00bb0&#8243; shift_y=\u00bb0&#8243; shift_y_down=\u00bb0&#8243; z_index=\u00bb0&#8243; medium_width=\u00bb0&#8243; align_mobile=\u00bbalign_center_mobile\u00bb mobile_width=\u00bb0&#8243; width=\u00bb1\/2&#8243; uncode_shortcode_id=\u00bb175283&#8243;][vc_button custom_typo=\u00bbyes\u00bb font_family=\u00bbfont-555555&#8243; font_weight=\u00bb600&#8243; border_width=\u00bb0&#8243; link=\u00bburl:https%3A%2F%2Fwww.turismodealmeria.org%2Fcongresos%2Fwp-content%2Fuploads%2F2023%2F04%2FServicios-Tecnicos-Congresos.pdf|target:_blank\u00bb el_class=\u00bbbtn-ver-visitas\u00bb uncode_shortcode_id=\u00bb170131&#8243; icon=\u00bbfa fa-eye\u00bb]SERVICIOS T\u00c9CNICOS[\/vc_button][\/vc_column][vc_column column_width_percent=\u00bb100&#8243; gutter_size=\u00bb3&#8243; overlay_alpha=\u00bb50&#8243; shift_x=\u00bb0&#8243; shift_y=\u00bb0&#8243; shift_y_down=\u00bb0&#8243; z_index=\u00bb0&#8243; medium_width=\u00bb0&#8243; align_mobile=\u00bbalign_center_mobile\u00bb mobile_width=\u00bb0&#8243; width=\u00bb1\/2&#8243; uncode_shortcode_id=\u00bb856130&#8243;][vc_button custom_typo=\u00bbyes\u00bb font_family=\u00bbfont-555555&#8243; font_weight=\u00bb600&#8243; border_width=\u00bb0&#8243; link=\u00bburl:https%3A%2F%2Fwww.turismodealmeria.org%2Fcongresos%2Fwp-content%2Fuploads%2F2023%2F04%2FTasas-Congresos.pdf|target:_blank\u00bb el_class=\u00bbbtn-ver-visitas\u00bb uncode_shortcode_id=\u00bb177728&#8243; icon=\u00bbfa fa-eye\u00bb]TASAS[\/vc_button][\/vc_column][\/vc_row][vc_row unlock_row_content=\u00bbyes\u00bb row_height_percent=\u00bb0&#8243; override_padding=\u00bbyes\u00bb h_padding=\u00bb0&#8243; top_padding=\u00bb2&#8243; bottom_padding=\u00bb0&#8243; overlay_alpha=\u00bb50&#8243; gutter_size=\u00bb3&#8243; column_width_percent=\u00bb100&#8243; shift_y=\u00bb0&#8243; z_index=\u00bb0&#8243; uncode_shortcode_id=\u00bb126189&#8243;][vc_column width=\u00bb1\/1&#8243;][vc_raw_html]JTNDaWZyYW1lJTIwc3JjJTNEJTIyaHR0cHMlM0ElMkYlMkZ3d3cuZ29vZ2xlLmNvbSUyRm1hcHMlMkZlbWJlZCUzRnBiJTNEJTIxMW0xNCUyMTFtOCUyMTFtMyUyMTFkMTI3NzIuNjg2NDU0ODk4OTQzJTIxMmQtMi4zMjI4MjgxJTIxM2QzNi44MzgzNjU4JTIxM20yJTIxMWkxMDI0JTIxMmk3NjglMjE0ZjEzLjElMjEzbTMlMjExbTIlMjExczB4MCUyNTNBMHhlOTExYTBmODA2YjJlYjE0JTIxMnNQYWxhY2lvJTI1MjBkZSUyNTIwRXhwb3NpY2lvbmVzJTI1MjB5JTI1MjBDb25ncmVzb3MlMjUyMENhYm8lMjUyMGRlJTI1MjBHYXRhJTI1MjAlMjVFMiUyNTgwJTI1OTMlMjUyMENpdWRhZCUyNTIwZGUlMjUyMEFsbWVyJTI1QzMlMjVBRGElMjE1ZTAlMjEzbTIlMjExc2VzJTIxMnNlcyUyMTR2MTY1MzMxNzgwODQ4NCUyMTVtMiUyMTFzZXMlMjEyc2VzJTIyJTIwd2lkdGglM0QlMjIxMDAlMjUlMjIlMjBoZWlnaHQlM0QlMjIzODAlMjIlMjBzdHlsZSUzRCUyMmJvcmRlciUzQTAlM0IlMjIlMjBhbGxvd2Z1bGxzY3JlZW4lM0QlMjIlMjIlMjBsb2FkaW5nJTNEJTIybGF6eSUyMiUyMHJlZmVycmVycG9saWN5JTNEJTIybm8tcmVmZXJyZXItd2hlbi1kb3duZ3JhZGUlMjIlM0UlM0MlMkZpZnJhbWUlM0U=[\/vc_raw_html][\/vc_column][\/vc_row][vc_row row_height_percent=\u00bb0&#8243; override_padding=\u00bbyes\u00bb h_padding=\u00bb2&#8243; top_padding=\u00bb3&#8243; bottom_padding=\u00bb3&#8243; overlay_alpha=\u00bb50&#8243; gutter_size=\u00bb3&#8243; column_width_percent=\u00bb100&#8243; shift_y=\u00bb0&#8243; z_index=\u00bb0&#8243; uncode_shortcode_id=\u00bb480328&#8243;][vc_column column_width_percent=\u00bb100&#8243; gutter_size=\u00bb2&#8243; overlay_alpha=\u00bb50&#8243; shift_x=\u00bb0&#8243; shift_y=\u00bb0&#8243; shift_y_down=\u00bb0&#8243; z_index=\u00bb0&#8243; medium_width=\u00bb0&#8243; mobile_width=\u00bb0&#8243; width=\u00bb1\/1&#8243; uncode_shortcode_id=\u00bb206207&#8243;][vc_custom_heading text_color=\u00bbcolor-deep-teal\u00bb text_font=\u00bbfont-555555&#8243; uncode_shortcode_id=\u00bb418386&#8243; text_color_type=\u00bbuncode-palette\u00bb]Sedes de Congresos[\/vc_custom_heading][uncode_index el_id=\u00bbotras-sedes\u00bb index_type=\u00bbcarousel\u00bb loop=\u00bbsize:All|order_by:date|order:DESC|post_type:sedes|taxonomy_count:10&#8243; carousel_lg=\u00bb4&#8243; carousel_md=\u00bb4&#8243; carousel_sm=\u00bb1&#8243; thumb_size=\u00bbthree-two\u00bb gutter_size=\u00bb2&#8243; post_items=\u00bbmedia|featured|onpost|original,title\u00bb sedes_items=\u00bbmedia|featured|onpost|original,title\u00bb espacio_items=\u00bbmedia|featured|onpost|original,title\u00bb carousel_interval=\u00bb3000&#8243; carousel_navspeed=\u00bb400&#8243; carousel_nav=\u00bbyes\u00bb stage_padding=\u00bb0&#8243; single_overlay_opacity=\u00bb50&#8243; single_padding=\u00bb1&#8243; single_title_semantic=\u00bbp\u00bb single_title_dimension=\u00bbfontsize-20&#8243; single_title_weight=\u00bb600&#8243; single_title_height=\u00bbfontheight-23&#8243; uncode_shortcode_id=\u00bb196655&#8243;][\/vc_column][\/vc_row]<\/p>\n<\/div>","protected":false},"excerpt":{"rendered":"<p>[vc_row unlock_row=\u00bb\u00bb row_height_percent=\u00bb0&#8243; overlay_alpha=\u00bb50&#8243; gutter_size=\u00bb3&#8243; column_width_percent=\u00bb100&#8243; shift_y=\u00bb0&#8243; z_index=\u00bb0&#8243; uncode_shortcode_id=\u00bb165110&#8243;][vc_column column_width_percent=\u00bb100&#8243; position_vertical=\u00bbbottom\u00bb gutter_size=\u00bb3&#8243; overlay_alpha=\u00bb50&#8243; shift_x=\u00bb0&#8243; shift_y=\u00bb0&#8243; shift_y_down=\u00bb0&#8243; z_index=\u00bb0&#8243; medium_width=\u00bb0&#8243; mobile_width=\u00bb0&#8243; width=\u00bb1\/2&#8243; [&hellip;]<\/p>\n","protected":false},"author":13,"featured_media":0,"parent":0,"menu_order":0,"comment_status":"closed","ping_status":"closed","template":"","meta":{"_acf_changed":false,"footnotes":""},"class_list":["post-1618","page","type-page","status-publish","hentry"],"acf":[],"_links":{"self":[{"href":"https:\/\/www.turismodealmeria.org\/congresos\/wp-json\/wp\/v2\/pages\/1618","targetHints":{"allow":["GET"]}}],"collection":[{"href":"https:\/\/www.turismodealmeria.org\/congresos\/wp-json\/wp\/v2\/pages"}],"about":[{"href":"https:\/\/www.turismodealmeria.org\/congresos\/wp-json\/wp\/v2\/types\/page"}],"author":[{"embeddable":true,"href":"https:\/\/www.turismodealmeria.org\/congresos\/wp-json\/wp\/v2\/users\/13"}],"replies":[{"embeddable":true,"href":"https:\/\/www.turismodealmeria.org\/congresos\/wp-json\/wp\/v2\/comments?post=1618"}],"version-history":[{"count":3,"href":"https:\/\/www.turismodealmeria.org\/congresos\/wp-json\/wp\/v2\/pages\/1618\/revisions"}],"predecessor-version":[{"id":2250,"href":"https:\/\/www.turismodealmeria.org\/congresos\/wp-json\/wp\/v2\/pages\/1618\/revisions\/2250"}],"wp:attachment":[{"href":"https:\/\/www.turismodealmeria.org\/congresos\/wp-json\/wp\/v2\/media?parent=1618"}],"curies":[{"name":"wp","href":"https:\/\/api.w.org\/{rel}","templated":true}]}}