{"id":2784,"date":"2024-02-15T13:51:25","date_gmt":"2024-02-15T12:51:25","guid":{"rendered":"https:\/\/www.turismodealmeria.org\/congresos\/?page_id=2784"},"modified":"2024-02-16T13:26:33","modified_gmt":"2024-02-16T12:26:33","slug":"descargas","status":"publish","type":"page","link":"https:\/\/www.turismodealmeria.org\/congresos\/descargas\/","title":{"rendered":"Descargas"},"content":{"rendered":"<div class=\"wpb-content-wrapper\"><p>[vc_row unlock_row=\u00bb\u00bb row_height_percent=\u00bb0&#8243; override_padding=\u00bbyes\u00bb h_padding=\u00bb2&#8243; top_padding=\u00bb0&#8243; bottom_padding=\u00bb0&#8243; overlay_alpha=\u00bb50&#8243; gutter_size=\u00bb3&#8243; column_width_percent=\u00bb100&#8243; shift_y=\u00bb0&#8243; z_index=\u00bb0&#8243; uncode_shortcode_id=\u00bb180245&#8243; shape_dividers=\u00bb\u00bb][vc_column column_width_percent=\u00bb100&#8243; gutter_size=\u00bb2&#8243; overlay_alpha=\u00bb50&#8243; shift_x=\u00bb0&#8243; shift_y=\u00bb0&#8243; shift_y_down=\u00bb0&#8243; z_index=\u00bb0&#8243; medium_width=\u00bb0&#8243; mobile_width=\u00bb0&#8243; width=\u00bb1\/1&#8243; uncode_shortcode_id=\u00bb675924&#8243;][vc_custom_heading text_color=\u00bbcolor-sea-blue\u00bb text_size=\u00bbfontsize-35&#8243; text_weight=\u00bb600&#8243; uncode_shortcode_id=\u00bb106975&#8243; text_color_type=\u00bbuncode-palette\u00bb]Descargas Palacio de Exposiciones y Congresos[\/vc_custom_heading][vc_separator sep_color=\u00bbcolor-amber\u00bb uncode_shortcode_id=\u00bb914759&#8243; el_class=\u00bbplayas-forma-segura\u00bb sep_color_type=\u00bbuncode-palette\u00bb el_width=\u00bb200px\u00bb el_height=\u00bb8px\u00bb][vc_custom_heading heading_semantic=\u00bbp\u00bb text_size=\u00bbfontsize-17&#8243; text_weight=\u00bb400&#8243; uncode_shortcode_id=\u00bb214432&#8243;]Bienvenido a la Zona de Descargas de la web del Palacio De Congresos. Desc\u00e1rgarte todo el material informativo y promocional, as\u00ed como la informaci\u00f3n de inter\u00e9s.<br \/>\n[\/vc_custom_heading][\/vc_column][\/vc_row][vc_row unlock_row=\u00bb\u00bb row_height_percent=\u00bb0&#8243; overlay_alpha=\u00bb50&#8243; gutter_size=\u00bb3&#8243; column_width_percent=\u00bb100&#8243; shift_y=\u00bb0&#8243; z_index=\u00bb0&#8243; uncode_shortcode_id=\u00bb147876&#8243;][vc_column width=\u00bb1\/1&#8243;][vc_raw_html]JTVCZGVzY2FyZ2FzJTVE[\/vc_raw_html][\/vc_column][\/vc_row]<\/p>\n<\/div>","protected":false},"excerpt":{"rendered":"<p>[vc_row unlock_row=\u00bb\u00bb row_height_percent=\u00bb0&#8243; override_padding=\u00bbyes\u00bb h_padding=\u00bb2&#8243; top_padding=\u00bb0&#8243; bottom_padding=\u00bb0&#8243; overlay_alpha=\u00bb50&#8243; gutter_size=\u00bb3&#8243; column_width_percent=\u00bb100&#8243; shift_y=\u00bb0&#8243; z_index=\u00bb0&#8243; uncode_shortcode_id=\u00bb180245&#8243; shape_dividers=\u00bb\u00bb][vc_column column_width_percent=\u00bb100&#8243; gutter_size=\u00bb2&#8243; overlay_alpha=\u00bb50&#8243; shift_x=\u00bb0&#8243; shift_y=\u00bb0&#8243; shift_y_down=\u00bb0&#8243; [&hellip;]<\/p>\n","protected":false},"author":1,"featured_media":0,"parent":0,"menu_order":0,"comment_status":"closed","ping_status":"closed","template":"","meta":{"_acf_changed":false,"footnotes":""},"class_list":["post-2784","page","type-page","status-publish","hentry"],"acf":[],"_links":{"self":[{"href":"https:\/\/www.turismodealmeria.org\/congresos\/wp-json\/wp\/v2\/pages\/2784","targetHints":{"allow":["GET"]}}],"collection":[{"href":"https:\/\/www.turismodealmeria.org\/congresos\/wp-json\/wp\/v2\/pages"}],"about":[{"href":"https:\/\/www.turismodealmeria.org\/congresos\/wp-json\/wp\/v2\/types\/page"}],"author":[{"embeddable":true,"href":"https:\/\/www.turismodealmeria.org\/congresos\/wp-json\/wp\/v2\/users\/1"}],"replies":[{"embeddable":true,"href":"https:\/\/www.turismodealmeria.org\/congresos\/wp-json\/wp\/v2\/comments?post=2784"}],"version-history":[{"count":3,"href":"https:\/\/www.turismodealmeria.org\/congresos\/wp-json\/wp\/v2\/pages\/2784\/revisions"}],"predecessor-version":[{"id":2811,"href":"https:\/\/www.turismodealmeria.org\/congresos\/wp-json\/wp\/v2\/pages\/2784\/revisions\/2811"}],"wp:attachment":[{"href":"https:\/\/www.turismodealmeria.org\/congresos\/wp-json\/wp\/v2\/media?parent=2784"}],"curies":[{"name":"wp","href":"https:\/\/api.w.org\/{rel}","templated":true}]}}