{"id":10357,"date":"2016-02-11T10:01:03","date_gmt":"2016-02-11T10:01:03","guid":{"rendered":"https:\/\/www.turismodealmeria.org\/rutas-accesibles\/?lang=de"},"modified":"2016-06-28T08:03:34","modified_gmt":"2016-06-28T08:03:34","slug":"rutas-accesibles","status":"publish","type":"page","link":"https:\/\/www.turismodealmeria.org\/de\/bereite-deine-reise-vor\/rutas-accesibles\/","title":{"rendered":"Leicht zug\u00e4ngliche Routen"},"content":{"rendered":"<p>Almeria ist eine Stadt, in der man sich bequem zu Fu\u00df fortbewegen kann, mit \u00f6ffentlichen Transportmitteln oder mit dem Fahrrad und dar\u00fcber hinaus sind diese Routen wegen ihres guten Zugangs speziell f\u00fcr Menschen mit Behinderung konzipiert. Auf der Karte weiter unten k\u00f6nnen Sie die Routen auf der interaktiven Karte sehen:<\/p>\n<ul>\n<li><strong>Das Almer\u00eda der Tempel.<\/strong>  Eine Tour \u00fcber die charakteristischsten Pl\u00e4tze des historischen Zentrums und durch die Tempel der Stadt.<\/li>\n<li><strong>Historisches Zentrum von Almer\u00eda.<\/strong>  Eine Tour \u00fcber einige der malerischsten Pl\u00e4tze des historischen Zentrums von Almer\u00eda.<\/li>\n<li><strong>Die Meeresseite und das Zentrum.<\/strong> Eine Tour vom Hafengebiet der Stadt bis zur Puerta Purchena vorbei an Denkm\u00e4lern, Pl\u00e4tzen und Parks.<\/li>\n<li><strong>Jesus de Perceval.<\/strong> Eine Route, die dem Maler und Bildhauer aus Almeria gewidmet ist, und die an einigen seiner Werke in der Stadt Almeria vorbeif\u00fchrt. <\/li>\n<li><strong>Die Stadt der Bourgeosie.<\/strong> Eine Route, die uns an den Geb\u00e4uden des wohlhabenden B\u00fcrgertums der Stadt vorbeif\u00fchrt.<\/li>\n<li><strong>Die Stadt der Bourgeosie und die Moderne.<\/strong> Eine Route durch die Geb\u00e4ude und Pl\u00e4tze der Stadt, die zwischen dem 18. und 19. Jahrhundert erbaut wurden.<\/li>\n<\/ul>\n<h2><span>Leicht zug\u00e4ngliche Routen<\/span><\/h2>\n<p><iframe style=\"margin-top:20px;\" src=\"https:\/\/www.google.com\/maps\/d\/u\/2\/embed?mid=zok08bHKtU6o.kkDbrHt6Z3Vo\" width=\"100%\" height=\"680\"><\/iframe><\/p>\n<h3>\u00bfWie benutzt man die Karte?<\/h3>\n<p>Sie k\u00f6nnen auf den oberen linken Teil der Karte klicken, wo sich dann eine Liste der Sehensw\u00fcrdigkeiten \u00f6ffnet. F\u00fcr weitere Informationen klicken Sie bitte auf jedes einzelne Element.<\/p>\n","protected":false},"excerpt":{"rendered":"<p>Almeria ist eine Stadt, in der man sich bequem zu Fu\u00df fortbewegen kann, mit \u00f6ffentlichen Transportmitteln oder mit dem Fahrrad [&hellip;]<\/p>\n","protected":false},"author":1,"featured_media":0,"parent":11973,"menu_order":0,"comment_status":"closed","ping_status":"closed","template":"","meta":{"_acf_changed":false,"footnotes":""},"class_list":["post-10357","page","type-page","status-publish","hentry"],"acf":[],"ACF":{"imagen_cabecera":9440},"_links":{"self":[{"href":"https:\/\/www.turismodealmeria.org\/de\/wp-json\/wp\/v2\/pages\/10357","targetHints":{"allow":["GET"]}}],"collection":[{"href":"https:\/\/www.turismodealmeria.org\/de\/wp-json\/wp\/v2\/pages"}],"about":[{"href":"https:\/\/www.turismodealmeria.org\/de\/wp-json\/wp\/v2\/types\/page"}],"author":[{"embeddable":true,"href":"https:\/\/www.turismodealmeria.org\/de\/wp-json\/wp\/v2\/users\/1"}],"replies":[{"embeddable":true,"href":"https:\/\/www.turismodealmeria.org\/de\/wp-json\/wp\/v2\/comments?post=10357"}],"version-history":[{"count":0,"href":"https:\/\/www.turismodealmeria.org\/de\/wp-json\/wp\/v2\/pages\/10357\/revisions"}],"up":[{"embeddable":true,"href":"https:\/\/www.turismodealmeria.org\/de\/wp-json\/wp\/v2\/pages\/11973"}],"wp:attachment":[{"href":"https:\/\/www.turismodealmeria.org\/de\/wp-json\/wp\/v2\/media?parent=10357"}],"curies":[{"name":"wp","href":"https:\/\/api.w.org\/{rel}","templated":true}]}}