{"id":10607,"date":"2014-06-16T20:34:24","date_gmt":"2014-06-16T20:34:24","guid":{"rendered":"https:\/\/www.turismodealmeria.org\/de\/contacto\/"},"modified":"2020-01-16T14:48:33","modified_gmt":"2020-01-16T12:48:33","slug":"kontakt","status":"publish","type":"page","link":"https:\/\/www.turismodealmeria.org\/de\/kontakt\/","title":{"rendered":"Kontakt"},"content":{"rendered":"<div class=\"col-lg-12 col-md-12 col-sm-12 col-xs-12 full\">\n<div class=\"col-lg-6 col-md-8 col-sm-12 col-xs-12 aire left0\">Sie k\u00f6nnen bei Kontakt mit:<br \/>\n<strong>Oficina de Turismo del Ayuntamiento de Almer\u00eda.<\/strong><br \/>\nPaseo de Almer\u00eda, 12,<br \/>\n04001 Almer\u00eda<br \/>\nTel\u00e9fono: 950 210 538<\/div>\n<div class=\"col-lg-6 col-md-4 col-sm-12 col-xs-12 right0\"><iframe style=\"border: 0;\" src=\"https:\/\/www.google.com\/maps\/embed?pb=!1m18!1m12!1m3!1d3193.084750302268!2d-2.4660584847089853!3d36.84044627994034!2m3!1f0!2f0!3f0!3m2!1i1024!2i768!4f13.1!3m3!1m2!1s0xd707600e689a431%3A0xfe3d2fb8abb408b7!2sPaseo%20de%20Almer%C3%ADa%2C%2012%2C%2004001%20Almer%C3%ADa!5e0!3m2!1ses!2ses!4v1579178765048!5m2!1ses!2ses\" width=\"100%\" height=\"150\" frameborder=\"0\" allowfullscreen=\"allowfullscreen\"><\/iframe><\/div>\n<\/div>\n<p>&nbsp;<\/p>\n","protected":false},"excerpt":{"rendered":"<p>Sie k\u00f6nnen bei Kontakt mit: Oficina de Turismo del Ayuntamiento de Almer\u00eda. Paseo de Almer\u00eda, 12, 04001 Almer\u00eda Tel\u00e9fono: 950 [&hellip;]<\/p>\n","protected":false},"author":1,"featured_media":0,"parent":0,"menu_order":0,"comment_status":"open","ping_status":"closed","template":"tpl-page-sidebar-left.php","meta":{"_acf_changed":false,"footnotes":""},"class_list":["post-10607","page","type-page","status-publish","hentry"],"acf":[],"ACF":{"imagen_cabecera":false},"_links":{"self":[{"href":"https:\/\/www.turismodealmeria.org\/de\/wp-json\/wp\/v2\/pages\/10607","targetHints":{"allow":["GET"]}}],"collection":[{"href":"https:\/\/www.turismodealmeria.org\/de\/wp-json\/wp\/v2\/pages"}],"about":[{"href":"https:\/\/www.turismodealmeria.org\/de\/wp-json\/wp\/v2\/types\/page"}],"author":[{"embeddable":true,"href":"https:\/\/www.turismodealmeria.org\/de\/wp-json\/wp\/v2\/users\/1"}],"replies":[{"embeddable":true,"href":"https:\/\/www.turismodealmeria.org\/de\/wp-json\/wp\/v2\/comments?post=10607"}],"version-history":[{"count":0,"href":"https:\/\/www.turismodealmeria.org\/de\/wp-json\/wp\/v2\/pages\/10607\/revisions"}],"wp:attachment":[{"href":"https:\/\/www.turismodealmeria.org\/de\/wp-json\/wp\/v2\/media?parent=10607"}],"curies":[{"name":"wp","href":"https:\/\/api.w.org\/{rel}","templated":true}]}}