{"id":11848,"date":"2016-02-11T07:54:03","date_gmt":"2016-02-11T07:54:03","guid":{"rendered":"https:\/\/www.turismodealmeria.org\/de\/los-alrededores\/"},"modified":"2016-06-20T08:54:14","modified_gmt":"2016-06-20T08:54:14","slug":"das-umland","status":"publish","type":"page","link":"https:\/\/www.turismodealmeria.org\/de\/bereite-deine-reise-vor\/das-umland\/","title":{"rendered":"Das Umland"},"content":{"rendered":"<div class=\"col-lg-12 col-md-12 col-sm-12 col-xs-12 full\">\n<h2><span>Roquetas de Mar<\/span><\/h2>\n<div class=\"col-lg-6 col-md-6 col-sm-12 col-xs-12\">\nRoquetas de Mar, das eine ph\u00f6nizische, griechische und r\u00f6mische Vergangenheit hat, ist das Aush\u00e4ngeschild des Sonne- und Strand-Tourismus an der Costa de Almeria. Jahrzehntelange Arbeit der Festigung eines fundierten Tourismuskonzepts und Besucher aus ganz Europa und anderen Kontinenten und seine Einrichtungen im Hinblick auf Besucher sind von allerh\u00f6chstem Niveau. Str\u00e4nde aller Art, Hotels jeden Typs und zus\u00e4tzliche Angebote wie Golfplatz, Stierkampfarena, eine gro\u00dfe Anzahl an Sportanlagen, und nat\u00fcrlich ein komplettes und sehr vielseitiges gastronomisches Angebot und nicht zu vergessen die reizvolle Geschichte und Natur, stellen eine Touristenattraktion dar, die jahrelange Stabilisierung und Wachstum in sich vereint.<\/br><\/p>\n<p><strong>N\u00dcTZLICHE LINKS<\/strong><\/p>\n<p><a class=\"enlace\" href=\"http:\/\/www.aytoroquetas.org\/seccion\/turismo_173\" target=\"_blank\">http:\/\/www.aytoroquetas.org\/<\/a>.<\/div>\n<div class=\"col-lg-6 col-md-6 col-sm-12 col-xs-12\"><img decoding=\"async\" src=\"https:\/\/www.turismodealmeria.org\/wp-content\/uploads\/2016\/02\/roquetas-de-mar-turismo-almeria.jpg\" alt=\"Roquetas de Mar, Turismo de Almer\u00eda\" width=\"500\" height=\"375\" class=\"alignnone size-full wp-image-1190\" \/><\/div>\n<\/div>\n<div class=\"col-lg-12 col-md-12 col-sm-12 col-xs-12 full\">\n<h2><span>Moj\u00e1car<\/span><\/h2>\n<div class=\"col-lg-6 col-md-6 col-sm-12 col-xs-12\">Dieses entz\u00fcckende wei\u00dfe Dorf, das auf einem H\u00fcgel liegt und aufs Meer blickt, wurde im Laufe der Jahre zu einem Treffpunkt f\u00fcr Touristen aus aller Welt. Mojacar ist heute eines der beliebtesten Touristenziele Almerias und Andalusiens, vor allem Dank der kompletten Ausstattung mit Hotels und Freizeitm\u00f6glichkeiten, die sich mit dem Mysterium der typischen Stra\u00dfen und den verlockenden Str\u00e4nden vermischt, ohne dabei aber die Anziehungskraft des Fests der Mauren und Christen zu vergessen, das im Juni gefeiert wird, und das Dorf in einen Kampf der Kabilas und der Kasernen verwandelt.<\/p>\n<p><strong>N\u00dcTZLICHE LINKS<\/strong><\/p>\n<p><a class=\"enlace\" href=\"http:\/\/www.mojacar.es\/\" target=\"_blank\">http:\/\/www.mojacar.es\/<\/a><\/div>\n<div class=\"col-lg-6 col-md-6 col-sm-12 col-xs-12\">\n<img decoding=\"async\" src=\"https:\/\/www.turismodealmeria.org\/wp-content\/uploads\/2016\/02\/mojacar-turismo-almeria.jpg\" alt=\"Mojacar, turismo de Almer\u00eda\" width=\"500\" height=\"274\" class=\"alignnone size-full wp-image-1193\" \/><\/div>\n<\/div>\n<div class=\"col-lg-12 col-md-12 col-sm-12 col-xs-12 full\">\n<h2><span>Los Millares<\/span><\/h2>\n<div class=\"col-lg-6 col-md-6 col-sm-12 col-xs-12\">Die tausendj\u00e4hrige Tradition Almerias und Andalusiens trifft in der arch\u00e4ologischen St\u00e4tte Los Millares aufeinander, ein Treffen von fast 5000 Jahren Geschichte. Die Stadt, in der zu dieser Zeit mehr als tausend Menschen lebten, bestand aus 15 Befestigungen, und vier Mauerfronten neben einer Nekropole, die \u00fcber 100 Gr\u00e4ber beherbergt. Aus dieser Zeit sind Anzeichen f\u00fcr die Anwendung von Metallverarbeitung vorhanden, die ja der Ursprung des breiten F\u00e4chers an Kulturen ist, die man heute in Almeria bewundern und genie\u00dfen kann.<\/p>\n<p><strong>N\u00dcTZLICHE LINKS<\/strong><\/p>\n<p><a class=\"enlace\" href=\"http:\/\/es.wikipedia.org\/wiki\/Los_Millares\" target=\"_blank\">http:\/\/es.wikipedia.org\/wiki\/Los_Millares<\/a><br \/>\n<a class=\"enlace\" href=\"http:\/\/www.losmillares.info\/\" target=\"_blank\">http:\/\/www.losmillares.info\/<\/a><\/div>\n<div class=\"col-lg-6 col-md-6 col-sm-12 col-xs-12\"><img decoding=\"async\" src=\"https:\/\/www.turismodealmeria.org\/wp-content\/uploads\/2016\/02\/los-millares-turismo-almeria.jpg\" alt=\"Los Millares, turismo de Almer\u00eda\" width=\"500\" height=\"274\" class=\"alignnone size-full wp-image-1196\" \/><\/div>\n<\/div>\n<div class=\"col-lg-12 col-md-12 col-sm-12 col-xs-12 full\">\n<h2><span>W\u00fcste von Tabernas<\/span><\/h2>\n<div class=\"col-lg-6 col-md-6 col-sm-12 col-xs-12\">\nGeheimnisvoll und attraktiv, unbekannt und trotzdem in der N\u00e4he, \u00fcberraschend und einladend. So ist die W\u00fcste von Tabernas, das einzige Beispiel eines W\u00fcstengebiets auf dem alten Kontinent, mit tausend und einer Geschichten gespickt, von denen die ber\u00fchmten \u2018Western\u2019, die hier jahrzehntelang gedreht wurden besonders zu nennen sind.  Sie riefen eine wahre Touristenindustrie ins Leben, von der heute noch verschiedene Westernd\u00f6rfer zeugen, in der sich der Tourist in diese Zeit und an diese Orte versetzt f\u00fchlt.<\/p>\n<p><strong>N\u00dcTZLICHE LINKS<\/strong><\/p>\n<p><a class=\"enlace\" href=\"http:\/\/es.wikipedia.org\/wiki\/Desierto_de_Tabernas\" target=\"_blank\">es.wikipedia.org\/wiki\/Desierto_de_Tabernas <\/a><\/div>\n<div class=\"col-lg-6 col-md-6 col-sm-12 col-xs-12\"><img decoding=\"async\" src=\"https:\/\/www.turismodealmeria.org\/wp-content\/uploads\/2016\/02\/desierto-tabernas-turismo-almeria.jpg\" alt=\"Desierto de Tabernas, turismo de Almer\u00eda\" width=\"500\" height=\"274\" class=\"alignnone size-full wp-image-1197\" \/><\/div>\n<\/div>\n<div class=\"col-lg-12 col-md-12 col-sm-12 col-xs-12 full\">\n<h2><span>Karst von Sorbas<\/span><\/h2>\n<div class=\"col-lg-6 col-md-6 col-sm-12 col-xs-12\">\nIn dieser Karstlandschaft im Gemeindegebiet von Sorbas erwartet den Besucher ein verstecktes Abenteuer. Mehr als 1000 Aush\u00f6hlungen, die sich in den Gips gegraben haben, durchzogen von hunderten von Galerien voller Stalaktiten und Stalagmiten.  Kilometer um Kilometer von einzigartiger Sch\u00f6nheit, immer unterirdisch, bis man an einen magischen und au\u00dfergew\u00f6hnlichen Ort gelangt, an die ber\u00fchmte und atemberaubende Geode, ein weltweit einzigartiger Ort.<\/p>\n<p><strong>N\u00dcTZLICHE LINKS<\/strong><\/p>\n<p><a class=\"enlace\" href=\"http:\/\/www.cuevasdesorbas.com\/es\/index.htm\" target=\"_blank\">http:\/\/www.cuevasdesorbas.com<\/a><\/div>\n<div class=\"col-lg-6 col-md-6 col-sm-12 col-xs-12\"><img decoding=\"async\" src=\"https:\/\/www.turismodealmeria.org\/wp-content\/uploads\/2016\/02\/karts-yesos-sorbas-turismo-almeria.jpg\" alt=\"Karst de yesos de Sorbas, turismo de Almer\u00eda\" width=\"500\" height=\"274\" class=\"alignnone size-full wp-image-1199\" \/><\/div>\n<\/div>\n<div class=\"col-lg-12 col-md-12 col-sm-12 col-xs-12 full\">\n<h2><span>Die Alpujarra<\/span><\/h2>\n<div class=\"col-lg-6 col-md-6 col-sm-12 col-xs-12\">\nWei\u00dfe D\u00f6rfer. Wei\u00dfe D\u00f6rfer, in denen sich die Tradition und die Natur die Hand geben, um gemeinsam die T\u00fcren aller H\u00e4user zu \u00f6ffnen, um den Besucher zu empfangen. In der Alpujarra findet der Tourismus seinen ultimativen Ausdruck in der reinen und sauberen Natur, in l\u00e4ndlichen Unterk\u00fcnften, Wanderwegen, Wegen von au\u00dfergew\u00f6hnlicher Sch\u00f6nheit und authentischen gastronomischen Kultst\u00e4tten.<\/p>\n<p><strong>N\u00dcTZLICHE LINKS<\/strong><\/p>\n<p><a class=\"enlace\" href=\"http:\/\/es.wikipedia.org\/wiki\/Alpujarra_Almeriense\" target=\"_blank\">http:\/\/es.wikipedia.org\/wiki\/Alpujarra_Almeriense<\/a><\/p>\n<p><a class=\"enlace\" href=\"http:\/\/www.alpujarras-info.net\/almeria.html\" target=\"_blank\">http:\/\/www.alpujarras-info.net\/almeria.html<\/a><\/p>\n<div><\/div>\n<\/div>\n<div class=\"col-lg-6 col-md-6 col-sm-12 col-xs-12\"><img decoding=\"async\" src=\"https:\/\/www.turismodealmeria.org\/wp-content\/uploads\/2016\/02\/alpujarra-almeriense-turismo-almeria.jpg\" alt=\"Alpujarra de Almeria, Turismo de Almer\u00eda\" width=\"500\" height=\"274\" class=\"alignnone size-full wp-image-1201\" \/><\/div>\n<p>&nbsp;<\/p>\n<\/div>\n<div class=\"col-lg-12 col-md-12 col-sm-12 col-xs-12 full\">\n<div class=\"col-lg-12 col-md-12 col-sm-12 col-xs-12 \">\n<h2><span>La Santa Cruz del voto Besch\u00fctzer von Canjayar<\/span><\/h3>\n<p><strong>TRADITION<\/strong><\/p>\n<p>Das Santa Cruz del Voto (Heiliges Kreuz), Besch\u00fctzer von Canjayar wurde am 19. April 1611 an der Mauer der Taufkapelle der Pfarrkirche von Cajayar entdeckt. An diesem Teil der Mauer wurden auf Gehei\u00df des K\u00fcsters Juan Matias de Peralta Ausgrabungen vorgenommen, nachdem dieser eine Vision hatte, bei der er eine Prozession von Engeln sah, die ein Kreuz trug; eine Prozession, die am Hauptaltar begann und laut seiner ersten Beschreibung im ersten Weg an der genannten Taufkapelle endete. Nach der Entdeckung des Kreuzes (es ist fast sicher, dass es von einem Priester aus dem Heiligen Land gebracht worden war, und versteckt wurde, um eine Sch\u00e4ndung durch die Muslime in Zeiten des Aufstands in der Alpujarra zu vermeiden) legten die Nachbarn und Beh\u00f6rden das Gel\u00f6bnis ab, ihm jedes Jahr zum gleichen Datum, dem 19. April mit einer Prozession zu gedenken, die w\u00e4hrend der letzten 398 Jahre ununterbrochen bis zum heutigen Tag stattfand.<\/p>\n<p><strong>GESCHICHTE UND DOKUMENTATION<br \/>\n<\/strong><br \/>\nIm Jahr 1678 wurde die Reliquie des Heiligen Kreuzes per Dekret des Erzbischofs von Granada, Fray Alonso Bernardo de los Rios, beglaubigt und den Gl\u00e4ubigen zur Anbetung ausgestellt. 1681 wurde zur Verehrung des Heiligtums die Br\u00fcderschaft Hermandad de La Santa Cruz gegr\u00fcndet und 1683 deren Statuten verk\u00fcndet. Der Erzbischof Felipe de Tueros erteilte 1738 per Dekret denjenigen Ablass, die das Kreuz anbeteten.<\/p>\n<p>Am 19. April 1958 stiftete der damalige Bischof von Almeria Alfonso Rodenas das  Lignum Crucis und lie\u00df das Santa Cruz del Voto von Canjayar damit belegen. Auf Antrag des Bischofs von Almeria Adolfo Gonzalez Montes hat Papst Benedikt XVI. 2008 den 400. Jahrestag der Entdeckung des Kreuzes, der 2011 sein wird zum Jubeljahr erkl\u00e4rt.\n<\/p><\/div>\n<\/div>\n<div class=\"col-lg-12 col-md-12 col-sm-12 col-xs-12 full\">\n<h2><span>Sierra Mar\u00eda &#8211; Los V\u00e9lez<\/span><\/h2>\n<div class=\"col-lg-6 col-md-6 col-sm-12 col-xs-12\">Die Natur zeigt sich hier von ihrer sch\u00f6nsten Seite in einer Landschaft, die auf die Gemeinden Velez Rubio, Velez Blanco, Maria und Chirivel verteilt ist, und einen widerstandskr\u00e4ftigen und attraktiven Baumbestand hat, mit rauen und aggressiven Formen, was dem Touristen vom angenehmen und gr\u00fcnen Sommer, bis in den harten und verschneiten Winter unendlich viele M\u00f6glichkeiten bietet.<\/p>\n<p><strong>N\u00dcTZLICHE LINKS<\/strong><\/p>\n<p><a class=\"enlace\" href=\"http:\/\/www.juntadeandalucia.es\/medioambiente\/site\/web\/menuitem.a5664a214f73c3df81d8899661525ea0\/?vgnextoid=eefa86d670a15010VgnVCM1000000624e50aRCRD&amp;vgnextchannel=8e9d9802d19e4010VgnVCM1000000624e50aRCRD\" target=\"_blank\">http:\/\/www.juntadeandalucia.es\/<\/a><\/p>\n<p><a class=\"enlace\" href=\"http:\/\/es.wikipedia.org\/wiki\/Parque_Natural_de_Sierra_Mar%C3%ADa-Los_V%C3%A9lez\" target=\"_blank\">http:\/\/es.wikipedia.org\/wiki\/Parque_Natural_de_Sierra_Mar\u00eda-Los_V\u00e9lez<\/a><\/p>\n<p><a class=\"enlace\" href=\"http:\/\/andalucianatural.com\/Sierra-Maria-Los-Velez.html\" target=\"_blank\">http:\/\/andalucianatural.com\/Sierra-Maria-Los-Velez.html<\/a><\/div>\n<div class=\"col-lg-6 col-md-6 col-sm-12 col-xs-12\"><img decoding=\"async\" src=\"https:\/\/www.turismodealmeria.org\/wp-content\/uploads\/2016\/02\/sierra-maria-los-velez-turismo-almeria.jpg\" alt=\"Sierra de Mar\u00eda los V\u00e9lez, Turismo de Almer\u00eda\" width=\"500\" height=\"274\" class=\"alignnone size-full wp-image-1204\" \/><\/div>\n<\/div>\n","protected":false},"excerpt":{"rendered":"<p>Roquetas de Mar Roquetas de Mar, das eine ph\u00f6nizische, griechische und r\u00f6mische Vergangenheit hat, ist das Aush\u00e4ngeschild des Sonne- und [&hellip;]<\/p>\n","protected":false},"author":1,"featured_media":0,"parent":11973,"menu_order":0,"comment_status":"closed","ping_status":"closed","template":"tpl-page-sidebar-left.php","meta":{"_acf_changed":false,"footnotes":""},"class_list":["post-11848","page","type-page","status-publish","hentry"],"acf":[],"ACF":{"imagen_cabecera":9638},"_links":{"self":[{"href":"https:\/\/www.turismodealmeria.org\/de\/wp-json\/wp\/v2\/pages\/11848","targetHints":{"allow":["GET"]}}],"collection":[{"href":"https:\/\/www.turismodealmeria.org\/de\/wp-json\/wp\/v2\/pages"}],"about":[{"href":"https:\/\/www.turismodealmeria.org\/de\/wp-json\/wp\/v2\/types\/page"}],"author":[{"embeddable":true,"href":"https:\/\/www.turismodealmeria.org\/de\/wp-json\/wp\/v2\/users\/1"}],"replies":[{"embeddable":true,"href":"https:\/\/www.turismodealmeria.org\/de\/wp-json\/wp\/v2\/comments?post=11848"}],"version-history":[{"count":0,"href":"https:\/\/www.turismodealmeria.org\/de\/wp-json\/wp\/v2\/pages\/11848\/revisions"}],"up":[{"embeddable":true,"href":"https:\/\/www.turismodealmeria.org\/de\/wp-json\/wp\/v2\/pages\/11973"}],"wp:attachment":[{"href":"https:\/\/www.turismodealmeria.org\/de\/wp-json\/wp\/v2\/media?parent=11848"}],"curies":[{"name":"wp","href":"https:\/\/api.w.org\/{rel}","templated":true}]}}