{"id":11909,"date":"2016-03-08T15:56:12","date_gmt":"2016-03-08T15:56:12","guid":{"rendered":"https:\/\/www.turismodealmeria.org\/de\/almeria-y-el-cine\/"},"modified":"2016-06-21T09:14:20","modified_gmt":"2016-06-21T09:14:20","slug":"almeria-und-das-kino","status":"publish","type":"page","link":"https:\/\/www.turismodealmeria.org\/de\/almeria-und-das-kino\/","title":{"rendered":"Almeria und das Kino"},"content":{"rendered":"<div class=\"col-lg-6 col-md-4 col-sm-12 col-xs-12 full\">Die Stadt Almeria und ihre Provinz sind ohne jeden Zweifel wegen der  Dreharbeiten von sowohl nationalen als auch internationalen Kinofilmen ein  Aush\u00e4ngeschild f\u00fcr unser Land. Unsere Landschaften, unser Licht, das gute  Wetter und unsere Denkm\u00e4ler haben aus Almeria einen idealen Ort f\u00fcr  Au\u00dfenaufnahmen gemacht. Auch wenn viele Menschen Tabernas und den Naturpark  Cabo de Gata f\u00fcr die wichtigsten Orte halten, so war doch<strong> Almeria Stadt Gastgeber von vielen  Szenen der wichtigsten Produktionen, die ihre Filme in der Provinz gedreht  haben.<\/strong><\/p>\n<p>Somit k\u00f6nnen Sie innerhalb der Stadt viele Lokalit\u00e4ten der gro\u00dfen  Produktionen besuchen. Almeria war ein&nbsp;<strong>magischer Ort bei Conan der Barbar<\/strong>&nbsp;(Alcazaba von Almeria),  stellte die&nbsp;<strong>Messina in Patton \u2013 Rebell in Uniform<\/strong>&nbsp;(<strong>Nicolas <\/div>\n<div class=\"col-lg-6 col-md-4 col-sm-12 col-xs-12 right0\">\n<div class=\"post-gallery-wrapper\">\n<div class=\"justifiedgall_572c6e4d22e77 justified-gallery\" style=\"margin: 0px 0px 0px; height: 356px;\">\n<a class=\"mokka-ilightbox\" href=\"https:\/\/www.turismodealmeria.org\/wp-content\/uploads\/2016\/05\/tierra-de-cine-casa-del-cine.jpg\" style=\"width: 420px; height: 236px; top: 0px; left: 0px; opacity: 1;\"><img decoding=\"async\" src=\"https:\/\/www.turismodealmeria.org\/wp-content\/uploads\/2016\/05\/tierra-de-cine-casa-del-cine.jpg\" alt=\"Casa del Cine\" style=\"width: 420px; height: 236px; margin-left: -210px; margin-top: -118px;\"><\/a><br \/>\n<a class=\"mokka-ilightbox\" href=\"https:\/\/www.turismodealmeria.org\/wp-content\/uploads\/2016\/05\/tierra-de-cine-alcazaba.jpg\" style=\"width: 209px; height: 118px; top: 238px; left: 0px; opacity: 1;\"><img decoding=\"async\" src=\"https:\/\/www.turismodealmeria.org\/wp-content\/uploads\/2016\/05\/tierra-de-cine-alcazaba.jpg\" alt=\"Alcazaba\" style=\"width: 209px; height: 118px; margin-left: -104.5px; margin-top: -59px;\"><\/a><br \/>\n<a class=\"mokka-ilightbox\" href=\"https:\/\/www.turismodealmeria.org\/wp-content\/uploads\/2016\/05\/tierra-de-cine-catedral.jpg\" style=\"width: 209px; height: 118px; top: 238px; left: 211px; opacity: 1;\"><br \/>\n<img decoding=\"async\" src=\"https:\/\/www.turismodealmeria.org\/wp-content\/uploads\/2016\/05\/tierra-de-cine-catedral.jpg\" alt=\"Catedral\" style=\"width: 209px; height: 118px; margin-left: -104.5px; margin-top: -59px;\"><\/a>\n<\/div>\n<\/div>\n<\/div>\n<div class=\"col-lg-12 col-md-4 col-sm-12 col-xs-12 full\">Salmeron Park<\/strong>, das Landhaus der  Santa Isabel und&nbsp;<strong>die  Kathedrale<\/strong>),&nbsp;<strong>Hatay in Indiana Jones und der letzte  Kreuzzug<\/strong>&nbsp;(<strong>Kunsthochschule  von Almeria<\/strong>&nbsp;und&nbsp;<strong>Die  Medina<\/strong>),&nbsp;<strong>Kairo in Lawrence von Arabien<\/strong>&nbsp;(Nicolas Salmeron Park) und&nbsp;<strong>Tanger  in Der Wind und der L\u00f6we<\/strong>&nbsp;(Nicolas  Salmeron Park und <strong>Ehemaliges Kulturkasino<\/strong>)  dar.<\/p>\n<p>In der heutigen Zeit hat Almeria auch als  Drehort f\u00fcr <strong>Games of Throns  und die Auferstandenen<\/strong> gedient, man hat die Alcazaba benutzt,  um das Universum von George R. R. Martin und das Jerusalem zur Zeit des Todes  Jesus Christus nachzubauen.<\/p>\n<p>Sie k\u00f6nnen mehr \u00fcber das Thema Kino in der Provinzhauptstadt in den  Kapiteln <strong>Film Routen<\/strong>&nbsp;und&nbsp;<strong>Das  Haus des Kinos<\/strong> erfahren. Letzteres ist ein Museum, das die Geschichte des Kinos in der  Provinz Almeria erz\u00e4hlt und das w\u00e4hrend der Dreharbeiten f\u00fcr&nbsp;<strong>Wie  ich den Krieg gewann<\/strong> John Lennons Zuhause war.<\/div>\n","protected":false},"excerpt":{"rendered":"<p>Die Stadt Almeria und ihre Provinz sind ohne jeden Zweifel wegen der Dreharbeiten von sowohl nationalen als auch internationalen Kinofilmen [&hellip;]<\/p>\n","protected":false},"author":1,"featured_media":0,"parent":0,"menu_order":0,"comment_status":"closed","ping_status":"closed","template":"tpl-page-sidebar-left.php","meta":{"_acf_changed":false,"footnotes":""},"class_list":["post-11909","page","type-page","status-publish","hentry"],"acf":[],"ACF":{"imagen_cabecera":10068},"_links":{"self":[{"href":"https:\/\/www.turismodealmeria.org\/de\/wp-json\/wp\/v2\/pages\/11909","targetHints":{"allow":["GET"]}}],"collection":[{"href":"https:\/\/www.turismodealmeria.org\/de\/wp-json\/wp\/v2\/pages"}],"about":[{"href":"https:\/\/www.turismodealmeria.org\/de\/wp-json\/wp\/v2\/types\/page"}],"author":[{"embeddable":true,"href":"https:\/\/www.turismodealmeria.org\/de\/wp-json\/wp\/v2\/users\/1"}],"replies":[{"embeddable":true,"href":"https:\/\/www.turismodealmeria.org\/de\/wp-json\/wp\/v2\/comments?post=11909"}],"version-history":[{"count":0,"href":"https:\/\/www.turismodealmeria.org\/de\/wp-json\/wp\/v2\/pages\/11909\/revisions"}],"wp:attachment":[{"href":"https:\/\/www.turismodealmeria.org\/de\/wp-json\/wp\/v2\/media?parent=11909"}],"curies":[{"name":"wp","href":"https:\/\/api.w.org\/{rel}","templated":true}]}}