{"id":11975,"date":"2016-02-11T07:54:32","date_gmt":"2016-02-11T07:54:32","guid":{"rendered":"https:\/\/www.turismodealmeria.org\/de\/bereite-deine-reise-vor\/cultura-y-tradicion\/"},"modified":"2016-06-21T10:58:56","modified_gmt":"2016-06-21T10:58:56","slug":"kultur-und-tradition","status":"publish","type":"page","link":"https:\/\/www.turismodealmeria.org\/de\/bereite-deine-reise-vor\/kultur-und-tradition\/","title":{"rendered":"Kultur und Tradition"},"content":{"rendered":"<div class=\"col-lg-12 col-md-12 col-sm-12 col-xs-12\">\n<div class=\"col-lg-3 col-md-3 col-sm-3 col-xs-6 enlaces-que-ver\"><a href=\"#das-muslimische-almeria\"><img decoding=\"async\" src=\"https:\/\/www.turismodealmeria.org\/wp-content\/uploads\/2016\/03\/icono-musulman.png\" alt=\"Almer\u00eda musulmana\" width=\"41\" height=\"41\" class=\"aligncenter size-full wp-image-8425\" \/><br \/>Das muslimische Almeria<\/a><\/div>\n<div class=\"col-lg-3 col-md-3 col-sm-3 col-xs-6 enlaces-que-ver\"><a href=\"#jakobsweg-mozarabe-route\"><img decoding=\"async\" src=\"https:\/\/www.turismodealmeria.org\/wp-content\/uploads\/2016\/03\/icono-camino.png\" alt=\"Camino de Santiago\" width=\"41\" height=\"41\" class=\"aligncenter size-full wp-image-8426\" \/><br \/>Jakobsweg: Moz\u00e1rabe Route<\/a><\/div>\n<div class=\"col-lg-3 col-md-3 col-sm-3 col-xs-6 enlaces-que-ver\"><a href=\"#das-christliche-almeria\"><img decoding=\"async\" src=\"https:\/\/www.turismodealmeria.org\/wp-content\/uploads\/2016\/03\/icono-cristiana.png\" alt=\"Almer\u00eda Cristiana\" width=\"41\" height=\"41\" class=\"aligncenter size-full wp-image-8419\" \/><br \/>Das christliche Almer\u00eda<\/a><\/div>\n<div class=\"col-lg-3 col-md-3 col-sm-3 col-xs-6 enlaces-que-ver\"><a href=\"#almeria-im-laufe-der-jahrhunderte\"><img decoding=\"async\" src=\"https:\/\/www.turismodealmeria.org\/wp-content\/uploads\/2016\/03\/icono-entre-siglos.png\" alt=\"Entre siglos\" width=\"41\" height=\"41\" class=\"aligncenter size-full wp-image-8420\" \/><br \/>Almeria im Laufe der Jahrhunderte<\/a><\/div>\n<div class=\"col-lg-3 col-md-3 col-sm-3 col-xs-6 enlaces-que-ver\"><a href=\"#almeria-und-die-eisen-architektur\"><img decoding=\"async\" src=\"https:\/\/www.turismodealmeria.org\/wp-content\/uploads\/2016\/03\/icono-hierro.png\" alt=\"Arquit\u00e9ctura del hierro\" width=\"41\" height=\"41\" class=\"aligncenter size-full wp-image-8423\" \/><br \/>Almer\u00eda und die Eisen-Architektur<\/a><\/div>\n<div class=\"col-lg-3 col-md-3 col-sm-3 col-xs-6 enlaces-que-ver\"><a href=\"#museen-und-ausstellungszentren\"><img decoding=\"async\" src=\"https:\/\/www.turismodealmeria.org\/wp-content\/uploads\/2016\/03\/icono-museos.png\" alt=\"Museos y esp\u00e9ctaculos\" width=\"41\" height=\"41\" class=\"aligncenter size-full wp-image-8424\" \/><br \/>Museen und Ausstellungszentren<\/a><\/div>\n<div class=\"col-lg-3 col-md-3 col-sm-3 col-xs-6 enlaces-que-ver\"><a href=\"#denkmaeler-und-skulpturen\"><img decoding=\"async\" src=\"https:\/\/www.turismodealmeria.org\/wp-content\/uploads\/2016\/03\/icono-esculturas.png\" alt=\"Estatuas y esculturas\" width=\"41\" height=\"41\" class=\"aligncenter size-full wp-image-8421\" \/><br \/>Denkm\u00e4ler und Skulpturen<\/a><\/div>\n<div class=\"col-lg-3 col-md-3 col-sm-3 col-xs-6 enlaces-que-ver\"><a href=\"#kino-theater-und-shows\"><img decoding=\"async\" src=\"https:\/\/www.turismodealmeria.org\/wp-content\/uploads\/2016\/03\/icono-espectaculos.png\" alt=\"Cine, teatros y espectaculos\" width=\"41\" height=\"41\" class=\"aligncenter size-full wp-image-8422\" \/><br \/>Kino, Theater und Shows<\/a><\/div>\n<\/div>\n","protected":false},"excerpt":{"rendered":"<p>Das muslimische Almeria Jakobsweg: Moz\u00e1rabe Route Das christliche Almer\u00eda Almeria im Laufe der Jahrhunderte Almer\u00eda und die Eisen-Architektur Museen und [&hellip;]<\/p>\n","protected":false},"author":1,"featured_media":44651,"parent":11973,"menu_order":0,"comment_status":"closed","ping_status":"closed","template":"","meta":{"_acf_changed":false,"footnotes":""},"class_list":["post-11975","page","type-page","status-publish","has-post-thumbnail","hentry"],"acf":[],"ACF":{"imagen_cabecera":9433},"_links":{"self":[{"href":"https:\/\/www.turismodealmeria.org\/de\/wp-json\/wp\/v2\/pages\/11975","targetHints":{"allow":["GET"]}}],"collection":[{"href":"https:\/\/www.turismodealmeria.org\/de\/wp-json\/wp\/v2\/pages"}],"about":[{"href":"https:\/\/www.turismodealmeria.org\/de\/wp-json\/wp\/v2\/types\/page"}],"author":[{"embeddable":true,"href":"https:\/\/www.turismodealmeria.org\/de\/wp-json\/wp\/v2\/users\/1"}],"replies":[{"embeddable":true,"href":"https:\/\/www.turismodealmeria.org\/de\/wp-json\/wp\/v2\/comments?post=11975"}],"version-history":[{"count":0,"href":"https:\/\/www.turismodealmeria.org\/de\/wp-json\/wp\/v2\/pages\/11975\/revisions"}],"up":[{"embeddable":true,"href":"https:\/\/www.turismodealmeria.org\/de\/wp-json\/wp\/v2\/pages\/11973"}],"wp:featuredmedia":[{"embeddable":true,"href":"https:\/\/www.turismodealmeria.org\/de\/wp-json\/wp\/v2\/media\/44651"}],"wp:attachment":[{"href":"https:\/\/www.turismodealmeria.org\/de\/wp-json\/wp\/v2\/media?parent=11975"}],"curies":[{"name":"wp","href":"https:\/\/api.w.org\/{rel}","templated":true}]}}