{"id":11983,"date":"2016-02-18T15:42:00","date_gmt":"2016-02-18T15:42:00","guid":{"rendered":"https:\/\/www.turismodealmeria.org\/de\/was-man-unternehmen-kann\/belleza-y-salud\/"},"modified":"2016-06-21T11:04:51","modified_gmt":"2016-06-21T11:04:51","slug":"gesundheit-und-schoenheit","status":"publish","type":"page","link":"https:\/\/www.turismodealmeria.org\/de\/was-man-unternehmen-kann\/gesundheit-und-schoenheit\/","title":{"rendered":"Gesundheit und Sch\u00f6nheit"},"content":{"rendered":"<div class=\"col-lg-6 col-md-6 col-sm-12 col-xs-12\">Genie\u00dfen Sie die arabischen B\u00e4der , lebendiges Zeugnis von der arabischen und muslimischen Pr\u00e4senz in dem Gef\u00fchl von Almeria im historischen Zentrum verwurzelt. Und in El Toyo eine Reihe von Hotels haben massiv in die High-End- Tourismus investiert , Wasseranlagen und Spas Annahme , besonders geeignet f\u00fcr Sport-Tourismus und Gesundheit.<\/div>\n<div class=\"col-lg-6 col-md-6 col-sm-12 col-xs-12\"><img decoding=\"async\" src=\"https:\/\/www.turismodealmeria.org\/wp-content\/uploads\/2016\/02\/donde-dormir-en-almeria-turismo.jpg\" alt=\"Belleza y salud\" width=\"500\" height=\"227\" class=\"alignnone size-full wp-image-8363\" \/><\/div>\n<h2><span>Arabische B\u00e4der<\/span><\/h2>\n<div class=\"col-lg-6 col-md-6 col-sm-6 col-xs-6 banos-arabes\">\n<h3>Balneario Alhammam Almeraya<\/h3>\n<p><strong>C\/ Perea, 9. 04003 Almer\u00eda.<br \/>\n950 231 010<\/strong><br \/>\n<strong>Web:<\/strong> <a href=\"http:\/\/www.alhammalmeraya.com\" target=\"_blank\">www.alhammalmeraya.com<\/a><br \/>\n<strong>Email:<\/strong> <a href=\"mailto:balnearioalmeraya@gmail.com\" target=\"_blank\">balnearioalmeraya@gmail.com<\/a><\/p>\n<\/div>\n<div class=\"col-lg-6 col-md-6 col-sm-6 col-xs-6 banos-arabes\">\n<h3>Aire de Almer\u00eda Termas de Al Andalus<\/h3>\n<p><strong>Plaza de la Constituci\u00f3n 4-5, Almer\u00eda<br \/>\n950 282 095<\/strong><br \/>\n<strong>Email: <\/strong><a href=\"mailto:reservas@airedealmeria.com\">reservas@airedealmeria.com<\/a><br \/>\n<strong>Web:<\/strong> <a href=\"http:\/\/www.airedealmeria.com\/\" target=\"_blank\" rel=\"nofollow\">www.airedealmeria.com<\/a><\/p>\n<\/div>\n<h2><span>Spas<\/span><\/h2>\n<div class=\"col-lg-6 col-md-6 col-sm-6 col-xs-6 spas\">\n<h3>Hotel Alcazaba Mar<\/h3>\n<p><strong>C\/ Juegos de Argel s\/n Urb.El Toyo. 04131 Retamar (Almer\u00eda)<br \/>\n950 20 91 60<\/strong><br \/>\n<strong>Web:<\/strong> <a href=\"http:\/\/www.azhoteles.com\" target=\"_blank\">www.azhoteles.com<\/a><br \/>\n<strong>Email:<\/strong> <a href=\"mailto:alcazabamar@azhoteles.com\" target=\"_blank\">alcazabamar@azhoteles.com<\/a><\/p>\n<\/div>\n<div class=\"col-lg-6 col-md-6 col-sm-6 col-xs-6 spas\">\n<h3>Hotel Cabogata Plaza Suites<\/h3>\n<p><strong>C\/ Juegos de Argel s\/n Urb.El Toyo. 04131<br \/>\nRetamar (Almer\u00eda)<br \/>\n950 00 12 00<\/strong><br \/>\n<strong>Web:<\/strong> <a href=\"http:\/\/www.zthoteles.es\" target=\"_blank\">www.zthoteles.es<\/a><\/p>\n<\/div>\n<div class=\"col-lg-6 col-md-6 col-sm-6 col-xs-6 spas\">\n<h3>Hotel Barcel\u00f3 Cabo de Gata<\/h3>\n<p><strong>Paseo del Toyo s\/n Urb.El Toyo. 04131 Retamar (Almer\u00eda)<br \/>\n950 18 42 50<\/strong><br \/>\nWeb: <a href=\"http:\/\/www.barcelo.com\" target=\"_blank\">www.barcelo.com<\/a><br \/>\nEmail: <a href=\"mailto:cabodegata@barcelo.com\" target=\"_blank\">cabodegata@barcelo.com<\/a><\/p>\n<\/div>\n<div class=\"col-lg-6 col-md-6 col-sm-6 col-xs-6 spas\">\n<h3>Hotel Cabogata Garden<\/h3>\n<p><strong>Avda. Juegos de Casablanca s\/n Urb.El Toyo. 04131 Retamar (Almer\u00eda)<br \/>\n950 01 07 50<\/strong><br \/>\n<strong>Web:<\/strong> <a href=\"http:\/\/www.gardenhotels.com\" target=\"_blank\">www.gardenhotels.com<\/a><br \/>\n<strong>Email:<\/strong> <a href=\"mailto:cabogata@gardenhotels.com\" target=\"_blank\">cabogata@gardenhotels.com<\/a><\/p>\n<\/div>\n<div class=\"col-lg-6 col-md-6 col-sm-6 col-xs-6 spas\">\n<h3>Hotel Cabo de Gata Mar Garden<\/h3>\n<p><strong>Avda.Juegos de Casablanca s\/n Urb.El Toyo. 04131 Retamar (Almer\u00eda)<br \/>\n950 01 79 50<\/strong><br \/>\n<strong>Web: <\/strong><a href=\"http:\/\/www.gardenhotels.com\" target=\"_blank\">www.gardenhotels.com<\/a><br \/>\n<strong>Email:<\/strong><a href=\"mailto:indalia@gardenhotels.com\" target=\"_blank\">indalia@gardenhotels.com<\/a><\/p>\n<\/div>\n","protected":false},"excerpt":{"rendered":"<p>Genie\u00dfen Sie die arabischen B\u00e4der , lebendiges Zeugnis von der arabischen und muslimischen Pr\u00e4senz in dem Gef\u00fchl von Almeria im [&hellip;]<\/p>\n","protected":false},"author":1,"featured_media":0,"parent":11981,"menu_order":0,"comment_status":"closed","ping_status":"closed","template":"tpl-page-sidebar-left.php","meta":{"_acf_changed":false,"footnotes":""},"class_list":["post-11983","page","type-page","status-publish","hentry"],"acf":[],"ACF":{"imagen_cabecera":10343},"_links":{"self":[{"href":"https:\/\/www.turismodealmeria.org\/de\/wp-json\/wp\/v2\/pages\/11983","targetHints":{"allow":["GET"]}}],"collection":[{"href":"https:\/\/www.turismodealmeria.org\/de\/wp-json\/wp\/v2\/pages"}],"about":[{"href":"https:\/\/www.turismodealmeria.org\/de\/wp-json\/wp\/v2\/types\/page"}],"author":[{"embeddable":true,"href":"https:\/\/www.turismodealmeria.org\/de\/wp-json\/wp\/v2\/users\/1"}],"replies":[{"embeddable":true,"href":"https:\/\/www.turismodealmeria.org\/de\/wp-json\/wp\/v2\/comments?post=11983"}],"version-history":[{"count":0,"href":"https:\/\/www.turismodealmeria.org\/de\/wp-json\/wp\/v2\/pages\/11983\/revisions"}],"up":[{"embeddable":true,"href":"https:\/\/www.turismodealmeria.org\/de\/wp-json\/wp\/v2\/pages\/11981"}],"wp:attachment":[{"href":"https:\/\/www.turismodealmeria.org\/de\/wp-json\/wp\/v2\/media?parent=11983"}],"curies":[{"name":"wp","href":"https:\/\/api.w.org\/{rel}","templated":true}]}}