{"id":12258,"date":"2016-06-27T10:11:18","date_gmt":"2016-06-27T10:11:18","guid":{"rendered":"https:\/\/www.turismodealmeria.org\/de\/aviso-legal\/"},"modified":"2016-06-27T11:19:10","modified_gmt":"2016-06-27T11:19:10","slug":"rechtliche-hinweise","status":"publish","type":"page","link":"https:\/\/www.turismodealmeria.org\/de\/rechtliche-hinweise\/","title":{"rendered":"Rechtliche Hinweise"},"content":{"rendered":"<p>&#8222;Empresa Municipal de Turismo de Almer\u00eda&#8220; (St\u00e4dtische Fremdenverkehrsamt von Almer\u00eda) mit Sitz in Ronda Beato Diego Ventaja s\/n, Museo de la Ciudad, E-04002 Almer\u00eda (Spanien) besitzt die geistigen Eigentumsrechte an allen Bildern, Texten, Designs, Animationen oder beliebigen sonstigen Inhalten oder Bestandteilen dieser Webseite, und verf\u00fcgt \u00fcber die entsprechenden Genehmigungen f\u00fcr deren Verwendung. Jede Wiedergabe, Verbreitung, Ver\u00f6ffentlichung, Bereitstellung oder Umwandlung, sowie jede anderweitige gewerbliche Nutzung der genannten Inhalte oder Bestandteile, sei es ganz oder teilweise, in beliebiger Form oder durch ein beliebiges Medium, erfordert die vorherige schriftliche Genehmigung des St\u00e4dtischen Fremdenverkehrsamtes von Almer\u00eda. Das St\u00e4dtische Fremdenverkehrsamt von Almer\u00eda darf ohne Vorank\u00fcndigung \u00c4nderungen am Inhalt dieser Webseite vornehmen, sowohl bei den Angaben \u00fcber seine Dienstleistungen, in dem Ma\u00dfe, wie das Angebot erweitert und verbessert wird, wie auch in Bezug auf beliebige sonstige Bestandteile seines Angebots. Der Inhalt dieser Webseite dient zu Informationszwecken, daher \u00fcbernimmt das St\u00e4dtische Fremdenverkehrsamt von Almer\u00eda keinerlei Gew\u00e4hrleistung f\u00fcr die Genauigkeit, Vollst\u00e4ndigkeit oder die Richtigkeit der Angaben, weder f\u00fcr eigene noch f\u00fcr Angaben von Dritten, auf dieser Webseite.<\/p>\n<p>Das St\u00e4dtische Fremdenverkehrsamt von Almer\u00eda \u00fcbernimmt keinerlei Haftung f\u00fcr direkte oder indirekte Sch\u00e4den, die aus fehlender Genauigkeit, Vollst\u00e4ndigkeit oder Richtigkeit solcher Angaben oder aus der Verwendung der Inhalte oder Bestandteile dieser Webseite entstehen k\u00f6nnen. Diese Webseite kann Links zu externen Seiten enthalten, wobei das St\u00e4dtische Fremdenverkehrsamt von Almer\u00eda jede Haftung f\u00fcr die Inhalte der verlinkten Seiten oder sonstige Aspekte im Zusammenhang mit diesen ablehnt.<br \/>\n<strong><br \/>\nAngaben zu allgemeinen Informationen<br \/>\n<\/strong><br \/>\nName des Unternehmens: Empresa Municipal de Turismo de Almer\u00eda, Ronda Beato Diego Ventaja, s\/n, Museo de la Ciudad, 04002, Almer\u00eda, Spanien.<br \/>\nmit folgender Email-Adresse: info@turismodealmeria.org<\/p>\n","protected":false},"excerpt":{"rendered":"<p>&#8222;Empresa Municipal de Turismo de Almer\u00eda&#8220; (St\u00e4dtische Fremdenverkehrsamt von Almer\u00eda) mit Sitz in Ronda Beato Diego Ventaja s\/n, Museo de [&hellip;]<\/p>\n","protected":false},"author":1,"featured_media":0,"parent":0,"menu_order":0,"comment_status":"closed","ping_status":"closed","template":"","meta":{"_acf_changed":false,"footnotes":""},"class_list":["post-12258","page","type-page","status-publish","hentry"],"acf":[],"ACF":{"imagen_cabecera":false},"_links":{"self":[{"href":"https:\/\/www.turismodealmeria.org\/de\/wp-json\/wp\/v2\/pages\/12258","targetHints":{"allow":["GET"]}}],"collection":[{"href":"https:\/\/www.turismodealmeria.org\/de\/wp-json\/wp\/v2\/pages"}],"about":[{"href":"https:\/\/www.turismodealmeria.org\/de\/wp-json\/wp\/v2\/types\/page"}],"author":[{"embeddable":true,"href":"https:\/\/www.turismodealmeria.org\/de\/wp-json\/wp\/v2\/users\/1"}],"replies":[{"embeddable":true,"href":"https:\/\/www.turismodealmeria.org\/de\/wp-json\/wp\/v2\/comments?post=12258"}],"version-history":[{"count":0,"href":"https:\/\/www.turismodealmeria.org\/de\/wp-json\/wp\/v2\/pages\/12258\/revisions"}],"wp:attachment":[{"href":"https:\/\/www.turismodealmeria.org\/de\/wp-json\/wp\/v2\/media?parent=12258"}],"curies":[{"name":"wp","href":"https:\/\/api.w.org\/{rel}","templated":true}]}}