{"id":12271,"date":"2016-05-06T10:07:30","date_gmt":"2016-05-06T10:07:30","guid":{"rendered":"https:\/\/www.turismodealmeria.org\/de\/politica-de-privacidad\/"},"modified":"2016-06-27T11:03:35","modified_gmt":"2016-06-27T11:03:35","slug":"datenschutzbestimmungen","status":"publish","type":"page","link":"https:\/\/www.turismodealmeria.org\/de\/datenschutzbestimmungen\/","title":{"rendered":"Datenschutzbestimmungen"},"content":{"rendered":"<p>Mithilfe der vorliegenden Datenschutzbestimmungen informiert das St\u00e4dtische Fremdenverkehrsamt (<strong>Empresa Municipal de Turismo de Almer\u00eda<\/strong>, nachfolgend DER BETREIBER) die Nutzer der Webseite www.turismodealmeria.org \u00fcber die Verarbeitung und Verwendung der personenbezogenen Daten, die auf der Webseite eingeholt werden, damit die Nutzer nach eigenem Daf\u00fcrhalten selbst entscheiden k\u00f6nnen, ob sie die verlangten Angaben machen m\u00f6chten.<\/p>\n<p><strong>DER BETREIBER<\/strong> beh\u00e4lt sich das Recht vor, diese Datenschutzbestimmungen abzu\u00e4ndern, um sie den gesetzlichen Neuerungen, Kriterien der Rechtssprechung, Praktiken der Branche oder eigenen Interessen der Gesellschaft anzupassen. Auf jeden Fall werden die \u00c4nderungen wie auch wie der Zeitpunkt ihres Inkrafttretens dem Nutzer rechtzeitig mitgeteilt.<\/p>\n<h3>Datensicherheit<\/h3>\n<p><strong>DER BETREIBER<\/strong> gew\u00e4hrleistet die Sicherheit und die Geheimhaltung der gespeicherten Daten, um so die nicht genehmigte Ver\u00e4nderung, Verlust, Bearbeitung oder Einsicht der Daten m\u00f6glichst zu verhindern.<\/p>\n","protected":false},"excerpt":{"rendered":"<p>Mithilfe der vorliegenden Datenschutzbestimmungen informiert das St\u00e4dtische Fremdenverkehrsamt (Empresa Municipal de Turismo de Almer\u00eda, nachfolgend DER BETREIBER) die Nutzer der [&hellip;]<\/p>\n","protected":false},"author":1,"featured_media":0,"parent":0,"menu_order":0,"comment_status":"closed","ping_status":"closed","template":"","meta":{"_acf_changed":false,"footnotes":""},"class_list":["post-12271","page","type-page","status-publish","hentry"],"acf":[],"ACF":{"imagen_cabecera":false},"_links":{"self":[{"href":"https:\/\/www.turismodealmeria.org\/de\/wp-json\/wp\/v2\/pages\/12271","targetHints":{"allow":["GET"]}}],"collection":[{"href":"https:\/\/www.turismodealmeria.org\/de\/wp-json\/wp\/v2\/pages"}],"about":[{"href":"https:\/\/www.turismodealmeria.org\/de\/wp-json\/wp\/v2\/types\/page"}],"author":[{"embeddable":true,"href":"https:\/\/www.turismodealmeria.org\/de\/wp-json\/wp\/v2\/users\/1"}],"replies":[{"embeddable":true,"href":"https:\/\/www.turismodealmeria.org\/de\/wp-json\/wp\/v2\/comments?post=12271"}],"version-history":[{"count":0,"href":"https:\/\/www.turismodealmeria.org\/de\/wp-json\/wp\/v2\/pages\/12271\/revisions"}],"wp:attachment":[{"href":"https:\/\/www.turismodealmeria.org\/de\/wp-json\/wp\/v2\/media?parent=12271"}],"curies":[{"name":"wp","href":"https:\/\/api.w.org\/{rel}","templated":true}]}}