{"id":48107,"date":"2016-02-12T09:03:48","date_gmt":"2016-02-12T09:03:48","guid":{"rendered":"https:\/\/www.turismodealmeria.org\/bereite-deine-reise-vor\/audio-guias\/"},"modified":"2022-05-25T10:39:38","modified_gmt":"2022-05-25T08:39:38","slug":"audioguides","status":"publish","type":"page","link":"https:\/\/www.turismodealmeria.org\/de\/bereite-deine-reise-vor\/audioguides\/","title":{"rendered":"Audioguides"},"content":{"rendered":"<div class=\"wpb-content-wrapper\"><p>[vc_row][vc_column column_width_percent=&#8220;100&#8243; gutter_size=&#8220;2&#8243; overlay_alpha=&#8220;50&#8243; shift_x=&#8220;0&#8243; shift_y=&#8220;0&#8243; shift_y_down=&#8220;0&#8243; z_index=&#8220;0&#8243; medium_width=&#8220;0&#8243; mobile_width=&#8220;0&#8243; width=&#8220;1\/1&#8243; uncode_shortcode_id=&#8220;675924&#8243;][vc_custom_heading text_color=&#8220;color-sea-blue&#8220; text_size=&#8220;fontsize-35&#8243; text_weight=&#8220;600&#8243; uncode_shortcode_id=&#8220;145266&#8243; text_color_type=&#8220;uncode-palette&#8220;]AUDIOGUIDES[\/vc_custom_heading][vc_separator sep_color=&#8220;color-amber&#8220; uncode_shortcode_id=&#8220;914759&#8243; el_class=&#8220;playas-forma-segura&#8220; sep_color_type=&#8220;uncode-palette&#8220; el_width=&#8220;200px&#8220; el_height=&#8220;8px&#8220;][vc_custom_heading heading_semantic=&#8220;p&#8220; text_size=&#8220;fontsize-17&#8243; text_weight=&#8220;400&#8243; uncode_shortcode_id=&#8220;353478&#8243;]M\u00f6chten Sie Ihre eigenen F\u00fchrer zu haben, wie Sie durch einige der Wahrzeichen der Stadt Almeria spazieren? Von unserer Website machen wir es einfach. Tr\u00e4gt unsere Audioguides , die Geschichte der Punkte von besonderem Interesse h\u00f6ren, entweder online oder durch das Herunterladen und sie wieder von jedem mobilen Ger\u00e4t wie Ihr Telefon oder Tablet zu spielen.[\/vc_custom_heading][\/vc_column][\/vc_row][vc_row][vc_column][vc_raw_html]JTVCZGVzY2FyZ2FzJTIwdGlwb19jb250ZW5pZG8lM0QlMjJhdWRpby1ndWlhcyUyMiU1RA==[\/vc_raw_html][\/vc_column][\/vc_row]<\/p>\n<\/div>","protected":false},"excerpt":{"rendered":"<p>[vc_row][vc_column column_width_percent=&#8220;100&#8243; gutter_size=&#8220;2&#8243; overlay_alpha=&#8220;50&#8243; shift_x=&#8220;0&#8243; shift_y=&#8220;0&#8243; shift_y_down=&#8220;0&#8243; z_index=&#8220;0&#8243; medium_width=&#8220;0&#8243; mobile_width=&#8220;0&#8243; width=&#8220;1\/1&#8243; uncode_shortcode_id=&#8220;675924&#8243;][vc_custom_heading text_color=&#8220;color-sea-blue&#8220; text_size=&#8220;fontsize-35&#8243; text_weight=&#8220;600&#8243; uncode_shortcode_id=&#8220;145266&#8243; text_color_type=&#8220;uncode-palette&#8220;]AUDIOGUIDES[\/vc_custom_heading][vc_separator sep_color=&#8220;color-amber&#8220; uncode_shortcode_id=&#8220;914759&#8243; el_class=&#8220;playas-forma-segura&#8220; [&hellip;]<\/p>\n","protected":false},"author":1,"featured_media":0,"parent":11973,"menu_order":0,"comment_status":"closed","ping_status":"closed","template":"","meta":{"_acf_changed":false,"footnotes":""},"class_list":["post-48107","page","type-page","status-publish","hentry"],"acf":[],"ACF":{"imagen_cabecera":false},"_links":{"self":[{"href":"https:\/\/www.turismodealmeria.org\/de\/wp-json\/wp\/v2\/pages\/48107","targetHints":{"allow":["GET"]}}],"collection":[{"href":"https:\/\/www.turismodealmeria.org\/de\/wp-json\/wp\/v2\/pages"}],"about":[{"href":"https:\/\/www.turismodealmeria.org\/de\/wp-json\/wp\/v2\/types\/page"}],"author":[{"embeddable":true,"href":"https:\/\/www.turismodealmeria.org\/de\/wp-json\/wp\/v2\/users\/1"}],"replies":[{"embeddable":true,"href":"https:\/\/www.turismodealmeria.org\/de\/wp-json\/wp\/v2\/comments?post=48107"}],"version-history":[{"count":0,"href":"https:\/\/www.turismodealmeria.org\/de\/wp-json\/wp\/v2\/pages\/48107\/revisions"}],"up":[{"embeddable":true,"href":"https:\/\/www.turismodealmeria.org\/de\/wp-json\/wp\/v2\/pages\/11973"}],"wp:attachment":[{"href":"https:\/\/www.turismodealmeria.org\/de\/wp-json\/wp\/v2\/media?parent=48107"}],"curies":[{"name":"wp","href":"https:\/\/api.w.org\/{rel}","templated":true}]}}