{"id":48992,"date":"2016-04-26T09:19:07","date_gmt":"2016-04-26T09:19:07","guid":{"rendered":"https:\/\/www.turismodealmeria.org\/inicio-2\/"},"modified":"2023-04-11T10:41:27","modified_gmt":"2023-04-11T08:41:27","slug":"inicio-2","status":"publish","type":"page","link":"https:\/\/www.turismodealmeria.org\/de\/","title":{"rendered":"Startseite"},"content":{"rendered":"<div class=\"wpb-content-wrapper\"><p>[vc_row unlock_row_content=&#8220;yes&#8220; row_height_percent=&#8220;86&#8243; back_image=&#8220;63231&#8243; overlay_alpha=&#8220;50&#8243; gutter_size=&#8220;3&#8243; column_width_percent=&#8220;100&#8243; shift_y=&#8220;0&#8243; z_index=&#8220;0&#8243; uncode_shortcode_id=&#8220;110146&#8243; row_height_pixel=&#8220;370px&#8220;][vc_column width=&#8220;1\/1&#8243;][\/vc_column][\/vc_row][vc_row unlock_row=&#8220;&#8220; row_height_percent=&#8220;0&#8243; override_padding=&#8220;yes&#8220; h_padding=&#8220;2&#8243; top_padding=&#8220;0&#8243; bottom_padding=&#8220;2&#8243; overlay_alpha=&#8220;50&#8243; gutter_size=&#8220;3&#8243; column_width_percent=&#8220;100&#8243; shift_y=&#8220;0&#8243; z_index=&#8220;10&#8243; uncode_shortcode_id=&#8220;169929&#8243; el_class=&#8220;turismo-destacados-home&#8220; css=&#8220;.vc_custom_1648638646972{margin-top: -260px !important;}&#8220;][vc_column width=&#8220;1\/1&#8243;][uncode_index el_id=&#8220;destacados-home&#8220; index_type=&#8220;carousel&#8220; loop=&#8220;size:6|order_by:rand|post_type:page|by_id:48813,629,617,1452|taxonomy_count:10&#8243; carousel_lg=&#8220;3&#8243; carousel_md=&#8220;3&#8243; carousel_sm=&#8220;1&#8243; thumb_size=&#8220;three-two&#8220; gutter_size=&#8220;2&#8243; page_items=&#8220;media|featured|onpost|original,title,icon|sm&#8220; carousel_interval=&#8220;3000&#8243; carousel_navspeed=&#8220;400&#8243; carousel_nav=&#8220;yes&#8220; stage_padding=&#8220;0&#8243; single_overlay_opacity=&#8220;50&#8243; single_padding=&#8220;0&#8243; single_title_semantic=&#8220;p&#8220; single_title_dimension=&#8220;fontsize-20&#8243; single_title_weight=&#8220;600&#8243; uncode_shortcode_id=&#8220;129800&#8243; single_icon=&#8220;fa fa-plus3&#8243;][\/vc_column][\/vc_row][vc_row row_height_percent=&#8220;0&#8243; overlay_alpha=&#8220;50&#8243; gutter_size=&#8220;3&#8243; column_width_percent=&#8220;100&#8243; shift_y=&#8220;0&#8243; z_index=&#8220;0&#8243; uncode_shortcode_id=&#8220;499647&#8243;][vc_column width=&#8220;7\/12&#8243;][vc_single_image media=&#8220;44562&#8243; media_width_percent=&#8220;100&#8243; uncode_shortcode_id=&#8220;161692&#8243; el_class=&#8220;border-radius-5px&#8220;][\/vc_column][vc_column column_width_percent=&#8220;100&#8243; position_vertical=&#8220;middle&#8220; gutter_size=&#8220;3&#8243; overlay_alpha=&#8220;50&#8243; shift_x=&#8220;0&#8243; shift_y=&#8220;0&#8243; shift_y_down=&#8220;0&#8243; z_index=&#8220;0&#8243; medium_width=&#8220;0&#8243; mobile_width=&#8220;0&#8243; width=&#8220;5\/12&#8243; uncode_shortcode_id=&#8220;120438&#8243;][vc_custom_heading text_color=&#8220;color-deep-teal&#8220; heading_semantic=&#8220;h1&#8243; text_size=&#8220;fontsize-35&#8243; text_weight=&#8220;600&#8243; uncode_shortcode_id=&#8220;197261&#8243; text_color_type=&#8220;uncode-palette&#8220;]Wilkommen in Almer\u00eda[\/vc_custom_heading][vc_column_text text_color=&#8220;color-charcoal-grey-Two&#8220; uncode_shortcode_id=&#8220;208896&#8243; text_color_type=&#8220;uncode-palette&#8220; css=&#8220;.vc_custom_1646652039529{margin-top: 20px !important;}&#8220; el_class=&#8220;width-145px&#8220;]<\/p>\n<hr class=\"separator-break separator-accent\" \/>\n<p>[\/vc_column_text][vc_column_text text_color=&#8220;color-charcoal-grey-Two&#8220; uncode_shortcode_id=&#8220;108537&#8243; text_color_type=&#8220;uncode-palette&#8220; el_class=&#8220;mt-0&#8243;]Tauche in das Meer von Sensationen ein das wir Almeria nennen, in unsere Herkunft und Kultur , besuche Pl\u00e4tze und lebe Erfahrungen , unsere <strong>Tradicionen und Gastronomie<\/strong>.<\/p>\n<p>Lass dich verf\u00fchren von unserer weltoffenen Stadt. Aufrichtig und gastfreundlich l\u00e4dt unsere Erde ein sie zu geniesen.<\/p>\n<p><strong>\u00a1In Almeria lacht \u00a0Dir das Leben zu!<\/strong>[\/vc_column_text][\/vc_column][\/vc_row][vc_row unlock_row=&#8220;&#8220; row_height_percent=&#8220;0&#8243; override_padding=&#8220;yes&#8220; h_padding=&#8220;2&#8243; top_padding=&#8220;2&#8243; bottom_padding=&#8220;2&#8243; overlay_alpha=&#8220;50&#8243; gutter_size=&#8220;3&#8243; column_width_percent=&#8220;100&#8243; shift_y=&#8220;0&#8243; z_index=&#8220;0&#8243; uncode_shortcode_id=&#8220;125483&#8243;][vc_column width=&#8220;1\/1&#8243;][vc_custom_heading text_color=&#8220;color-deep-teal&#8220; text_weight=&#8220;600&#8243; uncode_shortcode_id=&#8220;205120&#8243; text_color_type=&#8220;uncode-palette&#8220;]Das touristische Angebot[\/vc_custom_heading][vc_column_text text_color=&#8220;color-charcoal-grey-Two&#8220; uncode_shortcode_id=&#8220;208896&#8243; text_color_type=&#8220;uncode-palette&#8220; css=&#8220;.vc_custom_1646652039529{margin-top: 20px !important;}&#8220; el_class=&#8220;width-145px&#8220;]<\/p>\n<hr class=\"separator-break separator-accent\" \/>\n<p>[\/vc_column_text][vc_column_text text_color=&#8220;color-charcoal-grey-Two&#8220; uncode_shortcode_id=&#8220;155018&#8243; text_color_type=&#8220;uncode-palette&#8220; el_class=&#8220;mt-0&#8243;]Informieren Sie sich \u00fcber unsere Pl\u00e4ne, wie Sie Ihren Urlaub optimal nutzen k\u00f6nnen.[\/vc_column_text][uncode_index el_id=&#8220;tipos-turismo&#8220; index_type=&#8220;carousel&#8220; loop=&#8220;size:All|order_by:rand|post_type:page|by_id:47205,45131,22423,823,48123,47220|taxonomy_count:10&#8243; carousel_lg=&#8220;4&#8243; carousel_md=&#8220;3&#8243; carousel_sm=&#8220;1&#8243; thumb_size=&#8220;one-one&#8220; gutter_size=&#8220;2&#8243; page_items=&#8220;media|featured|onpost|original,title,sep-one|full&#8220; carousel_interval=&#8220;3000&#8243; carousel_navspeed=&#8220;400&#8243; carousel_nav=&#8220;yes&#8220; stage_padding=&#8220;0&#8243; single_overlay_opacity=&#8220;50&#8243; single_h_align=&#8220;center&#8220; single_padding=&#8220;1&#8243; single_title_dimension=&#8220;fontsize-20&#8243; single_title_weight=&#8220;600&#8243; single_title_transform=&#8220;uppercase&#8220; uncode_shortcode_id=&#8220;182533&#8243; el_class=&#8220;carrusel-style-1 border-radius-5px&#8220;][\/vc_column][\/vc_row][vc_row unlock_row_content=&#8220;yes&#8220; row_height_percent=&#8220;0&#8243; override_padding=&#8220;yes&#8220; h_padding=&#8220;0&#8243; top_padding=&#8220;0&#8243; bottom_padding=&#8220;0&#8243; overlay_alpha=&#8220;50&#8243; gutter_size=&#8220;3&#8243; column_width_percent=&#8220;100&#8243; shift_y=&#8220;0&#8243; z_index=&#8220;0&#8243; uncode_shortcode_id=&#8220;118325&#8243; back_color_type=&#8220;uncode-solid&#8220; back_color_solid=&#8220;rgba(170,171,171,0.07)&#8220;][vc_column column_width_percent=&#8220;100&#8243; position_vertical=&#8220;middle&#8220; gutter_size=&#8220;3&#8243; overlay_alpha=&#8220;50&#8243; shift_x=&#8220;0&#8243; shift_y=&#8220;0&#8243; shift_y_down=&#8220;0&#8243; z_index=&#8220;0&#8243; medium_width=&#8220;0&#8243; mobile_width=&#8220;0&#8243; width=&#8220;5\/12&#8243; uncode_shortcode_id=&#8220;160492&#8243; el_class=&#8220;padding-left-318px&#8220;][vc_custom_heading text_color=&#8220;color-sea-blue&#8220; heading_semantic=&#8220;p&#8220; text_size=&#8220;fontsize-35&#8243; text_weight=&#8220;600&#8243; uncode_shortcode_id=&#8220;166660&#8243; text_color_type=&#8220;uncode-palette&#8220;]ENTDECKEN SIE UNSER<br \/>\nGEF\u00dcHRTE TOUREN[\/vc_custom_heading][vc_column_text text_color=&#8220;color-charcoal-grey-Two&#8220; uncode_shortcode_id=&#8220;710847&#8243; text_color_type=&#8220;uncode-palette&#8220; css=&#8220;.vc_custom_1646931520303{margin-top: 20px !important;}&#8220; el_class=&#8220;width-200px&#8220;]<\/p>\n<hr class=\"separator-break separator-accent\" \/>\n<p>[\/vc_column_text][vc_custom_heading text_color=&#8220;color-charcoal-grey-Two&#8220; heading_semantic=&#8220;p&#8220; text_font=&#8220;font-555555&#8243; text_size=&#8220;fontsize-20&#8243; uncode_shortcode_id=&#8220;941269&#8243; text_color_type=&#8220;uncode-palette&#8220; el_class=&#8220;mt-0&#8243;]Gef\u00fchrte Besichtigungen in Almer\u00eda[\/vc_custom_heading][vc_button custom_typo=&#8220;yes&#8220; font_family=&#8220;font-555555&#8243; font_weight=&#8220;600&#8243; border_width=&#8220;0&#8243; uncode_shortcode_id=&#8220;424845&#8243; el_class=&#8220;btn-ver-visitas&#8220; link=&#8220;url:https%3A%2F%2Fwww.turismodealmeria.org%2Fde%2Ffuehrungen%2F&#8220;]F\u00dcHRUNGEN[\/vc_button][\/vc_column][vc_column width=&#8220;7\/12&#8243;][vc_single_image media=&#8220;44570&#8243; media_width_percent=&#8220;100&#8243; uncode_shortcode_id=&#8220;870611&#8243;][\/vc_column][\/vc_row][vc_row unlock_row=&#8220;&#8220; row_height_percent=&#8220;0&#8243; override_padding=&#8220;yes&#8220; h_padding=&#8220;2&#8243; top_padding=&#8220;3&#8243; bottom_padding=&#8220;3&#8243; overlay_alpha=&#8220;50&#8243; gutter_size=&#8220;4&#8243; column_width_percent=&#8220;100&#8243; shift_y=&#8220;0&#8243; z_index=&#8220;0&#8243; uncode_shortcode_id=&#8220;217324&#8243; el_class=&#8220;home-consejos-seguridad&#8220;][vc_column column_width_percent=&#8220;100&#8243; gutter_size=&#8220;2&#8243; overlay_alpha=&#8220;50&#8243; shift_x=&#8220;0&#8243; shift_y=&#8220;0&#8243; shift_y_down=&#8220;0&#8243; z_index=&#8220;0&#8243; medium_width=&#8220;7&#8243; mobile_width=&#8220;7&#8243; width=&#8220;4\/12&#8243; uncode_shortcode_id=&#8220;167966&#8243;][vc_custom_heading text_color=&#8220;color-deep-teal&#8220; text_weight=&#8220;600&#8243; uncode_shortcode_id=&#8220;209673&#8243; text_color_type=&#8220;uncode-palette&#8220;]Planen Sie[\/vc_custom_heading][vc_custom_heading text_color=&#8220;color-charcoal-grey-Two&#8220; heading_semantic=&#8220;p&#8220; text_font=&#8220;font-555555&#8243; text_size=&#8220;fontsize-17&#8243; text_weight=&#8220;400&#8243; uncode_shortcode_id=&#8220;538297&#8243; text_color_type=&#8220;uncode-palette&#8220;]Wir bem\u00fchen uns jeden Tag, Ihre Reise nach Almer\u00eda zu einem sensationellen Erlebnis zu machen. Hier sind einige Dinge, die Sie bei der Planung Ihres n\u00e4chsten Besuchs beachten sollten.[\/vc_custom_heading][vc_button custom_typo=&#8220;yes&#8220; font_family=&#8220;font-555555&#8243; font_weight=&#8220;600&#8243; border_width=&#8220;0&#8243; display=&#8220;inline&#8220; uncode_shortcode_id=&#8220;210710&#8243; el_class=&#8220;btn-mas-consejos&#8220; link=&#8220;url:https%3A%2F%2Fwww.turismodealmeria.org%2Fde%2Fbereite-deine-reise-vor%2Ftouristeninformation%2F|title:Travel%20Safe&#8220; icon=&#8220;fa fa-plus3&#8243;]INFORMIEREN SIE[\/vc_button][\/vc_column][vc_column column_width_percent=&#8220;100&#8243; gutter_size=&#8220;3&#8243; overlay_alpha=&#8220;50&#8243; shift_x=&#8220;0&#8243; shift_y=&#8220;0&#8243; shift_y_down=&#8220;0&#8243; z_index=&#8220;0&#8243; medium_visibility=&#8220;yes&#8220; medium_width=&#8220;0&#8243; mobile_visibility=&#8220;yes&#8220; mobile_width=&#8220;0&#8243; width=&#8220;1\/12&#8243; uncode_shortcode_id=&#8220;165091&#8243;][\/vc_column][vc_column column_width_percent=&#8220;100&#8243; position_vertical=&#8220;middle&#8220; gutter_size=&#8220;4&#8243; overlay_alpha=&#8220;50&#8243; shift_x=&#8220;0&#8243; shift_y=&#8220;0&#8243; shift_y_down=&#8220;0&#8243; z_index=&#8220;0&#8243; medium_width=&#8220;7&#8243; mobile_width=&#8220;7&#8243; width=&#8220;7\/12&#8243; uncode_shortcode_id=&#8220;777722&#8243; el_class=&#8220;travel-safe&#8220;][vc_row_inner row_inner_height_percent=&#8220;0&#8243; overlay_alpha=&#8220;50&#8243; gutter_size=&#8220;3&#8243; shift_y=&#8220;0&#8243; z_index=&#8220;0&#8243; uncode_shortcode_id=&#8220;936814&#8243; el_class=&#8220;travel-safe&#8220; limit_content=&#8220;&#8220;][vc_column_inner column_width_percent=&#8220;100&#8243; gutter_size=&#8220;4&#8243; overlay_alpha=&#8220;50&#8243; shift_x=&#8220;0&#8243; shift_y=&#8220;0&#8243; shift_y_down=&#8220;0&#8243; z_index=&#8220;0&#8243; medium_width=&#8220;4&#8243; mobile_width=&#8220;0&#8243; width=&#8220;1\/2&#8243; uncode_shortcode_id=&#8220;121168&#8243;][vc_icon position=&#8220;left&#8220; icon_image=&#8220;44574&#8243; media_size=&#8220;120&#8243; heading_semantic=&#8220;p&#8220; text_size=&#8220;fontsize-20&#8243; text_weight=&#8220;600&#8243; linked_title=&#8220;yes&#8220; uncode_shortcode_id=&#8220;213310&#8243; title=&#8220;ANREISE&#8220; link=&#8220;url:https%3A%2F%2Fwww.turismodealmeria.org%2Fde%2Fbereite-deine-reise-vor%2Fanreise%2F&#8220;][\/vc_icon][vc_icon position=&#8220;left&#8220; icon_image=&#8220;44582&#8243; media_size=&#8220;95&#8243; heading_semantic=&#8220;p&#8220; text_size=&#8220;fontsize-20&#8243; text_weight=&#8220;600&#8243; uncode_shortcode_id=&#8220;154100&#8243; title=&#8220;FORTBEWEGUNG IN DER STADT&#8220; link=&#8220;url:https%3A%2F%2Fwww.turismodealmeria.org%2Fde%2Ffortbewegung-in-der-stadt%2F&#8220;][\/vc_icon][\/vc_column_inner][vc_column_inner column_width_percent=&#8220;100&#8243; gutter_size=&#8220;4&#8243; overlay_alpha=&#8220;50&#8243; shift_x=&#8220;0&#8243; shift_y=&#8220;0&#8243; shift_y_down=&#8220;0&#8243; z_index=&#8220;0&#8243; medium_width=&#8220;4&#8243; mobile_width=&#8220;0&#8243; width=&#8220;1\/2&#8243; uncode_shortcode_id=&#8220;902078&#8243;][vc_icon position=&#8220;left&#8220; icon_image=&#8220;44578&#8243; media_size=&#8220;110&#8243; heading_semantic=&#8220;p&#8220; text_size=&#8220;fontsize-20&#8243; text_weight=&#8220;600&#8243; uncode_shortcode_id=&#8220;114210&#8243; title=&#8220;SEHENSW\u00dcRDIGKEITEN&#8220; link=&#8220;url:https%3A%2F%2Fwww.turismodealmeria.org%2Fde%2Fsehenswuerdigkeiten%2F&#8220;][\/vc_icon][vc_icon position=&#8220;left&#8220; icon_image=&#8220;44586&#8243; media_size=&#8220;88&#8243; heading_semantic=&#8220;p&#8220; text_size=&#8220;fontsize-20&#8243; text_weight=&#8220;600&#8243; uncode_shortcode_id=&#8220;123007&#8243; title=&#8220;SICHERHEITSTIPPS&#8220; link=&#8220;url:https%3A%2F%2Fwww.turismodealmeria.org%2Fde%2Ftravel-safe%2F&#8220;][\/vc_icon][\/vc_column_inner][\/vc_row_inner][\/vc_column][\/vc_row][vc_row row_height_percent=&#8220;0&#8243; override_padding=&#8220;yes&#8220; h_padding=&#8220;2&#8243; top_padding=&#8220;3&#8243; bottom_padding=&#8220;3&#8243; back_image=&#8220;44591&#8243; overlay_alpha=&#8220;50&#8243; gutter_size=&#8220;3&#8243; column_width_percent=&#8220;100&#8243; shift_y=&#8220;0&#8243; z_index=&#8220;0&#8243; uncode_shortcode_id=&#8220;327301&#8243;][vc_column column_width_percent=&#8220;100&#8243; position_vertical=&#8220;middle&#8220; gutter_size=&#8220;3&#8243; overlay_alpha=&#8220;50&#8243; shift_x=&#8220;0&#8243; shift_y=&#8220;0&#8243; shift_y_down=&#8220;0&#8243; z_index=&#8220;0&#8243; medium_width=&#8220;0&#8243; mobile_width=&#8220;0&#8243; width=&#8220;1\/1&#8243; uncode_shortcode_id=&#8220;160383&#8243;][vc_single_image media=&#8220;57697&#8243; media_width_use_pixel=&#8220;yes&#8220; alignment=&#8220;center&#8220; uncode_shortcode_id=&#8220;172166&#8243; media_width_pixel=&#8220;380&#8243;][\/vc_column][\/vc_row][vc_row][vc_column column_width_percent=&#8220;100&#8243; gutter_size=&#8220;3&#8243; overlay_alpha=&#8220;50&#8243; shift_x=&#8220;0&#8243; shift_y=&#8220;0&#8243; shift_y_down=&#8220;0&#8243; z_index=&#8220;0&#8243; medium_visibility=&#8220;yes&#8220; medium_width=&#8220;0&#8243; mobile_visibility=&#8220;yes&#8220; mobile_width=&#8220;0&#8243; width=&#8220;2\/12&#8243; uncode_shortcode_id=&#8220;128907&#8243;][\/vc_column][vc_column column_width_percent=&#8220;90&#8243; position_vertical=&#8220;middle&#8220; gutter_size=&#8220;3&#8243; overlay_alpha=&#8220;50&#8243; shift_x=&#8220;0&#8243; shift_y=&#8220;0&#8243; shift_y_down=&#8220;0&#8243; z_index=&#8220;0&#8243; medium_width=&#8220;0&#8243; mobile_width=&#8220;0&#8243; width=&#8220;8\/12&#8243; uncode_shortcode_id=&#8220;163831&#8243; link_to=&#8220;url:https%3A%2F%2Fwww.turismodealmeria.org%2Fde%2Fbereite-deine-reise-vor%2Fdownloads%2F&#8220; el_class=&#8220;btn-descargar-guias&#8220;][vc_icon position=&#8220;left&#8220; space_reduced=&#8220;yes&#8220; icon_image=&#8220;44616&#8243; icon_color=&#8220;color-deep-teal&#8220; media_size=&#8220;82&#8243; heading_semantic=&#8220;p&#8220; text_size=&#8220;fontsize-120373&#8243; text_weight=&#8220;600&#8243; uncode_shortcode_id=&#8220;132733&#8243; title=&#8220;Downloads&#8220; icon_color_type=&#8220;uncode-palette&#8220;]Reisef\u00fchrer, Brosch\u00fcren und Pl\u00e4ne[\/vc_icon][\/vc_column][vc_column column_width_percent=&#8220;100&#8243; gutter_size=&#8220;3&#8243; overlay_alpha=&#8220;50&#8243; shift_x=&#8220;0&#8243; shift_y=&#8220;0&#8243; shift_y_down=&#8220;0&#8243; z_index=&#8220;0&#8243; medium_visibility=&#8220;yes&#8220; medium_width=&#8220;0&#8243; mobile_visibility=&#8220;yes&#8220; mobile_width=&#8220;0&#8243; width=&#8220;2\/12&#8243; uncode_shortcode_id=&#8220;211080&#8243;][\/vc_column][\/vc_row][vc_row unlock_row_content=&#8220;yes&#8220; row_height_percent=&#8220;0&#8243; override_padding=&#8220;yes&#8220; h_padding=&#8220;0&#8243; top_padding=&#8220;0&#8243; bottom_padding=&#8220;0&#8243; back_color=&#8220;color-cool-grey&#8220; overlay_alpha=&#8220;50&#8243; gutter_size=&#8220;3&#8243; column_width_percent=&#8220;100&#8243; shift_y=&#8220;0&#8243; z_index=&#8220;0&#8243; uncode_shortcode_id=&#8220;633706&#8243; back_color_type=&#8220;uncode-palette&#8220; el_class=&#8220;encuentra-tu-experiencia&#8220;][vc_column width=&#8220;6\/12&#8243;][vc_single_image media=&#8220;44599&#8243; media_width_percent=&#8220;100&#8243; uncode_shortcode_id=&#8220;647382&#8243;][\/vc_column][vc_column column_width_percent=&#8220;100&#8243; position_vertical=&#8220;middle&#8220; gutter_size=&#8220;3&#8243; overlay_alpha=&#8220;50&#8243; shift_x=&#8220;0&#8243; shift_y=&#8220;0&#8243; shift_y_down=&#8220;0&#8243; z_index=&#8220;0&#8243; medium_width=&#8220;4&#8243; mobile_width=&#8220;7&#8243; width=&#8220;5\/12&#8243; uncode_shortcode_id=&#8220;170712&#8243;][vc_custom_heading text_color=&#8220;color-sea-blue&#8220; heading_semantic=&#8220;p&#8220; text_size=&#8220;fontsize-35&#8243; text_weight=&#8220;600&#8243; uncode_shortcode_id=&#8220;459552&#8243; text_color_type=&#8220;uncode-palette&#8220;]FINDEN SIE IHR ERLEBNIS[\/vc_custom_heading][vc_column_text text_color=&#8220;color-charcoal-grey-Two&#8220; uncode_shortcode_id=&#8220;208896&#8243; text_color_type=&#8220;uncode-palette&#8220; css=&#8220;.vc_custom_1646652039529{margin-top: 20px !important;}&#8220; el_class=&#8220;width-145px&#8220;]<\/p>\n<hr class=\"separator-break separator-accent\" \/>\n<p>[\/vc_column_text][vc_custom_heading text_color=&#8220;color-charcoal-grey-Two&#8220; heading_semantic=&#8220;p&#8220; text_font=&#8220;font-555555&#8243; text_size=&#8220;fontsize-17&#8243; text_weight=&#8220;400&#8243; uncode_shortcode_id=&#8220;166967&#8243; text_color_type=&#8220;uncode-palette&#8220; el_class=&#8220;mt-0&#8243;]Entdecken Sie alle Erlebnisse, die Almer\u00eda zu bieten hat. In unserer Stadt gibt es Hunderte von Unternehmen, die Ihnen alle Arten von Erlebnissen anbieten k\u00f6nnen. Naturtourismus, l\u00e4ndlicher Tourismus, Aktivtourismus, Routen durch eine beneidenswerte Umgebung, Wandern und Wassersportarten wie Kajakfahren und Tauchen.[\/vc_custom_heading][vc_button custom_typo=&#8220;yes&#8220; font_family=&#8220;font-555555&#8243; font_weight=&#8220;600&#8243; border_width=&#8220;0&#8243; uncode_shortcode_id=&#8220;789758&#8243; el_class=&#8220;btn-ver-visitas&#8220; link=&#8220;url:https%3A%2F%2Fwww.turismodealmeria.org%2Fde%2Ferfahrungentourismus%2F&#8220;]ERFAHRUNGEN[\/vc_button][\/vc_column][vc_column column_width_percent=&#8220;100&#8243; gutter_size=&#8220;3&#8243; overlay_alpha=&#8220;50&#8243; shift_x=&#8220;0&#8243; shift_y=&#8220;0&#8243; shift_y_down=&#8220;0&#8243; z_index=&#8220;0&#8243; medium_visibility=&#8220;yes&#8220; medium_width=&#8220;0&#8243; mobile_visibility=&#8220;yes&#8220; mobile_width=&#8220;0&#8243; width=&#8220;1\/12&#8243; uncode_shortcode_id=&#8220;459803&#8243;][\/vc_column][\/vc_row][vc_row row_height_percent=&#8220;0&#8243; override_padding=&#8220;yes&#8220; h_padding=&#8220;2&#8243; top_padding=&#8220;3&#8243; bottom_padding=&#8220;2&#8243; overlay_alpha=&#8220;50&#8243; gutter_size=&#8220;3&#8243; column_width_percent=&#8220;100&#8243; shift_y=&#8220;0&#8243; z_index=&#8220;0&#8243; uncode_shortcode_id=&#8220;152279&#8243;][vc_column width=&#8220;1\/1&#8243;][vc_custom_heading text_color=&#8220;color-deep-teal&#8220; text_weight=&#8220;600&#8243; uncode_shortcode_id=&#8220;846657&#8243; text_color_type=&#8220;uncode-palette&#8220;]Andere Abschnitte von Interesse[\/vc_custom_heading][\/vc_column][\/vc_row][vc_row row_height_percent=&#8220;0&#8243; override_padding=&#8220;yes&#8220; h_padding=&#8220;2&#8243; top_padding=&#8220;0&#8243; bottom_padding=&#8220;2&#8243; overlay_alpha=&#8220;50&#8243; gutter_size=&#8220;3&#8243; column_width_percent=&#8220;100&#8243; shift_y=&#8220;0&#8243; z_index=&#8220;0&#8243; uncode_shortcode_id=&#8220;196341&#8243;][vc_column column_width_percent=&#8220;100&#8243; align_horizontal=&#8220;align_center&#8220; gutter_size=&#8220;2&#8243; overlay_alpha=&#8220;50&#8243; shift_x=&#8220;0&#8243; shift_y=&#8220;0&#8243; shift_y_down=&#8220;0&#8243; z_index=&#8220;0&#8243; medium_width=&#8220;0&#8243; mobile_width=&#8220;0&#8243; width=&#8220;1\/3&#8243; uncode_shortcode_id=&#8220;804926&#8243;][vc_single_image media=&#8220;18253&#8243; media_width_percent=&#8220;100&#8243; media_ratio=&#8220;three-two&#8220; uncode_shortcode_id=&#8220;110886&#8243; el_class=&#8220;border-radius-5px&#8220;][vc_custom_heading heading_semantic=&#8220;p&#8220; text_size=&#8220;fontsize-20&#8243; text_weight=&#8220;600&#8243; uncode_shortcode_id=&#8220;181658&#8243; el_class=&#8220;text-color-deep-teal-color&#8220;]<a href=\"https:\/\/www.turismodealmeria.org\/museos\/de\/\" target=\"_blank\" rel=\"noopener\">Museen und Ausstellungszentren<\/a>[\/vc_custom_heading][vc_separator sep_color=&#8220;color-amber&#8220; uncode_shortcode_id=&#8220;443158&#8243; sep_color_type=&#8220;uncode-palette&#8220; el_width=&#8220;100%&#8220; el_height=&#8220;4px&#8220;][\/vc_column][vc_column column_width_percent=&#8220;100&#8243; align_horizontal=&#8220;align_center&#8220; gutter_size=&#8220;2&#8243; overlay_alpha=&#8220;50&#8243; shift_x=&#8220;0&#8243; shift_y=&#8220;0&#8243; shift_y_down=&#8220;0&#8243; z_index=&#8220;0&#8243; medium_width=&#8220;0&#8243; mobile_width=&#8220;0&#8243; width=&#8220;1\/3&#8243; uncode_shortcode_id=&#8220;165394&#8243;][vc_single_image media=&#8220;32413&#8243; media_width_percent=&#8220;100&#8243; media_ratio=&#8220;three-two&#8220; uncode_shortcode_id=&#8220;271475&#8243; el_class=&#8220;border-radius-5px&#8220;][vc_custom_heading heading_semantic=&#8220;p&#8220; text_size=&#8220;fontsize-20&#8243; text_weight=&#8220;600&#8243; uncode_shortcode_id=&#8220;171364&#8243; el_class=&#8220;text-color-deep-teal-color&#8220;]<a href=\"https:\/\/www.alborangolf.com\/\" target=\"_blank\" rel=\"noopener\">Albor\u00e1n Golf<\/a>[\/vc_custom_heading][vc_separator sep_color=&#8220;color-amber&#8220; uncode_shortcode_id=&#8220;443158&#8243; sep_color_type=&#8220;uncode-palette&#8220; el_width=&#8220;100%&#8220; el_height=&#8220;4px&#8220;][\/vc_column][vc_column column_width_percent=&#8220;100&#8243; align_horizontal=&#8220;align_center&#8220; gutter_size=&#8220;2&#8243; overlay_alpha=&#8220;50&#8243; shift_x=&#8220;0&#8243; shift_y=&#8220;0&#8243; shift_y_down=&#8220;0&#8243; z_index=&#8220;0&#8243; medium_width=&#8220;0&#8243; mobile_width=&#8220;0&#8243; width=&#8220;1\/3&#8243; uncode_shortcode_id=&#8220;159445&#8243;][vc_single_image media=&#8220;65395&#8243; media_width_percent=&#8220;100&#8243; media_ratio=&#8220;three-two&#8220; uncode_shortcode_id=&#8220;182243&#8243; el_class=&#8220;border-radius-5px&#8220;][vc_custom_heading heading_semantic=&#8220;p&#8220; text_size=&#8220;fontsize-20&#8243; text_weight=&#8220;600&#8243; uncode_shortcode_id=&#8220;495968&#8243; el_class=&#8220;text-color-deep-teal-color&#8220;]<a href=\"https:\/\/www.turismodealmeria.org\/congresos\/\" target=\"_blank\" rel=\"noopener\">Kongresse und Konferenzen<\/a>[\/vc_custom_heading][vc_separator sep_color=&#8220;color-amber&#8220; uncode_shortcode_id=&#8220;443158&#8243; sep_color_type=&#8220;uncode-palette&#8220; el_width=&#8220;100%&#8220; el_height=&#8220;4px&#8220;][\/vc_column][\/vc_row]<\/p>\n<\/div>","protected":false},"excerpt":{"rendered":"<p>[vc_row unlock_row_content=&#8220;yes&#8220; row_height_percent=&#8220;86&#8243; back_image=&#8220;63231&#8243; overlay_alpha=&#8220;50&#8243; gutter_size=&#8220;3&#8243; column_width_percent=&#8220;100&#8243; shift_y=&#8220;0&#8243; z_index=&#8220;0&#8243; uncode_shortcode_id=&#8220;110146&#8243; row_height_pixel=&#8220;370px&#8220;][vc_column width=&#8220;1\/1&#8243;][\/vc_column][\/vc_row][vc_row unlock_row=&#8220;&#8220; row_height_percent=&#8220;0&#8243; override_padding=&#8220;yes&#8220; h_padding=&#8220;2&#8243; top_padding=&#8220;0&#8243; bottom_padding=&#8220;2&#8243; overlay_alpha=&#8220;50&#8243; gutter_size=&#8220;3&#8243; [&hellip;]<\/p>\n","protected":false},"author":1,"featured_media":44565,"parent":0,"menu_order":0,"comment_status":"closed","ping_status":"closed","template":"","meta":{"_acf_changed":false,"footnotes":""},"class_list":["post-48992","page","type-page","status-publish","has-post-thumbnail","hentry"],"acf":[],"ACF":{"imagen_cabecera":false},"_links":{"self":[{"href":"https:\/\/www.turismodealmeria.org\/de\/wp-json\/wp\/v2\/pages\/48992","targetHints":{"allow":["GET"]}}],"collection":[{"href":"https:\/\/www.turismodealmeria.org\/de\/wp-json\/wp\/v2\/pages"}],"about":[{"href":"https:\/\/www.turismodealmeria.org\/de\/wp-json\/wp\/v2\/types\/page"}],"author":[{"embeddable":true,"href":"https:\/\/www.turismodealmeria.org\/de\/wp-json\/wp\/v2\/users\/1"}],"replies":[{"embeddable":true,"href":"https:\/\/www.turismodealmeria.org\/de\/wp-json\/wp\/v2\/comments?post=48992"}],"version-history":[{"count":0,"href":"https:\/\/www.turismodealmeria.org\/de\/wp-json\/wp\/v2\/pages\/48992\/revisions"}],"wp:featuredmedia":[{"embeddable":true,"href":"https:\/\/www.turismodealmeria.org\/de\/wp-json\/wp\/v2\/media\/44565"}],"wp:attachment":[{"href":"https:\/\/www.turismodealmeria.org\/de\/wp-json\/wp\/v2\/media?parent=48992"}],"curies":[{"name":"wp","href":"https:\/\/api.w.org\/{rel}","templated":true}]}}