{"id":49219,"date":"2016-02-11T10:01:30","date_gmt":"2016-02-11T10:01:30","guid":{"rendered":"https:\/\/www.turismodealmeria.org\/moverse-por-la-ciudad\/"},"modified":"2023-04-11T10:53:22","modified_gmt":"2023-04-11T08:53:22","slug":"fortbewegung-in-der-stadt","status":"publish","type":"page","link":"https:\/\/www.turismodealmeria.org\/de\/fortbewegung-in-der-stadt\/","title":{"rendered":"Fortbewegung in der Stadt"},"content":{"rendered":"<div class=\"wpb-content-wrapper\"><p>[vc_row][vc_column column_width_percent=&#8220;100&#8243; gutter_size=&#8220;2&#8243; overlay_alpha=&#8220;50&#8243; shift_x=&#8220;0&#8243; shift_y=&#8220;0&#8243; shift_y_down=&#8220;0&#8243; z_index=&#8220;0&#8243; medium_width=&#8220;0&#8243; mobile_width=&#8220;0&#8243; width=&#8220;1\/1&#8243; uncode_shortcode_id=&#8220;675924&#8243;][vc_custom_heading text_color=&#8220;color-sea-blue&#8220; text_size=&#8220;fontsize-35&#8243; text_weight=&#8220;600&#8243; text_transform=&#8220;uppercase&#8220; uncode_shortcode_id=&#8220;725914&#8243; text_color_type=&#8220;uncode-palette&#8220;]Fortbewegung in der Stadt[\/vc_custom_heading][vc_separator sep_color=&#8220;color-amber&#8220; uncode_shortcode_id=&#8220;914759&#8243; el_class=&#8220;playas-forma-segura&#8220; sep_color_type=&#8220;uncode-palette&#8220; el_width=&#8220;200px&#8220; el_height=&#8220;8px&#8220;][\/vc_column][\/vc_row][vc_row unlock_row=&#8220;&#8220; row_height_percent=&#8220;0&#8243; override_padding=&#8220;yes&#8220; h_padding=&#8220;2&#8243; top_padding=&#8220;2&#8243; bottom_padding=&#8220;2&#8243; overlay_alpha=&#8220;50&#8243; gutter_size=&#8220;3&#8243; column_width_percent=&#8220;100&#8243; border_color=&#8220;color-amber&#8220; border_style=&#8220;solid&#8220; shift_y=&#8220;0&#8243; z_index=&#8220;0&#8243; uncode_shortcode_id=&#8220;963067&#8243; border_color_type=&#8220;uncode-palette&#8220; el_class=&#8220;fila-borde-amarillo&#8220; el_id=&#8220;mapa-turistico&#8220;][vc_column width=&#8220;1\/1&#8243;][vc_row_inner row_inner_height_percent=&#8220;0&#8243; overlay_alpha=&#8220;50&#8243; gutter_size=&#8220;2&#8243; shift_y=&#8220;0&#8243; z_index=&#8220;0&#8243; uncode_shortcode_id=&#8220;105649&#8243; limit_content=&#8220;&#8220;][vc_column_inner column_width_percent=&#8220;100&#8243; position_vertical=&#8220;middle&#8220; gutter_size=&#8220;3&#8243; overlay_alpha=&#8220;50&#8243; shift_x=&#8220;0&#8243; shift_y=&#8220;0&#8243; shift_y_down=&#8220;0&#8243; z_index=&#8220;0&#8243; medium_width=&#8220;0&#8243; mobile_width=&#8220;0&#8243; width=&#8220;6\/12&#8243; uncode_shortcode_id=&#8220;164733&#8243;][vc_custom_heading text_color=&#8220;color-deep-teal&#8220; text_size=&#8220;h3&#8243; text_weight=&#8220;600&#8243; text_transform=&#8220;uppercase&#8220; uncode_shortcode_id=&#8220;187340&#8243; text_color_type=&#8220;uncode-palette&#8220;]Touristische Karte[\/vc_custom_heading][vc_column_text uncode_shortcode_id=&#8220;119631&#8243; css=&#8220;.vc_custom_1653316201137{margin-top: 20px !important;}&#8220;]Eine touristische Karte der Stadt ist hier verf\u00fcgbar, Sie k\u00f6nnen sie herunterladen, um sie auf Ihr Handy zu nehmen oder sogar auszudrucken.[\/vc_column_text][\/vc_column_inner][vc_column_inner width=&#8220;3\/12&#8243;][vc_single_image media=&#8220;65456&#8243; media_lightbox=&#8220;yes&#8220; media_width_percent=&#8220;100&#8243; uncode_shortcode_id=&#8220;203922&#8243; el_class=&#8220;border-radius-5px&#8220;][\/vc_column_inner][vc_column_inner width=&#8220;3\/12&#8243;][vc_single_image media=&#8220;65448&#8243; media_lightbox=&#8220;yes&#8220; media_width_percent=&#8220;100&#8243; uncode_shortcode_id=&#8220;188370&#8243; el_class=&#8220;border-radius-5px&#8220;][\/vc_column_inner][\/vc_row_inner][\/vc_column][\/vc_row][vc_row unlock_row=&#8220;&#8220; row_height_percent=&#8220;0&#8243; override_padding=&#8220;yes&#8220; h_padding=&#8220;2&#8243; top_padding=&#8220;2&#8243; bottom_padding=&#8220;2&#8243; overlay_alpha=&#8220;50&#8243; gutter_size=&#8220;3&#8243; column_width_percent=&#8220;100&#8243; border_color=&#8220;color-amber&#8220; border_style=&#8220;solid&#8220; shift_y=&#8220;0&#8243; z_index=&#8220;0&#8243; uncode_shortcode_id=&#8220;849307&#8243; border_color_type=&#8220;uncode-palette&#8220; el_class=&#8220;fila-borde-amarillo&#8220;][vc_column width=&#8220;1\/1&#8243;][vc_row_inner row_inner_height_percent=&#8220;0&#8243; overlay_alpha=&#8220;50&#8243; gutter_size=&#8220;2&#8243; shift_y=&#8220;0&#8243; z_index=&#8220;0&#8243; uncode_shortcode_id=&#8220;105649&#8243; limit_content=&#8220;&#8220;][vc_column_inner column_width_percent=&#8220;100&#8243; position_vertical=&#8220;middle&#8220; gutter_size=&#8220;3&#8243; overlay_alpha=&#8220;50&#8243; shift_x=&#8220;0&#8243; shift_y=&#8220;0&#8243; shift_y_down=&#8220;0&#8243; z_index=&#8220;0&#8243; medium_width=&#8220;0&#8243; mobile_width=&#8220;0&#8243; width=&#8220;7\/12&#8243; uncode_shortcode_id=&#8220;164733&#8243;][vc_custom_heading text_color=&#8220;color-deep-teal&#8220; text_size=&#8220;h3&#8243; text_weight=&#8220;600&#8243; text_transform=&#8220;uppercase&#8220; uncode_shortcode_id=&#8220;299284&#8243; text_color_type=&#8220;uncode-palette&#8220;]Touristenbahn[\/vc_custom_heading][vc_column_text uncode_shortcode_id=&#8220;304972&#8243; css=&#8220;.vc_custom_1653316334778{margin-top: 0px !important;}&#8220;]<strong>Rundfahrt durch die Altstadt und den Hafen von Almer\u00eda.<\/strong><\/p>\n<p>Samstag, Sonntag und an Feiertagen.<br \/>\nAbgangsort: Plaza Emilio P\u00e9rez (Plaza Circular).<\/p>\n<p>Samstags und Sonntags. Vormittags: 11:00 Uhr., 12:00 Uhr. y 13:00 Uhr.<\/p>\n<p>Nachmittags: 16:30 Uhr., 17:30 Uhr. und 18:30 Uhr. (Im Juli und August; 18.00, 19.00 und 20.00 Uhr).<\/p>\n<p><strong>BEHINDERTENGERECHTER ZUGANG.<\/strong><\/p>\n<p>Information Touristeninformation: 950 210 538.[\/vc_column_text][\/vc_column_inner][vc_column_inner width=&#8220;5\/12&#8243;][vc_single_image media=&#8220;38352&#8243; media_lightbox=&#8220;yes&#8220; media_width_use_pixel=&#8220;yes&#8220; uncode_shortcode_id=&#8220;100120&#8243; el_class=&#8220;border-radius-5px&#8220; media_width_pixel=&#8220;430&#8243;][\/vc_column_inner][\/vc_row_inner][\/vc_column][\/vc_row][vc_row unlock_row=&#8220;&#8220; row_height_percent=&#8220;0&#8243; override_padding=&#8220;yes&#8220; h_padding=&#8220;2&#8243; top_padding=&#8220;2&#8243; bottom_padding=&#8220;2&#8243; overlay_alpha=&#8220;50&#8243; gutter_size=&#8220;3&#8243; column_width_percent=&#8220;100&#8243; border_color=&#8220;color-amber&#8220; border_style=&#8220;solid&#8220; shift_y=&#8220;0&#8243; z_index=&#8220;0&#8243; uncode_shortcode_id=&#8220;849307&#8243; border_color_type=&#8220;uncode-palette&#8220; el_class=&#8220;fila-borde-amarillo&#8220;][vc_column width=&#8220;1\/1&#8243;][vc_row_inner row_inner_height_percent=&#8220;0&#8243; overlay_alpha=&#8220;50&#8243; gutter_size=&#8220;2&#8243; shift_y=&#8220;0&#8243; z_index=&#8220;0&#8243; uncode_shortcode_id=&#8220;105649&#8243; limit_content=&#8220;&#8220;][vc_column_inner column_width_percent=&#8220;100&#8243; position_vertical=&#8220;middle&#8220; gutter_size=&#8220;3&#8243; overlay_alpha=&#8220;50&#8243; shift_x=&#8220;0&#8243; shift_y=&#8220;0&#8243; shift_y_down=&#8220;0&#8243; z_index=&#8220;0&#8243; medium_width=&#8220;0&#8243; mobile_width=&#8220;0&#8243; width=&#8220;7\/12&#8243; uncode_shortcode_id=&#8220;164733&#8243;][vc_custom_heading text_color=&#8220;color-deep-teal&#8220; text_size=&#8220;h3&#8243; text_weight=&#8220;600&#8243; uncode_shortcode_id=&#8220;159133&#8243; text_color_type=&#8220;uncode-palette&#8220;]LIENBUS[\/vc_custom_heading][vc_column_text uncode_shortcode_id=&#8220;432454&#8243; css=&#8220;.vc_custom_1653316408396{margin-top: 0px !important;}&#8220;]Telef\u00f3n: <a href=\"tel:\/\/950624735\"><strong>950 62 47 35<\/strong><\/a><br \/>\nWeb: <a href=\"http:\/\/www.surbusalmeria.es\" target=\"_blank\" rel=\"noopener noreferrer\"><strong>www.surbusalmeria.es<\/strong><\/a><br \/>\nEmail: <a href=\"mailto:surbusalmeria@alsa.es\"><strong>surbusalmeria@alsa.es<\/strong><\/a>[\/vc_column_text][vc_single_image media=&#8220;65452&#8243; media_width_use_pixel=&#8220;yes&#8220; uncode_shortcode_id=&#8220;111166&#8243; media_width_pixel=&#8220;200&#8243; media_link=&#8220;url:https%3A%2F%2Fapps.apple.com%2Fus%2Fapp%2Fsurbus%2Fid625334478|target:_blank&#8220; el_class=&#8220;logo-app&#8220;][vc_single_image media=&#8220;8430&#8243; media_width_use_pixel=&#8220;yes&#8220; uncode_shortcode_id=&#8220;796119&#8243; media_width_pixel=&#8220;200&#8243; media_link=&#8220;url:https%3A%2F%2Fplay.google.com%2Fstore%2Fapps%2Fdetails%3Fid%3Dcom.surbus.surbusapp|target:_blank&#8220; el_class=&#8220;logo-app&#8220;][\/vc_column_inner][vc_column_inner width=&#8220;5\/12&#8243;][vc_single_image media=&#8220;49098&#8243; media_width_use_pixel=&#8220;yes&#8220; uncode_shortcode_id=&#8220;166031&#8243; el_class=&#8220;border-radius-5px&#8220; media_width_pixel=&#8220;430&#8243;][\/vc_column_inner][\/vc_row_inner][\/vc_column][\/vc_row][vc_row unlock_row=&#8220;&#8220; row_height_percent=&#8220;0&#8243; override_padding=&#8220;yes&#8220; h_padding=&#8220;2&#8243; top_padding=&#8220;2&#8243; bottom_padding=&#8220;2&#8243; overlay_alpha=&#8220;50&#8243; gutter_size=&#8220;3&#8243; column_width_percent=&#8220;100&#8243; border_color=&#8220;color-amber&#8220; border_style=&#8220;solid&#8220; shift_y=&#8220;0&#8243; z_index=&#8220;0&#8243; uncode_shortcode_id=&#8220;849307&#8243; border_color_type=&#8220;uncode-palette&#8220; el_class=&#8220;fila-borde-amarillo&#8220;][vc_column width=&#8220;1\/1&#8243;][vc_row_inner row_inner_height_percent=&#8220;0&#8243; overlay_alpha=&#8220;50&#8243; gutter_size=&#8220;2&#8243; shift_y=&#8220;0&#8243; z_index=&#8220;0&#8243; uncode_shortcode_id=&#8220;105649&#8243; limit_content=&#8220;&#8220;][vc_column_inner column_width_percent=&#8220;100&#8243; position_vertical=&#8220;middle&#8220; gutter_size=&#8220;3&#8243; overlay_alpha=&#8220;50&#8243; shift_x=&#8220;0&#8243; shift_y=&#8220;0&#8243; shift_y_down=&#8220;0&#8243; z_index=&#8220;0&#8243; medium_width=&#8220;0&#8243; mobile_width=&#8220;0&#8243; width=&#8220;7\/12&#8243; uncode_shortcode_id=&#8220;164733&#8243;][vc_custom_heading text_color=&#8220;color-deep-teal&#8220; text_size=&#8220;h3&#8243; text_weight=&#8220;600&#8243; uncode_shortcode_id=&#8220;875027&#8243; text_color_type=&#8220;uncode-palette&#8220;]FAHRRAD[\/vc_custom_heading][vc_column_text uncode_shortcode_id=&#8220;188351&#8243; css=&#8220;.vc_custom_1653316451607{margin-top: 20px !important;}&#8220;]Almer\u00eda dispone de amplias infraestructuras para el uso de la bicicleta: la Rambla de Almer\u00eda, el parque Nicol\u00e1s Salmer\u00f3n y el Paseo Mar\u00edtimo son algunas de las v\u00edas de mayor longitud de la ciudad.[\/vc_column_text][\/vc_column_inner][vc_column_inner width=&#8220;5\/12&#8243;][vc_raw_html]JTNDaWZyYW1lJTIwc3JjJTNEJTIyaHR0cHMlM0ElMkYlMkZ3d3cuZ29vZ2xlLmNvbSUyRm1hcHMlMkZkJTJGZW1iZWQlM0ZtaWQlM0QxQ0U5UURhSjlQcDF6dnVuc1hWbk90dnNsVWQ0JTI2ZWhiYyUzRDJFMzEyRiUyMiUyMHdpZHRoJTNEJTIyMTAwJTI1JTIyJTIwaGVpZ2h0JTNEJTIyMjYzJTIyJTNFJTNDJTJGaWZyYW1lJTNF[\/vc_raw_html][\/vc_column_inner][\/vc_row_inner][\/vc_column][\/vc_row][vc_row unlock_row=&#8220;&#8220; row_height_percent=&#8220;0&#8243; override_padding=&#8220;yes&#8220; h_padding=&#8220;2&#8243; top_padding=&#8220;2&#8243; bottom_padding=&#8220;2&#8243; overlay_alpha=&#8220;50&#8243; gutter_size=&#8220;3&#8243; column_width_percent=&#8220;100&#8243; border_color=&#8220;color-amber&#8220; border_style=&#8220;solid&#8220; shift_y=&#8220;0&#8243; z_index=&#8220;0&#8243; uncode_shortcode_id=&#8220;849307&#8243; border_color_type=&#8220;uncode-palette&#8220; el_class=&#8220;fila-borde-amarillo&#8220;][vc_column width=&#8220;1\/1&#8243;][vc_row_inner row_inner_height_percent=&#8220;0&#8243; overlay_alpha=&#8220;50&#8243; gutter_size=&#8220;2&#8243; shift_y=&#8220;0&#8243; z_index=&#8220;0&#8243; uncode_shortcode_id=&#8220;105649&#8243; limit_content=&#8220;&#8220;][vc_column_inner column_width_percent=&#8220;100&#8243; gutter_size=&#8220;3&#8243; overlay_alpha=&#8220;50&#8243; shift_x=&#8220;0&#8243; shift_y=&#8220;0&#8243; shift_y_down=&#8220;0&#8243; z_index=&#8220;0&#8243; medium_width=&#8220;0&#8243; mobile_width=&#8220;0&#8243; width=&#8220;4\/12&#8243; uncode_shortcode_id=&#8220;920868&#8243;][vc_custom_heading text_color=&#8220;color-deep-teal&#8220; text_size=&#8220;h3&#8243; text_weight=&#8220;600&#8243; uncode_shortcode_id=&#8220;147086&#8243; text_color_type=&#8220;uncode-palette&#8220;]TAXI[\/vc_custom_heading][\/vc_column_inner][vc_column_inner column_width_percent=&#8220;100&#8243; gutter_size=&#8220;3&#8243; overlay_alpha=&#8220;50&#8243; shift_x=&#8220;0&#8243; shift_y=&#8220;0&#8243; shift_y_down=&#8220;0&#8243; z_index=&#8220;0&#8243; medium_width=&#8220;0&#8243; mobile_width=&#8220;0&#8243; width=&#8220;6\/12&#8243; uncode_shortcode_id=&#8220;114919&#8243;][uncode_index el_id=&#8220;taxi&#8220; loop=&#8220;size:All|order_by:date|post_type:transportes|tax_query:1219|taxonomy_count:10&#8243; screen_lg=&#8220;1000&#8243; screen_md=&#8220;600&#8243; screen_sm=&#8220;480&#8243; gutter_size=&#8220;2&#8243; alojamientos_items=&#8220;media|featured|onpost|original,title,direccion,telefono,spacer|one&#8220; transportes_items=&#8220;title,telefono_de_contacto&#8220; single_width=&#8220;3&#8243; images_size=&#8220;three-two&#8220; single_overlay_opacity=&#8220;50&#8243; single_padding=&#8220;1&#8243; single_title_semantic=&#8220;p&#8220; single_title_dimension=&#8220;fontsize-20&#8243; single_title_weight=&#8220;600&#8243; uncode_shortcode_id=&#8220;291384&#8243; el_class=&#8220;listado transporte border-radius-5px text-color-deep-teal-color&#8220;][\/vc_column_inner][vc_column_inner column_width_percent=&#8220;100&#8243; gutter_size=&#8220;3&#8243; overlay_alpha=&#8220;50&#8243; shift_x=&#8220;0&#8243; shift_y=&#8220;0&#8243; shift_y_down=&#8220;0&#8243; z_index=&#8220;0&#8243; medium_visibility=&#8220;yes&#8220; medium_width=&#8220;0&#8243; mobile_visibility=&#8220;yes&#8220; mobile_width=&#8220;0&#8243; width=&#8220;2\/12&#8243; uncode_shortcode_id=&#8220;515303&#8243;][\/vc_column_inner][\/vc_row_inner][\/vc_column][\/vc_row][vc_row unlock_row=&#8220;&#8220; row_height_percent=&#8220;0&#8243; override_padding=&#8220;yes&#8220; h_padding=&#8220;2&#8243; top_padding=&#8220;2&#8243; bottom_padding=&#8220;2&#8243; overlay_alpha=&#8220;50&#8243; gutter_size=&#8220;3&#8243; column_width_percent=&#8220;100&#8243; border_color=&#8220;color-amber&#8220; border_style=&#8220;solid&#8220; shift_y=&#8220;0&#8243; z_index=&#8220;0&#8243; uncode_shortcode_id=&#8220;146539&#8243; border_color_type=&#8220;uncode-palette&#8220; el_class=&#8220;fila-borde-amarillo&#8220;][vc_column width=&#8220;1\/1&#8243;][vc_row_inner row_inner_height_percent=&#8220;0&#8243; overlay_alpha=&#8220;50&#8243; gutter_size=&#8220;2&#8243; shift_y=&#8220;0&#8243; z_index=&#8220;0&#8243; uncode_shortcode_id=&#8220;105649&#8243; limit_content=&#8220;&#8220;][vc_column_inner column_width_percent=&#8220;100&#8243; position_vertical=&#8220;middle&#8220; gutter_size=&#8220;3&#8243; overlay_alpha=&#8220;50&#8243; shift_x=&#8220;0&#8243; shift_y=&#8220;0&#8243; shift_y_down=&#8220;0&#8243; z_index=&#8220;0&#8243; medium_width=&#8220;0&#8243; mobile_width=&#8220;0&#8243; width=&#8220;1\/1&#8243; uncode_shortcode_id=&#8220;164733&#8243;][vc_custom_heading text_color=&#8220;color-deep-teal&#8220; text_size=&#8220;h3&#8243; text_weight=&#8220;600&#8243; text_transform=&#8220;uppercase&#8220; uncode_shortcode_id=&#8220;106496&#8243; text_color_type=&#8220;uncode-palette&#8220;]Autovermietung[\/vc_custom_heading][uncode_index el_id=&#8220;vehiculos-alquiler&#8220; loop=&#8220;size:All|order_by:date|post_type:transportes|tax_query:1220|taxonomy_count:10&#8243; screen_lg=&#8220;1000&#8243; screen_md=&#8220;600&#8243; screen_sm=&#8220;480&#8243; gutter_size=&#8220;2&#8243; alojamientos_items=&#8220;media|featured|onpost|original,title,direccion,telefono,spacer|one&#8220; transportes_items=&#8220;media|featured|onpost|original,title,telefono_de_contacto&#8220; images_size=&#8220;three-two&#8220; single_overlay_opacity=&#8220;50&#8243; single_padding=&#8220;1&#8243; single_title_semantic=&#8220;p&#8220; single_title_dimension=&#8220;fontsize-20&#8243; single_title_weight=&#8220;600&#8243; uncode_shortcode_id=&#8220;192788&#8243; el_class=&#8220;listado transporte border-radius-5px text-color-deep-teal-color&#8220;][\/vc_column_inner][\/vc_row_inner][\/vc_column][\/vc_row]<\/p>\n<\/div>","protected":false},"excerpt":{"rendered":"<p>[vc_row][vc_column column_width_percent=&#8220;100&#8243; gutter_size=&#8220;2&#8243; overlay_alpha=&#8220;50&#8243; shift_x=&#8220;0&#8243; shift_y=&#8220;0&#8243; shift_y_down=&#8220;0&#8243; z_index=&#8220;0&#8243; medium_width=&#8220;0&#8243; mobile_width=&#8220;0&#8243; width=&#8220;1\/1&#8243; uncode_shortcode_id=&#8220;675924&#8243;][vc_custom_heading text_color=&#8220;color-sea-blue&#8220; text_size=&#8220;fontsize-35&#8243; text_weight=&#8220;600&#8243; text_transform=&#8220;uppercase&#8220; uncode_shortcode_id=&#8220;725914&#8243; text_color_type=&#8220;uncode-palette&#8220;]Fortbewegung in der [&hellip;]<\/p>\n","protected":false},"author":1,"featured_media":0,"parent":0,"menu_order":0,"comment_status":"closed","ping_status":"closed","template":"","meta":{"_acf_changed":false,"footnotes":""},"class_list":["post-49219","page","type-page","status-publish","hentry"],"acf":[],"ACF":{"imagen_cabecera":false},"_links":{"self":[{"href":"https:\/\/www.turismodealmeria.org\/de\/wp-json\/wp\/v2\/pages\/49219","targetHints":{"allow":["GET"]}}],"collection":[{"href":"https:\/\/www.turismodealmeria.org\/de\/wp-json\/wp\/v2\/pages"}],"about":[{"href":"https:\/\/www.turismodealmeria.org\/de\/wp-json\/wp\/v2\/types\/page"}],"author":[{"embeddable":true,"href":"https:\/\/www.turismodealmeria.org\/de\/wp-json\/wp\/v2\/users\/1"}],"replies":[{"embeddable":true,"href":"https:\/\/www.turismodealmeria.org\/de\/wp-json\/wp\/v2\/comments?post=49219"}],"version-history":[{"count":0,"href":"https:\/\/www.turismodealmeria.org\/de\/wp-json\/wp\/v2\/pages\/49219\/revisions"}],"wp:attachment":[{"href":"https:\/\/www.turismodealmeria.org\/de\/wp-json\/wp\/v2\/media?parent=49219"}],"curies":[{"name":"wp","href":"https:\/\/api.w.org\/{rel}","templated":true}]}}