{"id":49606,"date":"2016-04-05T07:22:13","date_gmt":"2016-04-05T07:22:13","guid":{"rendered":"https:\/\/www.turismodealmeria.org\/bereite-deine-reise-vor\/rutas-por-almeria\/"},"modified":"2022-05-31T08:40:25","modified_gmt":"2022-05-31T06:40:25","slug":"routen","status":"publish","type":"page","link":"https:\/\/www.turismodealmeria.org\/de\/bereite-deine-reise-vor\/routen\/","title":{"rendered":"Routen"},"content":{"rendered":"<div class=\"wpb-content-wrapper\"><p>[vc_row][vc_column column_width_percent=&#8220;100&#8243; gutter_size=&#8220;2&#8243; overlay_alpha=&#8220;50&#8243; shift_x=&#8220;0&#8243; shift_y=&#8220;0&#8243; shift_y_down=&#8220;0&#8243; z_index=&#8220;0&#8243; medium_width=&#8220;0&#8243; mobile_width=&#8220;0&#8243; width=&#8220;1\/1&#8243; uncode_shortcode_id=&#8220;675924&#8243;][vc_custom_heading text_color=&#8220;color-sea-blue&#8220; text_size=&#8220;fontsize-35&#8243; text_weight=&#8220;600&#8243; text_transform=&#8220;uppercase&#8220; uncode_shortcode_id=&#8220;309681&#8243; text_color_type=&#8220;uncode-palette&#8220;]Routen[\/vc_custom_heading][vc_separator sep_color=&#8220;color-amber&#8220; uncode_shortcode_id=&#8220;914759&#8243; el_class=&#8220;playas-forma-segura&#8220; sep_color_type=&#8220;uncode-palette&#8220; el_width=&#8220;200px&#8220; el_height=&#8220;8px&#8220;][vc_custom_heading heading_semantic=&#8220;p&#8220; text_size=&#8220;fontsize-17&#8243; text_weight=&#8220;400&#8243; uncode_shortcode_id=&#8220;122226&#8243;]Ein Spaziergang durch die Stra\u00dfen von Almeria ist wie ein Gang durch die Geschichte der Stadt. Sie war der r\u00f6mische Portus Magnus (Haupthafen) und der des Kalifats von Cordoba. Nach der christlichen Epoche pr\u00e4sentierten die wieder aufgelebte Bourgeoisie und die f\u00fcr die Nachkriegszeit typischen Bauten des Stadtarchitekten Guillermo Langle\u2026. Almeria als eine Stadt voller \u00dcberreste alter Monumente, eingegliedert in das Stadtgef\u00fcge.[\/vc_custom_heading][\/vc_column][\/vc_row][vc_row][vc_column width=&#8220;1\/1&#8243;][uncode_index el_id=&#8220;rutas-almeria&#8220; isotope_mode=&#8220;packery&#8220; loop=&#8220;size:9|order_by:date|post_type:rutas|taxonomy_count:10&#8243; pagination=&#8220;yes&#8220; gutter_size=&#8220;2&#8243; playas_items=&#8220;media|featured|onpost|original,title,sep-one|full,text|full|280&#8243; rutas_items=&#8220;title,media|featured|onpost|original,text|full|120,link|default|default_size|mehr,spacer|one&#8220; screen_lg=&#8220;1000&#8243; screen_md=&#8220;600&#8243; screen_sm=&#8220;480&#8243; images_size=&#8220;sixteen-nine&#8220; single_overlay_opacity=&#8220;50&#8243; single_padding=&#8220;1&#8243; single_title_semantic=&#8220;p&#8220; single_title_dimension=&#8220;font-size-23px&#8220; single_title_weight=&#8220;600&#8243; uncode_shortcode_id=&#8220;211228&#8243; el_class=&#8220;border-radius-5px text-color-deep-teal-color&#8220;][\/vc_column][\/vc_row]<\/p>\n<\/div>","protected":false},"excerpt":{"rendered":"<p>[vc_row][vc_column column_width_percent=&#8220;100&#8243; gutter_size=&#8220;2&#8243; overlay_alpha=&#8220;50&#8243; shift_x=&#8220;0&#8243; shift_y=&#8220;0&#8243; shift_y_down=&#8220;0&#8243; z_index=&#8220;0&#8243; medium_width=&#8220;0&#8243; mobile_width=&#8220;0&#8243; width=&#8220;1\/1&#8243; uncode_shortcode_id=&#8220;675924&#8243;][vc_custom_heading text_color=&#8220;color-sea-blue&#8220; text_size=&#8220;fontsize-35&#8243; text_weight=&#8220;600&#8243; text_transform=&#8220;uppercase&#8220; uncode_shortcode_id=&#8220;309681&#8243; text_color_type=&#8220;uncode-palette&#8220;]Routen[\/vc_custom_heading][vc_separator sep_color=&#8220;color-amber&#8220; uncode_shortcode_id=&#8220;914759&#8243; [&hellip;]<\/p>\n","protected":false},"author":1,"featured_media":36397,"parent":11973,"menu_order":0,"comment_status":"closed","ping_status":"closed","template":"","meta":{"_acf_changed":false,"footnotes":""},"class_list":["post-49606","page","type-page","status-publish","has-post-thumbnail","hentry"],"acf":[],"ACF":{"imagen_cabecera":false},"_links":{"self":[{"href":"https:\/\/www.turismodealmeria.org\/de\/wp-json\/wp\/v2\/pages\/49606","targetHints":{"allow":["GET"]}}],"collection":[{"href":"https:\/\/www.turismodealmeria.org\/de\/wp-json\/wp\/v2\/pages"}],"about":[{"href":"https:\/\/www.turismodealmeria.org\/de\/wp-json\/wp\/v2\/types\/page"}],"author":[{"embeddable":true,"href":"https:\/\/www.turismodealmeria.org\/de\/wp-json\/wp\/v2\/users\/1"}],"replies":[{"embeddable":true,"href":"https:\/\/www.turismodealmeria.org\/de\/wp-json\/wp\/v2\/comments?post=49606"}],"version-history":[{"count":0,"href":"https:\/\/www.turismodealmeria.org\/de\/wp-json\/wp\/v2\/pages\/49606\/revisions"}],"up":[{"embeddable":true,"href":"https:\/\/www.turismodealmeria.org\/de\/wp-json\/wp\/v2\/pages\/11973"}],"wp:featuredmedia":[{"embeddable":true,"href":"https:\/\/www.turismodealmeria.org\/de\/wp-json\/wp\/v2\/media\/36397"}],"wp:attachment":[{"href":"https:\/\/www.turismodealmeria.org\/de\/wp-json\/wp\/v2\/media?parent=49606"}],"curies":[{"name":"wp","href":"https:\/\/api.w.org\/{rel}","templated":true}]}}