{"id":49829,"date":"2016-02-22T11:35:20","date_gmt":"2016-02-22T11:35:20","guid":{"rendered":"https:\/\/www.turismodealmeria.org\/was-man-unternehmen-kann\/las-playas\/"},"modified":"2022-05-25T09:45:56","modified_gmt":"2022-05-25T07:45:56","slug":"strandtourismus","status":"publish","type":"page","link":"https:\/\/www.turismodealmeria.org\/de\/was-man-unternehmen-kann\/strandtourismus\/","title":{"rendered":"Strandtourismus"},"content":{"rendered":"<div class=\"wpb-content-wrapper\"><p>[vc_row][vc_column column_width_percent=&#8220;100&#8243; gutter_size=&#8220;2&#8243; overlay_alpha=&#8220;50&#8243; shift_x=&#8220;0&#8243; shift_y=&#8220;0&#8243; shift_y_down=&#8220;0&#8243; z_index=&#8220;0&#8243; medium_width=&#8220;0&#8243; mobile_width=&#8220;0&#8243; width=&#8220;1\/1&#8243; uncode_shortcode_id=&#8220;675924&#8243;][vc_custom_heading text_color=&#8220;color-sea-blue&#8220; text_weight=&#8220;600&#8243; text_transform=&#8220;uppercase&#8220; uncode_shortcode_id=&#8220;131141&#8243; text_color_type=&#8220;uncode-palette&#8220;]Ein Schmuckst\u00fcck der Mittelmeer [\/vc_custom_heading][vc_separator sep_color=&#8220;color-amber&#8220; uncode_shortcode_id=&#8220;156220&#8243; el_class=&#8220;playas-forma-segura mt-10&#8243; sep_color_type=&#8220;uncode-palette&#8220; el_width=&#8220;200px&#8220; el_height=&#8220;8px&#8220;][\/vc_column][\/vc_row][vc_row row_height_percent=&#8220;0&#8243; override_padding=&#8220;yes&#8220; h_padding=&#8220;2&#8243; top_padding=&#8220;2&#8243; bottom_padding=&#8220;3&#8243; overlay_alpha=&#8220;50&#8243; gutter_size=&#8220;3&#8243; column_width_percent=&#8220;100&#8243; shift_y=&#8220;0&#8243; z_index=&#8220;0&#8243; uncode_shortcode_id=&#8220;105311&#8243;][vc_column width=&#8220;1\/1&#8243;][uncode_index el_id=&#8220;listado-playas&#8220; isotope_mode=&#8220;packery&#8220; loop=&#8220;size:8|order_by:date|post_type:playas|taxonomy_count:10&#8243; style_preset=&#8220;metro&#8220; pagination=&#8220;yes&#8220; gutter_size=&#8220;3&#8243; playas_items=&#8220;media|featured|onpost|original,title,sep-one|full,spacer|one,text|full|200,spacer_two|one,link|default|default_size|sehen&#8220; screen_lg=&#8220;1000&#8243; screen_md=&#8220;600&#8243; screen_sm=&#8220;480&#8243; single_text=&#8220;lateral&#8220; single_width=&#8220;12&#8243; single_image_size=&#8220;7&#8243; single_overlay_opacity=&#8220;50&#8243; single_vertical_text=&#8220;bottom&#8220; single_padding=&#8220;2&#8243; single_title_dimension=&#8220;font-size-23px&#8220; uncode_shortcode_id=&#8220;208656&#8243; el_class=&#8220;listado-playas text-color-deep-teal-color&#8220; single_icon=&#8220;fa fa-plus&#8220;][\/vc_column][\/vc_row][vc_row unlock_row_content=&#8220;yes&#8220; row_height_percent=&#8220;0&#8243; override_padding=&#8220;yes&#8220; h_padding=&#8220;0&#8243; top_padding=&#8220;0&#8243; bottom_padding=&#8220;0&#8243; back_color=&#8220;color-cool-grey&#8220; overlay_alpha=&#8220;50&#8243; gutter_size=&#8220;0&#8243; column_width_percent=&#8220;100&#8243; shift_y=&#8220;0&#8243; z_index=&#8220;0&#8243; uncode_shortcode_id=&#8220;100018&#8243; back_color_type=&#8220;uncode-palette&#8220; el_class=&#8220;descubre-mas-experiencias banner-mas-info&#8220;][vc_column column_width_percent=&#8220;100&#8243; position_horizontal=&#8220;right&#8220; position_vertical=&#8220;middle&#8220; gutter_size=&#8220;2&#8243; overlay_alpha=&#8220;50&#8243; shift_x=&#8220;0&#8243; shift_y=&#8220;0&#8243; shift_y_down=&#8220;0&#8243; z_index=&#8220;0&#8243; medium_width=&#8220;0&#8243; mobile_width=&#8220;0&#8243; width=&#8220;5\/12&#8243; uncode_shortcode_id=&#8220;649752&#8243; el_class=&#8220;max-width-345px&#8220;][vc_custom_heading text_color=&#8220;color-deep-teal&#8220; text_size=&#8220;fontsize-120373&#8243; text_weight=&#8220;600&#8243; uncode_shortcode_id=&#8220;208014&#8243; text_color_type=&#8220;uncode-palette&#8220;]ENDECKEN SIE MEHR ERFAHRUNGEN[\/vc_custom_heading][vc_separator sep_color=&#8220;color-amber&#8220; uncode_shortcode_id=&#8220;143713&#8243; sep_color_type=&#8220;uncode-palette&#8220; el_width=&#8220;50%&#8220; el_height=&#8220;8px&#8220; el_class=&#8220;mt-10&#8243;][vc_column_text uncode_shortcode_id=&#8220;197828&#8243;]Weil Reisen ein Gef\u00fchl ist, finden Sie hier Aktivit\u00e4ten, die Sie in Almer\u00eda unternehmen k\u00f6nnen.[\/vc_column_text][vc_button custom_typo=&#8220;yes&#8220; font_family=&#8220;font-555555&#8243; font_weight=&#8220;600&#8243; border_width=&#8220;0&#8243; uncode_shortcode_id=&#8220;413457&#8243; el_class=&#8220;btn-mas-consejos&#8220; link=&#8220;url:https%3A%2F%2Fwww.turismodealmeria.org%2Fde%2Ferfahrungentourismus%2F&#8220;]ENDECKEN SIE[\/vc_button][\/vc_column][vc_column width=&#8220;7\/12&#8243;][vc_single_image media=&#8220;57727&#8243; media_width_percent=&#8220;100&#8243; uncode_shortcode_id=&#8220;932907&#8243;][\/vc_column][\/vc_row][vc_row row_height_percent=&#8220;0&#8243; overlay_alpha=&#8220;50&#8243; gutter_size=&#8220;3&#8243; column_width_percent=&#8220;100&#8243; shift_y=&#8220;0&#8243; z_index=&#8220;0&#8243; medium_visibility=&#8220;yes&#8220; mobile_visibility=&#8220;yes&#8220; uncode_shortcode_id=&#8220;188974&#8243;][vc_column width=&#8220;1\/1&#8243;][vc_empty_space][\/vc_column][\/vc_row][vc_row row_height_percent=&#8220;0&#8243; override_padding=&#8220;yes&#8220; h_padding=&#8220;2&#8243; top_padding=&#8220;2&#8243; bottom_padding=&#8220;3&#8243; overlay_alpha=&#8220;50&#8243; gutter_size=&#8220;3&#8243; column_width_percent=&#8220;100&#8243; shift_y=&#8220;0&#8243; z_index=&#8220;0&#8243; uncode_shortcode_id=&#8220;951267&#8243;][vc_column width=&#8220;1\/1&#8243;][vc_custom_heading text_color=&#8220;color-deep-teal&#8220; text_size=&#8220;h3&#8243; text_weight=&#8220;600&#8243; uncode_shortcode_id=&#8220;161957&#8243; text_color_type=&#8220;uncode-palette&#8220;]Aktivit\u00e4ten[\/vc_custom_heading][uncode_index el_id=&#8220;experiencias-sol-playa&#8220; index_type=&#8220;carousel&#8220; loop=&#8220;size:10|order_by:rand|post_type:experiencia|tax_query:1359|taxonomy_count:10&#8243; carousel_lg=&#8220;3&#8243; carousel_md=&#8220;3&#8243; carousel_sm=&#8220;1&#8243; thumb_size=&#8220;five-four&#8220; gutter_size=&#8220;2&#8243; page_items=&#8220;media|featured|onpost|original,title,sep-one|full&#8220; experiencia_items=&#8220;media|featured|onpost|original,title,sep-one|full&#8220; carousel_interval=&#8220;3000&#8243; carousel_navspeed=&#8220;400&#8243; carousel_nav=&#8220;yes&#8220; stage_padding=&#8220;0&#8243; single_overlay_opacity=&#8220;50&#8243; single_h_align=&#8220;center&#8220; single_padding=&#8220;1&#8243; single_title_dimension=&#8220;fontsize-20&#8243; single_title_weight=&#8220;600&#8243; single_title_transform=&#8220;uppercase&#8220; uncode_shortcode_id=&#8220;116223&#8243; el_class=&#8220;text-color-deep-teal-color listado-playas-tu-experiencia border-radius-5px&#8220;][\/vc_column][\/vc_row][vc_row row_height_percent=&#8220;0&#8243; override_padding=&#8220;yes&#8220; h_padding=&#8220;0&#8243; top_padding=&#8220;3&#8243; bottom_padding=&#8220;2&#8243; back_color=&#8220;color-defafa&#8220; overlay_alpha=&#8220;50&#8243; gutter_size=&#8220;4&#8243; column_width_percent=&#8220;100&#8243; shift_y=&#8220;0&#8243; z_index=&#8220;0&#8243; uncode_shortcode_id=&#8220;107692&#8243; back_color_type=&#8220;uncode-palette&#8220; el_class=&#8220;banner-consejos&#8220;][vc_column column_width_percent=&#8220;100&#8243; gutter_size=&#8220;3&#8243; overlay_alpha=&#8220;50&#8243; shift_x=&#8220;0&#8243; shift_y=&#8220;0&#8243; shift_y_down=&#8220;0&#8243; z_index=&#8220;0&#8243; medium_visibility=&#8220;yes&#8220; medium_width=&#8220;0&#8243; mobile_visibility=&#8220;yes&#8220; mobile_width=&#8220;0&#8243; width=&#8220;1\/12&#8243; uncode_shortcode_id=&#8220;159423&#8243;][\/vc_column][vc_column column_width_percent=&#8220;100&#8243; position_vertical=&#8220;middle&#8220; gutter_size=&#8220;3&#8243; overlay_alpha=&#8220;50&#8243; shift_x=&#8220;0&#8243; shift_y=&#8220;0&#8243; shift_y_down=&#8220;0&#8243; z_index=&#8220;0&#8243; medium_width=&#8220;0&#8243; mobile_width=&#8220;0&#8243; width=&#8220;5\/12&#8243; uncode_shortcode_id=&#8220;133982&#8243;][vc_single_image media=&#8220;45368&#8243; media_width_percent=&#8220;75&#8243; uncode_shortcode_id=&#8220;159856&#8243;][\/vc_column][vc_column column_width_percent=&#8220;100&#8243; position_vertical=&#8220;middle&#8220; gutter_size=&#8220;2&#8243; overlay_alpha=&#8220;50&#8243; shift_x=&#8220;0&#8243; shift_y=&#8220;0&#8243; shift_y_down=&#8220;0&#8243; z_index=&#8220;0&#8243; medium_width=&#8220;0&#8243; mobile_width=&#8220;0&#8243; width=&#8220;5\/12&#8243; uncode_shortcode_id=&#8220;169281&#8243;][vc_custom_heading text_color=&#8220;color-deep-teal&#8220; text_size=&#8220;fontsize-120373&#8243; text_weight=&#8220;600&#8243; uncode_shortcode_id=&#8220;178400&#8243; text_color_type=&#8220;uncode-palette&#8220;]GENIESSEN SIE DIE<br \/>\nSICHER STR\u00c4NDE[\/vc_custom_heading][vc_column_text uncode_shortcode_id=&#8220;526788&#8243; css=&#8220;.vc_custom_1653389247848{margin-top: 5px !important;}&#8220;]Genie\u00dfen Sie Ihren Urlaub in Almeria auf eine sichere Art und Weise.[\/vc_column_text][vc_button custom_typo=&#8220;yes&#8220; font_family=&#8220;font-555555&#8243; font_weight=&#8220;600&#8243; border_width=&#8220;0&#8243; uncode_shortcode_id=&#8220;125955&#8243; el_class=&#8220;btn-consejos&#8220; link=&#8220;url:https%3A%2F%2Fwww.turismodealmeria.org%2Fde%2Fconsejos%2Fsonne-und-strand%2F&#8220;]TIPPS[\/vc_button][\/vc_column][vc_column column_width_percent=&#8220;100&#8243; gutter_size=&#8220;3&#8243; overlay_alpha=&#8220;50&#8243; shift_x=&#8220;0&#8243; shift_y=&#8220;0&#8243; shift_y_down=&#8220;0&#8243; z_index=&#8220;0&#8243; medium_visibility=&#8220;yes&#8220; medium_width=&#8220;0&#8243; mobile_visibility=&#8220;yes&#8220; mobile_width=&#8220;0&#8243; width=&#8220;1\/12&#8243; uncode_shortcode_id=&#8220;206404&#8243;][\/vc_column][\/vc_row]<\/p>\n<\/div>","protected":false},"excerpt":{"rendered":"<p>[vc_row][vc_column column_width_percent=&#8220;100&#8243; gutter_size=&#8220;2&#8243; overlay_alpha=&#8220;50&#8243; shift_x=&#8220;0&#8243; shift_y=&#8220;0&#8243; shift_y_down=&#8220;0&#8243; z_index=&#8220;0&#8243; medium_width=&#8220;0&#8243; mobile_width=&#8220;0&#8243; width=&#8220;1\/1&#8243; uncode_shortcode_id=&#8220;675924&#8243;][vc_custom_heading text_color=&#8220;color-sea-blue&#8220; text_weight=&#8220;600&#8243; text_transform=&#8220;uppercase&#8220; uncode_shortcode_id=&#8220;131141&#8243; text_color_type=&#8220;uncode-palette&#8220;]Ein Schmuckst\u00fcck der Mittelmeer [&hellip;]<\/p>\n","protected":false},"author":1,"featured_media":47716,"parent":11981,"menu_order":0,"comment_status":"closed","ping_status":"closed","template":"","meta":{"_acf_changed":false,"footnotes":""},"class_list":["post-49829","page","type-page","status-publish","has-post-thumbnail","hentry"],"acf":[],"ACF":{"imagen_cabecera":false},"_links":{"self":[{"href":"https:\/\/www.turismodealmeria.org\/de\/wp-json\/wp\/v2\/pages\/49829","targetHints":{"allow":["GET"]}}],"collection":[{"href":"https:\/\/www.turismodealmeria.org\/de\/wp-json\/wp\/v2\/pages"}],"about":[{"href":"https:\/\/www.turismodealmeria.org\/de\/wp-json\/wp\/v2\/types\/page"}],"author":[{"embeddable":true,"href":"https:\/\/www.turismodealmeria.org\/de\/wp-json\/wp\/v2\/users\/1"}],"replies":[{"embeddable":true,"href":"https:\/\/www.turismodealmeria.org\/de\/wp-json\/wp\/v2\/comments?post=49829"}],"version-history":[{"count":0,"href":"https:\/\/www.turismodealmeria.org\/de\/wp-json\/wp\/v2\/pages\/49829\/revisions"}],"up":[{"embeddable":true,"href":"https:\/\/www.turismodealmeria.org\/de\/wp-json\/wp\/v2\/pages\/11981"}],"wp:featuredmedia":[{"embeddable":true,"href":"https:\/\/www.turismodealmeria.org\/de\/wp-json\/wp\/v2\/media\/47716"}],"wp:attachment":[{"href":"https:\/\/www.turismodealmeria.org\/de\/wp-json\/wp\/v2\/media?parent=49829"}],"curies":[{"name":"wp","href":"https:\/\/api.w.org\/{rel}","templated":true}]}}