{"id":57453,"date":"2016-02-11T10:01:48","date_gmt":"2016-02-11T10:01:48","guid":{"rendered":"https:\/\/www.turismodealmeria.org\/bereite-deine-reise-vor\/oficinas-turismo\/"},"modified":"2025-09-01T10:17:39","modified_gmt":"2025-09-01T08:17:39","slug":"touristeninformation","status":"publish","type":"page","link":"https:\/\/www.turismodealmeria.org\/de\/bereite-deine-reise-vor\/touristeninformation\/","title":{"rendered":"Touristeninformation"},"content":{"rendered":"<div class=\"wpb-content-wrapper\"><p>[vc_row][vc_column column_width_percent=&#8220;100&#8243; gutter_size=&#8220;2&#8243; overlay_alpha=&#8220;50&#8243; shift_x=&#8220;0&#8243; shift_y=&#8220;0&#8243; shift_y_down=&#8220;0&#8243; z_index=&#8220;0&#8243; medium_visibility=&#8220;yes&#8220; medium_width=&#8220;0&#8243; mobile_visibility=&#8220;yes&#8220; mobile_width=&#8220;0&#8243; width=&#8220;1\/12&#8243; uncode_shortcode_id=&#8220;170572&#8243;][\/vc_column][vc_column column_width_percent=&#8220;100&#8243; gutter_size=&#8220;3&#8243; overlay_alpha=&#8220;50&#8243; shift_x=&#8220;0&#8243; shift_y=&#8220;0&#8243; shift_y_down=&#8220;0&#8243; z_index=&#8220;0&#8243; medium_width=&#8220;7&#8243; mobile_width=&#8220;7&#8243; width=&#8220;10\/12&#8243; uncode_shortcode_id=&#8220;178585&#8243; el_class=&#8220;padding-left-responsive-0&#8243;][vc_custom_heading text_color=&#8220;color-sea-blue&#8220; text_size=&#8220;fontsize-35&#8243; text_weight=&#8220;600&#8243; text_transform=&#8220;uppercase&#8220; uncode_shortcode_id=&#8220;106758&#8243; text_color_type=&#8220;uncode-palette&#8220;]Touristeninformationsstellen[\/vc_custom_heading][vc_separator sep_color=&#8220;color-amber&#8220; uncode_shortcode_id=&#8220;209669&#8243; el_class=&#8220;playas-forma-segura mt-10&#8243; sep_color_type=&#8220;uncode-palette&#8220; el_width=&#8220;200px&#8220; el_height=&#8220;8px&#8220;][\/vc_column][vc_column column_width_percent=&#8220;100&#8243; gutter_size=&#8220;3&#8243; overlay_alpha=&#8220;50&#8243; shift_x=&#8220;0&#8243; shift_y=&#8220;0&#8243; shift_y_down=&#8220;0&#8243; z_index=&#8220;0&#8243; medium_visibility=&#8220;yes&#8220; medium_width=&#8220;0&#8243; mobile_visibility=&#8220;yes&#8220; mobile_width=&#8220;0&#8243; width=&#8220;1\/12&#8243; uncode_shortcode_id=&#8220;899503&#8243;][\/vc_column][\/vc_row][vc_row row_height_percent=&#8220;0&#8243; overlay_alpha=&#8220;50&#8243; gutter_size=&#8220;0&#8243; column_width_percent=&#8220;100&#8243; shift_y=&#8220;0&#8243; z_index=&#8220;0&#8243; uncode_shortcode_id=&#8220;191920&#8243; el_class=&#8220;info-turistica&#8220;][vc_column column_width_percent=&#8220;100&#8243; gutter_size=&#8220;3&#8243; overlay_alpha=&#8220;50&#8243; shift_x=&#8220;0&#8243; shift_y=&#8220;0&#8243; shift_y_down=&#8220;0&#8243; z_index=&#8220;0&#8243; medium_visibility=&#8220;yes&#8220; medium_width=&#8220;0&#8243; mobile_visibility=&#8220;yes&#8220; mobile_width=&#8220;0&#8243; width=&#8220;1\/12&#8243; uncode_shortcode_id=&#8220;169475&#8243;][\/vc_column][vc_column column_width_percent=&#8220;100&#8243; gutter_size=&#8220;3&#8243; overlay_alpha=&#8220;50&#8243; border_color=&#8220;color-amber&#8220; border_style=&#8220;solid&#8220; shift_x=&#8220;0&#8243; shift_y=&#8220;0&#8243; shift_y_down=&#8220;0&#8243; z_index=&#8220;0&#8243; medium_width=&#8220;7&#8243; mobile_width=&#8220;7&#8243; width=&#8220;10\/12&#8243; uncode_shortcode_id=&#8220;284099&#8243; css=&#8220;.vc_custom_1651147149080{border-top-width: 1px !important;border-right-width: 1px !important;border-bottom-width: 1px !important;border-left-width: 1px !important;}&#8220; border_color_type=&#8220;uncode-palette&#8220;][vc_row_inner row_inner_height_percent=&#8220;0&#8243; overlay_alpha=&#8220;50&#8243; gutter_size=&#8220;3&#8243; border_style=&#8220;solid&#8220; shift_y=&#8220;0&#8243; z_index=&#8220;0&#8243; uncode_shortcode_id=&#8220;619168&#8243; css=&#8220;.vc_custom_1648292154778{padding-top: 30px !important;padding-right: 100px !important;padding-bottom: 60px !important;padding-left: 100px !important;}&#8220;][vc_column_inner column_width_percent=&#8220;100&#8243; gutter_size=&#8220;3&#8243; overlay_alpha=&#8220;50&#8243; shift_x=&#8220;0&#8243; shift_y=&#8220;0&#8243; shift_y_down=&#8220;0&#8243; z_index=&#8220;0&#8243; medium_width=&#8220;0&#8243; mobile_width=&#8220;0&#8243; width=&#8220;2\/12&#8243; uncode_shortcode_id=&#8220;169914&#8243;][vc_single_image media=&#8220;46557&#8243; media_width_use_pixel=&#8220;yes&#8220; alignment=&#8220;center&#8220; uncode_shortcode_id=&#8220;185739&#8243; media_width_pixel=&#8220;85&#8243;][\/vc_column_inner][vc_column_inner column_width_percent=&#8220;100&#8243; gutter_size=&#8220;3&#8243; overlay_alpha=&#8220;50&#8243; shift_x=&#8220;0&#8243; shift_y=&#8220;0&#8243; shift_y_down=&#8220;0&#8243; z_index=&#8220;0&#8243; medium_width=&#8220;0&#8243; mobile_width=&#8220;0&#8243; width=&#8220;10\/12&#8243; uncode_shortcode_id=&#8220;189185&#8243;][vc_custom_heading text_color=&#8220;color-deep-teal&#8220; heading_semantic=&#8220;h3&#8243; text_size=&#8220;fontsize-20&#8243; text_weight=&#8220;600&#8243; uncode_shortcode_id=&#8220;744578&#8243; text_color_type=&#8220;uncode-palette&#8220;]St\u00e4dtisches Fremdenverkehrb\u00fcro von Almer\u00eda[\/vc_custom_heading][vc_custom_heading heading_semantic=&#8220;p&#8220; text_size=&#8220;fontsize-17&#8243; text_weight=&#8220;400&#8243; uncode_shortcode_id=&#8220;385526&#8243; el_class=&#8220;mt-0&#8243;]Calle Juez 6, 04003, Almer\u00eda.<br \/>\nTelefonnummern: <strong>950 210 538 \u2013 950 280 748<\/strong><\/p>\n<p><strong>\u00d6ffnungszeiten:<\/strong><\/p>\n<p><strong>SOMMER<\/strong><\/p>\n<ul>\n<li>Montag bis Freitag von 10:00 bis 14:00 Uhr und von 17:00 bis 20:00 Uhr.<\/li>\n<\/ul>\n<p><strong>WINTER<\/strong><\/p>\n<ul>\n<li>Montag bis Freitag von 10:00 bis 14:00 Uhr und von 16:00 bis 19:00 Uhr.<\/li>\n<\/ul>\n<p><strong>GESCHLOSSEN: <\/strong>24., 25., 31. Dezember \u2013 1. und 6. Januar (gilt f\u00fcr alle Jahre)[\/vc_custom_heading][vc_custom_heading text_color=&#8220;color-deep-teal&#8220; heading_semantic=&#8220;h3&#8243; text_size=&#8220;fontsize-20&#8243; text_weight=&#8220;600&#8243; uncode_shortcode_id=&#8220;984805&#8243; text_color_type=&#8220;uncode-palette&#8220;]Besucherzentrum &#8222;Las Amoladeras&#8220;[\/vc_custom_heading][vc_custom_heading heading_semantic=&#8220;p&#8220; text_size=&#8220;fontsize-17&#8243; text_weight=&#8220;400&#8243; uncode_shortcode_id=&#8220;409903&#8243; el_class=&#8220;mt-0&#8243;]Carretera Al-3115 (Retamar-Pujaire), km. 7.<br \/>\n41007, Almer\u00eda<br \/>\nTelefonnummern: <strong>950 160 435 \/ 606 795 056<\/strong><\/p>\n<p><strong>Zeitplan: <\/strong><\/p>\n<ul>\n<li>Montag bis Sonntag von 9:00 Uhr bis 14:00 Uhr.<\/li>\n<\/ul>\n<p>[\/vc_custom_heading][vc_custom_heading text_color=&#8220;color-deep-teal&#8220; heading_semantic=&#8220;h3&#8243; text_size=&#8220;fontsize-20&#8243; text_weight=&#8220;600&#8243; uncode_shortcode_id=&#8220;886383&#8243; text_color_type=&#8220;uncode-palette&#8220;]Touristische Karte[\/vc_custom_heading][vc_custom_heading heading_semantic=&#8220;p&#8220; text_size=&#8220;fontsize-17&#8243; text_weight=&#8220;400&#8243; uncode_shortcode_id=&#8220;115618&#8243; el_class=&#8220;mt-0&#8243;]<a href=\"https:\/\/www.turismodealmeria.org\/de\/fortbewegung-in-der-stadt\/\">Fortbewegung in der Stadt<\/a> sehen.[\/vc_custom_heading][\/vc_column_inner][\/vc_row_inner][\/vc_column][vc_column column_width_percent=&#8220;100&#8243; gutter_size=&#8220;3&#8243; overlay_alpha=&#8220;50&#8243; shift_x=&#8220;0&#8243; shift_y=&#8220;0&#8243; shift_y_down=&#8220;0&#8243; z_index=&#8220;0&#8243; medium_visibility=&#8220;yes&#8220; medium_width=&#8220;0&#8243; mobile_visibility=&#8220;yes&#8220; mobile_width=&#8220;0&#8243; width=&#8220;1\/12&#8243; uncode_shortcode_id=&#8220;135891&#8243;][\/vc_column][\/vc_row][vc_row][vc_column][vc_column_text uncode_shortcode_id=&#8220;462253&#8243;]<iframe src=\"https:\/\/www.google.com\/maps\/d\/embed?mid=1nRqkJYuIfg1yiPjra0FmGmI8m7E\" width=\"100%\" height=\"480\"><\/iframe>[\/vc_column_text][\/vc_column][\/vc_row][vc_row row_height_percent=&#8220;0&#8243; override_padding=&#8220;yes&#8220; h_padding=&#8220;0&#8243; top_padding=&#8220;3&#8243; bottom_padding=&#8220;2&#8243; back_color=&#8220;color-defafa&#8220; overlay_alpha=&#8220;50&#8243; gutter_size=&#8220;4&#8243; column_width_percent=&#8220;100&#8243; shift_y=&#8220;0&#8243; z_index=&#8220;0&#8243; uncode_shortcode_id=&#8220;107692&#8243; back_color_type=&#8220;uncode-palette&#8220; el_class=&#8220;banner-consejos&#8220;][vc_column column_width_percent=&#8220;100&#8243; gutter_size=&#8220;3&#8243; overlay_alpha=&#8220;50&#8243; shift_x=&#8220;0&#8243; shift_y=&#8220;0&#8243; shift_y_down=&#8220;0&#8243; z_index=&#8220;0&#8243; medium_visibility=&#8220;yes&#8220; medium_width=&#8220;0&#8243; mobile_visibility=&#8220;yes&#8220; mobile_width=&#8220;0&#8243; width=&#8220;1\/12&#8243; uncode_shortcode_id=&#8220;159423&#8243;][\/vc_column][vc_column column_width_percent=&#8220;100&#8243; position_vertical=&#8220;middle&#8220; gutter_size=&#8220;3&#8243; overlay_alpha=&#8220;50&#8243; shift_x=&#8220;0&#8243; shift_y=&#8220;0&#8243; shift_y_down=&#8220;0&#8243; z_index=&#8220;0&#8243; medium_width=&#8220;0&#8243; mobile_width=&#8220;0&#8243; width=&#8220;5\/12&#8243; uncode_shortcode_id=&#8220;133982&#8243;][vc_single_image media=&#8220;46571&#8243; media_width_percent=&#8220;75&#8243; uncode_shortcode_id=&#8220;424126&#8243;][\/vc_column][vc_column column_width_percent=&#8220;100&#8243; position_vertical=&#8220;middle&#8220; gutter_size=&#8220;2&#8243; overlay_alpha=&#8220;50&#8243; shift_x=&#8220;0&#8243; shift_y=&#8220;0&#8243; shift_y_down=&#8220;0&#8243; z_index=&#8220;0&#8243; medium_width=&#8220;0&#8243; mobile_width=&#8220;0&#8243; width=&#8220;5\/12&#8243; uncode_shortcode_id=&#8220;169281&#8243;][vc_custom_heading text_color=&#8220;color-deep-teal&#8220; text_size=&#8220;fontsize-35&#8243; text_weight=&#8220;600&#8243; uncode_shortcode_id=&#8220;133936&#8243; text_color_type=&#8220;uncode-palette&#8220;]WIE REISE ICH SICHER?[\/vc_custom_heading][vc_column_text uncode_shortcode_id=&#8220;185411&#8243;]Genie\u00dfen Sie Ihren Urlaub in Almeria auf eine sichere Art und Weise.[\/vc_column_text][vc_button custom_typo=&#8220;yes&#8220; font_family=&#8220;font-555555&#8243; font_weight=&#8220;600&#8243; border_width=&#8220;0&#8243; uncode_shortcode_id=&#8220;210976&#8243; el_class=&#8220;btn-consejos&#8220; link=&#8220;url:https%3A%2F%2Fwww.turismodealmeria.org%2Fde%2Fconsejos%2Fverkehrsmittel%2F&#8220;]TIPPS[\/vc_button][\/vc_column][vc_column column_width_percent=&#8220;100&#8243; gutter_size=&#8220;3&#8243; overlay_alpha=&#8220;50&#8243; shift_x=&#8220;0&#8243; shift_y=&#8220;0&#8243; shift_y_down=&#8220;0&#8243; z_index=&#8220;0&#8243; medium_visibility=&#8220;yes&#8220; medium_width=&#8220;0&#8243; mobile_visibility=&#8220;yes&#8220; mobile_width=&#8220;0&#8243; width=&#8220;1\/12&#8243; uncode_shortcode_id=&#8220;206404&#8243;][\/vc_column][\/vc_row]<\/p>\n<\/div>","protected":false},"excerpt":{"rendered":"<p>[vc_row][vc_column column_width_percent=&#8220;100&#8243; gutter_size=&#8220;2&#8243; overlay_alpha=&#8220;50&#8243; shift_x=&#8220;0&#8243; shift_y=&#8220;0&#8243; shift_y_down=&#8220;0&#8243; z_index=&#8220;0&#8243; medium_visibility=&#8220;yes&#8220; medium_width=&#8220;0&#8243; mobile_visibility=&#8220;yes&#8220; mobile_width=&#8220;0&#8243; width=&#8220;1\/12&#8243; uncode_shortcode_id=&#8220;170572&#8243;][\/vc_column][vc_column column_width_percent=&#8220;100&#8243; gutter_size=&#8220;3&#8243; overlay_alpha=&#8220;50&#8243; shift_x=&#8220;0&#8243; shift_y=&#8220;0&#8243; shift_y_down=&#8220;0&#8243; [&hellip;]<\/p>\n","protected":false},"author":1,"featured_media":0,"parent":11973,"menu_order":0,"comment_status":"closed","ping_status":"closed","template":"","meta":{"_acf_changed":false,"footnotes":""},"class_list":["post-57453","page","type-page","status-publish","hentry"],"acf":[],"ACF":{"imagen_cabecera":false},"_links":{"self":[{"href":"https:\/\/www.turismodealmeria.org\/de\/wp-json\/wp\/v2\/pages\/57453","targetHints":{"allow":["GET"]}}],"collection":[{"href":"https:\/\/www.turismodealmeria.org\/de\/wp-json\/wp\/v2\/pages"}],"about":[{"href":"https:\/\/www.turismodealmeria.org\/de\/wp-json\/wp\/v2\/types\/page"}],"author":[{"embeddable":true,"href":"https:\/\/www.turismodealmeria.org\/de\/wp-json\/wp\/v2\/users\/1"}],"replies":[{"embeddable":true,"href":"https:\/\/www.turismodealmeria.org\/de\/wp-json\/wp\/v2\/comments?post=57453"}],"version-history":[{"count":0,"href":"https:\/\/www.turismodealmeria.org\/de\/wp-json\/wp\/v2\/pages\/57453\/revisions"}],"up":[{"embeddable":true,"href":"https:\/\/www.turismodealmeria.org\/de\/wp-json\/wp\/v2\/pages\/11973"}],"wp:attachment":[{"href":"https:\/\/www.turismodealmeria.org\/de\/wp-json\/wp\/v2\/media?parent=57453"}],"curies":[{"name":"wp","href":"https:\/\/api.w.org\/{rel}","templated":true}]}}