{"id":57527,"date":"2022-03-29T08:40:10","date_gmt":"2022-03-29T06:40:10","guid":{"rendered":"https:\/\/www.turismodealmeria.org\/tierra-de-cine\/"},"modified":"2024-12-19T12:09:45","modified_gmt":"2024-12-19T10:09:45","slug":"das-land-des-kinos","status":"publish","type":"page","link":"https:\/\/www.turismodealmeria.org\/de\/das-land-des-kinos\/","title":{"rendered":"Das Land des Kinos"},"content":{"rendered":"<div class=\"wpb-content-wrapper\"><p>[vc_row][vc_column column_width_percent=&#8220;100&#8243; gutter_size=&#8220;2&#8243; overlay_alpha=&#8220;50&#8243; shift_x=&#8220;0&#8243; shift_y=&#8220;0&#8243; shift_y_down=&#8220;0&#8243; z_index=&#8220;0&#8243; medium_width=&#8220;0&#8243; mobile_width=&#8220;0&#8243; width=&#8220;1\/1&#8243; uncode_shortcode_id=&#8220;675924&#8243;][vc_custom_heading text_color=&#8220;color-sea-blue&#8220; text_size=&#8220;fontsize-35&#8243; text_weight=&#8220;600&#8243; text_transform=&#8220;uppercase&#8220; uncode_shortcode_id=&#8220;208651&#8243; text_color_type=&#8220;uncode-palette&#8220;]Eine nat\u00fcrliche Kulisse[\/vc_custom_heading][vc_separator sep_color=&#8220;color-amber&#8220; uncode_shortcode_id=&#8220;914759&#8243; el_class=&#8220;playas-forma-segura&#8220; sep_color_type=&#8220;uncode-palette&#8220; el_width=&#8220;200px&#8220; el_height=&#8220;8px&#8220;][\/vc_column][\/vc_row][vc_row][vc_column column_width_percent=&#8220;100&#8243; gutter_size=&#8220;3&#8243; overlay_alpha=&#8220;50&#8243; shift_x=&#8220;0&#8243; shift_y=&#8220;0&#8243; shift_y_down=&#8220;0&#8243; z_index=&#8220;0&#8243; medium_width=&#8220;0&#8243; mobile_width=&#8220;0&#8243; width=&#8220;1\/1&#8243; uncode_shortcode_id=&#8220;352001&#8243;][vc_custom_heading text_color=&#8220;color-deep-teal&#8220; text_size=&#8220;h3&#8243; text_weight=&#8220;600&#8243; text_transform=&#8220;uppercase&#8220; uncode_shortcode_id=&#8220;306512&#8243; text_color_type=&#8220;uncode-palette&#8220;]Almeria und das Kino[\/vc_custom_heading][vc_column_text uncode_shortcode_id=&#8220;749315&#8243;]Die Stadt Almeria und ihre Provinz sind ohne jeden Zweifel wegen der Dreharbeiten von sowohl nationalen als auch internationalen Kinofilmen ein Aush\u00e4ngeschild f\u00fcr unser Land. Unsere Landschaften, unser Licht, das gute Wetter und unsere Denkm\u00e4ler haben aus Almeria einen idealen Ort f\u00fcr Au\u00dfenaufnahmen gemacht. Auch wenn viele Menschen Tabernas und den Naturpark Cabo de Gata f\u00fcr die wichtigsten Orte halten, so war doch Almeria Stadt Gastgeber von vielen Szenen der wichtigsten Produktionen, die ihre Filme in der Provinz gedreht haben.<\/p>\n<p>Somit k\u00f6nnen Sie innerhalb der Stadt viele Lokalit\u00e4ten der gro\u00dfen Produktionen besuchen. Almeria war ein magischer Ort bei Conan der Barbar (Alcazaba von Almeria), stellte die Messina in Patton \u2013 Rebell in Uniform (Nicolas Salmeron Park, das Landhaus der Santa Isabel und die Kathedrale), Hatay in Indiana Jones und der letzte Kreuzzug (Kunsthochschule von Almeria und Die Medina), Kairo in Lawrence von Arabien (Nicolas Salmeron Park) und Tanger in Der Wind und der L\u00f6we (Nicolas Salmeron Park und Ehemaliges Kulturkasino) dar.<\/p>\n<p>In der heutigen Zeit hat Almeria auch als Drehort f\u00fcr Games of Throns und die Auferstandenen gedient, man hat die Alcazaba benutzt, um das Universum von George R. R. Martin und das Jerusalem zur Zeit des Todes Jesus Christus nachzubauen.<\/p>\n<p>Sie k\u00f6nnen mehr \u00fcber das Thema Kino in der Provinzhauptstadt in den Kapiteln Film Routen und Das Haus des Kinos erfahren. Letzteres ist ein Museum, das die Geschichte des Kinos in der Provinz Almeria erz\u00e4hlt und das w\u00e4hrend der Dreharbeiten f\u00fcr Wie ich den Krieg gewann John Lennons Zuhause war.[\/vc_column_text][vc_gallery el_id=&#8220;almeria-y-cine&#8220; medias=&#8220;57071,58793,48810&#8243; gutter_size=&#8220;2&#8243; screen_lg=&#8220;1000&#8243; screen_md=&#8220;600&#8243; screen_sm=&#8220;480&#8243; images_size=&#8220;two-one&#8220; single_overlay_opacity=&#8220;50&#8243; single_padding=&#8220;2&#8243; uncode_shortcode_id=&#8220;198494&#8243; el_class=&#8220;border-radius-5px&#8220;][\/vc_column][\/vc_row][vc_row][vc_column column_width_percent=&#8220;100&#8243; gutter_size=&#8220;3&#8243; overlay_alpha=&#8220;50&#8243; shift_x=&#8220;0&#8243; shift_y=&#8220;0&#8243; shift_y_down=&#8220;0&#8243; z_index=&#8220;0&#8243; medium_width=&#8220;0&#8243; mobile_width=&#8220;0&#8243; width=&#8220;1\/1&#8243; uncode_shortcode_id=&#8220;136020&#8243;][vc_custom_heading text_color=&#8220;color-deep-teal&#8220; text_size=&#8220;h3&#8243; text_weight=&#8220;600&#8243; text_transform=&#8220;uppercase&#8220; uncode_shortcode_id=&#8220;108592&#8243; text_color_type=&#8220;uncode-palette&#8220;]WALK OF FAME[\/vc_custom_heading][vc_column_text uncode_shortcode_id=&#8220;839113&#8243;]Eine Strecke von der Stra\u00dfe Dichter Villaespesa ist Walk of Fame Almer\u00eda , genannt , die Hommage an den Schauspieler und f\u00fchrenden Filmemacher bezahlt , die in der Provinz gearbeitet haben.<\/p>\n<p>Patrick Wayne, Omar Sharif, Ridley Scott, Denis O\u00b4Dell, \u00c1ngela Molina, Terry Gullian und Schwarzenegger, sind unter den Namen in dieser Sterne Ruhm gezeigt.<\/p>\n<p>Neben dem Walk of Fame , eine Anwendung hat erlaubt es die Biographie eines jeden Akteurs kennen seinen Stern auf Augmented Reality bringt.[\/vc_column_text][vc_gallery el_id=&#8220;paseo-fama&#8220; type=&#8220;carousel&#8220; medias=&#8220;67370,67362,67394,67374,67366,67358,67386,67390,67354,67382,67378&#8243; carousel_lg=&#8220;4&#8243; carousel_md=&#8220;3&#8243; carousel_sm=&#8220;1&#8243; thumb_size=&#8220;three-two&#8220; gutter_size=&#8220;2&#8243; carousel_interval=&#8220;3000&#8243; carousel_navspeed=&#8220;400&#8243; stage_padding=&#8220;0&#8243; single_overlay_opacity=&#8220;50&#8243; single_padding=&#8220;2&#8243; uncode_shortcode_id=&#8220;136354&#8243; el_class=&#8220;border-radius-5px&#8220;][\/vc_column][\/vc_row][vc_row][vc_column column_width_percent=&#8220;100&#8243; gutter_size=&#8220;3&#8243; overlay_alpha=&#8220;50&#8243; shift_x=&#8220;0&#8243; shift_y=&#8220;0&#8243; shift_y_down=&#8220;0&#8243; z_index=&#8220;0&#8243; medium_width=&#8220;0&#8243; mobile_width=&#8220;0&#8243; width=&#8220;1\/1&#8243; uncode_shortcode_id=&#8220;136020&#8243;][vc_custom_heading text_color=&#8220;color-deep-teal&#8220; text_size=&#8220;h3&#8243; text_weight=&#8220;600&#8243; uncode_shortcode_id=&#8220;777725&#8243; text_color_type=&#8220;uncode-palette&#8220;]Das Haus des Kinos[\/vc_custom_heading][\/vc_column][\/vc_row][vc_row row_height_percent=&#8220;0&#8243; override_padding=&#8220;yes&#8220; h_padding=&#8220;2&#8243; top_padding=&#8220;0&#8243; bottom_padding=&#8220;2&#8243; overlay_alpha=&#8220;50&#8243; gutter_size=&#8220;3&#8243; column_width_percent=&#8220;100&#8243; shift_y=&#8220;0&#8243; z_index=&#8220;0&#8243; uncode_shortcode_id=&#8220;758915&#8243;][vc_column column_width_percent=&#8220;100&#8243; gutter_size=&#8220;3&#8243; overlay_alpha=&#8220;50&#8243; shift_x=&#8220;0&#8243; shift_y=&#8220;0&#8243; shift_y_down=&#8220;0&#8243; z_index=&#8220;0&#8243; medium_width=&#8220;0&#8243; mobile_width=&#8220;0&#8243; width=&#8220;7\/12&#8243; uncode_shortcode_id=&#8220;136020&#8243;][vc_single_image media=&#8220;80566&#8243; media_width_percent=&#8220;100&#8243; media_ratio=&#8220;sixteen-nine&#8220; uncode_shortcode_id=&#8220;210048&#8243; el_class=&#8220;border-radius-5px&#8220;][\/vc_column][vc_column column_width_percent=&#8220;100&#8243; position_vertical=&#8220;bottom&#8220; gutter_size=&#8220;2&#8243; overlay_alpha=&#8220;50&#8243; shift_x=&#8220;0&#8243; shift_y=&#8220;0&#8243; shift_y_down=&#8220;0&#8243; z_index=&#8220;0&#8243; medium_width=&#8220;0&#8243; mobile_width=&#8220;0&#8243; width=&#8220;5\/12&#8243; uncode_shortcode_id=&#8220;164675&#8243;][vc_custom_heading text_color=&#8220;color-deep-teal&#8220; heading_semantic=&#8220;p&#8220; text_size=&#8220;fontsize-120373&#8243; text_weight=&#8220;600&#8243; text_height=&#8220;font-height-30px&#8220; uncode_shortcode_id=&#8220;147575&#8243; text_color_type=&#8220;uncode-palette&#8220;]Sie Das Haus des Kinos kennen[\/vc_custom_heading][vc_separator sep_color=&#8220;color-amber&#8220; uncode_shortcode_id=&#8220;234454&#8243; sep_color_type=&#8220;uncode-palette&#8220; el_width=&#8220;100px&#8220; el_height=&#8220;8px&#8220; el_class=&#8220;mt-10&#8243;][vc_column_text uncode_shortcode_id=&#8220;172282&#8243;]Es ist ein altes Bauernhaus, in dem an den Glanz des Zelluloid in Almeria erinnert wird. Das Haus ist datiert auf 1866, wurde am Stadtrand erbaut und im 20. Jahrhundert umgebaut und vergr\u00f6\u00dfert. Seine ersten Bewohner waren die Familie Balmas und ihre Nachkommen.[\/vc_column_text][vc_icon position=&#8220;right&#8220; icon=&#8220;fa fa-plus&#8220; icon_color=&#8220;color-amber&#8220; heading_semantic=&#8220;p&#8220; text_size=&#8220;fontsize-20&#8243; text_weight=&#8220;600&#8243; linked_title=&#8220;yes&#8220; uncode_shortcode_id=&#8220;209806&#8243; icon_color_type=&#8220;uncode-palette&#8220; title=&#8220;sehen&#8220; el_class=&#8220;btn-ver-mas&#8220; link=&#8220;url:https%3A%2F%2Fwww.turismodealmeria.org%2Fmuseos%2Fde%2Fmuseo%2Fdas-haus-des-kinos%2F|target:_blank&#8220;][\/vc_icon][\/vc_column][\/vc_row][vc_row][vc_column width=&#8220;1\/1&#8243;][vc_empty_space empty_h=&#8220;2&#8243;][\/vc_column][\/vc_row]<\/p>\n<\/div>","protected":false},"excerpt":{"rendered":"<p>[vc_row][vc_column column_width_percent=&#8220;100&#8243; gutter_size=&#8220;2&#8243; overlay_alpha=&#8220;50&#8243; shift_x=&#8220;0&#8243; shift_y=&#8220;0&#8243; shift_y_down=&#8220;0&#8243; z_index=&#8220;0&#8243; medium_width=&#8220;0&#8243; mobile_width=&#8220;0&#8243; width=&#8220;1\/1&#8243; uncode_shortcode_id=&#8220;675924&#8243;][vc_custom_heading text_color=&#8220;color-sea-blue&#8220; text_size=&#8220;fontsize-35&#8243; text_weight=&#8220;600&#8243; text_transform=&#8220;uppercase&#8220; uncode_shortcode_id=&#8220;208651&#8243; text_color_type=&#8220;uncode-palette&#8220;]Eine nat\u00fcrliche Kulisse[\/vc_custom_heading][vc_separator [&hellip;]<\/p>\n","protected":false},"author":1,"featured_media":57070,"parent":0,"menu_order":0,"comment_status":"closed","ping_status":"closed","template":"","meta":{"_acf_changed":false,"footnotes":""},"class_list":["post-57527","page","type-page","status-publish","has-post-thumbnail","hentry"],"acf":[],"ACF":{"imagen_cabecera":false},"_links":{"self":[{"href":"https:\/\/www.turismodealmeria.org\/de\/wp-json\/wp\/v2\/pages\/57527","targetHints":{"allow":["GET"]}}],"collection":[{"href":"https:\/\/www.turismodealmeria.org\/de\/wp-json\/wp\/v2\/pages"}],"about":[{"href":"https:\/\/www.turismodealmeria.org\/de\/wp-json\/wp\/v2\/types\/page"}],"author":[{"embeddable":true,"href":"https:\/\/www.turismodealmeria.org\/de\/wp-json\/wp\/v2\/users\/1"}],"replies":[{"embeddable":true,"href":"https:\/\/www.turismodealmeria.org\/de\/wp-json\/wp\/v2\/comments?post=57527"}],"version-history":[{"count":0,"href":"https:\/\/www.turismodealmeria.org\/de\/wp-json\/wp\/v2\/pages\/57527\/revisions"}],"wp:featuredmedia":[{"embeddable":true,"href":"https:\/\/www.turismodealmeria.org\/de\/wp-json\/wp\/v2\/media\/57070"}],"wp:attachment":[{"href":"https:\/\/www.turismodealmeria.org\/de\/wp-json\/wp\/v2\/media?parent=57527"}],"curies":[{"name":"wp","href":"https:\/\/api.w.org\/{rel}","templated":true}]}}