{"id":59301,"date":"2022-06-08T08:21:29","date_gmt":"2022-06-08T06:21:29","guid":{"rendered":"https:\/\/www.turismodealmeria.org\/almeria-film-office-2\/"},"modified":"2022-06-08T11:56:03","modified_gmt":"2022-06-08T09:56:03","slug":"almeria-film-office","status":"publish","type":"page","link":"https:\/\/www.turismodealmeria.org\/de\/almeria-film-office\/","title":{"rendered":"Almer\u00eda Film Office"},"content":{"rendered":"<div class=\"wpb-content-wrapper\"><p>[vc_row][vc_column width=&#8220;8\/12&#8243;][vc_column_text uncode_shortcode_id=&#8220;820489&#8243;]<strong>Das Almeria Film Office ist eine Einrichtung zur F\u00f6rderung und Unterst\u00fctzung des Kinos und der Cineasten.<\/strong>\u00a0Wer an der Kinematographie interessiert ist, kann sich an diese Einrichtung wenden, um Informationen dar\u00fcber zu erhalten, wie man Geb\u00fchren zahlt, Genehmigungen f\u00fcr Dreharbeiten beantragt,\u00a0<strong>Lokalit\u00e4ten in Almeria sucht und sogar um Subventionen oder F\u00f6rdermittel zu beantragen<\/strong>.<\/p>\n<p><strong>Das Almeria Film Office<\/strong>\u00a0entstand, um Almeria als bevorzugtes Ziel f\u00fcr die Aufnahmen von allen Arten von audiovisuellen Produktionen auszubauen.Es wurde vom Amt f\u00fcr Tourismus der Stadtverwaltung Almeria entwickelt und wird mit der Absicht betrieben, Almeria als Drehort f\u00fcr alle Arten von Produktionen, sowohl f\u00fcr Kino-, als auch f\u00fcr Video- oder TV-Produktionen noch attraktiver zu machen.<\/p>\n<p>Auf diese Art, durch audiovisuelle Produktionen, m\u00f6chte man Almeria und ihr kulturelles Erbe bekannt machen, mit dem daraus folgenden Nutzen f\u00fcr den Tourismus. Es dreht sich darum den Agenten des audiovisuellen Sektors die vielf\u00e4ltigen M\u00f6glichkeiten von Dreharbeiten in Almeria zu vermitteln, sowohl in Bezug auf Landschaften, als auch auf Schauspieler und Synchronspezialisten.<\/p>\n<p><strong>Tel: 677 53 90 69.<\/strong>[\/vc_column_text][\/vc_column][vc_column width=&#8220;4\/12&#8243;][vc_single_image media=&#8220;18017&#8243; media_width_percent=&#8220;100&#8243; uncode_shortcode_id=&#8220;180780&#8243;][\/vc_column][\/vc_row]<\/p>\n<\/div>","protected":false},"excerpt":{"rendered":"<p>[vc_row][vc_column width=&#8220;8\/12&#8243;][vc_column_text uncode_shortcode_id=&#8220;820489&#8243;]Das Almeria Film Office ist eine Einrichtung zur F\u00f6rderung und Unterst\u00fctzung des Kinos und der Cineasten.\u00a0Wer an der [&hellip;]<\/p>\n","protected":false},"author":13,"featured_media":0,"parent":0,"menu_order":0,"comment_status":"closed","ping_status":"closed","template":"","meta":{"_acf_changed":false,"footnotes":""},"class_list":["post-59301","page","type-page","status-publish","hentry"],"acf":[],"ACF":{"imagen_cabecera":false},"_links":{"self":[{"href":"https:\/\/www.turismodealmeria.org\/de\/wp-json\/wp\/v2\/pages\/59301","targetHints":{"allow":["GET"]}}],"collection":[{"href":"https:\/\/www.turismodealmeria.org\/de\/wp-json\/wp\/v2\/pages"}],"about":[{"href":"https:\/\/www.turismodealmeria.org\/de\/wp-json\/wp\/v2\/types\/page"}],"author":[{"embeddable":true,"href":"https:\/\/www.turismodealmeria.org\/de\/wp-json\/wp\/v2\/users\/13"}],"replies":[{"embeddable":true,"href":"https:\/\/www.turismodealmeria.org\/de\/wp-json\/wp\/v2\/comments?post=59301"}],"version-history":[{"count":0,"href":"https:\/\/www.turismodealmeria.org\/de\/wp-json\/wp\/v2\/pages\/59301\/revisions"}],"wp:attachment":[{"href":"https:\/\/www.turismodealmeria.org\/de\/wp-json\/wp\/v2\/media?parent=59301"}],"curies":[{"name":"wp","href":"https:\/\/api.w.org\/{rel}","templated":true}]}}