{"id":81926,"date":"2025-02-13T14:23:49","date_gmt":"2025-02-13T12:23:49","guid":{"rendered":"https:\/\/www.turismodealmeria.org\/?page_id=81926"},"modified":"2025-03-11T15:07:59","modified_gmt":"2025-03-11T13:07:59","slug":"almeria-in-1-tag","status":"publish","type":"page","link":"https:\/\/www.turismodealmeria.org\/de\/almeria-in-1-tag\/","title":{"rendered":"Almeria in 1 tag"},"content":{"rendered":"<div class=\"wpb-content-wrapper\"><p>[vc_section][vc_row row_height_percent=&#8220;0&#8243; override_padding=&#8220;yes&#8220; h_padding=&#8220;2&#8243; top_padding=&#8220;3&#8243; bottom_padding=&#8220;2&#8243; overlay_alpha=&#8220;50&#8243; gutter_size=&#8220;3&#8243; column_width_percent=&#8220;100&#8243; shift_y=&#8220;0&#8243; z_index=&#8220;0&#8243; uncode_shortcode_id=&#8220;151122&#8243;][vc_column column_width_percent=&#8220;100&#8243; position_vertical=&#8220;middle&#8220; align_horizontal=&#8220;align_center&#8220; gutter_size=&#8220;3&#8243; overlay_alpha=&#8220;50&#8243; shift_x=&#8220;0&#8243; shift_y=&#8220;0&#8243; shift_y_down=&#8220;0&#8243; z_index=&#8220;0&#8243; medium_width=&#8220;0&#8243; mobile_width=&#8220;0&#8243; width=&#8220;1\/1&#8243; uncode_shortcode_id=&#8220;121049&#8243;][vc_custom_heading text_color=&#8220;color-sea-blue&#8220; heading_semantic=&#8220;h1&#8243; text_font=&#8220;font-555555&#8243; text_size=&#8220;fontsize-40&#8243; text_weight=&#8220;600&#8243; text_height=&#8220;fontheight-23&#8243; sub_lead=&#8220;yes&#8220; uncode_shortcode_id=&#8220;185272&#8243; text_color_type=&#8220;uncode-palette&#8220; subheading=&#8220;Erbe, Handel und Qualit\u00e4t&#8220; el_id=&#8220;title-cruceros&#8220;]Almeria in 1 tag[\/vc_custom_heading][\/vc_column][\/vc_row][vc_row row_height_percent=&#8220;0&#8243; override_padding=&#8220;yes&#8220; h_padding=&#8220;2&#8243; top_padding=&#8220;2&#8243; bottom_padding=&#8220;3&#8243; overlay_alpha=&#8220;50&#8243; equal_height=&#8220;yes&#8220; gutter_size=&#8220;3&#8243; column_width_percent=&#8220;100&#8243; border_color=&#8220;color-FFCC00&#8243; shift_y=&#8220;0&#8243; z_index=&#8220;0&#8243; uncode_shortcode_id=&#8220;698857&#8243; css=&#8220;.vc_custom_1739378479005{border-top-width: 2px !important;border-right-width: 2px !important;border-bottom-width: 2px !important;border-left-width: 2px !important;}&#8220; border_color_type=&#8220;uncode-palette&#8220; el_id=&#8220;row-rutas-almeria&#8220;][vc_column column_width_percent=&#8220;100&#8243; gutter_size=&#8220;3&#8243; overlay_alpha=&#8220;50&#8243; border_style=&#8220;solid&#8220; shift_x=&#8220;0&#8243; shift_y=&#8220;0&#8243; shift_y_down=&#8220;0&#8243; z_index=&#8220;0&#8243; medium_width=&#8220;0&#8243; mobile_width=&#8220;0&#8243; width=&#8220;1\/1&#8243; uncode_shortcode_id=&#8220;618817&#8243;][uncode_index el_id=&#8220;index-169992&#8243; loop=&#8220;size:9|order_by:ID|order:ASC|post_type:rutas|by_id:81828,81814,81796,81778,81752,81734,81715,81689,81660|taxonomy_count:10&#8243; screen_lg=&#8220;1000&#8243; screen_md=&#8220;600&#8243; screen_sm=&#8220;480&#8243; gutter_size=&#8220;4&#8243; post_items=&#8220;media|media|nolink|Ver,title,link|round|small_size&#8220; rutas_items=&#8220;media|featured|onpost|original,title,link|default|small_size|seh&#8220; images_size=&#8220;one-one&#8220; single_overlay_color=&#8220;#868787&#8243; single_overlay_opacity=&#8220;50&#8243; single_overlay_anim=&#8220;no&#8220; single_text_anim=&#8220;no&#8220; single_image_anim=&#8220;no&#8220; single_h_align=&#8220;center&#8220; single_padding=&#8220;3&#8243; single_title_family=&#8220;font-555555&#8243; single_title_dimension=&#8220;fontsize-106473&#8243; single_title_weight=&#8220;600&#8243; single_title_transform=&#8220;uppercase&#8220; single_title_height=&#8220;fontheight-29&#8243; uncode_shortcode_id=&#8220;179167&#8243; el_class=&#8220;content-alm1dia&#8220;][\/vc_column][\/vc_row][\/vc_section][vc_section overlay_alpha=&#8220;50&#8243; uncode_shortcode_id=&#8220;514329&#8243; el_class=&#8220;pt-sm-0&#8243;][vc_row row_height_percent=&#8220;75&#8243; override_padding=&#8220;yes&#8220; h_padding=&#8220;0&#8243; top_padding=&#8220;2&#8243; bottom_padding=&#8220;0&#8243; overlay_alpha=&#8220;50&#8243; gutter_size=&#8220;3&#8243; column_width_percent=&#8220;100&#8243; shift_y=&#8220;0&#8243; z_index=&#8220;0&#8243; uncode_shortcode_id=&#8220;991503&#8243; el_class=&#8220;pt-sm-0&#8243; shape_dividers=&#8220;&#8220;][vc_column column_width_percent=&#8220;100&#8243; gutter_size=&#8220;3&#8243; overlay_alpha=&#8220;50&#8243; shift_x=&#8220;0&#8243; shift_y=&#8220;0&#8243; shift_y_down=&#8220;0&#8243; z_index=&#8220;0&#8243; medium_width=&#8220;0&#8243; mobile_width=&#8220;0&#8243; width=&#8220;1\/1&#8243; uncode_shortcode_id=&#8220;646301&#8243; el_class=&#8220;pt-sm-0&#8243;][vc_raw_html el_class=&#8220;pt-sm-0&#8243;]JTNDaWZyYW1lJTIwc3JjJTNEJTIyaHR0cHMlM0ElMkYlMkZ3d3cueW91dHViZS5jb20lMkZlbWJlZCUyRmhab1d4VFFNMHBrJTNGc2klM0Q4MVNuOUtXMnQ0TzItSzVlJTIyJTIwdGl0bGUlM0QlMjJBbG1lciVDMyVBRGElMjBpbiUyMG9uZSUyMGRheSUyMiUyMGZyYW1lYm9yZGVyJTNEJTIyMCUyMiUyMGFsbG93JTNEJTIyYWNjZWxlcm9tZXRlciUzQiUyMGF1dG9wbGF5JTNCJTIwY2xpcGJvYXJkLXdyaXRlJTNCJTIwZW5jcnlwdGVkLW1lZGlhJTNCJTIwZ3lyb3Njb3BlJTNCJTIwcGljdHVyZS1pbi1waWN0dXJlJTNCJTIwd2ViLXNoYXJlJTIyJTIwcmVmZXJyZXJwb2xpY3klM0QlMjJzdHJpY3Qtb3JpZ2luLXdoZW4tY3Jvc3Mtb3JpZ2luJTIyJTIwYWxsb3dmdWxsc2NyZWVuJTIwc3R5bGUlM0QlMjJ3aWR0aCUzQTEwMCUyNSUzQiUyMGhlaWdodCUzQTM1dnclM0IlMjBtaW4taGVpZ2h0JTNBMjUwcHglM0IlMjIlM0UlM0MlMkZpZnJhbWUlM0U=[\/vc_raw_html][\/vc_column][\/vc_row][\/vc_section][vc_section][vc_row row_height_percent=&#8220;0&#8243; override_padding=&#8220;yes&#8220; h_padding=&#8220;2&#8243; top_padding=&#8220;3&#8243; bottom_padding=&#8220;3&#8243; overlay_alpha=&#8220;50&#8243; gutter_size=&#8220;3&#8243; column_width_percent=&#8220;100&#8243; shift_y=&#8220;0&#8243; z_index=&#8220;0&#8243; uncode_shortcode_id=&#8220;704879&#8243;][vc_column column_width_percent=&#8220;100&#8243; position_vertical=&#8220;middle&#8220; align_horizontal=&#8220;align_center&#8220; gutter_size=&#8220;3&#8243; overlay_alpha=&#8220;50&#8243; shift_x=&#8220;0&#8243; shift_y=&#8220;0&#8243; shift_y_down=&#8220;0&#8243; z_index=&#8220;0&#8243; medium_width=&#8220;0&#8243; mobile_width=&#8220;0&#8243; width=&#8220;1\/4&#8243; uncode_shortcode_id=&#8220;305951&#8243; el_class=&#8220;px-sm-50&#8243;][vc_single_image media=&#8220;80713&#8243; media_width_use_pixel=&#8220;yes&#8220; uncode_shortcode_id=&#8220;178361&#8243; media_width_pixel=&#8220;313&#8243;][\/vc_column][vc_column column_width_percent=&#8220;100&#8243; position_vertical=&#8220;middle&#8220; align_horizontal=&#8220;align_center&#8220; gutter_size=&#8220;3&#8243; overlay_alpha=&#8220;50&#8243; shift_x=&#8220;0&#8243; shift_y=&#8220;0&#8243; shift_y_down=&#8220;0&#8243; z_index=&#8220;0&#8243; medium_width=&#8220;0&#8243; mobile_width=&#8220;0&#8243; width=&#8220;1\/4&#8243; uncode_shortcode_id=&#8220;157549&#8243; el_class=&#8220;px-sm-50&#8243;][vc_single_image media=&#8220;80717&#8243; media_width_use_pixel=&#8220;yes&#8220; alignment=&#8220;center&#8220; uncode_shortcode_id=&#8220;147991&#8243; media_width_pixel=&#8220;272&#8243;][\/vc_column][vc_column column_width_percent=&#8220;100&#8243; position_vertical=&#8220;middle&#8220; align_horizontal=&#8220;align_center&#8220; gutter_size=&#8220;3&#8243; overlay_alpha=&#8220;50&#8243; shift_x=&#8220;0&#8243; shift_y=&#8220;0&#8243; shift_y_down=&#8220;0&#8243; z_index=&#8220;0&#8243; medium_width=&#8220;0&#8243; mobile_width=&#8220;0&#8243; width=&#8220;1\/4&#8243; uncode_shortcode_id=&#8220;723081&#8243; el_class=&#8220;px-sm-50&#8243;][vc_single_image media=&#8220;80721&#8243; media_width_use_pixel=&#8220;yes&#8220; uncode_shortcode_id=&#8220;269589&#8243; media_width_pixel=&#8220;434&#8243;][\/vc_column][vc_column column_width_percent=&#8220;100&#8243; position_vertical=&#8220;middle&#8220; align_horizontal=&#8220;align_center&#8220; gutter_size=&#8220;3&#8243; overlay_alpha=&#8220;50&#8243; shift_x=&#8220;0&#8243; shift_y=&#8220;0&#8243; shift_y_down=&#8220;0&#8243; z_index=&#8220;0&#8243; medium_width=&#8220;0&#8243; mobile_width=&#8220;0&#8243; width=&#8220;1\/4&#8243; uncode_shortcode_id=&#8220;104361&#8243; el_class=&#8220;px-sm-50&#8243;][vc_single_image media=&#8220;80709&#8243; media_width_use_pixel=&#8220;yes&#8220; uncode_shortcode_id=&#8220;488998&#8243; media_width_pixel=&#8220;263&#8243;][\/vc_column][\/vc_row][\/vc_section][vc_row unlock_row_content=&#8220;yes&#8220; row_height_percent=&#8220;0&#8243; override_padding=&#8220;yes&#8220; h_padding=&#8220;0&#8243; top_padding=&#8220;0&#8243; bottom_padding=&#8220;0&#8243; back_color=&#8220;color-cool-grey&#8220; overlay_alpha=&#8220;50&#8243; gutter_size=&#8220;0&#8243; column_width_percent=&#8220;100&#8243; shift_y=&#8220;0&#8243; z_index=&#8220;0&#8243; uncode_shortcode_id=&#8220;100018&#8243; back_color_type=&#8220;uncode-palette&#8220; el_class=&#8220;descubre-mas-experiencias banner-mas-info&#8220;][vc_column column_width_percent=&#8220;100&#8243; position_horizontal=&#8220;right&#8220; position_vertical=&#8220;middle&#8220; gutter_size=&#8220;2&#8243; overlay_alpha=&#8220;50&#8243; shift_x=&#8220;0&#8243; shift_y=&#8220;0&#8243; shift_y_down=&#8220;0&#8243; z_index=&#8220;0&#8243; medium_width=&#8220;0&#8243; mobile_width=&#8220;0&#8243; width=&#8220;5\/12&#8243; uncode_shortcode_id=&#8220;649752&#8243; el_class=&#8220;max-width-345px&#8220;][vc_custom_heading text_color=&#8220;color-deep-teal&#8220; text_size=&#8220;fontsize-120373&#8243; text_weight=&#8220;600&#8243; uncode_shortcode_id=&#8220;191258&#8243; text_color_type=&#8220;uncode-palette&#8220;]ENTDECKE MEHR ERLEBNISSE[\/vc_custom_heading][vc_separator sep_color=&#8220;color-amber&#8220; uncode_shortcode_id=&#8220;143713&#8243; sep_color_type=&#8220;uncode-palette&#8220; el_width=&#8220;50%&#8220; el_height=&#8220;8px&#8220; el_class=&#8220;mt-10&#8243;][vc_column_text uncode_shortcode_id=&#8220;516898&#8243;]Weil Reisen ein Gef\u00fchl ist, finden Sie hier Aktivit\u00e4ten f\u00fcr Ihren Aufenthalt in Almer\u00eda.[\/vc_column_text][vc_button custom_typo=&#8220;yes&#8220; font_family=&#8220;font-555555&#8243; font_weight=&#8220;600&#8243; border_width=&#8220;0&#8243; uncode_shortcode_id=&#8220;672186&#8243; el_class=&#8220;btn-mas-consejos&#8220; link=&#8220;url:https%3A%2F%2Fwww.turismodealmeria.org%2Fde%2Ferfahrungentourismus%2F&#8220;]ENTDECKEN[\/vc_button][\/vc_column][vc_column width=&#8220;7\/12&#8243;][vc_single_image media=&#8220;45873&#8243; media_width_percent=&#8220;100&#8243; uncode_shortcode_id=&#8220;992824&#8243;][\/vc_column][\/vc_row][vc_row row_height_percent=&#8220;0&#8243; override_padding=&#8220;yes&#8220; h_padding=&#8220;2&#8243; top_padding=&#8220;3&#8243; bottom_padding=&#8220;3&#8243; overlay_alpha=&#8220;50&#8243; gutter_size=&#8220;3&#8243; column_width_percent=&#8220;100&#8243; shift_y=&#8220;0&#8243; z_index=&#8220;0&#8243; uncode_shortcode_id=&#8220;962810&#8243;][vc_column width=&#8220;1\/1&#8243;][vc_custom_heading text_color=&#8220;color-deep-teal&#8220; text_size=&#8220;h3&#8243; text_weight=&#8220;600&#8243; uncode_shortcode_id=&#8220;158100&#8243; text_color_type=&#8220;uncode-palette&#8220;]Aktivit\u00e4ten[\/vc_custom_heading][uncode_index el_id=&#8220;experiencias-sol-playa&#8220; index_type=&#8220;carousel&#8220; loop=&#8220;size:10|order_by:title|post_type:experiencia|tax_query:1359|taxonomy_count:10&#8243; carousel_lg=&#8220;3&#8243; carousel_md=&#8220;3&#8243; carousel_sm=&#8220;1&#8243; thumb_size=&#8220;five-four&#8220; gutter_size=&#8220;2&#8243; page_items=&#8220;media|featured|onpost|original,title,sep-one|full&#8220; experiencia_items=&#8220;media|featured|onpost|original,title,sep-one|full&#8220; carousel_interval=&#8220;3000&#8243; carousel_navspeed=&#8220;400&#8243; carousel_nav=&#8220;yes&#8220; stage_padding=&#8220;0&#8243; single_overlay_opacity=&#8220;50&#8243; single_h_align=&#8220;center&#8220; single_padding=&#8220;1&#8243; single_title_dimension=&#8220;fontsize-20&#8243; single_title_weight=&#8220;600&#8243; single_title_transform=&#8220;uppercase&#8220; uncode_shortcode_id=&#8220;160028&#8243; el_class=&#8220;text-color-deep-teal-color listado-playas-tu-experiencia border-radius-5px&#8220;][\/vc_column][\/vc_row][vc_row row_height_percent=&#8220;0&#8243; override_padding=&#8220;yes&#8220; h_padding=&#8220;0&#8243; top_padding=&#8220;3&#8243; bottom_padding=&#8220;2&#8243; back_color=&#8220;color-defafa&#8220; overlay_alpha=&#8220;50&#8243; gutter_size=&#8220;4&#8243; column_width_percent=&#8220;100&#8243; shift_y=&#8220;0&#8243; z_index=&#8220;0&#8243; uncode_shortcode_id=&#8220;107692&#8243; back_color_type=&#8220;uncode-palette&#8220; el_class=&#8220;banner-consejos&#8220;][vc_column column_width_percent=&#8220;100&#8243; gutter_size=&#8220;3&#8243; overlay_alpha=&#8220;50&#8243; shift_x=&#8220;0&#8243; shift_y=&#8220;0&#8243; shift_y_down=&#8220;0&#8243; z_index=&#8220;0&#8243; medium_visibility=&#8220;yes&#8220; medium_width=&#8220;0&#8243; mobile_visibility=&#8220;yes&#8220; mobile_width=&#8220;0&#8243; width=&#8220;1\/12&#8243; uncode_shortcode_id=&#8220;159423&#8243;][\/vc_column][vc_column column_width_percent=&#8220;100&#8243; position_vertical=&#8220;middle&#8220; gutter_size=&#8220;3&#8243; overlay_alpha=&#8220;50&#8243; shift_x=&#8220;0&#8243; shift_y=&#8220;0&#8243; shift_y_down=&#8220;0&#8243; z_index=&#8220;0&#8243; medium_width=&#8220;0&#8243; mobile_width=&#8220;0&#8243; width=&#8220;5\/12&#8243; uncode_shortcode_id=&#8220;133982&#8243;][vc_single_image media=&#8220;45368&#8243; media_width_percent=&#8220;75&#8243; uncode_shortcode_id=&#8220;159856&#8243;][\/vc_column][vc_column column_width_percent=&#8220;100&#8243; position_vertical=&#8220;middle&#8220; gutter_size=&#8220;2&#8243; overlay_alpha=&#8220;50&#8243; shift_x=&#8220;0&#8243; shift_y=&#8220;0&#8243; shift_y_down=&#8220;0&#8243; z_index=&#8220;0&#8243; medium_width=&#8220;0&#8243; mobile_width=&#8220;0&#8243; width=&#8220;5\/12&#8243; uncode_shortcode_id=&#8220;169281&#8243;][vc_custom_heading text_color=&#8220;color-deep-teal&#8220; text_size=&#8220;fontsize-120373&#8243; text_weight=&#8220;600&#8243; uncode_shortcode_id=&#8220;108004&#8243; text_color_type=&#8220;uncode-palette&#8220;]GENIESSEN SIE DIE<br \/>\nSTR\u00c4NDE SICHER AUS ALMERIA[\/vc_custom_heading][vc_column_text uncode_shortcode_id=&#8220;861480&#8243; css=&#8220;.vc_custom_1739449402846{margin-top: 5px !important;}&#8220;]Genie\u00dfen Sie Ihren Urlaub in Almer\u00eda sicher.[\/vc_column_text][vc_button custom_typo=&#8220;yes&#8220; font_family=&#8220;font-555555&#8243; font_weight=&#8220;600&#8243; border_width=&#8220;0&#8243; uncode_shortcode_id=&#8220;177471&#8243; el_class=&#8220;btn-consejos&#8220; link=&#8220;url:https%3A%2F%2Fwww.turismodealmeria.org%2Fde%2Fconsejos%2Fsonne-und-strand%2F|title:Sol%20y%20playa&#8220;]TIPPS[\/vc_button][\/vc_column][vc_column column_width_percent=&#8220;100&#8243; gutter_size=&#8220;3&#8243; overlay_alpha=&#8220;50&#8243; shift_x=&#8220;0&#8243; shift_y=&#8220;0&#8243; shift_y_down=&#8220;0&#8243; z_index=&#8220;0&#8243; medium_visibility=&#8220;yes&#8220; medium_width=&#8220;0&#8243; mobile_visibility=&#8220;yes&#8220; mobile_width=&#8220;0&#8243; width=&#8220;1\/12&#8243; uncode_shortcode_id=&#8220;206404&#8243;][\/vc_column][\/vc_row]<\/p>\n<\/div>","protected":false},"excerpt":{"rendered":"<p>[vc_section][vc_row row_height_percent=&#8220;0&#8243; override_padding=&#8220;yes&#8220; h_padding=&#8220;2&#8243; top_padding=&#8220;3&#8243; bottom_padding=&#8220;2&#8243; overlay_alpha=&#8220;50&#8243; gutter_size=&#8220;3&#8243; column_width_percent=&#8220;100&#8243; shift_y=&#8220;0&#8243; z_index=&#8220;0&#8243; uncode_shortcode_id=&#8220;151122&#8243;][vc_column column_width_percent=&#8220;100&#8243; position_vertical=&#8220;middle&#8220; align_horizontal=&#8220;align_center&#8220; gutter_size=&#8220;3&#8243; overlay_alpha=&#8220;50&#8243; shift_x=&#8220;0&#8243; shift_y=&#8220;0&#8243; shift_y_down=&#8220;0&#8243; [&hellip;]<\/p>\n","protected":false},"author":21,"featured_media":0,"parent":0,"menu_order":0,"comment_status":"closed","ping_status":"closed","template":"","meta":{"_acf_changed":false,"footnotes":""},"class_list":["post-81926","page","type-page","status-publish","hentry"],"acf":[],"ACF":{"imagen_cabecera":false},"_links":{"self":[{"href":"https:\/\/www.turismodealmeria.org\/de\/wp-json\/wp\/v2\/pages\/81926","targetHints":{"allow":["GET"]}}],"collection":[{"href":"https:\/\/www.turismodealmeria.org\/de\/wp-json\/wp\/v2\/pages"}],"about":[{"href":"https:\/\/www.turismodealmeria.org\/de\/wp-json\/wp\/v2\/types\/page"}],"author":[{"embeddable":true,"href":"https:\/\/www.turismodealmeria.org\/de\/wp-json\/wp\/v2\/users\/21"}],"replies":[{"embeddable":true,"href":"https:\/\/www.turismodealmeria.org\/de\/wp-json\/wp\/v2\/comments?post=81926"}],"version-history":[{"count":0,"href":"https:\/\/www.turismodealmeria.org\/de\/wp-json\/wp\/v2\/pages\/81926\/revisions"}],"wp:attachment":[{"href":"https:\/\/www.turismodealmeria.org\/de\/wp-json\/wp\/v2\/media?parent=81926"}],"curies":[{"name":"wp","href":"https:\/\/api.w.org\/{rel}","templated":true}]}}