{"id":9667,"date":"2016-02-11T07:53:44","date_gmt":"2016-02-11T07:53:44","guid":{"rendered":"https:\/\/www.turismodealmeria.org\/take-at-look-almeria\/?lang=de"},"modified":"2016-06-20T08:15:57","modified_gmt":"2016-06-20T08:15:57","slug":"was-wir-bieten","status":"publish","type":"page","link":"https:\/\/www.turismodealmeria.org\/de\/bereite-deine-reise-vor\/was-wir-bieten\/","title":{"rendered":"Was wir bieten"},"content":{"rendered":"<div class=\"col-lg-6 col-md-4 col-sm-12 col-xs-12 left0\">\n<p>Almeria ist eine Stadt im S\u00fcdosten der  iberischen Halbinsel und geh\u00f6rt zur Autonomen Region Andalusien. Mit einer  Bev\u00f6lkerung von etwa 200.000 Einwohnern ist es eine mehr als 1000 Jahre alte  K\u00fcstenstadt, die als arabischer Hafen des Kalifats Cordoba entstand. Wenngleich  die arch\u00e4ologischen \u00dcberreste bezeugen, dass es schon vor mehr als 2000 Jahren  besiedelt war.<\/p>\n<p>  <strong>Wegen seiner  Geschichte bietet Almer\u00eda<\/strong> dem Besucher zahlreiche Denkm\u00e4ler und  Sehensw\u00fcrdigkeiten. Aus der arabischen Epoche sind besonders<strong>&nbsp;<\/strong><strong>die Alcazaba,<\/strong>&nbsp;die  \u00fcber der Stadt thront, das Stadtviertel der&nbsp;<strong>Medina<\/strong>&nbsp;und  die<strong>&nbsp;<\/strong><strong>Jayran Zysternen<\/strong> sehenswert. Aus der christlichen Epoche  sind vor allem die <strong>Kirchenburg<\/strong>&nbsp;von Almeria, sowie die anderen Gottesh\u00e4user  und Kl\u00f6ster, die \u00fcber die ganze Altstadt verteilt sind, zu nennen. Aus der  b\u00fcrgerlichen Epoche Bauten wie das Casa de las Mariposas (Schmetterlingshaus) oder&nbsp;<strong>Casino Cultural &#8211; Kulturkasino<\/strong>&nbsp;und die Eisenarchitektur, vertreten durch  das&nbsp;<strong>Cable Ingles \u2013 Englisches Kabel <\/strong>&nbsp;und  den<strong>&nbsp;<\/strong><strong>Bahnhof<\/strong>. In der ersten H\u00e4lfte des 20. Jahrhunderts wurde Almeria im B\u00fcrgerkrieg  schwer getroffen und war Ziel einer der schlimmsten Bombenangriffe auf die  zivile Bev\u00f6lkerung, bei dem gro\u00dfe Teile der Stadt zerst\u00f6rt wurden. Aus diesen  Jahren zeugen die<strong>&nbsp;<\/strong><strong>Luftschutzstollen<\/strong>, die von <strong>Guillermo Langle<\/strong>&nbsp;entworfen  wurden, beide ein absolutes Muss bei jeder Stadtbesichtigung.<\/p>\n<p>  <strong>Almeria bedeutet auch  Kino.<\/strong>&nbsp;In  den Stra\u00dfen der Stadt wurden ber\u00fchmte Kinofilme gedreht, und ihre Denkm\u00e4ler  wurden f\u00fcr Regisseure wie David Lean, John Milius oder Steven  Spielberg h\u00f6chstpers\u00f6nlich zu Drehorten.&nbsp;<strong>Der  Wind und der L\u00f6we, Indiana Jones und der letzte Kreuzzug<\/strong>,&nbsp;<strong>Conan  der Barbar,<\/strong>&nbsp;<strong>Lawrence von Arabien<\/strong>&nbsp;oder&nbsp;<strong>Patton \u2013 Rebell in Uniform<\/strong>&nbsp;sind einige der gro\u00dfen Produktionen, f\u00fcr die  einige Szenen in der Stadt Almeria gedreht wurden. In j\u00fcngster Zeit  haben <strong>The Revenant \u2013 der  R\u00fcckkehrer<\/strong>&nbsp;und&nbsp;<strong>Games of Throns<\/strong>&nbsp;(sechste Staffel) Almeria als  Filmkulisse ausgew\u00e4hlt.<br \/>\n  <strong>Almeria ist zweifellos  um seine K\u00fcste zu beneiden.<\/strong>&nbsp;Mit&nbsp;<strong>16<\/strong>&nbsp;an die Bed\u00fcrfnisse der Besucher  angepassten <strong>Str\u00e4nden<\/strong> hat Almeria sowohl unber\u00fchrte, als auch andere, die sich im Stadtkern befinden  und \u00fcber allerlei Serviceleistungen und leichte Zug\u00e4nglichkeit zum Strand  verf\u00fcgen. Die Str\u00e4nde von&nbsp;<strong>El  Corralete<\/strong>,&nbsp;<strong>Las  Salinas<\/strong>,&nbsp;<strong>San  Miguel de Cabo de Gata<\/strong>,&nbsp;<strong>el Toyo<\/strong>&nbsp;und&nbsp;<strong>San  Miguel de Almer\u00eda<\/strong>&nbsp;sind einige der bekanntesten und am  h\u00e4ufigsten besuchten.<\/p>\n<p>  <strong>Almeria ist auch die  Stadt der Tapas<\/strong>&nbsp;und  verf\u00fcgt \u00fcber eine abwechslungsreiche <strong>Gastronomie<\/strong>. Aufgrund der N\u00e4he zum Meer und der  Tatsache, der gr\u00f6\u00dfte Gem\u00fcsegarten Europas zu sein, ist Almeria ein klares  Beispiel f\u00fcr<strong>&nbsp;<\/strong><strong>mediterrane K\u00fcche<\/strong>. Zum  Essen auszugehen bedeutet in der Stadt zum Tapas-Essen auszugehen,  Kleinigkeiten zu essen, die man mit jedem Getr\u00e4nk ausw\u00e4hlt:<strong>&nbsp;die<\/strong><strong> migas<\/strong>,&nbsp;<strong>der  trigo<\/strong>&nbsp;oder&nbsp;<strong>die  Cherigans<\/strong>&nbsp;sind  einige der beliebtesten Gerichte. Aber Almeria erlebt gerade auch einen Boom in  der <strong>neuen K\u00fcche<\/strong>,  bleibt aber immer seinen Wurzeln treu und benutzt Zutaten von allerh\u00f6chster Qualit\u00e4t.<\/p>\n<p>Unser Angebot wird von herrlichen&nbsp;<strong>Parks<\/strong>, <strong>Naturlandschaften<\/strong>&nbsp;und einer gro\u00dfen&nbsp;<strong>Auswahl an Museen<\/strong> vervollst\u00e4ndigt.<\/p>\n<\/div>\n<div class=\"col-lg-6 col-md-4 col-sm-12 col-xs-12 right0\">\n<iframe src=\"https:\/\/www.youtube.com\/embed\/l6oWphMzd3I?rel=0\" width=\"100%\" height=\"315\" frameborder=\"0\" allowfullscreen=\"allowfullscreen\"><\/iframe><\/p>\n<div id=\"gallery-1\" class=\"gallery galleryid-40 gallery-columns-2 gallery-size-thumbnail\">\n<dl class=\"gallery-item\">\n<dt class=\"gallery-icon portrait\">\n<a class=\"mokka-ilightbox\" href=\"https:\/\/www.turismodealmeria.org\/wp-content\/uploads\/2016\/04\/almeria-vistazo-turismo-alboran-golf.jpg\"><img decoding=\"async\" width=\"1920\" height=\"1080\" src=\"https:\/\/www.turismodealmeria.org\/wp-content\/uploads\/2016\/04\/almeria-vistazo-turismo-alboran-golf.jpg\"  alt=\"Albor\u00e1n Golf\"><\/a>\n\t\t\t<\/dt>\n<\/dl>\n<dl class=\"gallery-item\">\n<dt class=\"gallery-icon portrait\">\n<a class=\"mokka-ilightbox\" href=\"https:\/\/www.turismodealmeria.org\/wp-content\/uploads\/2016\/04\/almeria-vistazo-turismo-alcazaba-de-almeria.jpg\"><img decoding=\"async\" width=\"1920\" height=\"1080\" src=\"https:\/\/www.turismodealmeria.org\/wp-content\/uploads\/2016\/04\/almeria-vistazo-turismo-alcazaba-de-almeria.jpg\"  alt=\"Alcazaba\"><\/a>\n\t\t\t<\/dt>\n<\/dl>\n<dl class=\"gallery-item\">\n<dt class=\"gallery-icon portrait\">\n<a class=\"mokka-ilightbox\" href=\"https:\/\/www.turismodealmeria.org\/wp-content\/uploads\/2016\/04\/almeria-vistazo-turismo-cabo-de-gata-pueblo.jpg\"><img decoding=\"async\" width=\"1920\" height=\"1080\" src=\"https:\/\/www.turismodealmeria.org\/wp-content\/uploads\/2016\/04\/almeria-vistazo-turismo-cabo-de-gata-pueblo.jpg\"  alt=\"Cabo de Gata\"><\/a>\n\t\t\t<\/dt>\n<\/dl>\n<dl class=\"gallery-item\">\n<dt class=\"gallery-icon portrait\">\n<a class=\"mokka-ilightbox\" href=\"https:\/\/www.turismodealmeria.org\/wp-content\/uploads\/2016\/04\/almeria-vistazo-turismo-carguero-mineral.jpg\"><img decoding=\"async\" width=\"1920\" height=\"1080\" src=\"https:\/\/www.turismodealmeria.org\/wp-content\/uploads\/2016\/04\/almeria-vistazo-turismo-carguero-mineral.jpg\"  alt=\"Cable Ingles\"><\/a>\n\t\t\t<\/dt>\n<\/dl>\n<dl class=\"gallery-item\">\n<dt class=\"gallery-icon portrait\">\n<a class=\"mokka-ilightbox\" href=\"https:\/\/www.turismodealmeria.org\/wp-content\/uploads\/2016\/04\/almeria-vistazo-turismo-casa-del-cine.jpg\"><img decoding=\"async\" width=\"1920\" height=\"1080\" src=\"https:\/\/www.turismodealmeria.org\/wp-content\/uploads\/2016\/04\/almeria-vistazo-turismo-casa-del-cine.jpg\"  alt=\"Casa del Cine\"><\/a>\n\t\t\t<\/dt>\n<\/dl>\n<dl class=\"gallery-item\">\n<dt class=\"gallery-icon portrait\">\n<a class=\"mokka-ilightbox\" href=\"https:\/\/www.turismodealmeria.org\/wp-content\/uploads\/2016\/04\/almeria-vistazo-turismo-catedral-fortaleza.jpg\"><img decoding=\"async\" width=\"1920\" height=\"1080\" src=\"https:\/\/www.turismodealmeria.org\/wp-content\/uploads\/2016\/04\/almeria-vistazo-turismo-catedral-fortaleza.jpg\"  alt=\"Catedral\"><\/a>\n\t\t\t<\/dt>\n<\/dl>\n<dl class=\"gallery-item\">\n<dt class=\"gallery-icon portrait\">\n<a class=\"mokka-ilightbox\" href=\"https:\/\/www.turismodealmeria.org\/wp-content\/uploads\/2016\/04\/almeria-vistazo-turismo-el-toyo.jpg\"><img decoding=\"async\" width=\"1920\" height=\"1080\" src=\"https:\/\/www.turismodealmeria.org\/wp-content\/uploads\/2016\/04\/almeria-vistazo-turismo-el-toyo.jpg\"  alt=\"El Toyo\"><\/a>\n\t\t\t<\/dt>\n<\/dl>\n<dl class=\"gallery-item\">\n<dt class=\"gallery-icon portrait\">\n<a class=\"mokka-ilightbox\" href=\"https:\/\/www.turismodealmeria.org\/wp-content\/uploads\/2016\/04\/almeria-vistazo-turismo-estacion-ferrocarril.jpg\"><img decoding=\"async\" width=\"1920\" height=\"1080\" src=\"https:\/\/www.turismodealmeria.org\/wp-content\/uploads\/2016\/04\/almeria-vistazo-turismo-estacion-ferrocarril.jpg\"  alt=\"Estaci\u00f3n Ferrocarril\"><\/a>\n\t\t\t<\/dt>\n<\/dl>\n<dl class=\"gallery-item\">\n<dt class=\"gallery-icon portrait\">\n<a class=\"mokka-ilightbox\" href=\"https:\/\/www.turismodealmeria.org\/wp-content\/uploads\/2016\/04\/almeria-vistazo-turismo-iglesia-salinas.jpg\"><img decoding=\"async\" width=\"1920\" height=\"1080\" src=\"https:\/\/www.turismodealmeria.org\/wp-content\/uploads\/2016\/04\/almeria-vistazo-turismo-iglesia-salinas.jpg\"  alt=\"Iglesia Las Salinas\"><\/a>\n\t\t\t<\/dt>\n<\/dl>\n<dl class=\"gallery-item\">\n<dt class=\"gallery-icon portrait\">\n<a class=\"mokka-ilightbox\" href=\"https:\/\/www.turismodealmeria.org\/wp-content\/uploads\/2016\/04\/almeria-vistazo-turismo-panoramica-barrio-aljibe.jpg\"><img decoding=\"async\" width=\"1920\" height=\"1080\" src=\"https:\/\/www.turismodealmeria.org\/wp-content\/uploads\/2016\/04\/almeria-vistazo-turismo-panoramica-barrio-aljibe.jpg\"  alt=\"Barrio Aljibe\"><\/a>\n\t\t\t<\/dt>\n<\/dl>\n<dl class=\"gallery-item\">\n<dt class=\"gallery-icon portrait\">\n<a class=\"mokka-ilightbox\" href=\"https:\/\/www.turismodealmeria.org\/wp-content\/uploads\/2016\/04\/almeria-vistazo-turismo-parque-almadravillas.jpg\"><img decoding=\"async\" width=\"1920\" height=\"1080\" src=\"https:\/\/www.turismodealmeria.org\/wp-content\/uploads\/2016\/04\/almeria-vistazo-turismo-parque-almadravillas.jpg\"  alt=\"Parque Almadravillas\"><\/a>\n\t\t\t<\/dt>\n<\/dl>\n<dl class=\"gallery-item\">\n<dt class=\"gallery-icon portrait\">\n<a class=\"mokka-ilightbox\" href=\"https:\/\/www.turismodealmeria.org\/wp-content\/uploads\/2016\/04\/almeria-vistazo-turismo-paseo-maritimo.jpg\"><img decoding=\"async\" width=\"1920\" height=\"1080\" src=\"https:\/\/www.turismodealmeria.org\/wp-content\/uploads\/2016\/04\/almeria-vistazo-turismo-paseo-maritimo.jpg\"  alt=\"Paseo Mar\u00edtimo\"><\/a>\n\t\t\t<\/dt>\n<\/dl>\n<dl class=\"gallery-item\">\n<dt class=\"gallery-icon portrait\">\n<a class=\"mokka-ilightbox\" href=\"https:\/\/www.turismodealmeria.org\/wp-content\/uploads\/2016\/04\/almeria-vistazo-turismo-puerto-deportivo.jpg\"><img decoding=\"async\" width=\"1920\" height=\"1080\" src=\"https:\/\/www.turismodealmeria.org\/wp-content\/uploads\/2016\/04\/almeria-vistazo-turismo-puerto-deportivo.jpg\"  alt=\"Puerto Deportivo\"><\/a>\n\t\t\t<\/dt>\n<\/dl>\n<dl class=\"gallery-item\">\n<dt class=\"gallery-icon portrait\">\n<a class=\"mokka-ilightbox\" href=\"https:\/\/www.turismodealmeria.org\/wp-content\/uploads\/2016\/04\/almeria-vistazo-turismo-salinas-cabo-gata.jpg\"><img decoding=\"async\" width=\"1920\" height=\"1080\" src=\"https:\/\/www.turismodealmeria.org\/wp-content\/uploads\/2016\/04\/almeria-vistazo-turismo-salinas-cabo-gata.jpg\"  alt=\"Cabo de Gata\"><\/a>\n\t\t\t<\/dt>\n<\/dl>\n<dl class=\"gallery-item\">\n<dt class=\"gallery-icon portrait\">\n<a class=\"mokka-ilightbox\" href=\"https:\/\/www.turismodealmeria.org\/wp-content\/uploads\/2016\/04\/almeria-vistazo-turismo-panoramica-ciudad-mar.jpg\"><img decoding=\"async\" width=\"1920\" height=\"1080\" src=\"https:\/\/www.turismodealmeria.org\/wp-content\/uploads\/2016\/04\/almeria-vistazo-turismo-panoramica-ciudad-mar.jpg\"  alt=\"Cable Ingl\u00e9s\"><\/a>\n\t\t\t<\/dt>\n<\/dl>\n<dl class=\"gallery-item\">\n<dt class=\"gallery-icon portrait\">\n<a class=\"mokka-ilightbox\" href=\"https:\/\/www.turismodealmeria.org\/wp-content\/uploads\/2016\/04\/almeria-vistazo-turismo-migas.jpg\"><img decoding=\"async\" width=\"1920\" height=\"1080\" src=\"https:\/\/www.turismodealmeria.org\/wp-content\/uploads\/2016\/04\/almeria-vistazo-turismo-migas.jpg\"  alt=\"Migas\"><\/a>\n\t\t\t<\/dt>\n<\/dl>\n<dl class=\"gallery-item\">\n<dt class=\"gallery-icon portrait\">\n<a class=\"mokka-ilightbox\" href=\"https:\/\/www.turismodealmeria.org\/wp-content\/uploads\/2016\/04\/almeria-vistazo-turismo-gurullos.jpg\"><img decoding=\"async\" width=\"1920\" height=\"1080\" src=\"https:\/\/www.turismodealmeria.org\/wp-content\/uploads\/2016\/04\/almeria-vistazo-turismo-gurullos.jpg\"  alt=\"Gurullos\"><\/a>\n\t\t\t<\/dt>\n<\/dl>\n<dl class=\"gallery-item\">\n<dt class=\"gallery-icon portrait\">\n<a class=\"mokka-ilightbox\" href=\"https:\/\/www.turismodealmeria.org\/wp-content\/uploads\/2016\/04\/almeria-vistazo-turismo-centro-historico.jpg\"><img decoding=\"async\" width=\"1920\" height=\"1080\" src=\"https:\/\/www.turismodealmeria.org\/wp-content\/uploads\/2016\/04\/almeria-vistazo-turismo-centro-historico.jpg\"  alt=\"Centro Hist\u00f3rico\"><\/a>\n\t\t\t<\/dt>\n<\/dl>\n<dl class=\"gallery-item\">\n<dt class=\"gallery-icon portrait\">\n<a class=\"mokka-ilightbox\" href=\"https:\/\/www.turismodealmeria.org\/wp-content\/uploads\/2016\/05\/parque-del-andarax-1.jpg\"><img decoding=\"async\" width=\"1920\" height=\"1080\" src=\"https:\/\/www.turismodealmeria.org\/wp-content\/uploads\/2016\/05\/parque-del-andarax-1.jpg\"  alt=\"Parque del Andarax\"><\/a>\n\t\t\t<\/dt>\n<\/dl>\n<dl class=\"gallery-item\">\n<dt class=\"gallery-icon portrait\">\n<a class=\"mokka-ilightbox\" href=\"https:\/\/www.turismodealmeria.org\/wp-content\/uploads\/2016\/05\/parque-de-las-familias-3.jpg\"><img decoding=\"async\" width=\"1920\" height=\"1080\" src=\"https:\/\/www.turismodealmeria.org\/wp-content\/uploads\/2016\/05\/parque-de-las-familias-3.jpg\"  alt=\"Parque de las Familias\"><\/a>\n\t\t\t<\/dt>\n<\/dl>\n<p><br style=\"clear: both\"><\/p>\n<\/div>\n<\/div>\n<\/div>\n","protected":false},"excerpt":{"rendered":"<p>Almeria ist eine Stadt im S\u00fcdosten der iberischen Halbinsel und geh\u00f6rt zur Autonomen Region Andalusien. Mit einer Bev\u00f6lkerung von etwa [&hellip;]<\/p>\n","protected":false},"author":1,"featured_media":0,"parent":11973,"menu_order":0,"comment_status":"closed","ping_status":"closed","template":"tpl-page-sidebar-left.php","meta":{"_acf_changed":false,"footnotes":""},"class_list":["post-9667","page","type-page","status-publish","hentry"],"acf":[],"ACF":{"imagen_cabecera":472},"_links":{"self":[{"href":"https:\/\/www.turismodealmeria.org\/de\/wp-json\/wp\/v2\/pages\/9667","targetHints":{"allow":["GET"]}}],"collection":[{"href":"https:\/\/www.turismodealmeria.org\/de\/wp-json\/wp\/v2\/pages"}],"about":[{"href":"https:\/\/www.turismodealmeria.org\/de\/wp-json\/wp\/v2\/types\/page"}],"author":[{"embeddable":true,"href":"https:\/\/www.turismodealmeria.org\/de\/wp-json\/wp\/v2\/users\/1"}],"replies":[{"embeddable":true,"href":"https:\/\/www.turismodealmeria.org\/de\/wp-json\/wp\/v2\/comments?post=9667"}],"version-history":[{"count":0,"href":"https:\/\/www.turismodealmeria.org\/de\/wp-json\/wp\/v2\/pages\/9667\/revisions"}],"up":[{"embeddable":true,"href":"https:\/\/www.turismodealmeria.org\/de\/wp-json\/wp\/v2\/pages\/11973"}],"wp:attachment":[{"href":"https:\/\/www.turismodealmeria.org\/de\/wp-json\/wp\/v2\/media?parent=9667"}],"curies":[{"name":"wp","href":"https:\/\/api.w.org\/{rel}","templated":true}]}}