{"id":11000,"date":"2016-02-11T07:53:24","date_gmt":"2016-02-11T07:53:24","guid":{"rendered":"https:\/\/www.turismodealmeria.org\/en\/saluda-el-alcalde\/"},"modified":"2024-12-19T11:00:58","modified_gmt":"2024-12-19T09:00:58","slug":"greetings-from-the-mayor","status":"publish","type":"page","link":"https:\/\/www.turismodealmeria.org\/en\/travel-preparations\/greetings-from-the-mayor\/","title":{"rendered":"Greetings from the Mayor"},"content":{"rendered":"<div class=\"wpb-content-wrapper\"><p>[vc_row][vc_column column_width_percent=&#8221;100&#8243; gutter_size=&#8221;2&#8243; overlay_alpha=&#8221;50&#8243; shift_x=&#8221;0&#8243; shift_y=&#8221;0&#8243; shift_y_down=&#8221;0&#8243; z_index=&#8221;0&#8243; medium_width=&#8221;0&#8243; mobile_width=&#8221;0&#8243; width=&#8221;4\/12&#8243; uncode_shortcode_id=&#8221;666909&#8243;][vc_single_image media=&#8221;80513&#8243; media_width_percent=&#8221;100&#8243; uncode_shortcode_id=&#8221;158603&#8243; el_class=&#8221;border-radius-5px&#8221;][vc_column_text uncode_shortcode_id=&#8221;980069&#8243;]Mar\u00eda del Mar V\u00e1zquez Ag\u00fcero<br \/>\n<strong>Mayor of Almer\u00eda<\/strong>[\/vc_column_text][\/vc_column][vc_column width=&#8221;8\/12&#8243;][vc_column_text uncode_shortcode_id=&#8221;191947&#8243;]It&#8217;s not easy to explain why Almer\u00eda is a place in the Mediterranean that no one should miss. Logically, it is much more effective and simpler to see it, touch it, smell it, taste it, hear it, feel it, and enjoy it.<\/p>\n<p>But as our duty, both as Almerians in general and mine as the mayor, is to ensure that no one feels left out from diving into this sea of sensations known as Almer\u00eda, at the <strong>Municipal Company Almer\u00eda Tur\u00edstica<\/strong>, we have decided to launch this web portal to the world, as well as some branches like our pages on social media <strong><a href=\"https:\/\/www.facebook.com\/EnamoradosDeAlmeria\/\" target=\"_blank\" rel=\"noopener noreferrer\">Facebook<\/a> and <a href=\"https:\/\/twitter.com\/almerialovers\" target=\"_blank\" rel=\"noopener noreferrer\">Twitter<\/a><\/strong>.<\/p>\n<p>Here and there, visitors will find information about <strong>our origins and culture<\/strong>, the places to visit and the experiences to live, our traditions, our gastronomy, and the spectacular beauty that, in the form of a blend of contrasts, make us a <strong>small universe of cultures and resources for tourists<\/strong>.<\/p>\n<p>The Muslim Almer\u00eda, the Baroque Almer\u00eda, the Christian Almer\u00eda, the Cinematic Almer\u00eda, the Sun and Beach Almer\u00eda, the Inland Almer\u00eda, the Desert and Mountains Almer\u00eda, the Monumental and Gastronomic Almer\u00eda, the Congresses Almer\u00eda, the Museums Almer\u00eda, the Events Almer\u00eda, and ultimately the <strong>Almer\u00eda open to the world, sincere and welcoming, opens its doors through this window to the world to seek &#8216;lovers of Almer\u00eda&#8217;<\/strong>, the name we have given to our pages on <a href=\"https:\/\/www.facebook.com\/EnamoradosDeAlmeria\/\" target=\"_blank\" rel=\"noopener noreferrer\"><strong>Facebook<\/strong><\/a> and <a href=\"https:\/\/twitter.com\/almerialovers\" target=\"_blank\" rel=\"noopener noreferrer\"><strong>Twitter<\/strong><\/a>, willing to sing our attractions and take them wherever there is a person, regardless of their origin, to make us their destination.<\/p>\n<p><strong>Welcome to Almer\u00eda, lovers all!!<\/strong>[\/vc_column_text][\/vc_column][\/vc_row][vc_row][vc_column width=&#8221;1\/1&#8243;][vc_empty_space empty_h=&#8221;2&#8243;][\/vc_column][\/vc_row]<\/p>\n<\/div>","protected":false},"excerpt":{"rendered":"<p>[vc_row][vc_column column_width_percent=&#8221;100&#8243; gutter_size=&#8221;2&#8243; overlay_alpha=&#8221;50&#8243; shift_x=&#8221;0&#8243; shift_y=&#8221;0&#8243; shift_y_down=&#8221;0&#8243; z_index=&#8221;0&#8243; medium_width=&#8221;0&#8243; mobile_width=&#8221;0&#8243; width=&#8221;4\/12&#8243; uncode_shortcode_id=&#8221;666909&#8243;][vc_single_image media=&#8221;80513&#8243; media_width_percent=&#8221;100&#8243; uncode_shortcode_id=&#8221;158603&#8243; el_class=&#8221;border-radius-5px&#8221;][vc_column_text uncode_shortcode_id=&#8221;980069&#8243;]Mar\u00eda del Mar V\u00e1zquez [&hellip;]<\/p>\n","protected":false},"author":1,"featured_media":0,"parent":11054,"menu_order":0,"comment_status":"closed","ping_status":"closed","template":"","meta":{"_acf_changed":false,"footnotes":""},"class_list":["post-11000","page","type-page","status-publish","hentry"],"acf":[],"ACF":{"imagen_cabecera":false},"_links":{"self":[{"href":"https:\/\/www.turismodealmeria.org\/en\/wp-json\/wp\/v2\/pages\/11000","targetHints":{"allow":["GET"]}}],"collection":[{"href":"https:\/\/www.turismodealmeria.org\/en\/wp-json\/wp\/v2\/pages"}],"about":[{"href":"https:\/\/www.turismodealmeria.org\/en\/wp-json\/wp\/v2\/types\/page"}],"author":[{"embeddable":true,"href":"https:\/\/www.turismodealmeria.org\/en\/wp-json\/wp\/v2\/users\/1"}],"replies":[{"embeddable":true,"href":"https:\/\/www.turismodealmeria.org\/en\/wp-json\/wp\/v2\/comments?post=11000"}],"version-history":[{"count":0,"href":"https:\/\/www.turismodealmeria.org\/en\/wp-json\/wp\/v2\/pages\/11000\/revisions"}],"up":[{"embeddable":true,"href":"https:\/\/www.turismodealmeria.org\/en\/wp-json\/wp\/v2\/pages\/11054"}],"wp:attachment":[{"href":"https:\/\/www.turismodealmeria.org\/en\/wp-json\/wp\/v2\/media?parent=11000"}],"curies":[{"name":"wp","href":"https:\/\/api.w.org\/{rel}","templated":true}]}}