{"id":49213,"date":"2016-02-11T10:01:30","date_gmt":"2016-02-11T10:01:30","guid":{"rendered":"https:\/\/www.turismodealmeria.org\/moverse-por-la-ciudad\/"},"modified":"2023-04-11T10:52:15","modified_gmt":"2023-04-11T08:52:15","slug":"how-to-get-around","status":"publish","type":"page","link":"https:\/\/www.turismodealmeria.org\/en\/how-to-get-around\/","title":{"rendered":"How to get around"},"content":{"rendered":"<div class=\"wpb-content-wrapper\"><p>[vc_row][vc_column column_width_percent=&#8221;100&#8243; gutter_size=&#8221;2&#8243; overlay_alpha=&#8221;50&#8243; shift_x=&#8221;0&#8243; shift_y=&#8221;0&#8243; shift_y_down=&#8221;0&#8243; z_index=&#8221;0&#8243; medium_width=&#8221;0&#8243; mobile_width=&#8221;0&#8243; width=&#8221;1\/1&#8243; uncode_shortcode_id=&#8221;675924&#8243;][vc_custom_heading text_color=&#8221;color-sea-blue&#8221; text_size=&#8221;fontsize-35&#8243; text_weight=&#8221;600&#8243; uncode_shortcode_id=&#8221;560235&#8243; text_color_type=&#8221;uncode-palette&#8221;]GET AROUND ALMERIA[\/vc_custom_heading][vc_separator sep_color=&#8221;color-amber&#8221; uncode_shortcode_id=&#8221;914759&#8243; el_class=&#8221;playas-forma-segura&#8221; sep_color_type=&#8221;uncode-palette&#8221; el_width=&#8221;200px&#8221; el_height=&#8221;8px&#8221;][vc_column_text uncode_shortcode_id=&#8221;144175&#8243;]Almeria is a friendly city to get around. If you don&#8217;t know how to get around, you have different options to use practically all means of transportation. Everything will depend on your destination, something you should take into account when choosing how to get around. You can do it on foot since the points of interest are close by, by tourist train through the historic center, by bus or by the more than 80 kilometers of bike lanes. Rental cars and cabs are also available.[\/vc_column_text][\/vc_column][\/vc_row][vc_row unlock_row=&#8221;&#8221; row_height_percent=&#8221;0&#8243; override_padding=&#8221;yes&#8221; h_padding=&#8221;2&#8243; top_padding=&#8221;2&#8243; bottom_padding=&#8221;2&#8243; overlay_alpha=&#8221;50&#8243; gutter_size=&#8221;3&#8243; column_width_percent=&#8221;100&#8243; border_color=&#8221;color-amber&#8221; border_style=&#8221;solid&#8221; shift_y=&#8221;0&#8243; z_index=&#8221;0&#8243; uncode_shortcode_id=&#8221;849307&#8243; border_color_type=&#8221;uncode-palette&#8221; el_class=&#8221;fila-borde-amarillo&#8221;][vc_column width=&#8221;1\/1&#8243;][vc_row_inner row_inner_height_percent=&#8221;0&#8243; overlay_alpha=&#8221;50&#8243; gutter_size=&#8221;2&#8243; shift_y=&#8221;0&#8243; z_index=&#8221;0&#8243; uncode_shortcode_id=&#8221;105649&#8243; limit_content=&#8221;&#8221;][vc_column_inner column_width_percent=&#8221;100&#8243; position_vertical=&#8221;middle&#8221; gutter_size=&#8221;3&#8243; overlay_alpha=&#8221;50&#8243; shift_x=&#8221;0&#8243; shift_y=&#8221;0&#8243; shift_y_down=&#8221;0&#8243; z_index=&#8221;0&#8243; medium_width=&#8221;0&#8243; mobile_width=&#8221;0&#8243; width=&#8221;6\/12&#8243; uncode_shortcode_id=&#8221;164733&#8243;][vc_custom_heading text_color=&#8221;color-deep-teal&#8221; text_size=&#8221;h3&#8243; text_weight=&#8221;600&#8243; uncode_shortcode_id=&#8221;172302&#8243; text_color_type=&#8221;uncode-palette&#8221;]TOURISTIC MAP[\/vc_custom_heading][vc_column_text uncode_shortcode_id=&#8221;541095&#8243; css=&#8221;.vc_custom_1652856628792{margin-top: 20px !important;}&#8221;]Download the tourist map of the city.[\/vc_column_text][\/vc_column_inner][vc_column_inner width=&#8221;3\/12&#8243;][vc_single_image media=&#8221;65455&#8243; media_lightbox=&#8221;yes&#8221; media_width_percent=&#8221;100&#8243; uncode_shortcode_id=&#8221;130840&#8243; el_class=&#8221;border-radius-5px&#8221;][\/vc_column_inner][vc_column_inner width=&#8221;3\/12&#8243;][vc_single_image media=&#8221;65447&#8243; media_lightbox=&#8221;yes&#8221; media_width_percent=&#8221;100&#8243; uncode_shortcode_id=&#8221;431086&#8243; el_class=&#8221;border-radius-5px&#8221;][\/vc_column_inner][\/vc_row_inner][\/vc_column][\/vc_row][vc_row unlock_row=&#8221;&#8221; row_height_percent=&#8221;0&#8243; override_padding=&#8221;yes&#8221; h_padding=&#8221;2&#8243; top_padding=&#8221;2&#8243; bottom_padding=&#8221;2&#8243; overlay_alpha=&#8221;50&#8243; gutter_size=&#8221;3&#8243; column_width_percent=&#8221;100&#8243; border_color=&#8221;color-amber&#8221; border_style=&#8221;solid&#8221; shift_y=&#8221;0&#8243; z_index=&#8221;0&#8243; uncode_shortcode_id=&#8221;849307&#8243; border_color_type=&#8221;uncode-palette&#8221; el_class=&#8221;fila-borde-amarillo&#8221;][vc_column width=&#8221;1\/1&#8243;][vc_row_inner row_inner_height_percent=&#8221;0&#8243; overlay_alpha=&#8221;50&#8243; gutter_size=&#8221;2&#8243; shift_y=&#8221;0&#8243; z_index=&#8221;0&#8243; uncode_shortcode_id=&#8221;105649&#8243; limit_content=&#8221;&#8221;][vc_column_inner column_width_percent=&#8221;100&#8243; position_vertical=&#8221;middle&#8221; gutter_size=&#8221;3&#8243; overlay_alpha=&#8221;50&#8243; shift_x=&#8221;0&#8243; shift_y=&#8221;0&#8243; shift_y_down=&#8221;0&#8243; z_index=&#8221;0&#8243; medium_width=&#8221;0&#8243; mobile_width=&#8221;0&#8243; width=&#8221;7\/12&#8243; uncode_shortcode_id=&#8221;164733&#8243;][vc_custom_heading text_color=&#8221;color-deep-teal&#8221; text_size=&#8221;h3&#8243; text_weight=&#8221;600&#8243; uncode_shortcode_id=&#8221;200153&#8243; text_color_type=&#8221;uncode-palette&#8221;]TOURISTIC TRAIN[\/vc_custom_heading][vc_column_text uncode_shortcode_id=&#8221;481594&#8243; css=&#8221;.vc_custom_1652856698028{margin-top: 0px !important;}&#8221;]<strong>55 minutes route through the old town<\/strong><\/p>\n<p>Learn the history of the city of Almeria through this route that runs between the most popular city streets.<\/p>\n<p><strong>Available Saturday, Sunday and Holidays.<\/strong><br \/>\n<strong>Departure:<\/strong> Emilio P\u00e9rez Square (Plaza Circular), located at the bottom of the Paseo de Almer\u00eda.<\/p>\n<p><strong>Mornings:<\/strong> 11:00h, 12:00h y 13:00h.<\/p>\n<p><strong>Afternoons:<\/strong> 16:30h, 17:30h y 18:30h (July and Augost: 18:00h, 19:00h, 20:00h y 21:00h).<\/p>\n<p>Special Price: 3\u20ac (They do not pay children under one year).[\/vc_column_text][\/vc_column_inner][vc_column_inner width=&#8221;5\/12&#8243;][vc_single_image media=&#8221;38352&#8243; media_lightbox=&#8221;yes&#8221; media_width_use_pixel=&#8221;yes&#8221; uncode_shortcode_id=&#8221;100120&#8243; el_class=&#8221;border-radius-5px&#8221; media_width_pixel=&#8221;430&#8243;][\/vc_column_inner][\/vc_row_inner][\/vc_column][\/vc_row][vc_row unlock_row=&#8221;&#8221; row_height_percent=&#8221;0&#8243; override_padding=&#8221;yes&#8221; h_padding=&#8221;2&#8243; top_padding=&#8221;2&#8243; bottom_padding=&#8221;2&#8243; overlay_alpha=&#8221;50&#8243; gutter_size=&#8221;3&#8243; column_width_percent=&#8221;100&#8243; border_color=&#8221;color-amber&#8221; border_style=&#8221;solid&#8221; shift_y=&#8221;0&#8243; z_index=&#8221;0&#8243; uncode_shortcode_id=&#8221;849307&#8243; border_color_type=&#8221;uncode-palette&#8221; el_class=&#8221;fila-borde-amarillo&#8221;][vc_column width=&#8221;1\/1&#8243;][vc_row_inner row_inner_height_percent=&#8221;0&#8243; overlay_alpha=&#8221;50&#8243; gutter_size=&#8221;2&#8243; shift_y=&#8221;0&#8243; z_index=&#8221;0&#8243; uncode_shortcode_id=&#8221;105649&#8243; limit_content=&#8221;&#8221;][vc_column_inner column_width_percent=&#8221;100&#8243; position_vertical=&#8221;middle&#8221; gutter_size=&#8221;3&#8243; overlay_alpha=&#8221;50&#8243; shift_x=&#8221;0&#8243; shift_y=&#8221;0&#8243; shift_y_down=&#8221;0&#8243; z_index=&#8221;0&#8243; medium_width=&#8221;0&#8243; mobile_width=&#8221;0&#8243; width=&#8221;7\/12&#8243; uncode_shortcode_id=&#8221;164733&#8243;][vc_custom_heading text_color=&#8221;color-deep-teal&#8221; text_size=&#8221;h3&#8243; text_weight=&#8221;600&#8243; uncode_shortcode_id=&#8221;144506&#8243; text_color_type=&#8221;uncode-palette&#8221;]BUS[\/vc_custom_heading][vc_column_text uncode_shortcode_id=&#8221;129279&#8243; css=&#8221;.vc_custom_1653908668790{margin-top: 0px !important;}&#8221;]More information Surb\u00fas.<\/p>\n<p>Phone:<a href=\"tel:\/\/950624735\"> 950 62 47 35<\/a><br \/>\nWebsite: <a href=\"https:\/\/www.surbusalmeria.es\/\" target=\"_blank\" rel=\"noopener\">www.surbusalmeria.es<\/a><br \/>\nEmail: <a href=\"mailto:surbus@surbus.com\">surbus@surbus.com<\/a><\/p>\n<p>App available.[\/vc_column_text][vc_single_image media=&#8221;65451&#8243; media_width_use_pixel=&#8221;yes&#8221; uncode_shortcode_id=&#8221;179104&#8243; media_width_pixel=&#8221;200&#8243; media_link=&#8221;url:https%3A%2F%2Fapps.apple.com%2Fus%2Fapp%2Fsurbus%2Fid625334478|target:_blank&#8221; el_class=&#8221;logo-app&#8221;][vc_single_image media=&#8221;8430&#8243; media_width_use_pixel=&#8221;yes&#8221; uncode_shortcode_id=&#8221;796119&#8243; media_width_pixel=&#8221;200&#8243; media_link=&#8221;url:https%3A%2F%2Fplay.google.com%2Fstore%2Fapps%2Fdetails%3Fid%3Dcom.surbus.surbusapp|target:_blank&#8221; el_class=&#8221;logo-app&#8221;][\/vc_column_inner][vc_column_inner width=&#8221;5\/12&#8243;][vc_single_image media=&#8221;49098&#8243; media_width_use_pixel=&#8221;yes&#8221; uncode_shortcode_id=&#8221;166031&#8243; el_class=&#8221;border-radius-5px&#8221; media_width_pixel=&#8221;430&#8243;][\/vc_column_inner][\/vc_row_inner][\/vc_column][\/vc_row][vc_row unlock_row=&#8221;&#8221; row_height_percent=&#8221;0&#8243; override_padding=&#8221;yes&#8221; h_padding=&#8221;2&#8243; top_padding=&#8221;2&#8243; bottom_padding=&#8221;2&#8243; overlay_alpha=&#8221;50&#8243; gutter_size=&#8221;3&#8243; column_width_percent=&#8221;100&#8243; border_color=&#8221;color-amber&#8221; border_style=&#8221;solid&#8221; shift_y=&#8221;0&#8243; z_index=&#8221;0&#8243; uncode_shortcode_id=&#8221;849307&#8243; border_color_type=&#8221;uncode-palette&#8221; el_class=&#8221;fila-borde-amarillo&#8221;][vc_column width=&#8221;1\/1&#8243;][vc_row_inner row_inner_height_percent=&#8221;0&#8243; overlay_alpha=&#8221;50&#8243; gutter_size=&#8221;2&#8243; shift_y=&#8221;0&#8243; z_index=&#8221;0&#8243; uncode_shortcode_id=&#8221;105649&#8243; limit_content=&#8221;&#8221;][vc_column_inner column_width_percent=&#8221;100&#8243; position_vertical=&#8221;middle&#8221; gutter_size=&#8221;3&#8243; overlay_alpha=&#8221;50&#8243; shift_x=&#8221;0&#8243; shift_y=&#8221;0&#8243; shift_y_down=&#8221;0&#8243; z_index=&#8221;0&#8243; medium_width=&#8221;0&#8243; mobile_width=&#8221;0&#8243; width=&#8221;7\/12&#8243; uncode_shortcode_id=&#8221;164733&#8243;][vc_custom_heading text_color=&#8221;color-deep-teal&#8221; text_size=&#8221;h3&#8243; text_weight=&#8221;600&#8243; uncode_shortcode_id=&#8221;114342&#8243; text_color_type=&#8221;uncode-palette&#8221;]BIKE[\/vc_custom_heading][vc_column_text uncode_shortcode_id=&#8221;201391&#8243;]Almer\u00eda has extensive infrastructure for bicycle use: the Rambla de Almer\u00eda, the Nicol\u00e1s Salmer\u00f3n park and the Paseo Mar\u00edtimo are some of the longest roads in the city.[\/vc_column_text][\/vc_column_inner][vc_column_inner width=&#8221;5\/12&#8243;][vc_raw_html]JTNDaWZyYW1lJTIwc3JjJTNEJTIyaHR0cHMlM0ElMkYlMkZ3d3cuZ29vZ2xlLmNvbSUyRm1hcHMlMkZkJTJGZW1iZWQlM0ZtaWQlM0QxQ0U5UURhSjlQcDF6dnVuc1hWbk90dnNsVWQ0JTI2ZWhiYyUzRDJFMzEyRiUyMiUyMHdpZHRoJTNEJTIyMTAwJTI1JTIyJTIwaGVpZ2h0JTNEJTIyMjYzJTIyJTNFJTNDJTJGaWZyYW1lJTNF[\/vc_raw_html][\/vc_column_inner][\/vc_row_inner][\/vc_column][\/vc_row][vc_row unlock_row=&#8221;&#8221; row_height_percent=&#8221;0&#8243; override_padding=&#8221;yes&#8221; h_padding=&#8221;2&#8243; top_padding=&#8221;2&#8243; bottom_padding=&#8221;2&#8243; overlay_alpha=&#8221;50&#8243; gutter_size=&#8221;3&#8243; column_width_percent=&#8221;100&#8243; border_color=&#8221;color-amber&#8221; border_style=&#8221;solid&#8221; shift_y=&#8221;0&#8243; z_index=&#8221;0&#8243; uncode_shortcode_id=&#8221;849307&#8243; border_color_type=&#8221;uncode-palette&#8221; el_class=&#8221;fila-borde-amarillo&#8221;][vc_column width=&#8221;1\/1&#8243;][vc_row_inner row_inner_height_percent=&#8221;0&#8243; overlay_alpha=&#8221;50&#8243; gutter_size=&#8221;2&#8243; shift_y=&#8221;0&#8243; z_index=&#8221;0&#8243; uncode_shortcode_id=&#8221;105649&#8243; limit_content=&#8221;&#8221;][vc_column_inner column_width_percent=&#8221;100&#8243; gutter_size=&#8221;3&#8243; overlay_alpha=&#8221;50&#8243; shift_x=&#8221;0&#8243; shift_y=&#8221;0&#8243; shift_y_down=&#8221;0&#8243; z_index=&#8221;0&#8243; medium_width=&#8221;0&#8243; mobile_width=&#8221;0&#8243; width=&#8221;4\/12&#8243; uncode_shortcode_id=&#8221;920868&#8243;][vc_custom_heading text_color=&#8221;color-deep-teal&#8221; text_size=&#8221;h3&#8243; text_weight=&#8221;600&#8243; uncode_shortcode_id=&#8221;147086&#8243; text_color_type=&#8221;uncode-palette&#8221;]TAXI[\/vc_custom_heading][\/vc_column_inner][vc_column_inner column_width_percent=&#8221;100&#8243; gutter_size=&#8221;3&#8243; overlay_alpha=&#8221;50&#8243; shift_x=&#8221;0&#8243; shift_y=&#8221;0&#8243; shift_y_down=&#8221;0&#8243; z_index=&#8221;0&#8243; medium_width=&#8221;0&#8243; mobile_width=&#8221;0&#8243; width=&#8221;6\/12&#8243; uncode_shortcode_id=&#8221;114919&#8243;][uncode_index el_id=&#8221;taxi&#8221; loop=&#8221;size:All|order_by:date|post_type:transportes|tax_query:1219|taxonomy_count:10&#8243; screen_lg=&#8221;1000&#8243; screen_md=&#8221;600&#8243; screen_sm=&#8221;480&#8243; gutter_size=&#8221;2&#8243; alojamientos_items=&#8221;media|featured|onpost|original,title,direccion,telefono,spacer|one&#8221; transportes_items=&#8221;media|featured|onpost|original,title,telefono_de_contacto&#8221; single_width=&#8221;3&#8243; images_size=&#8221;three-two&#8221; single_overlay_opacity=&#8221;50&#8243; single_padding=&#8221;1&#8243; single_title_semantic=&#8221;p&#8221; single_title_dimension=&#8221;fontsize-20&#8243; single_title_weight=&#8221;600&#8243; uncode_shortcode_id=&#8221;160416&#8243; el_class=&#8221;listado transporte border-radius-5px text-color-deep-teal-color&#8221;][\/vc_column_inner][vc_column_inner column_width_percent=&#8221;100&#8243; gutter_size=&#8221;3&#8243; overlay_alpha=&#8221;50&#8243; shift_x=&#8221;0&#8243; shift_y=&#8221;0&#8243; shift_y_down=&#8221;0&#8243; z_index=&#8221;0&#8243; medium_visibility=&#8221;yes&#8221; medium_width=&#8221;0&#8243; mobile_visibility=&#8221;yes&#8221; mobile_width=&#8221;0&#8243; width=&#8221;2\/12&#8243; uncode_shortcode_id=&#8221;515303&#8243;][\/vc_column_inner][\/vc_row_inner][\/vc_column][\/vc_row][vc_row unlock_row=&#8221;&#8221; row_height_percent=&#8221;0&#8243; override_padding=&#8221;yes&#8221; h_padding=&#8221;2&#8243; top_padding=&#8221;2&#8243; bottom_padding=&#8221;2&#8243; overlay_alpha=&#8221;50&#8243; gutter_size=&#8221;3&#8243; column_width_percent=&#8221;100&#8243; border_color=&#8221;color-amber&#8221; border_style=&#8221;solid&#8221; shift_y=&#8221;0&#8243; z_index=&#8221;0&#8243; uncode_shortcode_id=&#8221;849307&#8243; border_color_type=&#8221;uncode-palette&#8221; el_class=&#8221;fila-borde-amarillo&#8221;][vc_column width=&#8221;1\/1&#8243;][vc_row_inner row_inner_height_percent=&#8221;0&#8243; overlay_alpha=&#8221;50&#8243; gutter_size=&#8221;2&#8243; shift_y=&#8221;0&#8243; z_index=&#8221;0&#8243; uncode_shortcode_id=&#8221;105649&#8243; limit_content=&#8221;&#8221;][vc_column_inner column_width_percent=&#8221;100&#8243; position_vertical=&#8221;middle&#8221; gutter_size=&#8221;3&#8243; overlay_alpha=&#8221;50&#8243; shift_x=&#8221;0&#8243; shift_y=&#8221;0&#8243; shift_y_down=&#8221;0&#8243; z_index=&#8221;0&#8243; medium_width=&#8221;0&#8243; mobile_width=&#8221;0&#8243; width=&#8221;1\/1&#8243; uncode_shortcode_id=&#8221;164733&#8243;][vc_custom_heading text_color=&#8221;color-deep-teal&#8221; text_size=&#8221;h3&#8243; text_weight=&#8221;600&#8243; uncode_shortcode_id=&#8221;161890&#8243; text_color_type=&#8221;uncode-palette&#8221;]RENT A CAR[\/vc_custom_heading][uncode_index el_id=&#8221;vehiculos-alquiler&#8221; loop=&#8221;size:All|order_by:date|post_type:transportes|tax_query:1220|taxonomy_count:10&#8243; screen_lg=&#8221;1000&#8243; screen_md=&#8221;600&#8243; screen_sm=&#8221;480&#8243; gutter_size=&#8221;2&#8243; alojamientos_items=&#8221;media|featured|onpost|original,title,direccion,telefono,spacer|one&#8221; transportes_items=&#8221;media|featured|onpost|original,title,telefono_de_contacto&#8221; images_size=&#8221;three-two&#8221; single_overlay_opacity=&#8221;50&#8243; single_padding=&#8221;1&#8243; single_title_semantic=&#8221;p&#8221; single_title_dimension=&#8221;fontsize-20&#8243; single_title_weight=&#8221;600&#8243; uncode_shortcode_id=&#8221;282338&#8243; el_class=&#8221;listado transporte border-radius-5px text-color-deep-teal-color&#8221;][\/vc_column_inner][\/vc_row_inner][\/vc_column][\/vc_row]<\/p>\n<\/div>","protected":false},"excerpt":{"rendered":"<p>[vc_row][vc_column column_width_percent=&#8221;100&#8243; gutter_size=&#8221;2&#8243; overlay_alpha=&#8221;50&#8243; shift_x=&#8221;0&#8243; shift_y=&#8221;0&#8243; shift_y_down=&#8221;0&#8243; z_index=&#8221;0&#8243; medium_width=&#8221;0&#8243; mobile_width=&#8221;0&#8243; width=&#8221;1\/1&#8243; uncode_shortcode_id=&#8221;675924&#8243;][vc_custom_heading text_color=&#8221;color-sea-blue&#8221; text_size=&#8221;fontsize-35&#8243; text_weight=&#8221;600&#8243; uncode_shortcode_id=&#8221;560235&#8243; text_color_type=&#8221;uncode-palette&#8221;]GET AROUND ALMERIA[\/vc_custom_heading][vc_separator sep_color=&#8221;color-amber&#8221; [&hellip;]<\/p>\n","protected":false},"author":1,"featured_media":0,"parent":0,"menu_order":0,"comment_status":"closed","ping_status":"closed","template":"","meta":{"_acf_changed":false,"footnotes":""},"class_list":["post-49213","page","type-page","status-publish","hentry"],"acf":[],"ACF":{"imagen_cabecera":false},"_links":{"self":[{"href":"https:\/\/www.turismodealmeria.org\/en\/wp-json\/wp\/v2\/pages\/49213","targetHints":{"allow":["GET"]}}],"collection":[{"href":"https:\/\/www.turismodealmeria.org\/en\/wp-json\/wp\/v2\/pages"}],"about":[{"href":"https:\/\/www.turismodealmeria.org\/en\/wp-json\/wp\/v2\/types\/page"}],"author":[{"embeddable":true,"href":"https:\/\/www.turismodealmeria.org\/en\/wp-json\/wp\/v2\/users\/1"}],"replies":[{"embeddable":true,"href":"https:\/\/www.turismodealmeria.org\/en\/wp-json\/wp\/v2\/comments?post=49213"}],"version-history":[{"count":0,"href":"https:\/\/www.turismodealmeria.org\/en\/wp-json\/wp\/v2\/pages\/49213\/revisions"}],"wp:attachment":[{"href":"https:\/\/www.turismodealmeria.org\/en\/wp-json\/wp\/v2\/media?parent=49213"}],"curies":[{"name":"wp","href":"https:\/\/api.w.org\/{rel}","templated":true}]}}