{"id":10669,"date":"2016-03-11T10:34:42","date_gmt":"2016-03-11T10:34:42","guid":{"rendered":"https:\/\/www.turismodealmeria.org\/fr\/que-ver\/"},"modified":"2016-06-06T15:42:34","modified_gmt":"2016-06-06T15:42:34","slug":"que-voir","status":"publish","type":"page","link":"https:\/\/www.turismodealmeria.org\/fr\/preparez-votre-voyage\/que-voir\/","title":{"rendered":"Que voir"},"content":{"rendered":"<div class=\"col-lg-12 col-md-12 col-sm-12 col-xs-12\">\n<div class=\"col-lg-3 col-md-3 col-sm-3 col-xs-6 enlaces-que-ver\"><a href=\"#almeria-musulmane\"><img decoding=\"async\" src=\"https:\/\/www.turismodealmeria.org\/wp-content\/uploads\/2016\/03\/icono-musulman.png\" alt=\"Almer\u00eda musulmana\" width=\"41\" height=\"41\" class=\"aligncenter size-full wp-image-8425\" \/><br \/>Almeria Musulmane<\/a><\/div>\n<div class=\"col-lg-3 col-md-3 col-sm-3 col-xs-6 enlaces-que-ver\"><a href=\"#chemin-de-saint-jacques-itineraire-mozarabe\"><img decoding=\"async\" src=\"https:\/\/www.turismodealmeria.org\/wp-content\/uploads\/2016\/03\/icono-camino.png\" alt=\"Camino de Santiago\" width=\"41\" height=\"41\" class=\"aligncenter size-full wp-image-8426\" \/><br \/>Chemin-de-Saint-Jacques : Itin\u00e9raire Mozarabe<\/a><\/div>\n<div class=\"col-lg-3 col-md-3 col-sm-3 col-xs-6 enlaces-que-ver\"><a href=\"#almeria-chretienne\"><img decoding=\"async\" src=\"https:\/\/www.turismodealmeria.org\/wp-content\/uploads\/2016\/03\/icono-cristiana.png\" alt=\"Almer\u00eda Cristiana\" width=\"41\" height=\"41\" class=\"aligncenter size-full wp-image-8419\" \/><br \/>Almeria Chr\u00e9tienne<\/a><\/div>\n<div class=\"col-lg-3 col-md-3 col-sm-3 col-xs-6 enlaces-que-ver\"><a href=\"#almeria-au-cours-des-siecles\"><img decoding=\"async\" src=\"https:\/\/www.turismodealmeria.org\/wp-content\/uploads\/2016\/03\/icono-entre-siglos.png\" alt=\"Entre siglos\" width=\"41\" height=\"41\" class=\"aligncenter size-full wp-image-8420\" \/><br \/>Almeria au cours des si\u00e8cles<\/a><\/div>\n<div class=\"col-lg-3 col-md-3 col-sm-3 col-xs-6 enlaces-que-ver\"><a href=\"#almeria-et-l-architecture-du-fer\"><img decoding=\"async\" src=\"https:\/\/www.turismodealmeria.org\/wp-content\/uploads\/2016\/03\/icono-hierro.png\" alt=\"Arquit\u00e9ctura del hierro\" width=\"41\" height=\"41\" class=\"aligncenter size-full wp-image-8423\" \/><br \/>Almeria et l\u2019architecture du fer<\/a><\/div>\n<div class=\"col-lg-3 col-md-3 col-sm-3 col-xs-6 enlaces-que-ver\"><a href=\"#musees-et-centres-d-expositions\"><img decoding=\"async\" src=\"https:\/\/www.turismodealmeria.org\/wp-content\/uploads\/2016\/03\/icono-museos.png\" alt=\"Museos y esp\u00e9ctaculos\" width=\"41\" height=\"41\" class=\"aligncenter size-full wp-image-8424\" \/><br \/>Mus\u00e9es et centres d\u2019expositions<\/a><\/div>\n<div class=\"col-lg-3 col-md-3 col-sm-3 col-xs-6 enlaces-que-ver\"><a href=\"#statues-et-sculptures\"><img decoding=\"async\" src=\"https:\/\/www.turismodealmeria.org\/wp-content\/uploads\/2016\/03\/icono-esculturas.png\" alt=\"Estatuas y esculturas\" width=\"41\" height=\"41\" class=\"aligncenter size-full wp-image-8421\" \/><br \/>Statues et sculptures<\/a><\/div>\n<div class=\"col-lg-3 col-md-3 col-sm-3 col-xs-6 enlaces-que-ver\"><a href=\"#cinema-theatre-et-spectacles\"><img decoding=\"async\" src=\"https:\/\/www.turismodealmeria.org\/wp-content\/uploads\/2016\/03\/icono-espectaculos.png\" alt=\"Cine, teatros y espectaculos\" width=\"41\" height=\"41\" class=\"aligncenter size-full wp-image-8422\" \/><br \/>Cin\u00e9ma, th\u00e9\u00e2tre et spectacles<\/a><\/div>\n<\/div>\n","protected":false},"excerpt":{"rendered":"<p>Almeria Musulmane Chemin-de-Saint-Jacques : Itin\u00e9raire Mozarabe Almeria Chr\u00e9tienne Almeria au cours des si\u00e8cles Almeria et l\u2019architecture du fer Mus\u00e9es et [&hellip;]<\/p>\n","protected":false},"author":1,"featured_media":0,"parent":11077,"menu_order":0,"comment_status":"closed","ping_status":"closed","template":"tpl-page-sidebar-motivo-tematico.php","meta":{"_acf_changed":false,"footnotes":""},"class_list":["post-10669","page","type-page","status-publish","hentry"],"acf":[],"ACF":{"imagen_cabecera":9643},"_links":{"self":[{"href":"https:\/\/www.turismodealmeria.org\/fr\/wp-json\/wp\/v2\/pages\/10669","targetHints":{"allow":["GET"]}}],"collection":[{"href":"https:\/\/www.turismodealmeria.org\/fr\/wp-json\/wp\/v2\/pages"}],"about":[{"href":"https:\/\/www.turismodealmeria.org\/fr\/wp-json\/wp\/v2\/types\/page"}],"author":[{"embeddable":true,"href":"https:\/\/www.turismodealmeria.org\/fr\/wp-json\/wp\/v2\/users\/1"}],"replies":[{"embeddable":true,"href":"https:\/\/www.turismodealmeria.org\/fr\/wp-json\/wp\/v2\/comments?post=10669"}],"version-history":[{"count":0,"href":"https:\/\/www.turismodealmeria.org\/fr\/wp-json\/wp\/v2\/pages\/10669\/revisions"}],"up":[{"embeddable":true,"href":"https:\/\/www.turismodealmeria.org\/fr\/wp-json\/wp\/v2\/pages\/11077"}],"wp:attachment":[{"href":"https:\/\/www.turismodealmeria.org\/fr\/wp-json\/wp\/v2\/media?parent=10669"}],"curies":[{"name":"wp","href":"https:\/\/api.w.org\/{rel}","templated":true}]}}