{"id":10714,"date":"2016-06-06T16:28:42","date_gmt":"2016-06-06T16:28:42","guid":{"rendered":"https:\/\/www.turismodealmeria.org\/fr\/?page_id=10714"},"modified":"2024-12-19T11:07:05","modified_gmt":"2024-12-19T09:07:05","slug":"saluez-le-maire","status":"publish","type":"page","link":"https:\/\/www.turismodealmeria.org\/fr\/preparez-votre-voyage\/saluez-le-maire\/","title":{"rendered":"Saluez le Maire"},"content":{"rendered":"<div class=\"wpb-content-wrapper\"><p>[vc_row][vc_column column_width_percent=\u00a0\u00bb100&Prime; gutter_size=\u00a0\u00bb2&Prime; overlay_alpha=\u00a0\u00bb50&Prime; shift_x=\u00a0\u00bb0&Prime; shift_y=\u00a0\u00bb0&Prime; shift_y_down=\u00a0\u00bb0&Prime; z_index=\u00a0\u00bb0&Prime; medium_width=\u00a0\u00bb0&Prime; mobile_width=\u00a0\u00bb0&Prime; width=\u00a0\u00bb4\/12&Prime; uncode_shortcode_id=\u00a0\u00bb666909&Prime;][vc_single_image media=\u00a0\u00bb80513&Prime; media_width_percent=\u00a0\u00bb100&Prime; uncode_shortcode_id=\u00a0\u00bb158603&Prime; el_class=\u00a0\u00bbborder-radius-5px\u00a0\u00bb][vc_column_text uncode_shortcode_id=\u00a0\u00bb111753&Prime;]Mar\u00eda del Mar V\u00e1zquez Ag\u00fcero<br \/>\n<strong>Maire d&rsquo;Almer\u00eda<\/strong>[\/vc_column_text][\/vc_column][vc_column width=\u00a0\u00bb8\/12&Prime;][vc_column_text uncode_shortcode_id=\u00a0\u00bb137210&Prime;]Il n&rsquo;est pas facile de dire pourquoi Almer\u00eda est un endroit de la M\u00e9diterran\u00e9e que personne ne doit manquer. Logiquement, il est beaucoup plus efficace et simple de le voir, le toucher, le sentir, le d\u00e9guster, l&rsquo;\u00e9couter, le ressentir et en profiter.<\/p>\n<p>Mais comme notre devoir, celui des Almerienses en g\u00e9n\u00e9ral et le mien, en tant que maire, est de faire en sorte que personne ne cesse de se sentir invit\u00e9 \u00e0 plonger dans cette mer de sensations que nous connaissons sous le nom d&rsquo;Almer\u00eda, \u00e0 la <strong>Entreprise Municipale Almer\u00eda Touristique<\/strong>, nous avons d\u00e9cid\u00e9 de lancer ce portail web dans le monde, ainsi que certaines ramifications, comme nos pages sur les r\u00e9seaux sociaux <strong><a href=\"https:\/\/www.facebook.com\/EnamoradosDeAlmeria\/\" target=\"_blank\" rel=\"noopener noreferrer\">Facebook<\/a> et <a href=\"https:\/\/twitter.com\/almerialovers\" target=\"_blank\" rel=\"noopener noreferrer\">Twitter<\/a><\/strong>.<\/p>\n<p>Ici et l\u00e0, le visiteur trouvera des informations sur <strong>nos origines et notre culture<\/strong>, les lieux \u00e0 visiter et les exp\u00e9riences \u00e0 vivre, nos traditions, notre gastronomie et la beaut\u00e9 spectaculaire qui, sous forme d&rsquo;amalgame de contrastes, font de nous un <strong>petit univers de cultures et de ressources pour les touristes<\/strong>.<\/p>\n<p>L&rsquo;Almer\u00eda <strong>musulmane<\/strong>, <strong>baroque<\/strong>, <strong>chr\u00e9tienne<\/strong>, <strong>cin\u00e9matographique<\/strong>, de <strong>soleil et de plage<\/strong>, de l&rsquo;int\u00e9rieur, de <strong>d\u00e9sert et de montagnes<\/strong>, <strong>monumentale<\/strong> et <strong>gastronomique<\/strong>, des <strong>congr\u00e8s<\/strong>, des <strong>mus\u00e9es<\/strong>, des <strong>\u00e9v\u00e9nements<\/strong> et, finalement, l&rsquo;<strong>Almer\u00eda ouverte au monde, sinc\u00e8re et accueillante, ouvre ses portes \u00e0 travers cette fen\u00eatre sur le monde pour rechercher des &lsquo;amoureux d&rsquo;Almer\u00eda&rsquo;<\/strong>, d\u00e9nomination que nous avons donn\u00e9e \u00e0 nos pages sur <a href=\"https:\/\/www.facebook.com\/EnamoradosDeAlmeria\/\" target=\"_blank\" rel=\"noopener noreferrer\"><strong>Facebook<\/strong><\/a> et <a href=\"https:\/\/twitter.com\/almerialovers\" target=\"_blank\" rel=\"noopener noreferrer\"><strong>Twitter<\/strong><\/a>, pr\u00eats \u00e0 chanter nos attraits et \u00e0 les emmener partout o\u00f9 il y a une personne, quelle que soit son origine, pour faire de nous leur destination.<\/p>\n<p><strong>Bienvenue \u00e0 Almer\u00eda, amoureux tous!!<\/strong>[\/vc_column_text][\/vc_column][\/vc_row][vc_row][vc_column width=\u00a0\u00bb1\/1&Prime;][vc_empty_space empty_h=\u00a0\u00bb2&Prime;][\/vc_column][\/vc_row]<\/p>\n<\/div>","protected":false},"excerpt":{"rendered":"<p>[vc_row][vc_column column_width_percent=\u00a0\u00bb100&Prime; gutter_size=\u00a0\u00bb2&Prime; overlay_alpha=\u00a0\u00bb50&Prime; shift_x=\u00a0\u00bb0&Prime; shift_y=\u00a0\u00bb0&Prime; shift_y_down=\u00a0\u00bb0&Prime; z_index=\u00a0\u00bb0&Prime; medium_width=\u00a0\u00bb0&Prime; mobile_width=\u00a0\u00bb0&Prime; width=\u00a0\u00bb4\/12&Prime; uncode_shortcode_id=\u00a0\u00bb666909&Prime;][vc_single_image media=\u00a0\u00bb80513&Prime; media_width_percent=\u00a0\u00bb100&Prime; uncode_shortcode_id=\u00a0\u00bb158603&Prime; el_class=\u00a0\u00bbborder-radius-5px\u00a0\u00bb][vc_column_text uncode_shortcode_id=\u00a0\u00bb111753&Prime;]Mar\u00eda del Mar V\u00e1zquez [&hellip;]<\/p>\n","protected":false},"author":1,"featured_media":0,"parent":11077,"menu_order":0,"comment_status":"closed","ping_status":"closed","template":"","meta":{"_acf_changed":false,"footnotes":""},"class_list":["post-10714","page","type-page","status-publish","hentry"],"acf":[],"ACF":{"imagen_cabecera":false},"_links":{"self":[{"href":"https:\/\/www.turismodealmeria.org\/fr\/wp-json\/wp\/v2\/pages\/10714","targetHints":{"allow":["GET"]}}],"collection":[{"href":"https:\/\/www.turismodealmeria.org\/fr\/wp-json\/wp\/v2\/pages"}],"about":[{"href":"https:\/\/www.turismodealmeria.org\/fr\/wp-json\/wp\/v2\/types\/page"}],"author":[{"embeddable":true,"href":"https:\/\/www.turismodealmeria.org\/fr\/wp-json\/wp\/v2\/users\/1"}],"replies":[{"embeddable":true,"href":"https:\/\/www.turismodealmeria.org\/fr\/wp-json\/wp\/v2\/comments?post=10714"}],"version-history":[{"count":0,"href":"https:\/\/www.turismodealmeria.org\/fr\/wp-json\/wp\/v2\/pages\/10714\/revisions"}],"up":[{"embeddable":true,"href":"https:\/\/www.turismodealmeria.org\/fr\/wp-json\/wp\/v2\/pages\/11077"}],"wp:attachment":[{"href":"https:\/\/www.turismodealmeria.org\/fr\/wp-json\/wp\/v2\/media?parent=10714"}],"curies":[{"name":"wp","href":"https:\/\/api.w.org\/{rel}","templated":true}]}}