{"id":11454,"date":"2016-03-08T15:56:12","date_gmt":"2016-03-08T15:56:12","guid":{"rendered":"https:\/\/www.turismodealmeria.org\/fr\/almeria-y-el-cine\/"},"modified":"2016-06-13T11:28:40","modified_gmt":"2016-06-13T11:28:40","slug":"almeria-et-le-cinema","status":"publish","type":"page","link":"https:\/\/www.turismodealmeria.org\/fr\/almeria-et-le-cinema\/","title":{"rendered":"Almeria et le Cin\u00e9ma"},"content":{"rendered":"<div class=\"col-lg-6 col-md-4 col-sm-12 col-xs-12 full\">Almeria et sa province constituent, sans le moindre doute, une r\u00e9f\u00e9rence pour les tournages cin\u00e9matographiques tant nationaux qu\u2019internationaux de notre pays. Nos paysages, notre lumi\u00e8re, le beau temps et nos monuments conf\u00e8rent \u00e0 Almeria des conditions id\u00e9ales pour les tournages \u00e0 l\u2019ext\u00e9rieur. Et, en d\u00e9pit du fait que de nombreuses personnes croient que Tabernas ou le Parc Naturel de Cabo de Gata N\u00edjar sont les emplacements principaux, <strong>il n\u2019en est pas moins vrai que la ville-m\u00eame d\u2019Almeria a servi au tournage de beaucoup de sc\u00e8nes des principales productions cin\u00e9matographiques<\/strong>.<\/p>\n<p style=\"margin: 0px 0px 0px;\">Ainsi, dans la ville, on peut visiter les emplacements choisis pour ces tournages, car  Almeria a \u00e9t\u00e9 un endroit magique dans Conan le Barbare (<strong>Alcazaba d\u2019Almeria<\/strong>), a \u00e9t\u00e9 Messina dans Patton (<strong>Parc Nicol\u00e1s Salmer\u00f3n<\/strong>, <strong>la propri\u00e9t\u00e9 de Santa Isabel<\/strong> et <strong>la Cath\u00e9drale<\/strong>), Hatay dans Indiana Jones <\/p>\n<\/div>\n<div class=\"col-lg-6 col-md-4 col-sm-12 col-xs-12 right0\">\n<div class=\"post-gallery-wrapper\">\n<div class=\"justifiedgall_572c6e4d22e77 justified-gallery\" style=\"margin: 0px 0px 0px; height: 356px;\">\n<a class=\"mokka-ilightbox\" href=\"https:\/\/www.turismodealmeria.org\/wp-content\/uploads\/2016\/05\/tierra-de-cine-casa-del-cine.jpg\" style=\"width: 420px; height: 236px; top: 0px; left: 0px; opacity: 1;\"><img decoding=\"async\" src=\"https:\/\/www.turismodealmeria.org\/wp-content\/uploads\/2016\/05\/tierra-de-cine-casa-del-cine.jpg\" alt=\"Casa del Cine\" style=\"width: 420px; height: 236px; margin-left: -210px; margin-top: -118px;\"><\/a><br \/>\n<a class=\"mokka-ilightbox\" href=\"https:\/\/www.turismodealmeria.org\/wp-content\/uploads\/2016\/05\/tierra-de-cine-alcazaba.jpg\" style=\"width: 209px; height: 118px; top: 238px; left: 0px; opacity: 1;\"><img decoding=\"async\" src=\"https:\/\/www.turismodealmeria.org\/wp-content\/uploads\/2016\/05\/tierra-de-cine-alcazaba.jpg\" alt=\"Alcazaba\" style=\"width: 209px; height: 118px; margin-left: -104.5px; margin-top: -59px;\"><\/a><br \/>\n<a class=\"mokka-ilightbox\" href=\"https:\/\/www.turismodealmeria.org\/wp-content\/uploads\/2016\/05\/tierra-de-cine-catedral.jpg\" style=\"width: 209px; height: 118px; top: 238px; left: 211px; opacity: 1;\"><br \/>\n<img decoding=\"async\" src=\"https:\/\/www.turismodealmeria.org\/wp-content\/uploads\/2016\/05\/tierra-de-cine-catedral.jpg\" alt=\"Catedral\" style=\"width: 209px; height: 118px; margin-left: -104.5px; margin-top: -59px;\"><\/a>\n<\/div>\n<\/div>\n<\/div>\n<div class=\"col-lg-12 col-md-4 col-sm-12 col-xs-12 full\">et la Derni\u00e8re Croisade (<strong>Ecole des Arts d\u2019Almeria<\/strong> et <strong>La Medina<\/strong>), Le Caire dans Lawrence d\u2019Arabie (<strong>Parc Nicol\u00e1s Salmer\u00f3n<\/strong>) et Tanger dans Le Vent et le Lion (Parc Nicol\u00e1s Salmer\u00f3n et <strong>l\u2019Ancien Casino Culturel<\/strong>).<\/p>\n<p>Actuellement, Almeria a servi comme lieu de tournage pour le Tr\u00f4ne de fer et R\u00e9surrection du Christ, qui ont utilis\u00e9 l\u2019Alcazaba pour recr\u00e9er l\u2019univers de George R. R. Martin et la J\u00e9rusalem de la mort de J\u00e9sus Christ.<\/p>\n<p>Vous pourrez en savoir plus sur le cin\u00e9ma dans la ville en suivant <strong>nos routes cin\u00e9matographiques<\/strong> et dans <strong>La Maison du Cin\u00e9ma<\/strong>, mus\u00e9e qui raconte l\u2019histoire du cin\u00e9ma dans la province d\u2019Almeria et qui a \u00e9t\u00e9 habit\u00e9e par John Lennon durant le tournage de <strong>Comment j\u2019ai gagn\u00e9 la guerre<\/strong>.<\/div>\n","protected":false},"excerpt":{"rendered":"<p>Almeria et sa province constituent, sans le moindre doute, une r\u00e9f\u00e9rence pour les tournages cin\u00e9matographiques tant nationaux qu\u2019internationaux de notre [&hellip;]<\/p>\n","protected":false},"author":1,"featured_media":0,"parent":0,"menu_order":0,"comment_status":"closed","ping_status":"closed","template":"tpl-page-sidebar-left.php","meta":{"_acf_changed":false,"footnotes":""},"class_list":["post-11454","page","type-page","status-publish","hentry"],"acf":[],"ACF":{"imagen_cabecera":10068},"_links":{"self":[{"href":"https:\/\/www.turismodealmeria.org\/fr\/wp-json\/wp\/v2\/pages\/11454","targetHints":{"allow":["GET"]}}],"collection":[{"href":"https:\/\/www.turismodealmeria.org\/fr\/wp-json\/wp\/v2\/pages"}],"about":[{"href":"https:\/\/www.turismodealmeria.org\/fr\/wp-json\/wp\/v2\/types\/page"}],"author":[{"embeddable":true,"href":"https:\/\/www.turismodealmeria.org\/fr\/wp-json\/wp\/v2\/users\/1"}],"replies":[{"embeddable":true,"href":"https:\/\/www.turismodealmeria.org\/fr\/wp-json\/wp\/v2\/comments?post=11454"}],"version-history":[{"count":0,"href":"https:\/\/www.turismodealmeria.org\/fr\/wp-json\/wp\/v2\/pages\/11454\/revisions"}],"wp:attachment":[{"href":"https:\/\/www.turismodealmeria.org\/fr\/wp-json\/wp\/v2\/media?parent=11454"}],"curies":[{"name":"wp","href":"https:\/\/api.w.org\/{rel}","templated":true}]}}