{"id":12245,"date":"2016-05-06T10:07:30","date_gmt":"2016-05-06T10:07:30","guid":{"rendered":"https:\/\/www.turismodealmeria.org\/fr\/politica-de-privacidad\/"},"modified":"2016-06-27T10:02:54","modified_gmt":"2016-06-27T10:02:54","slug":"politique-de-privacite","status":"publish","type":"page","link":"https:\/\/www.turismodealmeria.org\/fr\/politique-de-privacite\/","title":{"rendered":"Politique de Privacit\u00e9"},"content":{"rendered":"<p>Par la pr\u00e9sente politique de privacit\u00e9, <strong>Empresa Municipal de Turismo de Almer\u00eda<\/strong> (dor\u00e9navant, L&rsquo;ENTREPRISE) informe les utilisateurs du site <a href=\"https:\/\/www.turismodealmeria.org\">www.turismodealmeria.org<\/a> du traitement et de l&rsquo;utilisation auxquels sont soumises les donn\u00e9es \u00e0 caract\u00e8re personnel recueillies sur ce dernier, afin qu&rsquo;ils puissent, d\u00e9cider, de fa\u00e7on libre et volontaire, de fournir l&rsquo;information demand\u00e9e.<\/p>\n<p><strong>L&rsquo;ENTREPRISE<\/strong> se r\u00e9serve le droit de modifier cette politique afin de l&rsquo;adapter \u00e0 de nouvelles normes l\u00e9gales, crit\u00e8res jurisprudentiels, pratiques du secteur ou int\u00e9r\u00eats particuliers de la soci\u00e9t\u00e9. Les modifications seront dans tous les cas pr\u00e9alablement communiqu\u00e9es \u00e0 l&rsquo;utilisateur, en informant \u00e9galement ce dernier de leur date d&rsquo;entr\u00e9e en vigueur.<\/p>\n<h3>S\u00e9curit\u00e9 des donn\u00e9es<\/h3>\n<p><strong>L&rsquo;ENTREPRISE<\/strong> garantit la s\u00e9curit\u00e9 et la confidentialit\u00e9 des donn\u00e9es stock\u00e9es, \u00e9vitant ainsi, dans la mesure du possible, leur modification, perte, traitement ou acc\u00e8s non autoris\u00e9.<\/p>\n","protected":false},"excerpt":{"rendered":"<p>Par la pr\u00e9sente politique de privacit\u00e9, Empresa Municipal de Turismo de Almer\u00eda (dor\u00e9navant, L&rsquo;ENTREPRISE) informe les utilisateurs du site www.turismodealmeria.org [&hellip;]<\/p>\n","protected":false},"author":1,"featured_media":0,"parent":0,"menu_order":0,"comment_status":"closed","ping_status":"closed","template":"","meta":{"_acf_changed":false,"footnotes":""},"class_list":["post-12245","page","type-page","status-publish","hentry"],"acf":[],"ACF":{"imagen_cabecera":false},"_links":{"self":[{"href":"https:\/\/www.turismodealmeria.org\/fr\/wp-json\/wp\/v2\/pages\/12245","targetHints":{"allow":["GET"]}}],"collection":[{"href":"https:\/\/www.turismodealmeria.org\/fr\/wp-json\/wp\/v2\/pages"}],"about":[{"href":"https:\/\/www.turismodealmeria.org\/fr\/wp-json\/wp\/v2\/types\/page"}],"author":[{"embeddable":true,"href":"https:\/\/www.turismodealmeria.org\/fr\/wp-json\/wp\/v2\/users\/1"}],"replies":[{"embeddable":true,"href":"https:\/\/www.turismodealmeria.org\/fr\/wp-json\/wp\/v2\/comments?post=12245"}],"version-history":[{"count":0,"href":"https:\/\/www.turismodealmeria.org\/fr\/wp-json\/wp\/v2\/pages\/12245\/revisions"}],"wp:attachment":[{"href":"https:\/\/www.turismodealmeria.org\/fr\/wp-json\/wp\/v2\/media?parent=12245"}],"curies":[{"name":"wp","href":"https:\/\/api.w.org\/{rel}","templated":true}]}}