{"id":48106,"date":"2016-02-12T09:03:48","date_gmt":"2016-02-12T09:03:48","guid":{"rendered":"https:\/\/www.turismodealmeria.org\/prepara-tu-viaje\/audio-guias\/"},"modified":"2022-05-25T10:39:29","modified_gmt":"2022-05-25T08:39:29","slug":"audio-guides","status":"publish","type":"page","link":"https:\/\/www.turismodealmeria.org\/fr\/preparez-votre-voyage\/audio-guides\/","title":{"rendered":"Audio guides"},"content":{"rendered":"<div class=\"wpb-content-wrapper\"><p>[vc_row][vc_column column_width_percent=\u00a0\u00bb100&Prime; gutter_size=\u00a0\u00bb2&Prime; overlay_alpha=\u00a0\u00bb50&Prime; shift_x=\u00a0\u00bb0&Prime; shift_y=\u00a0\u00bb0&Prime; shift_y_down=\u00a0\u00bb0&Prime; z_index=\u00a0\u00bb0&Prime; medium_width=\u00a0\u00bb0&Prime; mobile_width=\u00a0\u00bb0&Prime; width=\u00a0\u00bb1\/1&Prime; uncode_shortcode_id=\u00a0\u00bb675924&Prime;][vc_custom_heading text_color=\u00a0\u00bbcolor-sea-blue\u00a0\u00bb text_size=\u00a0\u00bbfontsize-35&Prime; text_weight=\u00a0\u00bb600&Prime; uncode_shortcode_id=\u00a0\u00bb102483&Prime; text_color_type=\u00a0\u00bbuncode-palette\u00a0\u00bb]AUDIO GUIDES[\/vc_custom_heading][vc_separator sep_color=\u00a0\u00bbcolor-amber\u00a0\u00bb uncode_shortcode_id=\u00a0\u00bb914759&Prime; el_class=\u00a0\u00bbplayas-forma-segura\u00a0\u00bb sep_color_type=\u00a0\u00bbuncode-palette\u00a0\u00bb el_width=\u00a0\u00bb200px\u00a0\u00bb el_height=\u00a0\u00bb8px\u00a0\u00bb][vc_custom_heading heading_semantic=\u00a0\u00bbp\u00a0\u00bb text_size=\u00a0\u00bbfontsize-17&Prime; text_weight=\u00a0\u00bb400&Prime; uncode_shortcode_id=\u00a0\u00bb155550&Prime;]Aimeriez-vous avoir votre propre guide en vous promenant \u00e0 travers certains des plus embl\u00e9matiques de la ville d\u2019Almeria? De notre site Web nous le rendre facile. Saisit nos guides audio, entendent l\u2019histoire de points d\u2019int\u00e9r\u00eat particulier, que ce soit en ligne ou en t\u00e9l\u00e9chargeant et lecture de tout appareil mobile comme votre t\u00e9l\u00e9phone ou tablette.[\/vc_custom_heading][\/vc_column][\/vc_row][vc_row][vc_column][vc_raw_html]JTVCZGVzY2FyZ2FzJTIwdGlwb19jb250ZW5pZG8lM0QlMjJhdWRpby1ndWlhcyUyMiU1RA==[\/vc_raw_html][\/vc_column][\/vc_row]<\/p>\n<\/div>","protected":false},"excerpt":{"rendered":"<p>[vc_row][vc_column column_width_percent=\u00a0\u00bb100&Prime; gutter_size=\u00a0\u00bb2&Prime; overlay_alpha=\u00a0\u00bb50&Prime; shift_x=\u00a0\u00bb0&Prime; shift_y=\u00a0\u00bb0&Prime; shift_y_down=\u00a0\u00bb0&Prime; z_index=\u00a0\u00bb0&Prime; medium_width=\u00a0\u00bb0&Prime; mobile_width=\u00a0\u00bb0&Prime; width=\u00a0\u00bb1\/1&Prime; uncode_shortcode_id=\u00a0\u00bb675924&Prime;][vc_custom_heading text_color=\u00a0\u00bbcolor-sea-blue\u00a0\u00bb text_size=\u00a0\u00bbfontsize-35&Prime; text_weight=\u00a0\u00bb600&Prime; uncode_shortcode_id=\u00a0\u00bb102483&Prime; text_color_type=\u00a0\u00bbuncode-palette\u00a0\u00bb]AUDIO GUIDES[\/vc_custom_heading][vc_separator sep_color=\u00a0\u00bbcolor-amber\u00a0\u00bb uncode_shortcode_id=\u00a0\u00bb914759&Prime; [&hellip;]<\/p>\n","protected":false},"author":1,"featured_media":0,"parent":11077,"menu_order":0,"comment_status":"closed","ping_status":"closed","template":"","meta":{"_acf_changed":false,"footnotes":""},"class_list":["post-48106","page","type-page","status-publish","hentry"],"acf":[],"ACF":{"imagen_cabecera":false},"_links":{"self":[{"href":"https:\/\/www.turismodealmeria.org\/fr\/wp-json\/wp\/v2\/pages\/48106","targetHints":{"allow":["GET"]}}],"collection":[{"href":"https:\/\/www.turismodealmeria.org\/fr\/wp-json\/wp\/v2\/pages"}],"about":[{"href":"https:\/\/www.turismodealmeria.org\/fr\/wp-json\/wp\/v2\/types\/page"}],"author":[{"embeddable":true,"href":"https:\/\/www.turismodealmeria.org\/fr\/wp-json\/wp\/v2\/users\/1"}],"replies":[{"embeddable":true,"href":"https:\/\/www.turismodealmeria.org\/fr\/wp-json\/wp\/v2\/comments?post=48106"}],"version-history":[{"count":0,"href":"https:\/\/www.turismodealmeria.org\/fr\/wp-json\/wp\/v2\/pages\/48106\/revisions"}],"up":[{"embeddable":true,"href":"https:\/\/www.turismodealmeria.org\/fr\/wp-json\/wp\/v2\/pages\/11077"}],"wp:attachment":[{"href":"https:\/\/www.turismodealmeria.org\/fr\/wp-json\/wp\/v2\/media?parent=48106"}],"curies":[{"name":"wp","href":"https:\/\/api.w.org\/{rel}","templated":true}]}}