{"id":49605,"date":"2016-04-05T07:22:13","date_gmt":"2016-04-05T07:22:13","guid":{"rendered":"https:\/\/www.turismodealmeria.org\/prepara-tu-viaje\/rutas-por-almeria\/"},"modified":"2022-05-31T08:40:30","modified_gmt":"2022-05-31T06:40:30","slug":"routes","status":"publish","type":"page","link":"https:\/\/www.turismodealmeria.org\/fr\/preparez-votre-voyage\/routes\/","title":{"rendered":"Routes"},"content":{"rendered":"<div class=\"wpb-content-wrapper\"><p>[vc_row][vc_column column_width_percent=\u00a0\u00bb100&Prime; gutter_size=\u00a0\u00bb2&Prime; overlay_alpha=\u00a0\u00bb50&Prime; shift_x=\u00a0\u00bb0&Prime; shift_y=\u00a0\u00bb0&Prime; shift_y_down=\u00a0\u00bb0&Prime; z_index=\u00a0\u00bb0&Prime; medium_width=\u00a0\u00bb0&Prime; mobile_width=\u00a0\u00bb0&Prime; width=\u00a0\u00bb1\/1&Prime; uncode_shortcode_id=\u00a0\u00bb675924&Prime;][vc_custom_heading text_color=\u00a0\u00bbcolor-sea-blue\u00a0\u00bb text_size=\u00a0\u00bbfontsize-35&Prime; text_weight=\u00a0\u00bb600&Prime; text_transform=\u00a0\u00bbuppercase\u00a0\u00bb uncode_shortcode_id=\u00a0\u00bb788247&Prime; text_color_type=\u00a0\u00bbuncode-palette\u00a0\u00bb]ROUTES[\/vc_custom_heading][vc_separator sep_color=\u00a0\u00bbcolor-amber\u00a0\u00bb uncode_shortcode_id=\u00a0\u00bb914759&Prime; el_class=\u00a0\u00bbplayas-forma-segura\u00a0\u00bb sep_color_type=\u00a0\u00bbuncode-palette\u00a0\u00bb el_width=\u00a0\u00bb200px\u00a0\u00bb el_height=\u00a0\u00bb8px\u00a0\u00bb][vc_custom_heading heading_semantic=\u00a0\u00bbp\u00a0\u00bb text_size=\u00a0\u00bbfontsize-17&Prime; text_weight=\u00a0\u00bb400&Prime; uncode_shortcode_id=\u00a0\u00bb184191&Prime;]Une promenade dans les rues d\u2019Almeria, c\u2019est une promenade dans son histoire. Elle a \u00e9t\u00e9 Portus Magnus romain et du califat de C\u00f3rdoba.<\/p>\n<p>\u00c0 l\u2019\u00e9poque chr\u00e9tienne, ce fut le renouveau bourgeois ou les constructions typiques de l\u2019apr\u00e8s-guerre de l\u2019architecte municipal Guillermo Langle\u2026 qui pr\u00e9sentent Almeria comme une ville repl\u00e8te de vestiges parsem\u00e9s dans son trac\u00e9 urbain.[\/vc_custom_heading][\/vc_column][\/vc_row][vc_row][vc_column width=\u00a0\u00bb1\/1&Prime;][uncode_index el_id=\u00a0\u00bbrutas-almeria\u00a0\u00bb isotope_mode=\u00a0\u00bbpackery\u00a0\u00bb loop=\u00a0\u00bbsize:9|order_by:date|post_type:rutas|taxonomy_count:10&Prime; pagination=\u00a0\u00bbyes\u00a0\u00bb gutter_size=\u00a0\u00bb2&Prime; playas_items=\u00a0\u00bbmedia|featured|onpost|original,title,sep-one|full,text|full|280&Prime; rutas_items=\u00a0\u00bbtitle,media|featured|onpost|original,text|full|120,link|default|default_size|plus,spacer|one\u00a0\u00bb screen_lg=\u00a0\u00bb1000&Prime; screen_md=\u00a0\u00bb600&Prime; screen_sm=\u00a0\u00bb480&Prime; images_size=\u00a0\u00bbsixteen-nine\u00a0\u00bb single_overlay_opacity=\u00a0\u00bb50&Prime; single_padding=\u00a0\u00bb1&Prime; single_title_semantic=\u00a0\u00bbp\u00a0\u00bb single_title_dimension=\u00a0\u00bbfont-size-23px\u00a0\u00bb single_title_weight=\u00a0\u00bb600&Prime; uncode_shortcode_id=\u00a0\u00bb374221&Prime; el_class=\u00a0\u00bbborder-radius-5px text-color-deep-teal-color\u00a0\u00bb][\/vc_column][\/vc_row]<\/p>\n<\/div>","protected":false},"excerpt":{"rendered":"<p>[vc_row][vc_column column_width_percent=\u00a0\u00bb100&Prime; gutter_size=\u00a0\u00bb2&Prime; overlay_alpha=\u00a0\u00bb50&Prime; shift_x=\u00a0\u00bb0&Prime; shift_y=\u00a0\u00bb0&Prime; shift_y_down=\u00a0\u00bb0&Prime; z_index=\u00a0\u00bb0&Prime; medium_width=\u00a0\u00bb0&Prime; mobile_width=\u00a0\u00bb0&Prime; width=\u00a0\u00bb1\/1&Prime; uncode_shortcode_id=\u00a0\u00bb675924&Prime;][vc_custom_heading text_color=\u00a0\u00bbcolor-sea-blue\u00a0\u00bb text_size=\u00a0\u00bbfontsize-35&Prime; text_weight=\u00a0\u00bb600&Prime; text_transform=\u00a0\u00bbuppercase\u00a0\u00bb uncode_shortcode_id=\u00a0\u00bb788247&Prime; text_color_type=\u00a0\u00bbuncode-palette\u00a0\u00bb]ROUTES[\/vc_custom_heading][vc_separator sep_color=\u00a0\u00bbcolor-amber\u00a0\u00bb uncode_shortcode_id=\u00a0\u00bb914759&Prime; [&hellip;]<\/p>\n","protected":false},"author":1,"featured_media":36395,"parent":11077,"menu_order":0,"comment_status":"closed","ping_status":"closed","template":"","meta":{"_acf_changed":false,"footnotes":""},"class_list":["post-49605","page","type-page","status-publish","has-post-thumbnail","hentry"],"acf":[],"ACF":{"imagen_cabecera":false},"_links":{"self":[{"href":"https:\/\/www.turismodealmeria.org\/fr\/wp-json\/wp\/v2\/pages\/49605","targetHints":{"allow":["GET"]}}],"collection":[{"href":"https:\/\/www.turismodealmeria.org\/fr\/wp-json\/wp\/v2\/pages"}],"about":[{"href":"https:\/\/www.turismodealmeria.org\/fr\/wp-json\/wp\/v2\/types\/page"}],"author":[{"embeddable":true,"href":"https:\/\/www.turismodealmeria.org\/fr\/wp-json\/wp\/v2\/users\/1"}],"replies":[{"embeddable":true,"href":"https:\/\/www.turismodealmeria.org\/fr\/wp-json\/wp\/v2\/comments?post=49605"}],"version-history":[{"count":0,"href":"https:\/\/www.turismodealmeria.org\/fr\/wp-json\/wp\/v2\/pages\/49605\/revisions"}],"up":[{"embeddable":true,"href":"https:\/\/www.turismodealmeria.org\/fr\/wp-json\/wp\/v2\/pages\/11077"}],"wp:featuredmedia":[{"embeddable":true,"href":"https:\/\/www.turismodealmeria.org\/fr\/wp-json\/wp\/v2\/media\/36395"}],"wp:attachment":[{"href":"https:\/\/www.turismodealmeria.org\/fr\/wp-json\/wp\/v2\/media?parent=49605"}],"curies":[{"name":"wp","href":"https:\/\/api.w.org\/{rel}","templated":true}]}}