{"id":49828,"date":"2016-02-22T11:35:20","date_gmt":"2016-02-22T11:35:20","guid":{"rendered":"https:\/\/www.turismodealmeria.org\/que-faire\/las-playas\/"},"modified":"2022-05-25T09:45:45","modified_gmt":"2022-05-25T07:45:45","slug":"tourisme-de-soleil-et-de-plage","status":"publish","type":"page","link":"https:\/\/www.turismodealmeria.org\/fr\/que-faire\/tourisme-de-soleil-et-de-plage\/","title":{"rendered":"Tourisme de soleil et de plage"},"content":{"rendered":"<div class=\"wpb-content-wrapper\"><p>[vc_row][vc_column column_width_percent=\u00a0\u00bb100&Prime; gutter_size=\u00a0\u00bb2&Prime; overlay_alpha=\u00a0\u00bb50&Prime; shift_x=\u00a0\u00bb0&Prime; shift_y=\u00a0\u00bb0&Prime; shift_y_down=\u00a0\u00bb0&Prime; z_index=\u00a0\u00bb0&Prime; medium_width=\u00a0\u00bb0&Prime; mobile_width=\u00a0\u00bb0&Prime; width=\u00a0\u00bb1\/1&Prime; uncode_shortcode_id=\u00a0\u00bb675924&Prime;][vc_custom_heading text_color=\u00a0\u00bbcolor-sea-blue\u00a0\u00bb text_weight=\u00a0\u00bb600&Prime; uncode_shortcode_id=\u00a0\u00bb695896&Prime; text_color_type=\u00a0\u00bbuncode-palette\u00a0\u00bb]UN JOYAU M\u00c9DITERRAN\u00c9EN[\/vc_custom_heading][vc_separator sep_color=\u00a0\u00bbcolor-amber\u00a0\u00bb uncode_shortcode_id=\u00a0\u00bb156220&Prime; el_class=\u00a0\u00bbplayas-forma-segura mt-10&Prime; sep_color_type=\u00a0\u00bbuncode-palette\u00a0\u00bb el_width=\u00a0\u00bb200px\u00a0\u00bb el_height=\u00a0\u00bb8px\u00a0\u00bb][vc_custom_heading heading_semantic=\u00a0\u00bbp\u00a0\u00bb text_size=\u00a0\u00bbfontsize-17&Prime; text_weight=\u00a0\u00bb400&Prime; uncode_shortcode_id=\u00a0\u00bb239145&Prime;]Almer\u00eda poss\u00e8de d&rsquo;excellentes plages, tant pour la qualit\u00e9 du sable que pour la propret\u00e9 de l&rsquo;eau. La ville dispose de trois kilom\u00e8tres de plages urbaines avec tous les services pour les baigneurs, et d&rsquo;autres plages urbaines \u00e0 Retamar, Costacabana et Cabo de Gata. En outre, la plupart des plages d&rsquo;Almer\u00eda ont re\u00e7u le drapeau bleu pour leur propret\u00e9 et leurs services.<\/p>\n<p>Et si vous voulez profiter de plages naturelles, d\u00e9couvrez les plages de la r\u00e9serve naturelle de Cabo de Gata-N\u00edjar.[\/vc_custom_heading][\/vc_column][\/vc_row][vc_row row_height_percent=\u00a0\u00bb0&Prime; override_padding=\u00a0\u00bbyes\u00a0\u00bb h_padding=\u00a0\u00bb2&Prime; top_padding=\u00a0\u00bb2&Prime; bottom_padding=\u00a0\u00bb3&Prime; overlay_alpha=\u00a0\u00bb50&Prime; gutter_size=\u00a0\u00bb3&Prime; column_width_percent=\u00a0\u00bb100&Prime; shift_y=\u00a0\u00bb0&Prime; z_index=\u00a0\u00bb0&Prime; uncode_shortcode_id=\u00a0\u00bb105311&Prime;][vc_column width=\u00a0\u00bb1\/1&Prime;][uncode_index el_id=\u00a0\u00bblistado-playas\u00a0\u00bb isotope_mode=\u00a0\u00bbpackery\u00a0\u00bb loop=\u00a0\u00bbsize:8|order_by:date|post_type:playas|taxonomy_count:10&Prime; style_preset=\u00a0\u00bbmetro\u00a0\u00bb pagination=\u00a0\u00bbyes\u00a0\u00bb gutter_size=\u00a0\u00bb3&Prime; playas_items=\u00a0\u00bbmedia|featured|onpost|original,title,sep-one|full,spacer|one,text|full|200,spacer_two|one,link|default|default_size|plus\u00a0\u00bb screen_lg=\u00a0\u00bb1000&Prime; screen_md=\u00a0\u00bb600&Prime; screen_sm=\u00a0\u00bb480&Prime; single_text=\u00a0\u00bblateral\u00a0\u00bb single_width=\u00a0\u00bb12&Prime; single_image_size=\u00a0\u00bb7&Prime; single_overlay_opacity=\u00a0\u00bb50&Prime; single_vertical_text=\u00a0\u00bbbottom\u00a0\u00bb single_padding=\u00a0\u00bb2&Prime; single_title_dimension=\u00a0\u00bbfont-size-23px\u00a0\u00bb uncode_shortcode_id=\u00a0\u00bb171968&Prime; el_class=\u00a0\u00bblistado-playas text-color-deep-teal-color\u00a0\u00bb single_icon=\u00a0\u00bbfa fa-plus\u00a0\u00bb][\/vc_column][\/vc_row][vc_row unlock_row_content=\u00a0\u00bbyes\u00a0\u00bb row_height_percent=\u00a0\u00bb0&Prime; override_padding=\u00a0\u00bbyes\u00a0\u00bb h_padding=\u00a0\u00bb0&Prime; top_padding=\u00a0\u00bb0&Prime; bottom_padding=\u00a0\u00bb0&Prime; back_color=\u00a0\u00bbcolor-cool-grey\u00a0\u00bb overlay_alpha=\u00a0\u00bb50&Prime; gutter_size=\u00a0\u00bb0&Prime; column_width_percent=\u00a0\u00bb100&Prime; shift_y=\u00a0\u00bb0&Prime; z_index=\u00a0\u00bb0&Prime; uncode_shortcode_id=\u00a0\u00bb100018&Prime; back_color_type=\u00a0\u00bbuncode-palette\u00a0\u00bb el_class=\u00a0\u00bbdescubre-mas-experiencias banner-mas-info\u00a0\u00bb][vc_column column_width_percent=\u00a0\u00bb100&Prime; position_horizontal=\u00a0\u00bbright\u00a0\u00bb position_vertical=\u00a0\u00bbmiddle\u00a0\u00bb gutter_size=\u00a0\u00bb2&Prime; overlay_alpha=\u00a0\u00bb50&Prime; shift_x=\u00a0\u00bb0&Prime; shift_y=\u00a0\u00bb0&Prime; shift_y_down=\u00a0\u00bb0&Prime; z_index=\u00a0\u00bb0&Prime; medium_width=\u00a0\u00bb0&Prime; mobile_width=\u00a0\u00bb0&Prime; width=\u00a0\u00bb5\/12&Prime; uncode_shortcode_id=\u00a0\u00bb649752&Prime; el_class=\u00a0\u00bbmax-width-345px\u00a0\u00bb][vc_custom_heading text_color=\u00a0\u00bbcolor-deep-teal\u00a0\u00bb text_size=\u00a0\u00bbfontsize-120373&Prime; text_weight=\u00a0\u00bb600&Prime; uncode_shortcode_id=\u00a0\u00bb281714&Prime; text_color_type=\u00a0\u00bbuncode-palette\u00a0\u00bb]D\u00c9COUVREZ PLUS D&rsquo;EXP\u00c9RIENCES[\/vc_custom_heading][vc_separator sep_color=\u00a0\u00bbcolor-amber\u00a0\u00bb uncode_shortcode_id=\u00a0\u00bb143713&Prime; sep_color_type=\u00a0\u00bbuncode-palette\u00a0\u00bb el_width=\u00a0\u00bb50%\u00a0\u00bb el_height=\u00a0\u00bb8px\u00a0\u00bb el_class=\u00a0\u00bbmt-10&Prime;][vc_column_text uncode_shortcode_id=\u00a0\u00bb200636&Prime;]Parce que voyager c&rsquo;est se sentir bien, trouvez des activit\u00e9s \u00e0 faire \u00e0 Almer\u00eda.[\/vc_column_text][vc_button custom_typo=\u00a0\u00bbyes\u00a0\u00bb font_family=\u00a0\u00bbfont-555555&Prime; font_weight=\u00a0\u00bb600&Prime; text_transform=\u00a0\u00bbuppercase\u00a0\u00bb border_width=\u00a0\u00bb0&Prime; uncode_shortcode_id=\u00a0\u00bb164043&Prime; el_class=\u00a0\u00bbbtn-mas-consejos\u00a0\u00bb link=\u00a0\u00bburl:https%3A%2F%2Fwww.turismodealmeria.org%2Ffr%2Ftourisme-dexperiences%2F\u00a0\u00bb] D\u00c9COUVREZ[\/vc_button][\/vc_column][vc_column width=\u00a0\u00bb7\/12&Prime;][vc_single_image media=\u00a0\u00bb57722&Prime; media_width_percent=\u00a0\u00bb100&Prime; uncode_shortcode_id=\u00a0\u00bb132978&Prime;][\/vc_column][\/vc_row][vc_row row_height_percent=\u00a0\u00bb0&Prime; overlay_alpha=\u00a0\u00bb50&Prime; gutter_size=\u00a0\u00bb3&Prime; column_width_percent=\u00a0\u00bb100&Prime; shift_y=\u00a0\u00bb0&Prime; z_index=\u00a0\u00bb0&Prime; medium_visibility=\u00a0\u00bbyes\u00a0\u00bb mobile_visibility=\u00a0\u00bbyes\u00a0\u00bb uncode_shortcode_id=\u00a0\u00bb188974&Prime;][vc_column width=\u00a0\u00bb1\/1&Prime;][vc_empty_space][\/vc_column][\/vc_row][vc_row row_height_percent=\u00a0\u00bb0&Prime; override_padding=\u00a0\u00bbyes\u00a0\u00bb h_padding=\u00a0\u00bb2&Prime; top_padding=\u00a0\u00bb2&Prime; bottom_padding=\u00a0\u00bb3&Prime; overlay_alpha=\u00a0\u00bb50&Prime; gutter_size=\u00a0\u00bb3&Prime; column_width_percent=\u00a0\u00bb100&Prime; shift_y=\u00a0\u00bb0&Prime; z_index=\u00a0\u00bb0&Prime; uncode_shortcode_id=\u00a0\u00bb951267&Prime;][vc_column width=\u00a0\u00bb1\/1&Prime;][vc_custom_heading text_color=\u00a0\u00bbcolor-deep-teal\u00a0\u00bb text_size=\u00a0\u00bbh3&Prime; text_weight=\u00a0\u00bb600&Prime; uncode_shortcode_id=\u00a0\u00bb826692&Prime; text_color_type=\u00a0\u00bbuncode-palette\u00a0\u00bb]Activit\u00e9s[\/vc_custom_heading][uncode_index el_id=\u00a0\u00bbexperiencias-sol-playa\u00a0\u00bb index_type=\u00a0\u00bbcarousel\u00a0\u00bb loop=\u00a0\u00bbsize:10|order_by:rand|post_type:experiencia|tax_query:1359|taxonomy_count:10&Prime; carousel_lg=\u00a0\u00bb3&Prime; carousel_md=\u00a0\u00bb3&Prime; carousel_sm=\u00a0\u00bb1&Prime; thumb_size=\u00a0\u00bbfive-four\u00a0\u00bb gutter_size=\u00a0\u00bb2&Prime; page_items=\u00a0\u00bbmedia|featured|onpost|original,title,sep-one|full\u00a0\u00bb experiencia_items=\u00a0\u00bbmedia|featured|onpost|original,title,sep-one|full\u00a0\u00bb carousel_interval=\u00a0\u00bb3000&Prime; carousel_navspeed=\u00a0\u00bb400&Prime; carousel_nav=\u00a0\u00bbyes\u00a0\u00bb stage_padding=\u00a0\u00bb0&Prime; single_overlay_opacity=\u00a0\u00bb50&Prime; single_h_align=\u00a0\u00bbcenter\u00a0\u00bb single_padding=\u00a0\u00bb1&Prime; single_title_dimension=\u00a0\u00bbfontsize-20&Prime; single_title_weight=\u00a0\u00bb600&Prime; single_title_transform=\u00a0\u00bbuppercase\u00a0\u00bb uncode_shortcode_id=\u00a0\u00bb116223&Prime; el_class=\u00a0\u00bbtext-color-deep-teal-color listado-playas-tu-experiencia border-radius-5px\u00a0\u00bb][\/vc_column][\/vc_row][vc_row row_height_percent=\u00a0\u00bb0&Prime; override_padding=\u00a0\u00bbyes\u00a0\u00bb h_padding=\u00a0\u00bb0&Prime; top_padding=\u00a0\u00bb3&Prime; bottom_padding=\u00a0\u00bb2&Prime; back_color=\u00a0\u00bbcolor-defafa\u00a0\u00bb overlay_alpha=\u00a0\u00bb50&Prime; gutter_size=\u00a0\u00bb4&Prime; column_width_percent=\u00a0\u00bb100&Prime; shift_y=\u00a0\u00bb0&Prime; z_index=\u00a0\u00bb0&Prime; uncode_shortcode_id=\u00a0\u00bb107692&Prime; back_color_type=\u00a0\u00bbuncode-palette\u00a0\u00bb el_class=\u00a0\u00bbbanner-consejos\u00a0\u00bb][vc_column column_width_percent=\u00a0\u00bb100&Prime; gutter_size=\u00a0\u00bb3&Prime; overlay_alpha=\u00a0\u00bb50&Prime; shift_x=\u00a0\u00bb0&Prime; shift_y=\u00a0\u00bb0&Prime; shift_y_down=\u00a0\u00bb0&Prime; z_index=\u00a0\u00bb0&Prime; medium_visibility=\u00a0\u00bbyes\u00a0\u00bb medium_width=\u00a0\u00bb0&Prime; mobile_visibility=\u00a0\u00bbyes\u00a0\u00bb mobile_width=\u00a0\u00bb0&Prime; width=\u00a0\u00bb1\/12&Prime; uncode_shortcode_id=\u00a0\u00bb159423&Prime;][\/vc_column][vc_column column_width_percent=\u00a0\u00bb100&Prime; position_vertical=\u00a0\u00bbmiddle\u00a0\u00bb gutter_size=\u00a0\u00bb3&Prime; overlay_alpha=\u00a0\u00bb50&Prime; shift_x=\u00a0\u00bb0&Prime; shift_y=\u00a0\u00bb0&Prime; shift_y_down=\u00a0\u00bb0&Prime; z_index=\u00a0\u00bb0&Prime; medium_width=\u00a0\u00bb0&Prime; mobile_width=\u00a0\u00bb0&Prime; width=\u00a0\u00bb5\/12&Prime; uncode_shortcode_id=\u00a0\u00bb133982&Prime;][vc_single_image media=\u00a0\u00bb45368&Prime; media_width_percent=\u00a0\u00bb75&Prime; uncode_shortcode_id=\u00a0\u00bb159856&Prime;][\/vc_column][vc_column column_width_percent=\u00a0\u00bb100&Prime; position_vertical=\u00a0\u00bbmiddle\u00a0\u00bb gutter_size=\u00a0\u00bb2&Prime; overlay_alpha=\u00a0\u00bb50&Prime; shift_x=\u00a0\u00bb0&Prime; shift_y=\u00a0\u00bb0&Prime; shift_y_down=\u00a0\u00bb0&Prime; z_index=\u00a0\u00bb0&Prime; medium_width=\u00a0\u00bb0&Prime; mobile_width=\u00a0\u00bb0&Prime; width=\u00a0\u00bb5\/12&Prime; uncode_shortcode_id=\u00a0\u00bb169281&Prime;][vc_custom_heading text_color=\u00a0\u00bbcolor-deep-teal\u00a0\u00bb text_size=\u00a0\u00bbfontsize-120373&Prime; text_weight=\u00a0\u00bb600&Prime; uncode_shortcode_id=\u00a0\u00bb797836&Prime; text_color_type=\u00a0\u00bbuncode-palette\u00a0\u00bb]PROFITEZ DE LA PLAGES S\u00dbRES[\/vc_custom_heading][vc_column_text uncode_shortcode_id=\u00a0\u00bb147388&Prime; css=\u00a0\u00bb.vc_custom_1653388085818{margin-top: 5px !important;}\u00a0\u00bb]Profitez de vos vacances \u00e0 Almer\u00eda en toute s\u00e9curit\u00e9.[\/vc_column_text][vc_button custom_typo=\u00a0\u00bbyes\u00a0\u00bb font_family=\u00a0\u00bbfont-555555&Prime; font_weight=\u00a0\u00bb600&Prime; border_width=\u00a0\u00bb0&Prime; uncode_shortcode_id=\u00a0\u00bb124458&Prime; el_class=\u00a0\u00bbbtn-consejos\u00a0\u00bb link=\u00a0\u00bburl:https%3A%2F%2Fwww.turismodealmeria.org%2Ffr%2Fconsejos%2Fsoleil-et-plage%2F\u00a0\u00bb]CONSEILS[\/vc_button][\/vc_column][vc_column column_width_percent=\u00a0\u00bb100&Prime; gutter_size=\u00a0\u00bb3&Prime; overlay_alpha=\u00a0\u00bb50&Prime; shift_x=\u00a0\u00bb0&Prime; shift_y=\u00a0\u00bb0&Prime; shift_y_down=\u00a0\u00bb0&Prime; z_index=\u00a0\u00bb0&Prime; medium_visibility=\u00a0\u00bbyes\u00a0\u00bb medium_width=\u00a0\u00bb0&Prime; mobile_visibility=\u00a0\u00bbyes\u00a0\u00bb mobile_width=\u00a0\u00bb0&Prime; width=\u00a0\u00bb1\/12&Prime; uncode_shortcode_id=\u00a0\u00bb206404&Prime;][\/vc_column][\/vc_row]<\/p>\n<\/div>","protected":false},"excerpt":{"rendered":"<p>[vc_row][vc_column column_width_percent=\u00a0\u00bb100&Prime; gutter_size=\u00a0\u00bb2&Prime; overlay_alpha=\u00a0\u00bb50&Prime; shift_x=\u00a0\u00bb0&Prime; shift_y=\u00a0\u00bb0&Prime; shift_y_down=\u00a0\u00bb0&Prime; z_index=\u00a0\u00bb0&Prime; medium_width=\u00a0\u00bb0&Prime; mobile_width=\u00a0\u00bb0&Prime; width=\u00a0\u00bb1\/1&Prime; uncode_shortcode_id=\u00a0\u00bb675924&Prime;][vc_custom_heading text_color=\u00a0\u00bbcolor-sea-blue\u00a0\u00bb text_weight=\u00a0\u00bb600&Prime; uncode_shortcode_id=\u00a0\u00bb695896&Prime; text_color_type=\u00a0\u00bbuncode-palette\u00a0\u00bb]UN JOYAU M\u00c9DITERRAN\u00c9EN[\/vc_custom_heading][vc_separator sep_color=\u00a0\u00bbcolor-amber\u00a0\u00bb uncode_shortcode_id=\u00a0\u00bb156220&Prime; [&hellip;]<\/p>\n","protected":false},"author":1,"featured_media":47715,"parent":11084,"menu_order":0,"comment_status":"closed","ping_status":"closed","template":"","meta":{"_acf_changed":false,"footnotes":""},"class_list":["post-49828","page","type-page","status-publish","has-post-thumbnail","hentry"],"acf":[],"ACF":{"imagen_cabecera":false},"_links":{"self":[{"href":"https:\/\/www.turismodealmeria.org\/fr\/wp-json\/wp\/v2\/pages\/49828","targetHints":{"allow":["GET"]}}],"collection":[{"href":"https:\/\/www.turismodealmeria.org\/fr\/wp-json\/wp\/v2\/pages"}],"about":[{"href":"https:\/\/www.turismodealmeria.org\/fr\/wp-json\/wp\/v2\/types\/page"}],"author":[{"embeddable":true,"href":"https:\/\/www.turismodealmeria.org\/fr\/wp-json\/wp\/v2\/users\/1"}],"replies":[{"embeddable":true,"href":"https:\/\/www.turismodealmeria.org\/fr\/wp-json\/wp\/v2\/comments?post=49828"}],"version-history":[{"count":0,"href":"https:\/\/www.turismodealmeria.org\/fr\/wp-json\/wp\/v2\/pages\/49828\/revisions"}],"up":[{"embeddable":true,"href":"https:\/\/www.turismodealmeria.org\/fr\/wp-json\/wp\/v2\/pages\/11084"}],"wp:featuredmedia":[{"embeddable":true,"href":"https:\/\/www.turismodealmeria.org\/fr\/wp-json\/wp\/v2\/media\/47715"}],"wp:attachment":[{"href":"https:\/\/www.turismodealmeria.org\/fr\/wp-json\/wp\/v2\/media?parent=49828"}],"curies":[{"name":"wp","href":"https:\/\/api.w.org\/{rel}","templated":true}]}}