{"id":49943,"date":"2022-03-19T20:56:51","date_gmt":"2022-03-19T18:56:51","guid":{"rendered":"https:\/\/www.turismodealmeria.org\/turismo-gastronomico\/"},"modified":"2024-12-19T12:14:17","modified_gmt":"2024-12-19T10:14:17","slug":"tourisme-gastronomique","status":"publish","type":"page","link":"https:\/\/www.turismodealmeria.org\/fr\/tourisme-gastronomique\/","title":{"rendered":"Tourisme Gastronomique"},"content":{"rendered":"<div class=\"wpb-content-wrapper\"><p>[vc_row][vc_column column_width_percent=\u00a0\u00bb100&Prime; gutter_size=\u00a0\u00bb2&Prime; overlay_alpha=\u00a0\u00bb50&Prime; shift_x=\u00a0\u00bb0&Prime; shift_y=\u00a0\u00bb0&Prime; shift_y_down=\u00a0\u00bb0&Prime; z_index=\u00a0\u00bb0&Prime; medium_width=\u00a0\u00bb0&Prime; mobile_width=\u00a0\u00bb0&Prime; width=\u00a0\u00bb1\/1&Prime; uncode_shortcode_id=\u00a0\u00bb675924&Prime;][vc_custom_heading text_color=\u00a0\u00bbcolor-sea-blue\u00a0\u00bb text_weight=\u00a0\u00bb600&Prime; uncode_shortcode_id=\u00a0\u00bb746541&Prime; text_color_type=\u00a0\u00bbuncode-palette\u00a0\u00bb]GASTRONOMIE[\/vc_custom_heading][vc_separator sep_color=\u00a0\u00bbcolor-amber\u00a0\u00bb uncode_shortcode_id=\u00a0\u00bb914759&Prime; el_class=\u00a0\u00bbplayas-forma-segura\u00a0\u00bb sep_color_type=\u00a0\u00bbuncode-palette\u00a0\u00bb el_width=\u00a0\u00bb200px\u00a0\u00bb el_height=\u00a0\u00bb8px\u00a0\u00bb][vc_custom_heading heading_semantic=\u00a0\u00bbp\u00a0\u00bb text_size=\u00a0\u00bbfontsize-17&Prime; text_weight=\u00a0\u00bb400&Prime; uncode_shortcode_id=\u00a0\u00bb179393&Prime;]La cuisine d&rsquo;Almeria a une grande influence m\u00e9diterran\u00e9enne, comment pourrait-il en \u00eatre autrement. Les produits de la mer et de la terre offrent une large gamme de recettes qui se distinguent par une saveur authentique. Vous pouvez profiter des plats \u00ab \u00e0 la cuill\u00e8re \u00bb plus traditionnels ou opter pour des tapas. Cependant, vous avez la possibilit\u00e9 de parcourir certaines des routes gastronomiques pour conna\u00eetre en profondeur la finesse de la gastronomie d&rsquo;Almer\u00eda. Connaissez-vous un autre endroit o\u00f9 les jours de pluie sont associ\u00e9s \u00e0 un plat?[\/vc_custom_heading][\/vc_column][\/vc_row][vc_row][vc_column width=\u00a0\u00bb1\/1&Prime;][vc_gallery el_id=\u00a0\u00bbgaleria-gastronomia\u00a0\u00bb isotope_mode=\u00a0\u00bbpackery\u00a0\u00bb medias=\u00a0\u00bb36144,21572,65331,47193,80506&Prime; gutter_size=\u00a0\u00bb2&Prime; media_items=\u00a0\u00bbmedia|lightbox|original\u00a0\u00bb screen_lg=\u00a0\u00bb1000&Prime; screen_md=\u00a0\u00bb600&Prime; screen_sm=\u00a0\u00bb480&Prime; single_overlay_opacity=\u00a0\u00bb50&Prime; single_padding=\u00a0\u00bb2&Prime; uncode_shortcode_id=\u00a0\u00bb187049&Prime; items=\u00a0\u00bbeyIxOTM5OV9pIjp7InNpbmdsZV93aWR0aCI6IjciLCJpbWFnZXNfc2l6ZSI6InRocmVlLXR3byJ9LCIxOTM5OF9pIjp7InNpbmdsZV93aWR0aCI6IjUiLCJpbWFnZXNfc2l6ZSI6InNpeHRlZW4tbmluZSJ9LCIyMTU3Ml9pIjp7ImltYWdlc19zaXplIjoiZm91ci10aHJlZSJ9LCIyMTEzOV9pIjp7ImltYWdlc19zaXplIjoidGhyZWUtdHdvIiwic2luZ2xlX3dpZHRoIjoiNSJ9LCIxOTQwMF9pIjp7ImltYWdlc19zaXplIjoiZm91ci10aHJlZSJ9LCIxMDIyNl9pIjp7InNpbmdsZV93aWR0aCI6IjciLCJpbWFnZXNfc2l6ZSI6InNpeHRlZW4tbmluZSJ9LCIxMDIzMl9pIjp7InNpbmdsZV93aWR0aCI6IjQiLCJpbWFnZXNfc2l6ZSI6ImZvdXItdGhyZWUifSwiMzYxNDRfaSI6eyJpbWFnZXNfc2l6ZSI6ImZvdXItdGhyZWUifSwiOTkzMl9pIjp7InNpbmdsZV93aWR0aCI6IjciLCJpbWFnZXNfc2l6ZSI6InNpeHRlZW4tbmluZSJ9LCI0NzE3OV9pIjp7InNpbmdsZV93aWR0aCI6IjciLCJpbWFnZXNfc2l6ZSI6InNpeHRlZW4tbmluZSJ9LCI0NzE5M19pIjp7InNpbmdsZV93aWR0aCI6IjciLCJpbWFnZXNfc2l6ZSI6IiJ9LCI4MDUwNl9pIjp7InNpbmdsZV93aWR0aCI6IjUifX0=\u00a0\u00bb el_class=\u00a0\u00bbborder-radius-5px galeria-responsive\u00a0\u00bb][\/vc_column][\/vc_row][vc_row unlock_row_content=\u00a0\u00bbyes\u00a0\u00bb row_height_percent=\u00a0\u00bb0&Prime; override_padding=\u00a0\u00bbyes\u00a0\u00bb h_padding=\u00a0\u00bb0&Prime; top_padding=\u00a0\u00bb0&Prime; bottom_padding=\u00a0\u00bb0&Prime; back_color=\u00a0\u00bbcolor-cool-grey\u00a0\u00bb overlay_alpha=\u00a0\u00bb50&Prime; gutter_size=\u00a0\u00bb0&Prime; column_width_percent=\u00a0\u00bb100&Prime; shift_y=\u00a0\u00bb0&Prime; z_index=\u00a0\u00bb0&Prime; uncode_shortcode_id=\u00a0\u00bb167181&Prime; back_color_type=\u00a0\u00bbuncode-palette\u00a0\u00bb el_class=\u00a0\u00bbbanner-mas-info\u00a0\u00bb][vc_column column_width_percent=\u00a0\u00bb100&Prime; position_horizontal=\u00a0\u00bbright\u00a0\u00bb position_vertical=\u00a0\u00bbmiddle\u00a0\u00bb gutter_size=\u00a0\u00bb2&Prime; override_padding=\u00a0\u00bbyes\u00a0\u00bb column_padding=\u00a0\u00bb0&Prime; overlay_alpha=\u00a0\u00bb50&Prime; shift_x=\u00a0\u00bb0&Prime; shift_y=\u00a0\u00bb0&Prime; shift_y_down=\u00a0\u00bb0&Prime; z_index=\u00a0\u00bb0&Prime; medium_width=\u00a0\u00bb0&Prime; mobile_width=\u00a0\u00bb0&Prime; width=\u00a0\u00bb5\/12&Prime; uncode_shortcode_id=\u00a0\u00bb172200&Prime; el_class=\u00a0\u00bbmax-width-345px\u00a0\u00bb][vc_custom_heading text_color=\u00a0\u00bbcolor-deep-teal\u00a0\u00bb text_size=\u00a0\u00bbfontsize-120373&Prime; text_weight=\u00a0\u00bb600&Prime; uncode_shortcode_id=\u00a0\u00bb248099&Prime; text_color_type=\u00a0\u00bbuncode-palette\u00a0\u00bb]O\u00da MANGER[\/vc_custom_heading][vc_separator sep_color=\u00a0\u00bbcolor-amber\u00a0\u00bb uncode_shortcode_id=\u00a0\u00bb140585&Prime; sep_color_type=\u00a0\u00bbuncode-palette\u00a0\u00bb el_width=\u00a0\u00bb200px\u00a0\u00bb el_height=\u00a0\u00bb8px\u00a0\u00bb el_class=\u00a0\u00bbmt-10&Prime;][vc_column_text uncode_shortcode_id=\u00a0\u00bb142603&Prime;]Pour bien conna\u00eetre notre gastronomie, le mieux est que vous l&rsquo;essayiez. Trouvez les meilleurs bars et restaurants de la ville.[\/vc_column_text][vc_button custom_typo=\u00a0\u00bbyes\u00a0\u00bb font_family=\u00a0\u00bbfont-555555&Prime; font_weight=\u00a0\u00bb600&Prime; border_width=\u00a0\u00bb0&Prime; uncode_shortcode_id=\u00a0\u00bb363927&Prime; el_class=\u00a0\u00bbbtn-mas-consejos\u00a0\u00bb link=\u00a0\u00bburl:https%3A%2F%2Fwww.turismodealmeria.org%2Ffr%2Fprepara-tu-viaje%2Fou-manger%2F\u00a0\u00bb]DECOUVRIR[\/vc_button][\/vc_column][vc_column width=\u00a0\u00bb7\/12&Prime;][vc_single_image media=\u00a0\u00bb57742&Prime; media_width_percent=\u00a0\u00bb100&Prime; uncode_shortcode_id=\u00a0\u00bb222841&Prime;][\/vc_column][\/vc_row][vc_row row_height_percent=\u00a0\u00bb0&Prime; override_padding=\u00a0\u00bbyes\u00a0\u00bb h_padding=\u00a0\u00bb2&Prime; top_padding=\u00a0\u00bb0&Prime; bottom_padding=\u00a0\u00bb0&Prime; overlay_alpha=\u00a0\u00bb50&Prime; gutter_size=\u00a0\u00bb3&Prime; column_width_percent=\u00a0\u00bb100&Prime; shift_y=\u00a0\u00bb0&Prime; z_index=\u00a0\u00bb0&Prime; uncode_shortcode_id=\u00a0\u00bb183874&Prime;][vc_column width=\u00a0\u00bb1\/1&Prime;][vc_empty_space empty_h=\u00a0\u00bb2&Prime;][\/vc_column][\/vc_row][vc_row row_height_percent=\u00a0\u00bb0&Prime; override_padding=\u00a0\u00bbyes\u00a0\u00bb h_padding=\u00a0\u00bb0&Prime; top_padding=\u00a0\u00bb3&Prime; bottom_padding=\u00a0\u00bb2&Prime; back_color=\u00a0\u00bbcolor-defafa\u00a0\u00bb overlay_alpha=\u00a0\u00bb50&Prime; gutter_size=\u00a0\u00bb4&Prime; column_width_percent=\u00a0\u00bb100&Prime; shift_y=\u00a0\u00bb0&Prime; z_index=\u00a0\u00bb0&Prime; uncode_shortcode_id=\u00a0\u00bb107692&Prime; back_color_type=\u00a0\u00bbuncode-palette\u00a0\u00bb el_class=\u00a0\u00bbbanner-consejos\u00a0\u00bb][vc_column column_width_percent=\u00a0\u00bb100&Prime; gutter_size=\u00a0\u00bb3&Prime; overlay_alpha=\u00a0\u00bb50&Prime; shift_x=\u00a0\u00bb0&Prime; shift_y=\u00a0\u00bb0&Prime; shift_y_down=\u00a0\u00bb0&Prime; z_index=\u00a0\u00bb0&Prime; medium_visibility=\u00a0\u00bbyes\u00a0\u00bb medium_width=\u00a0\u00bb0&Prime; mobile_visibility=\u00a0\u00bbyes\u00a0\u00bb mobile_width=\u00a0\u00bb0&Prime; width=\u00a0\u00bb1\/12&Prime; uncode_shortcode_id=\u00a0\u00bb159423&Prime;][\/vc_column][vc_column column_width_percent=\u00a0\u00bb100&Prime; position_vertical=\u00a0\u00bbmiddle\u00a0\u00bb gutter_size=\u00a0\u00bb3&Prime; overlay_alpha=\u00a0\u00bb50&Prime; shift_x=\u00a0\u00bb0&Prime; shift_y=\u00a0\u00bb0&Prime; shift_y_down=\u00a0\u00bb0&Prime; z_index=\u00a0\u00bb0&Prime; medium_width=\u00a0\u00bb0&Prime; mobile_width=\u00a0\u00bb0&Prime; width=\u00a0\u00bb5\/12&Prime; uncode_shortcode_id=\u00a0\u00bb133982&Prime;][vc_single_image media=\u00a0\u00bb45171&Prime; media_width_percent=\u00a0\u00bb75&Prime; uncode_shortcode_id=\u00a0\u00bb176095&Prime;][\/vc_column][vc_column column_width_percent=\u00a0\u00bb100&Prime; position_vertical=\u00a0\u00bbmiddle\u00a0\u00bb gutter_size=\u00a0\u00bb2&Prime; overlay_alpha=\u00a0\u00bb50&Prime; shift_x=\u00a0\u00bb0&Prime; shift_y=\u00a0\u00bb0&Prime; shift_y_down=\u00a0\u00bb0&Prime; z_index=\u00a0\u00bb0&Prime; medium_width=\u00a0\u00bb0&Prime; mobile_width=\u00a0\u00bb0&Prime; width=\u00a0\u00bb5\/12&Prime; uncode_shortcode_id=\u00a0\u00bb169281&Prime;][vc_custom_heading text_color=\u00a0\u00bbcolor-deep-teal\u00a0\u00bb text_size=\u00a0\u00bbfontsize-35&Prime; text_weight=\u00a0\u00bb600&Prime; text_transform=\u00a0\u00bbuppercase\u00a0\u00bb uncode_shortcode_id=\u00a0\u00bb191320&Prime; text_color_type=\u00a0\u00bbuncode-palette\u00a0\u00bb]secteur h\u00f4telier[\/vc_custom_heading][vc_column_text uncode_shortcode_id=\u00a0\u00bb179888&Prime; css=\u00a0\u00bb.vc_custom_1653387829019{margin-top: 5px !important;}\u00a0\u00bb]Profitez de vos vacances \u00e0 Almer\u00eda en toute s\u00e9curit\u00e9.[\/vc_column_text][vc_button custom_typo=\u00a0\u00bbyes\u00a0\u00bb font_family=\u00a0\u00bbfont-555555&Prime; font_weight=\u00a0\u00bb600&Prime; border_width=\u00a0\u00bb0&Prime; uncode_shortcode_id=\u00a0\u00bb154415&Prime; el_class=\u00a0\u00bbbtn-consejos\u00a0\u00bb link=\u00a0\u00bburl:https%3A%2F%2Fwww.turismodealmeria.org%2Ffr%2Fconsejos%2Frestaurants%2F\u00a0\u00bb]CONSEILS[\/vc_button][\/vc_column][vc_column column_width_percent=\u00a0\u00bb100&Prime; gutter_size=\u00a0\u00bb3&Prime; overlay_alpha=\u00a0\u00bb50&Prime; shift_x=\u00a0\u00bb0&Prime; shift_y=\u00a0\u00bb0&Prime; shift_y_down=\u00a0\u00bb0&Prime; z_index=\u00a0\u00bb0&Prime; medium_visibility=\u00a0\u00bbyes\u00a0\u00bb medium_width=\u00a0\u00bb0&Prime; mobile_visibility=\u00a0\u00bbyes\u00a0\u00bb mobile_width=\u00a0\u00bb0&Prime; width=\u00a0\u00bb1\/12&Prime; uncode_shortcode_id=\u00a0\u00bb206404&Prime;][\/vc_column][\/vc_row]<\/p>\n<\/div>","protected":false},"excerpt":{"rendered":"<p>[vc_row][vc_column column_width_percent=\u00a0\u00bb100&Prime; gutter_size=\u00a0\u00bb2&Prime; overlay_alpha=\u00a0\u00bb50&Prime; shift_x=\u00a0\u00bb0&Prime; shift_y=\u00a0\u00bb0&Prime; shift_y_down=\u00a0\u00bb0&Prime; z_index=\u00a0\u00bb0&Prime; medium_width=\u00a0\u00bb0&Prime; mobile_width=\u00a0\u00bb0&Prime; width=\u00a0\u00bb1\/1&Prime; uncode_shortcode_id=\u00a0\u00bb675924&Prime;][vc_custom_heading text_color=\u00a0\u00bbcolor-sea-blue\u00a0\u00bb text_weight=\u00a0\u00bb600&Prime; uncode_shortcode_id=\u00a0\u00bb746541&Prime; text_color_type=\u00a0\u00bbuncode-palette\u00a0\u00bb]GASTRONOMIE[\/vc_custom_heading][vc_separator sep_color=\u00a0\u00bbcolor-amber\u00a0\u00bb uncode_shortcode_id=\u00a0\u00bb914759&Prime; el_class=\u00a0\u00bbplayas-forma-segura\u00a0\u00bb sep_color_type=\u00a0\u00bbuncode-palette\u00a0\u00bb [&hellip;]<\/p>\n","protected":false},"author":1,"featured_media":59012,"parent":0,"menu_order":0,"comment_status":"closed","ping_status":"closed","template":"","meta":{"_acf_changed":false,"footnotes":""},"class_list":["post-49943","page","type-page","status-publish","has-post-thumbnail","hentry"],"acf":[],"ACF":{"imagen_cabecera":false},"_links":{"self":[{"href":"https:\/\/www.turismodealmeria.org\/fr\/wp-json\/wp\/v2\/pages\/49943","targetHints":{"allow":["GET"]}}],"collection":[{"href":"https:\/\/www.turismodealmeria.org\/fr\/wp-json\/wp\/v2\/pages"}],"about":[{"href":"https:\/\/www.turismodealmeria.org\/fr\/wp-json\/wp\/v2\/types\/page"}],"author":[{"embeddable":true,"href":"https:\/\/www.turismodealmeria.org\/fr\/wp-json\/wp\/v2\/users\/1"}],"replies":[{"embeddable":true,"href":"https:\/\/www.turismodealmeria.org\/fr\/wp-json\/wp\/v2\/comments?post=49943"}],"version-history":[{"count":0,"href":"https:\/\/www.turismodealmeria.org\/fr\/wp-json\/wp\/v2\/pages\/49943\/revisions"}],"wp:featuredmedia":[{"embeddable":true,"href":"https:\/\/www.turismodealmeria.org\/fr\/wp-json\/wp\/v2\/media\/59012"}],"wp:attachment":[{"href":"https:\/\/www.turismodealmeria.org\/fr\/wp-json\/wp\/v2\/media?parent=49943"}],"curies":[{"name":"wp","href":"https:\/\/api.w.org\/{rel}","templated":true}]}}