{"id":50009,"date":"2022-04-05T12:47:44","date_gmt":"2022-04-05T10:47:44","guid":{"rendered":"https:\/\/www.turismodealmeria.org\/turismo-de-naturaleza\/"},"modified":"2022-05-25T09:52:53","modified_gmt":"2022-05-25T07:52:53","slug":"tourisme-de-nature","status":"publish","type":"page","link":"https:\/\/www.turismodealmeria.org\/fr\/tourisme-de-nature\/","title":{"rendered":"Tourisme de Nature"},"content":{"rendered":"<div class=\"wpb-content-wrapper\"><p>[vc_row][vc_column column_width_percent=\u00a0\u00bb100&Prime; gutter_size=\u00a0\u00bb2&Prime; overlay_alpha=\u00a0\u00bb50&Prime; shift_x=\u00a0\u00bb0&Prime; shift_y=\u00a0\u00bb0&Prime; shift_y_down=\u00a0\u00bb0&Prime; z_index=\u00a0\u00bb0&Prime; medium_width=\u00a0\u00bb0&Prime; mobile_width=\u00a0\u00bb0&Prime; width=\u00a0\u00bb1\/1&Prime; uncode_shortcode_id=\u00a0\u00bb675924&Prime;][vc_custom_heading text_color=\u00a0\u00bbcolor-sea-blue\u00a0\u00bb text_size=\u00a0\u00bbfontsize-35&Prime; text_weight=\u00a0\u00bb600&Prime; uncode_shortcode_id=\u00a0\u00bb476360&Prime; text_color_type=\u00a0\u00bbuncode-palette\u00a0\u00bb]NATURE ALMERIENNE[\/vc_custom_heading][vc_separator sep_color=\u00a0\u00bbcolor-amber\u00a0\u00bb uncode_shortcode_id=\u00a0\u00bb914759&Prime; el_class=\u00a0\u00bbplayas-forma-segura\u00a0\u00bb sep_color_type=\u00a0\u00bbuncode-palette\u00a0\u00bb el_width=\u00a0\u00bb200px\u00a0\u00bb el_height=\u00a0\u00bb8px\u00a0\u00bb][vc_custom_heading heading_semantic=\u00a0\u00bbp\u00a0\u00bb text_size=\u00a0\u00bbfontsize-17&Prime; text_weight=\u00a0\u00bb400&Prime; uncode_shortcode_id=\u00a0\u00bb647548&Prime;]Almer\u00eda poss\u00e8de un paradis naturel sans pareil \u00e0 seulement 20 kilom\u00e8tres de la capitale. Un espace aux valeurs \u00e9cologiques infinies qui, au passage du visiteur, se d\u00e9couvre comme le plus grand tr\u00e9sor naturel de la province d&rsquo;Almer\u00eda.[\/vc_custom_heading][\/vc_column][\/vc_row][vc_row][vc_column width=\u00a0\u00bb1\/1&Prime;][vc_gallery el_id=\u00a0\u00bbgaleria-naturaleza\u00a0\u00bb isotope_mode=\u00a0\u00bbpackery\u00a0\u00bb medias=\u00a0\u00bb48190,48194,48198,48202,48210&Prime; gutter_size=\u00a0\u00bb2&Prime; media_items=\u00a0\u00bbmedia|lightbox|original\u00a0\u00bb screen_lg=\u00a0\u00bb1000&Prime; screen_md=\u00a0\u00bb600&Prime; screen_sm=\u00a0\u00bb480&Prime; single_overlay_opacity=\u00a0\u00bb50&Prime; single_padding=\u00a0\u00bb2&Prime; uncode_shortcode_id=\u00a0\u00bb159552&Prime; items=\u00a0\u00bbeyIxOTM5OV9pIjp7InNpbmdsZV93aWR0aCI6IjciLCJpbWFnZXNfc2l6ZSI6InRocmVlLXR3byJ9LCIxOTM5OF9pIjp7InNpbmdsZV93aWR0aCI6IjUiLCJpbWFnZXNfc2l6ZSI6InNpeHRlZW4tbmluZSJ9LCIyMTU3Ml9pIjp7ImltYWdlc19zaXplIjoiZm91ci10aHJlZSJ9LCIyMTEzOV9pIjp7ImltYWdlc19zaXplIjoidGhyZWUtdHdvIiwic2luZ2xlX3dpZHRoIjoiNSJ9LCIxOTQwMF9pIjp7ImltYWdlc19zaXplIjoiZm91ci10aHJlZSJ9LCIxMDIyNl9pIjp7InNpbmdsZV93aWR0aCI6IjciLCJpbWFnZXNfc2l6ZSI6InNpeHRlZW4tbmluZSJ9LCIxMDIzMl9pIjp7InNpbmdsZV93aWR0aCI6IjQiLCJpbWFnZXNfc2l6ZSI6ImZvdXItdGhyZWUifSwiMzYxNDRfaSI6eyJpbWFnZXNfc2l6ZSI6ImZvdXItdGhyZWUifSwiOTkzMl9pIjp7InNpbmdsZV93aWR0aCI6IjciLCJpbWFnZXNfc2l6ZSI6InNpeHRlZW4tbmluZSJ9LCI0NzE3OV9pIjp7InNpbmdsZV93aWR0aCI6IjciLCJpbWFnZXNfc2l6ZSI6InNpeHRlZW4tbmluZSJ9LCI0NzE5M19pIjp7InNpbmdsZV93aWR0aCI6IjciLCJpbWFnZXNfc2l6ZSI6IiJ9LCI0ODE5MF9pIjp7ImltYWdlc19zaXplIjoiZm91ci10aHJlZSJ9LCI0ODE5NF9pIjp7ImltYWdlc19zaXplIjoiZm91ci10aHJlZSJ9LCI0ODE5OF9pIjp7ImltYWdlc19zaXplIjoiZm91ci10aHJlZSJ9LCI0ODIwMl9pIjp7InNpbmdsZV93aWR0aCI6IjcifSwiNDgyMTBfaSI6eyJzaW5nbGVfd2lkdGgiOiI1IiwiaW1hZ2VzX3NpemUiOiJ0aHJlZS10d28ifX0=\u00a0\u00bb el_class=\u00a0\u00bbborder-radius-5px galeria-responsive\u00a0\u00bb][\/vc_column][\/vc_row][vc_row row_height_percent=\u00a0\u00bb0&Prime; override_padding=\u00a0\u00bbyes\u00a0\u00bb h_padding=\u00a0\u00bb2&Prime; top_padding=\u00a0\u00bb2&Prime; bottom_padding=\u00a0\u00bb3&Prime; overlay_alpha=\u00a0\u00bb50&Prime; gutter_size=\u00a0\u00bb3&Prime; column_width_percent=\u00a0\u00bb100&Prime; shift_y=\u00a0\u00bb0&Prime; z_index=\u00a0\u00bb0&Prime; uncode_shortcode_id=\u00a0\u00bb746895&Prime;][vc_column column_width_percent=\u00a0\u00bb100&Prime; gutter_size=\u00a0\u00bb3&Prime; overlay_alpha=\u00a0\u00bb50&Prime; shift_x=\u00a0\u00bb0&Prime; shift_y=\u00a0\u00bb0&Prime; shift_y_down=\u00a0\u00bb0&Prime; z_index=\u00a0\u00bb0&Prime; medium_width=\u00a0\u00bb0&Prime; mobile_width=\u00a0\u00bb0&Prime; width=\u00a0\u00bb1\/1&Prime; uncode_shortcode_id=\u00a0\u00bb199785&Prime;][uncode_index el_id=\u00a0\u00bblistado-naturaleza\u00a0\u00bb isotope_mode=\u00a0\u00bbpackery\u00a0\u00bb loop=\u00a0\u00bbsize:All|order_by:date|post_type:naturaleza|tax_query:-1435|taxonomy_count:10&Prime; style_preset=\u00a0\u00bbmetro\u00a0\u00bb gutter_size=\u00a0\u00bb3&Prime; naturaleza_items=\u00a0\u00bbtitle,sep-one|full,spacer|one,media|featured|onpost|original,text|full|180,spacer_two|one,link|default|default_size|plus\u00a0\u00bb screen_lg=\u00a0\u00bb1000&Prime; screen_md=\u00a0\u00bb600&Prime; screen_sm=\u00a0\u00bb480&Prime; single_text=\u00a0\u00bblateral\u00a0\u00bb single_width=\u00a0\u00bb12&Prime; single_image_size=\u00a0\u00bb7&Prime; single_overlay_opacity=\u00a0\u00bb50&Prime; single_vertical_text=\u00a0\u00bbbottom\u00a0\u00bb single_padding=\u00a0\u00bb2&Prime; single_title_dimension=\u00a0\u00bbfont-size-23px\u00a0\u00bb uncode_shortcode_id=\u00a0\u00bb116212&Prime; el_class=\u00a0\u00bblistado-playas text-color-deep-teal-color\u00a0\u00bb][\/vc_column][\/vc_row][vc_row row_height_percent=\u00a0\u00bb0&Prime; override_padding=\u00a0\u00bbyes\u00a0\u00bb h_padding=\u00a0\u00bb2&Prime; top_padding=\u00a0\u00bb2&Prime; bottom_padding=\u00a0\u00bb3&Prime; overlay_alpha=\u00a0\u00bb50&Prime; gutter_size=\u00a0\u00bb3&Prime; column_width_percent=\u00a0\u00bb100&Prime; shift_y=\u00a0\u00bb0&Prime; z_index=\u00a0\u00bb0&Prime; uncode_shortcode_id=\u00a0\u00bb746895&Prime;][vc_column column_width_percent=\u00a0\u00bb100&Prime; gutter_size=\u00a0\u00bb3&Prime; overlay_alpha=\u00a0\u00bb50&Prime; shift_x=\u00a0\u00bb0&Prime; shift_y=\u00a0\u00bb0&Prime; shift_y_down=\u00a0\u00bb0&Prime; z_index=\u00a0\u00bb0&Prime; medium_width=\u00a0\u00bb0&Prime; mobile_width=\u00a0\u00bb0&Prime; width=\u00a0\u00bb1\/1&Prime; uncode_shortcode_id=\u00a0\u00bb126155&Prime;][vc_custom_heading text_color=\u00a0\u00bbcolor-deep-teal\u00a0\u00bb text_size=\u00a0\u00bbh3&Prime; text_weight=\u00a0\u00bb600&Prime; uncode_shortcode_id=\u00a0\u00bb890113&Prime; text_color_type=\u00a0\u00bbuncode-palette\u00a0\u00bb]ALENTOURS[\/vc_custom_heading][uncode_index el_id=\u00a0\u00bblistado-naturaleza-alredores\u00a0\u00bb index_type=\u00a0\u00bbcarousel\u00a0\u00bb loop=\u00a0\u00bbsize:All|order_by:date|post_type:naturaleza|tax_query:1435|taxonomy_count:10&Prime; carousel_lg=\u00a0\u00bb4&Prime; carousel_md=\u00a0\u00bb3&Prime; carousel_sm=\u00a0\u00bb1&Prime; gutter_size=\u00a0\u00bb2&Prime; naturaleza_items=\u00a0\u00bbmedia|featured|onpost|original,title\u00a0\u00bb carousel_interval=\u00a0\u00bb3000&Prime; carousel_navspeed=\u00a0\u00bb400&Prime; stage_padding=\u00a0\u00bb0&Prime; single_overlay_opacity=\u00a0\u00bb50&Prime; single_padding=\u00a0\u00bb1&Prime; single_title_dimension=\u00a0\u00bbfontsize-20&Prime; uncode_shortcode_id=\u00a0\u00bb211603&Prime; el_class=\u00a0\u00bbturismo-urbano-restaurantes border-radius-5px text-color-deep-teal-color\u00a0\u00bb][\/vc_column][\/vc_row][vc_row row_height_percent=\u00a0\u00bb0&Prime; override_padding=\u00a0\u00bbyes\u00a0\u00bb h_padding=\u00a0\u00bb0&Prime; top_padding=\u00a0\u00bb3&Prime; bottom_padding=\u00a0\u00bb2&Prime; back_color=\u00a0\u00bbcolor-defafa\u00a0\u00bb overlay_alpha=\u00a0\u00bb50&Prime; gutter_size=\u00a0\u00bb4&Prime; column_width_percent=\u00a0\u00bb100&Prime; shift_y=\u00a0\u00bb0&Prime; z_index=\u00a0\u00bb0&Prime; uncode_shortcode_id=\u00a0\u00bb107692&Prime; back_color_type=\u00a0\u00bbuncode-palette\u00a0\u00bb el_class=\u00a0\u00bbbanner-consejos\u00a0\u00bb][vc_column column_width_percent=\u00a0\u00bb100&Prime; gutter_size=\u00a0\u00bb3&Prime; overlay_alpha=\u00a0\u00bb50&Prime; shift_x=\u00a0\u00bb0&Prime; shift_y=\u00a0\u00bb0&Prime; shift_y_down=\u00a0\u00bb0&Prime; z_index=\u00a0\u00bb0&Prime; medium_visibility=\u00a0\u00bbyes\u00a0\u00bb medium_width=\u00a0\u00bb0&Prime; mobile_visibility=\u00a0\u00bbyes\u00a0\u00bb mobile_width=\u00a0\u00bb0&Prime; width=\u00a0\u00bb1\/12&Prime; uncode_shortcode_id=\u00a0\u00bb159423&Prime;][\/vc_column][vc_column column_width_percent=\u00a0\u00bb100&Prime; position_vertical=\u00a0\u00bbmiddle\u00a0\u00bb gutter_size=\u00a0\u00bb3&Prime; overlay_alpha=\u00a0\u00bb50&Prime; shift_x=\u00a0\u00bb0&Prime; shift_y=\u00a0\u00bb0&Prime; shift_y_down=\u00a0\u00bb0&Prime; z_index=\u00a0\u00bb0&Prime; medium_width=\u00a0\u00bb0&Prime; mobile_width=\u00a0\u00bb0&Prime; width=\u00a0\u00bb5\/12&Prime; uncode_shortcode_id=\u00a0\u00bb133982&Prime;][vc_single_image media=\u00a0\u00bb45999&Prime; media_width_percent=\u00a0\u00bb75&Prime; uncode_shortcode_id=\u00a0\u00bb114216&Prime;][\/vc_column][vc_column column_width_percent=\u00a0\u00bb100&Prime; position_vertical=\u00a0\u00bbmiddle\u00a0\u00bb gutter_size=\u00a0\u00bb2&Prime; overlay_alpha=\u00a0\u00bb50&Prime; shift_x=\u00a0\u00bb0&Prime; shift_y=\u00a0\u00bb0&Prime; shift_y_down=\u00a0\u00bb0&Prime; z_index=\u00a0\u00bb0&Prime; medium_width=\u00a0\u00bb0&Prime; mobile_width=\u00a0\u00bb0&Prime; width=\u00a0\u00bb5\/12&Prime; uncode_shortcode_id=\u00a0\u00bb169281&Prime;][vc_custom_heading text_color=\u00a0\u00bbcolor-deep-teal\u00a0\u00bb text_size=\u00a0\u00bbfontsize-35&Prime; text_weight=\u00a0\u00bb600&Prime; uncode_shortcode_id=\u00a0\u00bb181178&Prime; text_color_type=\u00a0\u00bbuncode-palette\u00a0\u00bb]NATURE S\u00dbRE[\/vc_custom_heading][vc_column_text uncode_shortcode_id=\u00a0\u00bb297804&Prime;]Profitez de vos vacances \u00e0 Almer\u00eda en toute s\u00e9curit\u00e9.[\/vc_column_text][vc_button custom_typo=\u00a0\u00bbyes\u00a0\u00bb font_family=\u00a0\u00bbfont-555555&Prime; font_weight=\u00a0\u00bb600&Prime; border_width=\u00a0\u00bb0&Prime; uncode_shortcode_id=\u00a0\u00bb742433&Prime; el_class=\u00a0\u00bbbtn-consejos\u00a0\u00bb link=\u00a0\u00bburl:https%3A%2F%2Fwww.turismodealmeria.org%2Ffr%2Fconsejos%2Fnature%2F|title:Detalle%20historia\u00a0\u00bb]CONSEILS[\/vc_button][\/vc_column][vc_column column_width_percent=\u00a0\u00bb100&Prime; gutter_size=\u00a0\u00bb3&Prime; overlay_alpha=\u00a0\u00bb50&Prime; shift_x=\u00a0\u00bb0&Prime; shift_y=\u00a0\u00bb0&Prime; shift_y_down=\u00a0\u00bb0&Prime; z_index=\u00a0\u00bb0&Prime; medium_visibility=\u00a0\u00bbyes\u00a0\u00bb medium_width=\u00a0\u00bb0&Prime; mobile_visibility=\u00a0\u00bbyes\u00a0\u00bb mobile_width=\u00a0\u00bb0&Prime; width=\u00a0\u00bb1\/12&Prime; uncode_shortcode_id=\u00a0\u00bb206404&Prime;][\/vc_column][\/vc_row]<\/p>\n<\/div>","protected":false},"excerpt":{"rendered":"<p>[vc_row][vc_column column_width_percent=\u00a0\u00bb100&Prime; gutter_size=\u00a0\u00bb2&Prime; overlay_alpha=\u00a0\u00bb50&Prime; shift_x=\u00a0\u00bb0&Prime; shift_y=\u00a0\u00bb0&Prime; shift_y_down=\u00a0\u00bb0&Prime; z_index=\u00a0\u00bb0&Prime; medium_width=\u00a0\u00bb0&Prime; mobile_width=\u00a0\u00bb0&Prime; width=\u00a0\u00bb1\/1&Prime; uncode_shortcode_id=\u00a0\u00bb675924&Prime;][vc_custom_heading text_color=\u00a0\u00bbcolor-sea-blue\u00a0\u00bb text_size=\u00a0\u00bbfontsize-35&Prime; text_weight=\u00a0\u00bb600&Prime; uncode_shortcode_id=\u00a0\u00bb476360&Prime; text_color_type=\u00a0\u00bbuncode-palette\u00a0\u00bb]NATURE ALMERIENNE[\/vc_custom_heading][vc_separator sep_color=\u00a0\u00bbcolor-amber\u00a0\u00bb uncode_shortcode_id=\u00a0\u00bb914759&Prime; [&hellip;]<\/p>\n","protected":false},"author":1,"featured_media":48200,"parent":0,"menu_order":0,"comment_status":"closed","ping_status":"closed","template":"","meta":{"_acf_changed":false,"footnotes":""},"class_list":["post-50009","page","type-page","status-publish","has-post-thumbnail","hentry"],"acf":[],"ACF":{"imagen_cabecera":false},"_links":{"self":[{"href":"https:\/\/www.turismodealmeria.org\/fr\/wp-json\/wp\/v2\/pages\/50009","targetHints":{"allow":["GET"]}}],"collection":[{"href":"https:\/\/www.turismodealmeria.org\/fr\/wp-json\/wp\/v2\/pages"}],"about":[{"href":"https:\/\/www.turismodealmeria.org\/fr\/wp-json\/wp\/v2\/types\/page"}],"author":[{"embeddable":true,"href":"https:\/\/www.turismodealmeria.org\/fr\/wp-json\/wp\/v2\/users\/1"}],"replies":[{"embeddable":true,"href":"https:\/\/www.turismodealmeria.org\/fr\/wp-json\/wp\/v2\/comments?post=50009"}],"version-history":[{"count":0,"href":"https:\/\/www.turismodealmeria.org\/fr\/wp-json\/wp\/v2\/pages\/50009\/revisions"}],"wp:featuredmedia":[{"embeddable":true,"href":"https:\/\/www.turismodealmeria.org\/fr\/wp-json\/wp\/v2\/media\/48200"}],"wp:attachment":[{"href":"https:\/\/www.turismodealmeria.org\/fr\/wp-json\/wp\/v2\/media?parent=50009"}],"curies":[{"name":"wp","href":"https:\/\/api.w.org\/{rel}","templated":true}]}}