{"id":56838,"date":"2016-02-11T10:01:48","date_gmt":"2016-02-11T10:01:48","guid":{"rendered":"https:\/\/www.turismodealmeria.org\/prepara-tu-viaje\/oficinas-turismo\/"},"modified":"2025-09-01T10:17:27","modified_gmt":"2025-09-01T08:17:27","slug":"information-touristique","status":"publish","type":"page","link":"https:\/\/www.turismodealmeria.org\/fr\/preparez-votre-voyage\/information-touristique\/","title":{"rendered":"Information Touristique"},"content":{"rendered":"<div class=\"wpb-content-wrapper\"><p>[vc_row][vc_column column_width_percent=\u00a0\u00bb100&Prime; gutter_size=\u00a0\u00bb2&Prime; overlay_alpha=\u00a0\u00bb50&Prime; shift_x=\u00a0\u00bb0&Prime; shift_y=\u00a0\u00bb0&Prime; shift_y_down=\u00a0\u00bb0&Prime; z_index=\u00a0\u00bb0&Prime; medium_visibility=\u00a0\u00bbyes\u00a0\u00bb medium_width=\u00a0\u00bb0&Prime; mobile_visibility=\u00a0\u00bbyes\u00a0\u00bb mobile_width=\u00a0\u00bb0&Prime; width=\u00a0\u00bb1\/12&Prime; uncode_shortcode_id=\u00a0\u00bb170572&Prime;][\/vc_column][vc_column column_width_percent=\u00a0\u00bb100&Prime; gutter_size=\u00a0\u00bb3&Prime; overlay_alpha=\u00a0\u00bb50&Prime; shift_x=\u00a0\u00bb0&Prime; shift_y=\u00a0\u00bb0&Prime; shift_y_down=\u00a0\u00bb0&Prime; z_index=\u00a0\u00bb0&Prime; medium_width=\u00a0\u00bb7&Prime; mobile_width=\u00a0\u00bb7&Prime; width=\u00a0\u00bb10\/12&Prime; uncode_shortcode_id=\u00a0\u00bb178585&Prime; el_class=\u00a0\u00bbpadding-left-responsive-0&Prime;][vc_custom_heading text_color=\u00a0\u00bbcolor-sea-blue\u00a0\u00bb text_size=\u00a0\u00bbfontsize-35&Prime; text_weight=\u00a0\u00bb600&Prime; uncode_shortcode_id=\u00a0\u00bb164833&Prime; text_color_type=\u00a0\u00bbuncode-palette\u00a0\u00bb]POINTS D&rsquo;INFORMATION TOURISTIQUE[\/vc_custom_heading][vc_separator sep_color=\u00a0\u00bbcolor-amber\u00a0\u00bb uncode_shortcode_id=\u00a0\u00bb209669&Prime; el_class=\u00a0\u00bbplayas-forma-segura mt-10&Prime; sep_color_type=\u00a0\u00bbuncode-palette\u00a0\u00bb el_width=\u00a0\u00bb200px\u00a0\u00bb el_height=\u00a0\u00bb8px\u00a0\u00bb][\/vc_column][vc_column column_width_percent=\u00a0\u00bb100&Prime; gutter_size=\u00a0\u00bb3&Prime; overlay_alpha=\u00a0\u00bb50&Prime; shift_x=\u00a0\u00bb0&Prime; shift_y=\u00a0\u00bb0&Prime; shift_y_down=\u00a0\u00bb0&Prime; z_index=\u00a0\u00bb0&Prime; medium_visibility=\u00a0\u00bbyes\u00a0\u00bb medium_width=\u00a0\u00bb0&Prime; mobile_visibility=\u00a0\u00bbyes\u00a0\u00bb mobile_width=\u00a0\u00bb0&Prime; width=\u00a0\u00bb1\/12&Prime; uncode_shortcode_id=\u00a0\u00bb899503&Prime;][\/vc_column][\/vc_row][vc_row row_height_percent=\u00a0\u00bb0&Prime; overlay_alpha=\u00a0\u00bb50&Prime; gutter_size=\u00a0\u00bb0&Prime; column_width_percent=\u00a0\u00bb100&Prime; shift_y=\u00a0\u00bb0&Prime; z_index=\u00a0\u00bb0&Prime; uncode_shortcode_id=\u00a0\u00bb191920&Prime; el_class=\u00a0\u00bbinfo-turistica\u00a0\u00bb][vc_column column_width_percent=\u00a0\u00bb100&Prime; gutter_size=\u00a0\u00bb3&Prime; overlay_alpha=\u00a0\u00bb50&Prime; shift_x=\u00a0\u00bb0&Prime; shift_y=\u00a0\u00bb0&Prime; shift_y_down=\u00a0\u00bb0&Prime; z_index=\u00a0\u00bb0&Prime; medium_visibility=\u00a0\u00bbyes\u00a0\u00bb medium_width=\u00a0\u00bb0&Prime; mobile_visibility=\u00a0\u00bbyes\u00a0\u00bb mobile_width=\u00a0\u00bb0&Prime; width=\u00a0\u00bb1\/12&Prime; uncode_shortcode_id=\u00a0\u00bb169475&Prime;][\/vc_column][vc_column column_width_percent=\u00a0\u00bb100&Prime; gutter_size=\u00a0\u00bb3&Prime; overlay_alpha=\u00a0\u00bb50&Prime; border_color=\u00a0\u00bbcolor-amber\u00a0\u00bb border_style=\u00a0\u00bbsolid\u00a0\u00bb shift_x=\u00a0\u00bb0&Prime; shift_y=\u00a0\u00bb0&Prime; shift_y_down=\u00a0\u00bb0&Prime; z_index=\u00a0\u00bb0&Prime; medium_width=\u00a0\u00bb7&Prime; mobile_width=\u00a0\u00bb7&Prime; width=\u00a0\u00bb10\/12&Prime; uncode_shortcode_id=\u00a0\u00bb284099&Prime; css=\u00a0\u00bb.vc_custom_1651147149080{border-top-width: 1px !important;border-right-width: 1px !important;border-bottom-width: 1px !important;border-left-width: 1px !important;}\u00a0\u00bb border_color_type=\u00a0\u00bbuncode-palette\u00a0\u00bb][vc_row_inner row_inner_height_percent=\u00a0\u00bb0&Prime; overlay_alpha=\u00a0\u00bb50&Prime; gutter_size=\u00a0\u00bb3&Prime; border_style=\u00a0\u00bbsolid\u00a0\u00bb shift_y=\u00a0\u00bb0&Prime; z_index=\u00a0\u00bb0&Prime; uncode_shortcode_id=\u00a0\u00bb619168&Prime; css=\u00a0\u00bb.vc_custom_1648292154778{padding-top: 30px !important;padding-right: 100px !important;padding-bottom: 60px !important;padding-left: 100px !important;}\u00a0\u00bb][vc_column_inner column_width_percent=\u00a0\u00bb100&Prime; gutter_size=\u00a0\u00bb3&Prime; overlay_alpha=\u00a0\u00bb50&Prime; shift_x=\u00a0\u00bb0&Prime; shift_y=\u00a0\u00bb0&Prime; shift_y_down=\u00a0\u00bb0&Prime; z_index=\u00a0\u00bb0&Prime; medium_width=\u00a0\u00bb0&Prime; mobile_width=\u00a0\u00bb0&Prime; width=\u00a0\u00bb2\/12&Prime; uncode_shortcode_id=\u00a0\u00bb169914&Prime;][vc_single_image media=\u00a0\u00bb46557&Prime; media_width_use_pixel=\u00a0\u00bbyes\u00a0\u00bb alignment=\u00a0\u00bbcenter\u00a0\u00bb uncode_shortcode_id=\u00a0\u00bb185739&Prime; media_width_pixel=\u00a0\u00bb85&Prime;][\/vc_column_inner][vc_column_inner column_width_percent=\u00a0\u00bb100&Prime; gutter_size=\u00a0\u00bb3&Prime; overlay_alpha=\u00a0\u00bb50&Prime; shift_x=\u00a0\u00bb0&Prime; shift_y=\u00a0\u00bb0&Prime; shift_y_down=\u00a0\u00bb0&Prime; z_index=\u00a0\u00bb0&Prime; medium_width=\u00a0\u00bb0&Prime; mobile_width=\u00a0\u00bb0&Prime; width=\u00a0\u00bb10\/12&Prime; uncode_shortcode_id=\u00a0\u00bb189185&Prime;][vc_custom_heading text_color=\u00a0\u00bbcolor-deep-teal\u00a0\u00bb heading_semantic=\u00a0\u00bbh3&Prime; text_size=\u00a0\u00bbfontsize-20&Prime; text_weight=\u00a0\u00bb600&Prime; uncode_shortcode_id=\u00a0\u00bb306776&Prime; text_color_type=\u00a0\u00bbuncode-palette\u00a0\u00bb]Bureau d\u00b4information touristique d\u00b4Almer\u00eda[\/vc_custom_heading][vc_custom_heading heading_semantic=\u00a0\u00bbp\u00a0\u00bb text_size=\u00a0\u00bbfontsize-17&Prime; text_weight=\u00a0\u00bb400&Prime; uncode_shortcode_id=\u00a0\u00bb128790&Prime; el_class=\u00a0\u00bbmt-0&Prime;]Calle Juez 6, 04003, Almer\u00eda.<br \/>\nT\u00e9l: <strong>950 210 538 \u2013 950 280 748<\/strong><\/p>\n<p><strong>Horaire:<\/strong><\/p>\n<ul>\n<li>Lundi \u00e1 samedi de 10:00 h a 14:00 h \u00e1 et de 17:00 h a 20:00 h.<\/li>\n<li>DImanche de 10:00 h \u00e1 14:00 h.<\/li>\n<\/ul>\n<p>[\/vc_custom_heading][vc_custom_heading text_color=\u00a0\u00bbcolor-deep-teal\u00a0\u00bb heading_semantic=\u00a0\u00bbh3&Prime; text_size=\u00a0\u00bbfontsize-20&Prime; text_weight=\u00a0\u00bb600&Prime; uncode_shortcode_id=\u00a0\u00bb101888&Prime; text_color_type=\u00a0\u00bbuncode-palette\u00a0\u00bb]Centre des visiteurs \u00ab\u00a0Las Amoladeras\u00a0\u00bb[\/vc_custom_heading][vc_custom_heading heading_semantic=\u00a0\u00bbp\u00a0\u00bb text_size=\u00a0\u00bbfontsize-17&Prime; text_weight=\u00a0\u00bb400&Prime; uncode_shortcode_id=\u00a0\u00bb183460&Prime; el_class=\u00a0\u00bbmt-0&Prime;]Carretera Al-3115 (Retamar-Pujaire), km. 7.<br \/>\n41007, Almer\u00eda<br \/>\nT\u00e9l: <strong>950 160 435 \/ 606 795 056<\/strong><\/p>\n<p><strong>Horaire:<\/strong><\/p>\n<ul>\n<li>Lundi \u00e1 Dimanchi de 9:00 h \u00e1 14:00 h.<\/li>\n<\/ul>\n<p>[\/vc_custom_heading][\/vc_column_inner][\/vc_row_inner][\/vc_column][vc_column column_width_percent=\u00a0\u00bb100&Prime; gutter_size=\u00a0\u00bb3&Prime; overlay_alpha=\u00a0\u00bb50&Prime; shift_x=\u00a0\u00bb0&Prime; shift_y=\u00a0\u00bb0&Prime; shift_y_down=\u00a0\u00bb0&Prime; z_index=\u00a0\u00bb0&Prime; medium_visibility=\u00a0\u00bbyes\u00a0\u00bb medium_width=\u00a0\u00bb0&Prime; mobile_visibility=\u00a0\u00bbyes\u00a0\u00bb mobile_width=\u00a0\u00bb0&Prime; width=\u00a0\u00bb1\/12&Prime; uncode_shortcode_id=\u00a0\u00bb135891&Prime;][\/vc_column][\/vc_row][vc_row][vc_column][vc_column_text uncode_shortcode_id=\u00a0\u00bb462253&Prime;]<iframe src=\"https:\/\/www.google.com\/maps\/d\/embed?mid=1nRqkJYuIfg1yiPjra0FmGmI8m7E\" width=\"100%\" height=\"480\"><\/iframe>[\/vc_column_text][\/vc_column][\/vc_row][vc_row row_height_percent=\u00a0\u00bb0&Prime; override_padding=\u00a0\u00bbyes\u00a0\u00bb h_padding=\u00a0\u00bb0&Prime; top_padding=\u00a0\u00bb3&Prime; bottom_padding=\u00a0\u00bb2&Prime; back_color=\u00a0\u00bbcolor-defafa\u00a0\u00bb overlay_alpha=\u00a0\u00bb50&Prime; gutter_size=\u00a0\u00bb4&Prime; column_width_percent=\u00a0\u00bb100&Prime; shift_y=\u00a0\u00bb0&Prime; z_index=\u00a0\u00bb0&Prime; uncode_shortcode_id=\u00a0\u00bb107692&Prime; back_color_type=\u00a0\u00bbuncode-palette\u00a0\u00bb el_class=\u00a0\u00bbbanner-consejos\u00a0\u00bb][vc_column column_width_percent=\u00a0\u00bb100&Prime; gutter_size=\u00a0\u00bb3&Prime; overlay_alpha=\u00a0\u00bb50&Prime; shift_x=\u00a0\u00bb0&Prime; shift_y=\u00a0\u00bb0&Prime; shift_y_down=\u00a0\u00bb0&Prime; z_index=\u00a0\u00bb0&Prime; medium_visibility=\u00a0\u00bbyes\u00a0\u00bb medium_width=\u00a0\u00bb0&Prime; mobile_visibility=\u00a0\u00bbyes\u00a0\u00bb mobile_width=\u00a0\u00bb0&Prime; width=\u00a0\u00bb1\/12&Prime; uncode_shortcode_id=\u00a0\u00bb159423&Prime;][\/vc_column][vc_column column_width_percent=\u00a0\u00bb100&Prime; position_vertical=\u00a0\u00bbmiddle\u00a0\u00bb gutter_size=\u00a0\u00bb3&Prime; overlay_alpha=\u00a0\u00bb50&Prime; shift_x=\u00a0\u00bb0&Prime; shift_y=\u00a0\u00bb0&Prime; shift_y_down=\u00a0\u00bb0&Prime; z_index=\u00a0\u00bb0&Prime; medium_width=\u00a0\u00bb0&Prime; mobile_width=\u00a0\u00bb0&Prime; width=\u00a0\u00bb5\/12&Prime; uncode_shortcode_id=\u00a0\u00bb133982&Prime;][vc_single_image media=\u00a0\u00bb46571&Prime; media_width_percent=\u00a0\u00bb75&Prime; uncode_shortcode_id=\u00a0\u00bb424126&Prime;][\/vc_column][vc_column column_width_percent=\u00a0\u00bb100&Prime; position_vertical=\u00a0\u00bbmiddle\u00a0\u00bb gutter_size=\u00a0\u00bb2&Prime; overlay_alpha=\u00a0\u00bb50&Prime; shift_x=\u00a0\u00bb0&Prime; shift_y=\u00a0\u00bb0&Prime; shift_y_down=\u00a0\u00bb0&Prime; z_index=\u00a0\u00bb0&Prime; medium_width=\u00a0\u00bb0&Prime; mobile_width=\u00a0\u00bb0&Prime; width=\u00a0\u00bb5\/12&Prime; uncode_shortcode_id=\u00a0\u00bb169281&Prime;][vc_custom_heading text_color=\u00a0\u00bbcolor-deep-teal\u00a0\u00bb text_size=\u00a0\u00bbfontsize-35&Prime; text_weight=\u00a0\u00bb600&Prime; uncode_shortcode_id=\u00a0\u00bb128180&Prime; text_color_type=\u00a0\u00bbuncode-palette\u00a0\u00bb]COMMENT VOYAGER EN TOUTE S\u00c9CURIT\u00c9 ?[\/vc_custom_heading][vc_column_text uncode_shortcode_id=\u00a0\u00bb208734&Prime;]Profitez de vos vacances \u00e0 Almer\u00eda en toute s\u00e9curit\u00e9.[\/vc_column_text][vc_button custom_typo=\u00a0\u00bbyes\u00a0\u00bb font_family=\u00a0\u00bbfont-555555&Prime; font_weight=\u00a0\u00bb600&Prime; border_width=\u00a0\u00bb0&Prime; uncode_shortcode_id=\u00a0\u00bb206344&Prime; el_class=\u00a0\u00bbbtn-consejos\u00a0\u00bb link=\u00a0\u00bburl:https%3A%2F%2Fwww.turismodealmeria.org%2Ffr%2Fconsejos%2Ftransports%2F\u00a0\u00bb]CONSEILS[\/vc_button][\/vc_column][vc_column column_width_percent=\u00a0\u00bb100&Prime; gutter_size=\u00a0\u00bb3&Prime; overlay_alpha=\u00a0\u00bb50&Prime; shift_x=\u00a0\u00bb0&Prime; shift_y=\u00a0\u00bb0&Prime; shift_y_down=\u00a0\u00bb0&Prime; z_index=\u00a0\u00bb0&Prime; medium_visibility=\u00a0\u00bbyes\u00a0\u00bb medium_width=\u00a0\u00bb0&Prime; mobile_visibility=\u00a0\u00bbyes\u00a0\u00bb mobile_width=\u00a0\u00bb0&Prime; width=\u00a0\u00bb1\/12&Prime; uncode_shortcode_id=\u00a0\u00bb206404&Prime;][\/vc_column][\/vc_row]<\/p>\n<\/div>","protected":false},"excerpt":{"rendered":"<p>[vc_row][vc_column column_width_percent=\u00a0\u00bb100&Prime; gutter_size=\u00a0\u00bb2&Prime; overlay_alpha=\u00a0\u00bb50&Prime; shift_x=\u00a0\u00bb0&Prime; shift_y=\u00a0\u00bb0&Prime; shift_y_down=\u00a0\u00bb0&Prime; z_index=\u00a0\u00bb0&Prime; medium_visibility=\u00a0\u00bbyes\u00a0\u00bb medium_width=\u00a0\u00bb0&Prime; mobile_visibility=\u00a0\u00bbyes\u00a0\u00bb mobile_width=\u00a0\u00bb0&Prime; width=\u00a0\u00bb1\/12&Prime; uncode_shortcode_id=\u00a0\u00bb170572&Prime;][\/vc_column][vc_column column_width_percent=\u00a0\u00bb100&Prime; gutter_size=\u00a0\u00bb3&Prime; overlay_alpha=\u00a0\u00bb50&Prime; shift_x=\u00a0\u00bb0&Prime; shift_y=\u00a0\u00bb0&Prime; shift_y_down=\u00a0\u00bb0&Prime; [&hellip;]<\/p>\n","protected":false},"author":1,"featured_media":0,"parent":11077,"menu_order":0,"comment_status":"closed","ping_status":"closed","template":"","meta":{"_acf_changed":false,"footnotes":""},"class_list":["post-56838","page","type-page","status-publish","hentry"],"acf":[],"ACF":{"imagen_cabecera":false},"_links":{"self":[{"href":"https:\/\/www.turismodealmeria.org\/fr\/wp-json\/wp\/v2\/pages\/56838","targetHints":{"allow":["GET"]}}],"collection":[{"href":"https:\/\/www.turismodealmeria.org\/fr\/wp-json\/wp\/v2\/pages"}],"about":[{"href":"https:\/\/www.turismodealmeria.org\/fr\/wp-json\/wp\/v2\/types\/page"}],"author":[{"embeddable":true,"href":"https:\/\/www.turismodealmeria.org\/fr\/wp-json\/wp\/v2\/users\/1"}],"replies":[{"embeddable":true,"href":"https:\/\/www.turismodealmeria.org\/fr\/wp-json\/wp\/v2\/comments?post=56838"}],"version-history":[{"count":0,"href":"https:\/\/www.turismodealmeria.org\/fr\/wp-json\/wp\/v2\/pages\/56838\/revisions"}],"up":[{"embeddable":true,"href":"https:\/\/www.turismodealmeria.org\/fr\/wp-json\/wp\/v2\/pages\/11077"}],"wp:attachment":[{"href":"https:\/\/www.turismodealmeria.org\/fr\/wp-json\/wp\/v2\/media?parent=56838"}],"curies":[{"name":"wp","href":"https:\/\/api.w.org\/{rel}","templated":true}]}}