{"id":56853,"date":"2022-03-26T17:36:17","date_gmt":"2022-03-26T15:36:17","guid":{"rendered":"https:\/\/www.turismodealmeria.org\/visitas-guiadas\/"},"modified":"2022-07-07T13:34:21","modified_gmt":"2022-07-07T11:34:21","slug":"visite-guidee","status":"publish","type":"page","link":"https:\/\/www.turismodealmeria.org\/fr\/visite-guidee\/","title":{"rendered":"Visite guid\u00e9e"},"content":{"rendered":"<div class=\"wpb-content-wrapper\"><p>[vc_row][vc_column column_width_percent=\u00a0\u00bb100&Prime; gutter_size=\u00a0\u00bb2&Prime; overlay_alpha=\u00a0\u00bb50&Prime; shift_x=\u00a0\u00bb0&Prime; shift_y=\u00a0\u00bb0&Prime; shift_y_down=\u00a0\u00bb0&Prime; z_index=\u00a0\u00bb0&Prime; medium_width=\u00a0\u00bb0&Prime; mobile_width=\u00a0\u00bb0&Prime; width=\u00a0\u00bb1\/1&Prime; uncode_shortcode_id=\u00a0\u00bb675924&Prime;][vc_custom_heading text_color=\u00a0\u00bbcolor-sea-blue\u00a0\u00bb text_size=\u00a0\u00bbfontsize-35&Prime; text_weight=\u00a0\u00bb600&Prime; text_transform=\u00a0\u00bbuppercase\u00a0\u00bb uncode_shortcode_id=\u00a0\u00bb195985&Prime; text_color_type=\u00a0\u00bbuncode-palette\u00a0\u00bb]Visite guid\u00e9e[\/vc_custom_heading][vc_separator sep_color=\u00a0\u00bbcolor-amber\u00a0\u00bb uncode_shortcode_id=\u00a0\u00bb914759&Prime; el_class=\u00a0\u00bbplayas-forma-segura\u00a0\u00bb sep_color_type=\u00a0\u00bbuncode-palette\u00a0\u00bb el_width=\u00a0\u00bb200px\u00a0\u00bb el_height=\u00a0\u00bb8px\u00a0\u00bb][vc_column_text uncode_shortcode_id=\u00a0\u00bb210502&Prime;]Une promenade dans les rues d\u2019Almeria, c\u2019est une promenade dans son histoire. Elle a \u00e9t\u00e9 Portus Magnus romain et du califat de C\u00f3rdoba.<br \/>\n\u00c0 l\u2019\u00e9poque chr\u00e9tienne, ce fut le renouveau bourgeois ou les constructions typiques de l\u2019apr\u00e8s-guerre de l\u2019architecte municipal Guillermo Langle\u2026 qui pr\u00e9sentent Almeria comme une ville repl\u00e8te de vestiges parsem\u00e9s dans son trac\u00e9 urbain.[\/vc_column_text][\/vc_column][\/vc_row][vc_row][vc_column width=\u00a0\u00bb1\/1&Prime;][uncode_index el_id=\u00a0\u00bbvisitas-guiadas\u00a0\u00bb loop=\u00a0\u00bbsize:All|order_by:ID|order:ASC|post_type:visitas-guiada|taxonomy_count:10&Prime; pagination=\u00a0\u00bbyes\u00a0\u00bb gutter_size=\u00a0\u00bb3&Prime; visitas-guiada_items=\u00a0\u00bbmedia|featured|onpost|original,title,fecha,text|excerpt,tarifa,type,ubicacion,hora,link|default|default_size|ver\u00a0\u00bb screen_lg=\u00a0\u00bb1000&Prime; screen_md=\u00a0\u00bb600&Prime; screen_sm=\u00a0\u00bb480&Prime; single_text=\u00a0\u00bblateral\u00a0\u00bb single_width=\u00a0\u00bb12&Prime; single_image_size=\u00a0\u00bb5&Prime; single_overlay_opacity=\u00a0\u00bb50&Prime; single_vertical_text=\u00a0\u00bbbottom\u00a0\u00bb single_padding=\u00a0\u00bb2&Prime; single_title_semantic=\u00a0\u00bbp\u00a0\u00bb single_title_dimension=\u00a0\u00bbh3&Prime; single_title_weight=\u00a0\u00bb600&Prime; single_title_transform=\u00a0\u00bbuppercase\u00a0\u00bb custom_order=\u00a0\u00bbyes\u00a0\u00bb uncode_shortcode_id=\u00a0\u00bb122624&Prime; el_class=\u00a0\u00bbborder-radius-5px listado visitas-guiadas\u00a0\u00bb single_icon=\u00a0\u00bbfa fa-location-outline\u00a0\u00bb order_ids=\u00a0\u00bb60056,60478,60060,60064,60068,60072,60076,60080,60084,60476,60088,60092,60096,60486,60100,60104,60108,60488,60112,60116,60120,60490,60474,60124,60480,60492,60128,60132,60136,60140,60144,60148&Prime;][\/vc_column][\/vc_row][vc_row row_height_percent=\u00a0\u00bb0&Prime; override_padding=\u00a0\u00bbyes\u00a0\u00bb h_padding=\u00a0\u00bb2&Prime; top_padding=\u00a0\u00bb2&Prime; bottom_padding=\u00a0\u00bb3&Prime; overlay_alpha=\u00a0\u00bb50&Prime; gutter_size=\u00a0\u00bb3&Prime; column_width_percent=\u00a0\u00bb100&Prime; shift_y=\u00a0\u00bb0&Prime; z_index=\u00a0\u00bb0&Prime; uncode_shortcode_id=\u00a0\u00bb951267&Prime;][vc_column width=\u00a0\u00bb1\/1&Prime;][vc_custom_heading text_color=\u00a0\u00bbcolor-deep-teal\u00a0\u00bb text_size=\u00a0\u00bbh3&Prime; text_weight=\u00a0\u00bb600&Prime; uncode_shortcode_id=\u00a0\u00bb270595&Prime; text_color_type=\u00a0\u00bbuncode-palette\u00a0\u00bb]Activit\u00e9s[\/vc_custom_heading][uncode_index el_id=\u00a0\u00bbexperiencias-visitas\u00a0\u00bb index_type=\u00a0\u00bbcarousel\u00a0\u00bb loop=\u00a0\u00bbsize:10|order_by:date|post_type:experiencia|tax_query:1364|taxonomy_count:10&Prime; carousel_lg=\u00a0\u00bb4&Prime; carousel_md=\u00a0\u00bb3&Prime; carousel_sm=\u00a0\u00bb1&Prime; thumb_size=\u00a0\u00bbfive-four\u00a0\u00bb gutter_size=\u00a0\u00bb2&Prime; page_items=\u00a0\u00bbmedia|featured|onpost|original,title,sep-one|full\u00a0\u00bb experiencia_items=\u00a0\u00bbmedia|featured|onpost|original,title,sep-one|full\u00a0\u00bb carousel_interval=\u00a0\u00bb3000&Prime; carousel_navspeed=\u00a0\u00bb400&Prime; carousel_nav=\u00a0\u00bbyes\u00a0\u00bb stage_padding=\u00a0\u00bb0&Prime; single_overlay_opacity=\u00a0\u00bb50&Prime; single_h_align=\u00a0\u00bbcenter\u00a0\u00bb single_padding=\u00a0\u00bb1&Prime; single_title_dimension=\u00a0\u00bbfontsize-20&Prime; single_title_weight=\u00a0\u00bb600&Prime; uncode_shortcode_id=\u00a0\u00bb835087&Prime; el_class=\u00a0\u00bbtext-color-deep-teal-color listado-playas-tu-experiencia border-radius-5px\u00a0\u00bb][\/vc_column][\/vc_row]<\/p>\n<\/div>","protected":false},"excerpt":{"rendered":"<p>[vc_row][vc_column column_width_percent=\u00a0\u00bb100&Prime; gutter_size=\u00a0\u00bb2&Prime; overlay_alpha=\u00a0\u00bb50&Prime; shift_x=\u00a0\u00bb0&Prime; shift_y=\u00a0\u00bb0&Prime; shift_y_down=\u00a0\u00bb0&Prime; z_index=\u00a0\u00bb0&Prime; medium_width=\u00a0\u00bb0&Prime; mobile_width=\u00a0\u00bb0&Prime; width=\u00a0\u00bb1\/1&Prime; uncode_shortcode_id=\u00a0\u00bb675924&Prime;][vc_custom_heading text_color=\u00a0\u00bbcolor-sea-blue\u00a0\u00bb text_size=\u00a0\u00bbfontsize-35&Prime; text_weight=\u00a0\u00bb600&Prime; text_transform=\u00a0\u00bbuppercase\u00a0\u00bb uncode_shortcode_id=\u00a0\u00bb195985&Prime; text_color_type=\u00a0\u00bbuncode-palette\u00a0\u00bb]Visite guid\u00e9e[\/vc_custom_heading][vc_separator sep_color=\u00a0\u00bbcolor-amber\u00a0\u00bb [&hellip;]<\/p>\n","protected":false},"author":1,"featured_media":0,"parent":0,"menu_order":0,"comment_status":"closed","ping_status":"closed","template":"","meta":{"_acf_changed":false,"footnotes":""},"class_list":["post-56853","page","type-page","status-publish","hentry"],"acf":[],"ACF":{"imagen_cabecera":false},"_links":{"self":[{"href":"https:\/\/www.turismodealmeria.org\/fr\/wp-json\/wp\/v2\/pages\/56853","targetHints":{"allow":["GET"]}}],"collection":[{"href":"https:\/\/www.turismodealmeria.org\/fr\/wp-json\/wp\/v2\/pages"}],"about":[{"href":"https:\/\/www.turismodealmeria.org\/fr\/wp-json\/wp\/v2\/types\/page"}],"author":[{"embeddable":true,"href":"https:\/\/www.turismodealmeria.org\/fr\/wp-json\/wp\/v2\/users\/1"}],"replies":[{"embeddable":true,"href":"https:\/\/www.turismodealmeria.org\/fr\/wp-json\/wp\/v2\/comments?post=56853"}],"version-history":[{"count":0,"href":"https:\/\/www.turismodealmeria.org\/fr\/wp-json\/wp\/v2\/pages\/56853\/revisions"}],"wp:attachment":[{"href":"https:\/\/www.turismodealmeria.org\/fr\/wp-json\/wp\/v2\/media?parent=56853"}],"curies":[{"name":"wp","href":"https:\/\/api.w.org\/{rel}","templated":true}]}}