{"id":56882,"date":"2022-03-28T17:31:10","date_gmt":"2022-03-28T15:31:10","guid":{"rendered":"https:\/\/www.turismodealmeria.org\/turismo-cultural\/"},"modified":"2023-04-11T11:13:58","modified_gmt":"2023-04-11T09:13:58","slug":"tourisme-culturel","status":"publish","type":"page","link":"https:\/\/www.turismodealmeria.org\/fr\/tourisme-culturel\/","title":{"rendered":"Tourisme culturel"},"content":{"rendered":"<div class=\"wpb-content-wrapper\"><p>[vc_row][vc_column column_width_percent=\u00a0\u00bb100&Prime; gutter_size=\u00a0\u00bb2&Prime; overlay_alpha=\u00a0\u00bb50&Prime; shift_x=\u00a0\u00bb0&Prime; shift_y=\u00a0\u00bb0&Prime; shift_y_down=\u00a0\u00bb0&Prime; z_index=\u00a0\u00bb0&Prime; medium_width=\u00a0\u00bb0&Prime; mobile_width=\u00a0\u00bb0&Prime; width=\u00a0\u00bb1\/1&Prime; uncode_shortcode_id=\u00a0\u00bb675924&Prime;][vc_custom_heading text_color=\u00a0\u00bbcolor-sea-blue\u00a0\u00bb text_size=\u00a0\u00bbfontsize-35&Prime; text_weight=\u00a0\u00bb600&Prime; uncode_shortcode_id=\u00a0\u00bb876680&Prime; text_color_type=\u00a0\u00bbuncode-palette\u00a0\u00bb]UN H\u00c9RITAGE MILL\u00c9NAIRE[\/vc_custom_heading][vc_separator sep_color=\u00a0\u00bbcolor-amber\u00a0\u00bb uncode_shortcode_id=\u00a0\u00bb914759&Prime; el_class=\u00a0\u00bbplayas-forma-segura\u00a0\u00bb sep_color_type=\u00a0\u00bbuncode-palette\u00a0\u00bb el_width=\u00a0\u00bb200px\u00a0\u00bb el_height=\u00a0\u00bb8px\u00a0\u00bb][vc_custom_heading heading_semantic=\u00a0\u00bbp\u00a0\u00bb text_size=\u00a0\u00bbfontsize-17&Prime; text_weight=\u00a0\u00bb400&Prime; uncode_shortcode_id=\u00a0\u00bb130124&Prime;]Almer\u00eda a une histoire mill\u00e9naire qui se traduit aujourd&rsquo;hui par un riche patrimoine. Monuments, \u00e9glises et racines arabes s&rsquo;entrem\u00ealent dans la ville avec un charme qui captive ceux qui la visitent. Pour en savoir un peu plus, il est fortement recommand\u00e9 de s&rsquo;inscrire aux visites guid\u00e9es, et n&rsquo;oubliez pas les mus\u00e9es ! Les Abris de la guerre civile ou le Centre d&rsquo;interpr\u00e9tation du patrimoine sont parmi les espaces les plus visit\u00e9s.[\/vc_custom_heading][\/vc_column][\/vc_row][vc_row][vc_column column_width_percent=\u00a0\u00bb100&Prime; gutter_size=\u00a0\u00bb3&Prime; overlay_alpha=\u00a0\u00bb50&Prime; shift_x=\u00a0\u00bb0&Prime; shift_y=\u00a0\u00bb0&Prime; shift_y_down=\u00a0\u00bb0&Prime; z_index=\u00a0\u00bb0&Prime; medium_width=\u00a0\u00bb0&Prime; mobile_width=\u00a0\u00bb0&Prime; width=\u00a0\u00bb1\/1&Prime; uncode_shortcode_id=\u00a0\u00bb352001&Prime;][vc_custom_heading text_color=\u00a0\u00bbcolor-deep-teal\u00a0\u00bb text_size=\u00a0\u00bbh3&Prime; text_weight=\u00a0\u00bb600&Prime; text_transform=\u00a0\u00bbuppercase\u00a0\u00bb uncode_shortcode_id=\u00a0\u00bb180950&Prime; text_color_type=\u00a0\u00bbuncode-palette\u00a0\u00bb]Sites d&rsquo;int\u00e9r\u00eat[\/vc_custom_heading][uncode_index el_id=\u00a0\u00bblugares-interes\u00a0\u00bb index_type=\u00a0\u00bbcarousel\u00a0\u00bb loop=\u00a0\u00bbsize:All|order_by:rand|post_type:lugar|taxonomy_count:10&Prime; carousel_lg=\u00a0\u00bb4&Prime; carousel_md=\u00a0\u00bb3&Prime; carousel_sm=\u00a0\u00bb1&Prime; thumb_size=\u00a0\u00bbthree-two\u00a0\u00bb gutter_size=\u00a0\u00bb2&Prime; restauracion_items=\u00a0\u00bbmedia|featured|onpost|original,title,direccion,telefono\u00a0\u00bb playas_items=\u00a0\u00bbmedia|featured|onpost|original,title,sep-one|full,text|full|280&Prime; punto-interes_items=\u00a0\u00bbmedia|featured|onpost|original,title\u00a0\u00bb lugar_items=\u00a0\u00bbmedia|featured|onpost|original,title\u00a0\u00bb carousel_interval=\u00a0\u00bb3000&Prime; carousel_navspeed=\u00a0\u00bb400&Prime; carousel_nav=\u00a0\u00bbyes\u00a0\u00bb stage_padding=\u00a0\u00bb0&Prime; single_overlay_opacity=\u00a0\u00bb50&Prime; single_padding=\u00a0\u00bb1&Prime; single_title_dimension=\u00a0\u00bbfontsize-20&Prime; single_title_weight=\u00a0\u00bb600&Prime; uncode_shortcode_id=\u00a0\u00bb912967&Prime; el_class=\u00a0\u00bbturismo-urbano-restaurantes border-radius-5px text-color-deep-teal-color\u00a0\u00bb][vc_button custom_typo=\u00a0\u00bbyes\u00a0\u00bb font_family=\u00a0\u00bbfont-555555&Prime; font_weight=\u00a0\u00bb600&Prime; border_width=\u00a0\u00bb0&Prime; uncode_shortcode_id=\u00a0\u00bb122179&Prime; el_class=\u00a0\u00bbbtn-urbano text-color-deep-teal-color\u00a0\u00bb link=\u00a0\u00bburl:https%3A%2F%2Fwww.turismodealmeria.org%2Ffr%2Fsites-dinteret%2F\u00a0\u00bb]VOIR TOUS[\/vc_button][\/vc_column][\/vc_row][vc_row][vc_column column_width_percent=\u00a0\u00bb100&Prime; gutter_size=\u00a0\u00bb3&Prime; overlay_alpha=\u00a0\u00bb50&Prime; shift_x=\u00a0\u00bb0&Prime; shift_y=\u00a0\u00bb0&Prime; shift_y_down=\u00a0\u00bb0&Prime; z_index=\u00a0\u00bb0&Prime; medium_width=\u00a0\u00bb0&Prime; mobile_width=\u00a0\u00bb0&Prime; width=\u00a0\u00bb1\/1&Prime; uncode_shortcode_id=\u00a0\u00bb352001&Prime;][vc_custom_heading text_color=\u00a0\u00bbcolor-deep-teal\u00a0\u00bb text_size=\u00a0\u00bbh3&Prime; text_weight=\u00a0\u00bb600&Prime; uncode_shortcode_id=\u00a0\u00bb975644&Prime; text_color_type=\u00a0\u00bbuncode-palette\u00a0\u00bb]COUVENTS, \u00c9GLISES ET SANCTUARIES[\/vc_custom_heading][uncode_index el_id=\u00a0\u00bbalmeria-religiosa\u00a0\u00bb index_type=\u00a0\u00bbcarousel\u00a0\u00bb loop=\u00a0\u00bbsize:8|order_by:date|post_type:punto-interes|taxonomy_count:10&Prime; carousel_lg=\u00a0\u00bb4&Prime; carousel_md=\u00a0\u00bb3&Prime; carousel_sm=\u00a0\u00bb1&Prime; thumb_size=\u00a0\u00bbthree-two\u00a0\u00bb gutter_size=\u00a0\u00bb2&Prime; restauracion_items=\u00a0\u00bbmedia|featured|onpost|original,title,direccion,telefono\u00a0\u00bb playas_items=\u00a0\u00bbmedia|featured|onpost|original,title,sep-one|full,text|full|280&Prime; punto-interes_items=\u00a0\u00bbmedia|featured|onpost|original,title\u00a0\u00bb carousel_interval=\u00a0\u00bb3000&Prime; carousel_navspeed=\u00a0\u00bb400&Prime; carousel_nav=\u00a0\u00bbyes\u00a0\u00bb stage_padding=\u00a0\u00bb0&Prime; single_overlay_opacity=\u00a0\u00bb50&Prime; single_padding=\u00a0\u00bb1&Prime; single_title_dimension=\u00a0\u00bbfontsize-20&Prime; single_title_weight=\u00a0\u00bb600&Prime; uncode_shortcode_id=\u00a0\u00bb626748&Prime; el_class=\u00a0\u00bbturismo-urbano-restaurantes border-radius-5px text-color-deep-teal-color\u00a0\u00bb][\/vc_column][\/vc_row][vc_row][vc_column column_width_percent=\u00a0\u00bb100&Prime; gutter_size=\u00a0\u00bb3&Prime; overlay_alpha=\u00a0\u00bb50&Prime; shift_x=\u00a0\u00bb0&Prime; shift_y=\u00a0\u00bb0&Prime; shift_y_down=\u00a0\u00bb0&Prime; z_index=\u00a0\u00bb0&Prime; medium_width=\u00a0\u00bb0&Prime; mobile_width=\u00a0\u00bb0&Prime; width=\u00a0\u00bb1\/1&Prime; uncode_shortcode_id=\u00a0\u00bb136020&Prime;][vc_custom_heading text_color=\u00a0\u00bbcolor-deep-teal\u00a0\u00bb text_size=\u00a0\u00bbh3&Prime; text_weight=\u00a0\u00bb600&Prime; uncode_shortcode_id=\u00a0\u00bb755325&Prime; text_color_type=\u00a0\u00bbuncode-palette\u00a0\u00bb]MUS\u00c9ES ET CENTRES D&rsquo;EXPOSITIONS[\/vc_custom_heading][\/vc_column][\/vc_row][vc_row row_height_percent=\u00a0\u00bb0&Prime; override_padding=\u00a0\u00bbyes\u00a0\u00bb h_padding=\u00a0\u00bb2&Prime; top_padding=\u00a0\u00bb0&Prime; bottom_padding=\u00a0\u00bb0&Prime; overlay_alpha=\u00a0\u00bb50&Prime; gutter_size=\u00a0\u00bb2&Prime; column_width_percent=\u00a0\u00bb100&Prime; shift_y=\u00a0\u00bb0&Prime; z_index=\u00a0\u00bb0&Prime; uncode_shortcode_id=\u00a0\u00bb157416&Prime; el_class=\u00a0\u00bbborder-radius-5px\u00a0\u00bb][vc_column column_width_percent=\u00a0\u00bb100&Prime; gutter_size=\u00a0\u00bb2&Prime; overlay_alpha=\u00a0\u00bb50&Prime; shift_x=\u00a0\u00bb0&Prime; shift_y=\u00a0\u00bb0&Prime; shift_y_down=\u00a0\u00bb0&Prime; z_index=\u00a0\u00bb0&Prime; medium_width=\u00a0\u00bb0&Prime; mobile_width=\u00a0\u00bb0&Prime; width=\u00a0\u00bb1\/4&Prime; uncode_shortcode_id=\u00a0\u00bb949574&Prime;][vc_single_image media=\u00a0\u00bb17257&Prime; media_width_percent=\u00a0\u00bb100&Prime; media_ratio=\u00a0\u00bbthree-two\u00a0\u00bb uncode_shortcode_id=\u00a0\u00bb927810&Prime;][vc_custom_heading heading_semantic=\u00a0\u00bbp\u00a0\u00bb text_size=\u00a0\u00bbfontsize-20&Prime; uncode_shortcode_id=\u00a0\u00bb138514&Prime; el_class=\u00a0\u00bbtext-color-deep-teal-color\u00a0\u00bb]<a href=\"https:\/\/www.turismodealmeria.org\/museos\/fr\/museo\/les-refuges-de-la-guerre-civile\/\" target=\"_blank\" rel=\"noopener\">Les Refuges de la Guerre Civile<\/a>[\/vc_custom_heading][\/vc_column][vc_column column_width_percent=\u00a0\u00bb100&Prime; gutter_size=\u00a0\u00bb2&Prime; overlay_alpha=\u00a0\u00bb50&Prime; shift_x=\u00a0\u00bb0&Prime; shift_y=\u00a0\u00bb0&Prime; shift_y_down=\u00a0\u00bb0&Prime; z_index=\u00a0\u00bb0&Prime; medium_width=\u00a0\u00bb0&Prime; mobile_width=\u00a0\u00bb0&Prime; width=\u00a0\u00bb1\/4&Prime; uncode_shortcode_id=\u00a0\u00bb250395&Prime;][vc_single_image media=\u00a0\u00bb21607&Prime; media_width_percent=\u00a0\u00bb100&Prime; media_ratio=\u00a0\u00bbthree-two\u00a0\u00bb uncode_shortcode_id=\u00a0\u00bb208979&Prime;][vc_custom_heading heading_semantic=\u00a0\u00bbp\u00a0\u00bb text_size=\u00a0\u00bbfontsize-20&Prime; uncode_shortcode_id=\u00a0\u00bb155815&Prime; el_class=\u00a0\u00bbtext-color-deep-teal-color\u00a0\u00bb]<a href=\"https:\/\/www.turismodealmeria.org\/museos\/fr\/museo\/centre-dart-musee-dalmeria\/\" target=\"_blank\" rel=\"noopener\">Centre d\u2019Art Mus\u00e9e d\u2019Almeria<\/a>[\/vc_custom_heading][\/vc_column][vc_column column_width_percent=\u00a0\u00bb100&Prime; gutter_size=\u00a0\u00bb2&Prime; overlay_alpha=\u00a0\u00bb50&Prime; shift_x=\u00a0\u00bb0&Prime; shift_y=\u00a0\u00bb0&Prime; shift_y_down=\u00a0\u00bb0&Prime; z_index=\u00a0\u00bb0&Prime; medium_width=\u00a0\u00bb0&Prime; mobile_width=\u00a0\u00bb0&Prime; width=\u00a0\u00bb1\/4&Prime; uncode_shortcode_id=\u00a0\u00bb132215&Prime;][vc_single_image media=\u00a0\u00bb18198&Prime; media_width_percent=\u00a0\u00bb100&Prime; media_ratio=\u00a0\u00bbthree-two\u00a0\u00bb uncode_shortcode_id=\u00a0\u00bb633852&Prime;][vc_custom_heading heading_semantic=\u00a0\u00bbp\u00a0\u00bb text_size=\u00a0\u00bbfontsize-20&Prime; uncode_shortcode_id=\u00a0\u00bb840973&Prime; el_class=\u00a0\u00bbtext-color-deep-teal-color\u00a0\u00bb]<a href=\"https:\/\/www.turismodealmeria.org\/museos\/fr\/museo\/musee-dart-dona-pakyta\/\" target=\"_blank\" rel=\"noopener\">Mus\u00e9e d\u2019Art Do\u00f1a Pakyta<\/a>[\/vc_custom_heading][\/vc_column][vc_column column_width_percent=\u00a0\u00bb100&Prime; gutter_size=\u00a0\u00bb2&Prime; overlay_alpha=\u00a0\u00bb50&Prime; shift_x=\u00a0\u00bb0&Prime; shift_y=\u00a0\u00bb0&Prime; shift_y_down=\u00a0\u00bb0&Prime; z_index=\u00a0\u00bb0&Prime; medium_width=\u00a0\u00bb0&Prime; mobile_width=\u00a0\u00bb0&Prime; width=\u00a0\u00bb1\/4&Prime; uncode_shortcode_id=\u00a0\u00bb181602&Prime;][vc_single_image media=\u00a0\u00bb65420&Prime; media_width_percent=\u00a0\u00bb100&Prime; media_ratio=\u00a0\u00bbthree-two\u00a0\u00bb uncode_shortcode_id=\u00a0\u00bb183044&Prime;][vc_custom_heading heading_semantic=\u00a0\u00bbp\u00a0\u00bb text_size=\u00a0\u00bbfontsize-20&Prime; uncode_shortcode_id=\u00a0\u00bb207915&Prime; el_class=\u00a0\u00bbtext-color-deep-teal-color\u00a0\u00bb]<a href=\"https:\/\/www.turismodealmeria.org\/museos\/fr\/museo\/maison-du-poete-jose-angel-valente\/\" target=\"_blank\" rel=\"noopener\">Maison du po\u00e8te Jos\u00e9 \u00c1ngel Valente<\/a>[\/vc_custom_heading][\/vc_column][\/vc_row][vc_row row_height_percent=\u00a0\u00bb0&Prime; override_padding=\u00a0\u00bbyes\u00a0\u00bb h_padding=\u00a0\u00bb2&Prime; top_padding=\u00a0\u00bb2&Prime; bottom_padding=\u00a0\u00bb0&Prime; overlay_alpha=\u00a0\u00bb50&Prime; gutter_size=\u00a0\u00bb2&Prime; column_width_percent=\u00a0\u00bb100&Prime; shift_y=\u00a0\u00bb0&Prime; z_index=\u00a0\u00bb0&Prime; uncode_shortcode_id=\u00a0\u00bb189514&Prime; el_class=\u00a0\u00bbborder-radius-5px\u00a0\u00bb][vc_column column_width_percent=\u00a0\u00bb100&Prime; gutter_size=\u00a0\u00bb2&Prime; overlay_alpha=\u00a0\u00bb50&Prime; shift_x=\u00a0\u00bb0&Prime; shift_y=\u00a0\u00bb0&Prime; shift_y_down=\u00a0\u00bb0&Prime; z_index=\u00a0\u00bb0&Prime; medium_width=\u00a0\u00bb0&Prime; mobile_width=\u00a0\u00bb0&Prime; width=\u00a0\u00bb1\/4&Prime; uncode_shortcode_id=\u00a0\u00bb949574&Prime;][vc_single_image media=\u00a0\u00bb43508&Prime; media_width_percent=\u00a0\u00bb100&Prime; media_ratio=\u00a0\u00bbthree-two\u00a0\u00bb uncode_shortcode_id=\u00a0\u00bb319250&Prime;][vc_custom_heading heading_semantic=\u00a0\u00bbp\u00a0\u00bb text_size=\u00a0\u00bbfontsize-20&Prime; uncode_shortcode_id=\u00a0\u00bb197571&Prime; el_class=\u00a0\u00bbtext-color-deep-teal-color\u00a0\u00bb]<a href=\"https:\/\/www.turismodealmeria.org\/museos\/fr\/museo\/la-maison-du-cinema\/\" target=\"_blank\" rel=\"noopener\">La Maison du Cin\u00e9ma<\/a>[\/vc_custom_heading][\/vc_column][vc_column column_width_percent=\u00a0\u00bb100&Prime; gutter_size=\u00a0\u00bb2&Prime; overlay_alpha=\u00a0\u00bb50&Prime; shift_x=\u00a0\u00bb0&Prime; shift_y=\u00a0\u00bb0&Prime; shift_y_down=\u00a0\u00bb0&Prime; z_index=\u00a0\u00bb0&Prime; medium_width=\u00a0\u00bb0&Prime; mobile_width=\u00a0\u00bb0&Prime; width=\u00a0\u00bb1\/4&Prime; uncode_shortcode_id=\u00a0\u00bb250395&Prime;][vc_single_image media=\u00a0\u00bb60835&Prime; media_width_percent=\u00a0\u00bb100&Prime; media_ratio=\u00a0\u00bbthree-two\u00a0\u00bb uncode_shortcode_id=\u00a0\u00bb199161&Prime;][vc_custom_heading heading_semantic=\u00a0\u00bbp\u00a0\u00bb text_size=\u00a0\u00bbfontsize-20&Prime; uncode_shortcode_id=\u00a0\u00bb113271&Prime; el_class=\u00a0\u00bbtext-color-deep-teal-color\u00a0\u00bb]<a href=\"https:\/\/www.turismodealmeria.org\/museos\/fr\/museo\/centre-dinterpretation-patrimoniale\/\" target=\"_blank\" rel=\"noopener\">Centre d\u2019Interpr\u00e9tation Patrimoniale<\/a>[\/vc_custom_heading][\/vc_column][vc_column column_width_percent=\u00a0\u00bb100&Prime; gutter_size=\u00a0\u00bb2&Prime; overlay_alpha=\u00a0\u00bb50&Prime; shift_x=\u00a0\u00bb0&Prime; shift_y=\u00a0\u00bb0&Prime; shift_y_down=\u00a0\u00bb0&Prime; z_index=\u00a0\u00bb0&Prime; medium_width=\u00a0\u00bb0&Prime; mobile_width=\u00a0\u00bb0&Prime; width=\u00a0\u00bb1\/4&Prime; uncode_shortcode_id=\u00a0\u00bb132215&Prime;][vc_single_image media=\u00a0\u00bb61715&Prime; media_width_percent=\u00a0\u00bb100&Prime; media_ratio=\u00a0\u00bbthree-two\u00a0\u00bb uncode_shortcode_id=\u00a0\u00bb198494&Prime;][vc_custom_heading heading_semantic=\u00a0\u00bbp\u00a0\u00bb text_size=\u00a0\u00bbfontsize-20&Prime; uncode_shortcode_id=\u00a0\u00bb140465&Prime; el_class=\u00a0\u00bbtext-color-deep-teal-color\u00a0\u00bb]<a href=\"https:\/\/www.turismodealmeria.org\/museos\/fr\/museo\/musee-de-la-guitare-antonio-de-torres\/\" target=\"_blank\" rel=\"noopener\">Mus\u00e9e de la Guitare \u00ab\u00a0Antonio de Torres\u00a0\u00bb<\/a>[\/vc_custom_heading][\/vc_column][vc_column column_width_percent=\u00a0\u00bb100&Prime; gutter_size=\u00a0\u00bb2&Prime; overlay_alpha=\u00a0\u00bb50&Prime; shift_x=\u00a0\u00bb0&Prime; shift_y=\u00a0\u00bb0&Prime; shift_y_down=\u00a0\u00bb0&Prime; z_index=\u00a0\u00bb0&Prime; medium_width=\u00a0\u00bb0&Prime; mobile_width=\u00a0\u00bb0&Prime; width=\u00a0\u00bb1\/4&Prime; uncode_shortcode_id=\u00a0\u00bb181602&Prime;][vc_single_image media=\u00a0\u00bb40970&Prime; media_width_percent=\u00a0\u00bb100&Prime; media_ratio=\u00a0\u00bbthree-two\u00a0\u00bb uncode_shortcode_id=\u00a0\u00bb470642&Prime;][vc_custom_heading heading_semantic=\u00a0\u00bbp\u00a0\u00bb text_size=\u00a0\u00bbfontsize-20&Prime; uncode_shortcode_id=\u00a0\u00bb344959&Prime; el_class=\u00a0\u00bbtext-color-deep-teal-color\u00a0\u00bb]<a href=\"https:\/\/www.turismodealmeria.org\/museos\/fr\/museo\/citernes-arabes\/\" target=\"_blank\" rel=\"noopener\">Citernes Arabes<\/a>[\/vc_custom_heading][\/vc_column][\/vc_row][vc_row][vc_column column_width_percent=\u00a0\u00bb100&Prime; gutter_size=\u00a0\u00bb3&Prime; overlay_alpha=\u00a0\u00bb50&Prime; shift_x=\u00a0\u00bb0&Prime; shift_y=\u00a0\u00bb0&Prime; shift_y_down=\u00a0\u00bb0&Prime; z_index=\u00a0\u00bb0&Prime; medium_width=\u00a0\u00bb0&Prime; mobile_width=\u00a0\u00bb0&Prime; width=\u00a0\u00bb1\/1&Prime; uncode_shortcode_id=\u00a0\u00bb136020&Prime;][vc_custom_heading text_color=\u00a0\u00bbcolor-deep-teal\u00a0\u00bb text_size=\u00a0\u00bbh3&Prime; text_weight=\u00a0\u00bb600&Prime; uncode_shortcode_id=\u00a0\u00bb145013&Prime; text_color_type=\u00a0\u00bbuncode-palette\u00a0\u00bb]DES AUTRES MUS\u00c9ES[\/vc_custom_heading][\/vc_column][\/vc_row][vc_row row_height_percent=\u00a0\u00bb0&Prime; override_padding=\u00a0\u00bbyes\u00a0\u00bb h_padding=\u00a0\u00bb2&Prime; top_padding=\u00a0\u00bb0&Prime; bottom_padding=\u00a0\u00bb0&Prime; overlay_alpha=\u00a0\u00bb50&Prime; gutter_size=\u00a0\u00bb2&Prime; column_width_percent=\u00a0\u00bb100&Prime; shift_y=\u00a0\u00bb0&Prime; z_index=\u00a0\u00bb0&Prime; uncode_shortcode_id=\u00a0\u00bb157416&Prime; el_class=\u00a0\u00bbborder-radius-5px\u00a0\u00bb][vc_column column_width_percent=\u00a0\u00bb100&Prime; gutter_size=\u00a0\u00bb2&Prime; overlay_alpha=\u00a0\u00bb50&Prime; shift_x=\u00a0\u00bb0&Prime; shift_y=\u00a0\u00bb0&Prime; shift_y_down=\u00a0\u00bb0&Prime; z_index=\u00a0\u00bb0&Prime; medium_width=\u00a0\u00bb0&Prime; mobile_width=\u00a0\u00bb0&Prime; width=\u00a0\u00bb1\/4&Prime; uncode_shortcode_id=\u00a0\u00bb949574&Prime;][vc_single_image media=\u00a0\u00bb56029&Prime; media_width_percent=\u00a0\u00bb100&Prime; media_ratio=\u00a0\u00bbthree-two\u00a0\u00bb uncode_shortcode_id=\u00a0\u00bb101785&Prime;][vc_custom_heading heading_semantic=\u00a0\u00bbp\u00a0\u00bb text_size=\u00a0\u00bbfontsize-20&Prime; uncode_shortcode_id=\u00a0\u00bb158281&Prime; el_class=\u00a0\u00bbtext-color-deep-teal-color\u00a0\u00bb]<a href=\"https:\/\/www.turismodealmeria.org\/museos\/fr\/museo\/site-archeologique-almeria\/\" target=\"_blank\" rel=\"noopener\">Site arch\u00e9ologique de la Puerta de Almer\u00eda<\/a>[\/vc_custom_heading][\/vc_column][vc_column column_width_percent=\u00a0\u00bb100&Prime; gutter_size=\u00a0\u00bb2&Prime; overlay_alpha=\u00a0\u00bb50&Prime; shift_x=\u00a0\u00bb0&Prime; shift_y=\u00a0\u00bb0&Prime; shift_y_down=\u00a0\u00bb0&Prime; z_index=\u00a0\u00bb0&Prime; medium_width=\u00a0\u00bb0&Prime; mobile_width=\u00a0\u00bb0&Prime; width=\u00a0\u00bb1\/4&Prime; uncode_shortcode_id=\u00a0\u00bb250395&Prime;][vc_single_image media=\u00a0\u00bb56033&Prime; media_width_percent=\u00a0\u00bb100&Prime; media_ratio=\u00a0\u00bbthree-two\u00a0\u00bb uncode_shortcode_id=\u00a0\u00bb155555&Prime;][vc_custom_heading heading_semantic=\u00a0\u00bbp\u00a0\u00bb text_size=\u00a0\u00bbfontsize-20&Prime; uncode_shortcode_id=\u00a0\u00bb127712&Prime; el_class=\u00a0\u00bbtext-color-deep-teal-color\u00a0\u00bb]<a href=\"https:\/\/www.turismodealmeria.org\/museos\/fr\/museo\/centre-andalou-de-la-photographie-c-a-f\/\" target=\"_blank\" rel=\"noopener\">Centre Andalou de la Photographie (C.A.F.)<\/a>[\/vc_custom_heading][\/vc_column][vc_column column_width_percent=\u00a0\u00bb100&Prime; gutter_size=\u00a0\u00bb2&Prime; overlay_alpha=\u00a0\u00bb50&Prime; shift_x=\u00a0\u00bb0&Prime; shift_y=\u00a0\u00bb0&Prime; shift_y_down=\u00a0\u00bb0&Prime; z_index=\u00a0\u00bb0&Prime; medium_width=\u00a0\u00bb0&Prime; mobile_width=\u00a0\u00bb0&Prime; width=\u00a0\u00bb1\/4&Prime; uncode_shortcode_id=\u00a0\u00bb132215&Prime;][vc_single_image media=\u00a0\u00bb65438&Prime; media_width_percent=\u00a0\u00bb100&Prime; media_ratio=\u00a0\u00bbthree-two\u00a0\u00bb uncode_shortcode_id=\u00a0\u00bb139123&Prime;][vc_custom_heading heading_semantic=\u00a0\u00bbp\u00a0\u00bb text_size=\u00a0\u00bbfontsize-20&Prime; uncode_shortcode_id=\u00a0\u00bb210014&Prime; el_class=\u00a0\u00bbtext-color-deep-teal-color\u00a0\u00bb]<a href=\"https:\/\/www.turismodealmeria.org\/museos\/fr\/museo\/musee-archeologique\/\" target=\"_blank\" rel=\"noopener\">Mus\u00e9e arch\u00e9ologique<\/a>[\/vc_custom_heading][\/vc_column][vc_column column_width_percent=\u00a0\u00bb100&Prime; gutter_size=\u00a0\u00bb2&Prime; overlay_alpha=\u00a0\u00bb50&Prime; shift_x=\u00a0\u00bb0&Prime; shift_y=\u00a0\u00bb0&Prime; shift_y_down=\u00a0\u00bb0&Prime; z_index=\u00a0\u00bb0&Prime; medium_width=\u00a0\u00bb0&Prime; mobile_width=\u00a0\u00bb0&Prime; width=\u00a0\u00bb1\/4&Prime; uncode_shortcode_id=\u00a0\u00bb181602&Prime;][\/vc_column][\/vc_row][vc_row row_height_percent=\u00a0\u00bb0&Prime; override_padding=\u00a0\u00bbyes\u00a0\u00bb h_padding=\u00a0\u00bb2&Prime; top_padding=\u00a0\u00bb2&Prime; bottom_padding=\u00a0\u00bb3&Prime; overlay_alpha=\u00a0\u00bb50&Prime; gutter_size=\u00a0\u00bb3&Prime; column_width_percent=\u00a0\u00bb100&Prime; shift_y=\u00a0\u00bb0&Prime; z_index=\u00a0\u00bb0&Prime; uncode_shortcode_id=\u00a0\u00bb951267&Prime;][vc_column width=\u00a0\u00bb1\/1&Prime;][vc_custom_heading text_color=\u00a0\u00bbcolor-deep-teal\u00a0\u00bb text_size=\u00a0\u00bbh3&Prime; text_weight=\u00a0\u00bb600&Prime; uncode_shortcode_id=\u00a0\u00bb104529&Prime; text_color_type=\u00a0\u00bbuncode-palette\u00a0\u00bb]Activit\u00e9s[\/vc_custom_heading][uncode_index el_id=\u00a0\u00bbexperiencias-urbano\u00a0\u00bb index_type=\u00a0\u00bbcarousel\u00a0\u00bb loop=\u00a0\u00bbsize:10|order_by:date|post_type:experiencia|tax_query:1362|taxonomy_count:10&Prime; carousel_lg=\u00a0\u00bb4&Prime; carousel_md=\u00a0\u00bb3&Prime; carousel_sm=\u00a0\u00bb1&Prime; thumb_size=\u00a0\u00bbfive-four\u00a0\u00bb gutter_size=\u00a0\u00bb2&Prime; page_items=\u00a0\u00bbmedia|featured|onpost|original,title,sep-one|full\u00a0\u00bb experiencia_items=\u00a0\u00bbmedia|featured|onpost|original,title,sep-one|full\u00a0\u00bb carousel_interval=\u00a0\u00bb3000&Prime; carousel_navspeed=\u00a0\u00bb400&Prime; carousel_nav=\u00a0\u00bbyes\u00a0\u00bb stage_padding=\u00a0\u00bb0&Prime; single_overlay_opacity=\u00a0\u00bb50&Prime; single_h_align=\u00a0\u00bbcenter\u00a0\u00bb single_padding=\u00a0\u00bb1&Prime; single_title_dimension=\u00a0\u00bbfontsize-20&Prime; single_title_weight=\u00a0\u00bb600&Prime; uncode_shortcode_id=\u00a0\u00bb183479&Prime; el_class=\u00a0\u00bbtext-color-deep-teal-color listado-playas-tu-experiencia border-radius-5px\u00a0\u00bb][\/vc_column][\/vc_row][vc_row][vc_column width=\u00a0\u00bb1\/1&Prime;][vc_empty_space empty_h=\u00a0\u00bb2&Prime;][\/vc_column][\/vc_row]<\/p>\n<\/div>","protected":false},"excerpt":{"rendered":"<p>[vc_row][vc_column column_width_percent=\u00a0\u00bb100&Prime; gutter_size=\u00a0\u00bb2&Prime; overlay_alpha=\u00a0\u00bb50&Prime; shift_x=\u00a0\u00bb0&Prime; shift_y=\u00a0\u00bb0&Prime; shift_y_down=\u00a0\u00bb0&Prime; z_index=\u00a0\u00bb0&Prime; medium_width=\u00a0\u00bb0&Prime; mobile_width=\u00a0\u00bb0&Prime; width=\u00a0\u00bb1\/1&Prime; uncode_shortcode_id=\u00a0\u00bb675924&Prime;][vc_custom_heading text_color=\u00a0\u00bbcolor-sea-blue\u00a0\u00bb text_size=\u00a0\u00bbfontsize-35&Prime; text_weight=\u00a0\u00bb600&Prime; uncode_shortcode_id=\u00a0\u00bb876680&Prime; text_color_type=\u00a0\u00bbuncode-palette\u00a0\u00bb]UN H\u00c9RITAGE MILL\u00c9NAIRE[\/vc_custom_heading][vc_separator sep_color=\u00a0\u00bbcolor-amber\u00a0\u00bb [&hellip;]<\/p>\n","protected":false},"author":1,"featured_media":47558,"parent":0,"menu_order":0,"comment_status":"closed","ping_status":"closed","template":"","meta":{"_acf_changed":false,"footnotes":""},"class_list":["post-56882","page","type-page","status-publish","has-post-thumbnail","hentry"],"acf":[],"ACF":{"imagen_cabecera":false},"_links":{"self":[{"href":"https:\/\/www.turismodealmeria.org\/fr\/wp-json\/wp\/v2\/pages\/56882","targetHints":{"allow":["GET"]}}],"collection":[{"href":"https:\/\/www.turismodealmeria.org\/fr\/wp-json\/wp\/v2\/pages"}],"about":[{"href":"https:\/\/www.turismodealmeria.org\/fr\/wp-json\/wp\/v2\/types\/page"}],"author":[{"embeddable":true,"href":"https:\/\/www.turismodealmeria.org\/fr\/wp-json\/wp\/v2\/users\/1"}],"replies":[{"embeddable":true,"href":"https:\/\/www.turismodealmeria.org\/fr\/wp-json\/wp\/v2\/comments?post=56882"}],"version-history":[{"count":0,"href":"https:\/\/www.turismodealmeria.org\/fr\/wp-json\/wp\/v2\/pages\/56882\/revisions"}],"wp:featuredmedia":[{"embeddable":true,"href":"https:\/\/www.turismodealmeria.org\/fr\/wp-json\/wp\/v2\/media\/47558"}],"wp:attachment":[{"href":"https:\/\/www.turismodealmeria.org\/fr\/wp-json\/wp\/v2\/media?parent=56882"}],"curies":[{"name":"wp","href":"https:\/\/api.w.org\/{rel}","templated":true}]}}