{"id":59300,"date":"2022-06-08T08:21:29","date_gmt":"2022-06-08T06:21:29","guid":{"rendered":"https:\/\/www.turismodealmeria.org\/almeria-film-office\/"},"modified":"2022-06-08T08:40:18","modified_gmt":"2022-06-08T06:40:18","slug":"almeria-film-office","status":"publish","type":"page","link":"https:\/\/www.turismodealmeria.org\/fr\/almeria-film-office\/","title":{"rendered":"Almer\u00eda Film Office"},"content":{"rendered":"<div class=\"wpb-content-wrapper\"><p>[vc_row][vc_column width=\u00a0\u00bb8\/12&Prime;][vc_column_text uncode_shortcode_id=\u00a0\u00bb163207&Prime;]<strong>Almeria Film Office est un bureau d\u00e9di\u00e9 \u00e0 la promotion et soutien du cin\u00e9ma et des r\u00e9alisateurs.<\/strong> Les personnes qui sont int\u00e9ress\u00e9s par la cin\u00e9matographie, peuvent s\u2019y rendre pour demander des renseignements sur le r\u00e8glement des taxes, les permis pour faire un tournage, <strong>la recherche d\u2019emplacements dans Almeria et sur les d\u00e9marches n\u00e9cessaires pour recevoir une subvention et un patronage.<\/strong>.<\/p>\n<p><strong>L\u2019Almeria Film Office<\/strong> a \u00e9t\u00e9 cr\u00e9\u00e9 pour promouvoir Almeria comme destination prioritaire pour y tourner tous types de r\u00e9alisations audiovisuelles. Il a \u00e9t\u00e9 d\u00e9velopp\u00e9 par le d\u00e9partement du Tourisme de la Mairie d\u2019Almeria, et sa gestion vise faciliter le choix d\u2019Almeria comme endroit de tournage de tous types de r\u00e9alisations, tant de cin\u00e9ma, que de vid\u00e9o ou de t\u00e9l\u00e9vision.<\/p>\n<p>De cette fa\u00e7on, <strong>\u00e0 travers les r\u00e9alisations audiovisuelles, Almeria et tout son patrimoine seront repr\u00e9sent\u00e9s, ce qui sera positif pour l\u2019activit\u00e9 touristique.<\/strong> Il s\u2019agit de faire connaitre aux agents du secteur audiovisuel les possibilit\u00e9s de tournage qui existent \u00e0 Almeria, tant en mati\u00e8re de paysages que d\u2019acteurs ou de cascadeurs.<\/p>\n<p><strong>T\u00e9l: 677 53 90 69.<\/strong>[\/vc_column_text][\/vc_column][vc_column width=\u00a0\u00bb4\/12&Prime;][vc_single_image media=\u00a0\u00bb18017&Prime; media_width_percent=\u00a0\u00bb100&Prime; uncode_shortcode_id=\u00a0\u00bb180780&Prime;][\/vc_column][\/vc_row]<\/p>\n<\/div>","protected":false},"excerpt":{"rendered":"<p>[vc_row][vc_column width=\u00a0\u00bb8\/12&Prime;][vc_column_text uncode_shortcode_id=\u00a0\u00bb163207&Prime;]Almeria Film Office est un bureau d\u00e9di\u00e9 \u00e0 la promotion et soutien du cin\u00e9ma et des r\u00e9alisateurs. Les [&hellip;]<\/p>\n","protected":false},"author":13,"featured_media":0,"parent":0,"menu_order":0,"comment_status":"closed","ping_status":"closed","template":"","meta":{"_acf_changed":false,"footnotes":""},"class_list":["post-59300","page","type-page","status-publish","hentry"],"acf":[],"ACF":{"imagen_cabecera":false},"_links":{"self":[{"href":"https:\/\/www.turismodealmeria.org\/fr\/wp-json\/wp\/v2\/pages\/59300","targetHints":{"allow":["GET"]}}],"collection":[{"href":"https:\/\/www.turismodealmeria.org\/fr\/wp-json\/wp\/v2\/pages"}],"about":[{"href":"https:\/\/www.turismodealmeria.org\/fr\/wp-json\/wp\/v2\/types\/page"}],"author":[{"embeddable":true,"href":"https:\/\/www.turismodealmeria.org\/fr\/wp-json\/wp\/v2\/users\/13"}],"replies":[{"embeddable":true,"href":"https:\/\/www.turismodealmeria.org\/fr\/wp-json\/wp\/v2\/comments?post=59300"}],"version-history":[{"count":0,"href":"https:\/\/www.turismodealmeria.org\/fr\/wp-json\/wp\/v2\/pages\/59300\/revisions"}],"wp:attachment":[{"href":"https:\/\/www.turismodealmeria.org\/fr\/wp-json\/wp\/v2\/media?parent=59300"}],"curies":[{"name":"wp","href":"https:\/\/api.w.org\/{rel}","templated":true}]}}