{"id":9546,"date":"2016-02-11T07:54:03","date_gmt":"2016-02-11T07:54:03","guid":{"rendered":"https:\/\/www.turismodealmeria.org\/discover-the-surroundings\/?lang=fr"},"modified":"2016-06-07T14:32:38","modified_gmt":"2016-06-07T14:32:38","slug":"les-alentours","status":"publish","type":"page","link":"https:\/\/www.turismodealmeria.org\/fr\/preparez-votre-voyage\/les-alentours\/","title":{"rendered":"Les alentours"},"content":{"rendered":"<div class=\"col-lg-12 col-md-12 col-sm-12 col-xs-12 full\">\n<h2><span>Roquetas de Mar<\/span><\/h2>\n<div class=\"col-lg-6 col-md-6 col-sm-12 col-xs-12\">\nRiche de son pass\u00e9 ph\u00e9nicien, grec et romain, Roquetas de Mar est la banni\u00e8re du tourisme du type soleil et plage de la c\u00f4te d\u2019Almeria. Apr\u00e8s des d\u00e9cennies de consolidation d\u2019un mod\u00e8le de tourisme concret et avec des visiteurs venus de toute l\u2019Europe et d\u2019autres continents, ses \u00e9quipements pour satisfaire le visiteur se situent au niveau le plus haut. Des plages de tous types, des h\u00f4tels de toutes les cat\u00e9gories et des offres compl\u00e9mentaires comme un terrain de golf, des ar\u00e8nes de taureaux, une grande vari\u00e9t\u00e9 d\u2019installations de sports et, bien entendu, une offre compl\u00e8te et tr\u00e8s vari\u00e9e quant \u00e0 la restauration, sans oublier ses charmes historiques et naturels, composent un p\u00f4le d\u2019attraction touristique qui accumule bien des ann\u00e9es de consolidation et de croissance.<\/br><\/p>\n<p><strong>LIENS UTILES<\/strong><\/p>\n<p><a class=\"enlace\" href=\"http:\/\/www.aytoroquetas.org\/seccion\/turismo_173\" target=\"_blank\">http:\/\/www.aytoroquetas.org\/<\/a><br \/>\nT\u00e9l\u00e9charger brochure touristique \u00e0 l&rsquo;ouest de Almeria <a href=\"https:\/\/www.turismodealmeria.org\/wp-content\/uploads\/2016\/03\/Comarca-del-Poniente-Almeriense.pdf\" target=\"_blank\">aqu\u00ed<\/a>.<\/div>\n<div class=\"col-lg-6 col-md-6 col-sm-12 col-xs-12\"><img decoding=\"async\" src=\"https:\/\/www.turismodealmeria.org\/wp-content\/uploads\/2016\/02\/roquetas-de-mar-turismo-almeria.jpg\" alt=\"Roquetas de Mar, Turismo de Almer\u00eda\" width=\"500\" height=\"375\" class=\"alignnone size-full wp-image-1190\" \/><\/div>\n<\/div>\n<div class=\"col-lg-12 col-md-12 col-sm-12 col-xs-12 full\">\n<h2><span>Moj\u00e1car<\/span><\/h2>\n<div class=\"col-lg-6 col-md-6 col-sm-12 col-xs-12\">Le charme d\u2019un petit village blanc situ\u00e9 au sommet d\u2019une montagne, face \u00e0 la mer, est devenu, au cours des ann\u00e9es un point de rencontre pour des touristes du monde entier. Moj\u00e1car est, de nos jours, une des destinations touristiques les plus demand\u00e9es \u00e0 Almeria et en Andalousie, gr\u00e2ce \u00e0 son excellente infrastructure h\u00f4teli\u00e8re et de loisirs, m\u00e9lang\u00e9e au myst\u00e8re de ses rues typiques et l\u2019attrait de ses plages, sans oublier la force de ses f\u00eates de Maures et Chr\u00e9tiens, qui se tiennent au mois de juin, et transforment le village en une confrontation ouverte entre les \u00ab Kabilas et les \u00ab cuarteles \u00bb.<\/p>\n<p><strong>LIENS UTILES<\/strong><\/p>\n<p><a class=\"enlace\" href=\"http:\/\/www.mojacar.es\/\" target=\"_blank\">http:\/\/www.mojacar.es\/<\/a><\/div>\n<div class=\"col-lg-6 col-md-6 col-sm-12 col-xs-12\">\n<img decoding=\"async\" src=\"https:\/\/www.turismodealmeria.org\/wp-content\/uploads\/2016\/02\/mojacar-turismo-almeria.jpg\" alt=\"Mojacar, turismo de Almer\u00eda\" width=\"500\" height=\"274\" class=\"alignnone size-full wp-image-1193\" \/><\/div>\n<\/div>\n<div class=\"col-lg-12 col-md-12 col-sm-12 col-xs-12 full\">\n<h2><span>Los Millares<\/span><\/h2>\n<div class=\"col-lg-6 col-md-6 col-sm-12 col-xs-12\">La tradition mill\u00e9naire d\u2019Almeria et andalouse se donnent rendez-vous sur le site arch\u00e9ologique de los Millares, un rendez-vous avec presque 5.000 ann\u00e9es d\u2019histoire. Le village, o\u00f9 habitaient plus d\u2019un millier de personnes \u00e0 l\u2019\u00e9poque est compos\u00e9 par quinze fortins et quatre pans de muraille, \u00e0 c\u00f4t\u00e9 d\u2019une n\u00e9cropole avec plus de 100 tombes. De cette \u00e9poque, nous avons des vestiges de leur m\u00e9tallurgie, dans ce qui fut un v\u00e9ritable arc-en-ciel des cultures existantes de nos jours \u00e0 Almeria.<\/p>\n<p><strong>LIENS UTILES<\/strong><\/p>\n<p><a class=\"enlace\" href=\"http:\/\/es.wikipedia.org\/wiki\/Los_Millares\" target=\"_blank\">http:\/\/es.wikipedia.org\/wiki\/Los_Millares<\/a><br \/>\n<a class=\"enlace\" href=\"http:\/\/www.losmillares.info\/\" target=\"_blank\">http:\/\/www.losmillares.info\/<\/a><\/div>\n<div class=\"col-lg-6 col-md-6 col-sm-12 col-xs-12\"><img decoding=\"async\" src=\"https:\/\/www.turismodealmeria.org\/wp-content\/uploads\/2016\/02\/los-millares-turismo-almeria.jpg\" alt=\"Los Millares, turismo de Almer\u00eda\" width=\"500\" height=\"274\" class=\"alignnone size-full wp-image-1196\" \/><\/div>\n<\/div>\n<div class=\"col-lg-12 col-md-12 col-sm-12 col-xs-12 full\">\n<h2><span>D\u00e9sert de Tabernas<\/span><\/h2>\n<div class=\"col-lg-6 col-md-6 col-sm-12 col-xs-12\">\nMyst\u00e9rieux et attrayant, m\u00e9connu et proche, surprenant et accueillant. Tel est le D\u00e9sert de Tabernas, le seul exemple de territoire d\u00e9sertique du vieux continent, saupoudr\u00e9 de mille et une histoires, entre lesquelles se trouvent celles de fameux \u2018westerns\u2019 tourn\u00e9s sur ces terrains durant des d\u00e9cennies, composant une industrie touristique qui offre aux visiteurs plusieurs Villages du Grand Ouest o\u00f9 les que le touriste peut faire un voyage dans le temps et l\u2019espace.<\/p>\n<p><strong>LIENS UTILES<\/strong><\/p>\n<p><a class=\"enlace\" href=\"http:\/\/es.wikipedia.org\/wiki\/Desierto_de_Tabernas\" target=\"_blank\">es.wikipedia.org\/wiki\/Desierto_de_Tabernas <\/a><\/div>\n<div class=\"col-lg-6 col-md-6 col-sm-12 col-xs-12\"><img decoding=\"async\" src=\"https:\/\/www.turismodealmeria.org\/wp-content\/uploads\/2016\/02\/desierto-tabernas-turismo-almeria.jpg\" alt=\"Desierto de Tabernas, turismo de Almer\u00eda\" width=\"500\" height=\"274\" class=\"alignnone size-full wp-image-1197\" \/><\/div>\n<\/div>\n<div class=\"col-lg-12 col-md-12 col-sm-12 col-xs-12 full\">\n<h2><span>Karst de Sorbas<\/span><\/h2>\n<div class=\"col-lg-6 col-md-6 col-sm-12 col-xs-12\">\nL\u2019aventure est au coin du chemin, cach\u00e9 aux yeux du visiteur dans ce paysage karstique situ\u00e9 dans la commune de Sorbas. Plus de 1.000 cavit\u00e9s creus\u00e9es dans les pl\u00e2tres, des centaines de galeries avec des stalactites et des stalagmites, des kilom\u00e8tres et kilom\u00e8tres de splendeur jusqu\u2019\u00e0 l\u2019arriv\u00e9e \u00e0 un endroit magique et extraordinaire, comme la fameuse et magnifique g\u00e9ode, un endroit unique au monde, toujours sous la terre.<\/p>\n<p><strong>LIENS UTILES<\/strong><\/p>\n<p><a class=\"enlace\" href=\"http:\/\/www.cuevasdesorbas.com\/es\/index.htm\" target=\"_blank\">http:\/\/www.cuevasdesorbas.com<\/a><\/div>\n<div class=\"col-lg-6 col-md-6 col-sm-12 col-xs-12\"><img decoding=\"async\" src=\"https:\/\/www.turismodealmeria.org\/wp-content\/uploads\/2016\/02\/karts-yesos-sorbas-turismo-almeria.jpg\" alt=\"Karst de yesos de Sorbas, turismo de Almer\u00eda\" width=\"500\" height=\"274\" class=\"alignnone size-full wp-image-1199\" \/><\/div>\n<\/div>\n<div class=\"col-lg-12 col-md-12 col-sm-12 col-xs-12 full\">\n<h2><span>L&rsquo;Alpujarra<\/span><\/h2>\n<div class=\"col-lg-6 col-md-6 col-sm-12 col-xs-12\">\nVillages blancs. Blancs villages o\u00f9 la tradition et la nature vont de la main pour ouvrir tout grand les portes de chacune des maisons pour recevoir le visiteur. Le tourisme rural trouve dans l\u2019Alpujarra, la plus haute expression de son essence, avec la jouissance d\u2019une nature pure et propre, avec des h\u00e9bergements ruraux, des routes de randonn\u00e9e, des chemins extraordinairement beaux et d\u2019authentiques temples de la gastronomie.<\/p>\n<p><strong>LIENS UTILES<\/strong><\/p>\n<p><a class=\"enlace\" href=\"http:\/\/es.wikipedia.org\/wiki\/Alpujarra_Almeriense\" target=\"_blank\">http:\/\/es.wikipedia.org\/wiki\/Alpujarra_Almeriense<\/a><\/p>\n<p><a class=\"enlace\" href=\"http:\/\/www.alpujarras-info.net\/almeria.html\" target=\"_blank\">http:\/\/www.alpujarras-info.net\/almeria.html<\/a><\/p>\n<div><\/div>\n<p><a title=\"Haz clic aqu\u00ed para descargar ahora\" href=\"https:\/\/www.turismodealmeria.org\/public\/static\/archivos\/comarca_alpujarra.pdf\" target=\"_blank\">T\u00e9l\u00e9charger Guide de La Alpujarra Almeriense<\/a><\/div>\n<div class=\"col-lg-6 col-md-6 col-sm-12 col-xs-12\"><img decoding=\"async\" src=\"https:\/\/www.turismodealmeria.org\/wp-content\/uploads\/2016\/02\/alpujarra-almeriense-turismo-almeria.jpg\" alt=\"Alpujarra de Almeria, Turismo de Almer\u00eda\" width=\"500\" height=\"274\" class=\"alignnone size-full wp-image-1201\" \/><\/div>\n<p>&nbsp;<\/p>\n<\/div>\n<div class=\"col-lg-12 col-md-12 col-sm-12 col-xs-12 full\">\n<div class=\"col-lg-12 col-md-12 col-sm-12 col-xs-12 \">\n<h2><span>La Santa Cruz (sainte croix) du v\u0153ux Patronne de Canj\u00e1yar<\/span><\/h3>\n<p><strong>TRADITION<\/strong><\/p>\n<p>La Santa Cruz du V\u0153ux, Patronne de Canj\u00e1yar, fut d\u00e9couverte dans le mur du baptist\u00e8re de l\u2019\u00e9glise de la paroisse de Canj\u00e1yar le 19 avril 1611. Cette partie du mur avait \u00e9t\u00e9 excav\u00e9e sur demande du Sacristain Juan Mat\u00edas de Peralta, apr\u00e8s une vision inspir\u00e9e qu\u2019il avait eue et dans laquelle il voyait une procession d\u2019anges portant une croix, et dont le cort\u00e8ge commen\u00e7ait depuis l\u2019autel principal et terminait dans ledit baptist\u00e8re de l\u2019\u00e9glise. Les citadins et les autorit\u00e9s, apr\u00e8s la d\u00e9couverte de la croix (apport\u00e9e de Terre Sainte, presque certainement par un p\u00e8lerin, et cach\u00e9e pour \u00e9viter qu\u2019elle ne puisse \u00eatre profan\u00e9e par les musulmans \u00e0 l\u2019\u00e9poque des r\u00e9voltes de l\u2019Alpujarra), un v\u0153ux fut fait de r\u00e9aliser une procession avec la croix tous les ans \u00e0 la m\u00eame date du 19 avril, et c\u2019est ce qui a \u00e9t\u00e9 fait de fa\u00e7on continue depuis 398 ans.<\/p>\n<p><strong>HISTOIRE ET DOCUMENTATION<br \/>\n<\/strong><br \/>\nL\u2019Archev\u00eaque de Grenade Fray Alonso Bernardo de los R\u00edos approuva la relique de la Sainte Croix et la fit exposer pour l\u2019adoration des fid\u00e8les au moyen d\u2019un d\u00e9cret de 1678. En 1681, se constituait la Fraternit\u00e9 La Sainte Croix pour rendre culte \u00e0 cette relique sacr\u00e9e et ses constitutions furent approuv\u00e9es en 1683. L\u2019Archev\u00eaque suivant, M. Felipe de Tueros, octroya de par un D\u00e9cret de 1738, des indulgences \u00e0 ses adorateurs.<br \/>\nL\u2019\u00c9v\u00eaque d\u2019Almeria, D. Alfonso R\u00f3denas, donna et incrustera \u00e0 cette Sainte Crois du V\u0153ux de Canj\u00e1yar, le Lignum Crucis le 19 avril 1958 et le Pape B\u00e9n\u00e9dictin XVI, sur demande de l\u2019\u00c9v\u00eaque d\u2019Almeria D. Adolfo Gonz\u00e1lez Montes, octroya en 2008, l\u2019ann\u00e9e Jubilaire, en raison du IV Centenaire de l\u2019apparition de la Sainte Croix, pour 2011.<\/p>\n<\/div>\n<\/div>\n<div class=\"col-lg-12 col-md-12 col-sm-12 col-xs-12 full\">\n<h2><span>Cha\u00eene montagneuse Mar\u00eda \u2013 Los V\u00e9lez<\/span><\/h2>\n<div class=\"col-lg-6 col-md-6 col-sm-12 col-xs-12\">La nature d\u00e9ploie sa plus grande beaut\u00e9 dans un paysage qui, \u00e0 cheval entre les communes de V\u00e9lez Rubio, V\u00e9lez Blanco, Mar\u00eda et Chirivel, compose une masse foresti\u00e8re de grande solidit\u00e9 et beaut\u00e9, avec des formes agrestes et agressives dans leurs contours et un nombre infini de formes \u00e0 d\u00e9couvrir par le touriste, de l\u2019\u00e9t\u00e9 vert et agr\u00e9able jusqu\u2019au dur hiver neig\u00e9.<\/p>\n<p><strong>LIENS UTILES<\/strong><\/p>\n<p><a class=\"enlace\" href=\"http:\/\/www.juntadeandalucia.es\/medioambiente\/site\/web\/menuitem.a5664a214f73c3df81d8899661525ea0\/?vgnextoid=eefa86d670a15010VgnVCM1000000624e50aRCRD&amp;vgnextchannel=8e9d9802d19e4010VgnVCM1000000624e50aRCRD\" target=\"_blank\">http:\/\/www.juntadeandalucia.es\/<\/a><\/p>\n<p><a class=\"enlace\" href=\"http:\/\/es.wikipedia.org\/wiki\/Parque_Natural_de_Sierra_Mar%C3%ADa-Los_V%C3%A9lez\" target=\"_blank\">http:\/\/es.wikipedia.org\/wiki\/Parque_Natural_de_Sierra_Mar\u00eda-Los_V\u00e9lez<\/a><\/p>\n<p><a class=\"enlace\" href=\"http:\/\/andalucianatural.com\/Sierra-Maria-Los-Velez.html\" target=\"_blank\">http:\/\/andalucianatural.com\/Sierra-Maria-Los-Velez.html<\/a><\/div>\n<div class=\"col-lg-6 col-md-6 col-sm-12 col-xs-12\"><img decoding=\"async\" src=\"https:\/\/www.turismodealmeria.org\/wp-content\/uploads\/2016\/02\/sierra-maria-los-velez-turismo-almeria.jpg\" alt=\"Sierra de Mar\u00eda los V\u00e9lez, Turismo de Almer\u00eda\" width=\"500\" height=\"274\" class=\"alignnone size-full wp-image-1204\" \/><\/div>\n<\/div>\n","protected":false},"excerpt":{"rendered":"<p>Roquetas de Mar Riche de son pass\u00e9 ph\u00e9nicien, grec et romain, Roquetas de Mar est la banni\u00e8re du tourisme du [&hellip;]<\/p>\n","protected":false},"author":1,"featured_media":0,"parent":11077,"menu_order":0,"comment_status":"closed","ping_status":"closed","template":"tpl-page-sidebar-left.php","meta":{"_acf_changed":false,"footnotes":""},"class_list":["post-9546","page","type-page","status-publish","hentry"],"acf":[],"ACF":{"imagen_cabecera":9638},"_links":{"self":[{"href":"https:\/\/www.turismodealmeria.org\/fr\/wp-json\/wp\/v2\/pages\/9546","targetHints":{"allow":["GET"]}}],"collection":[{"href":"https:\/\/www.turismodealmeria.org\/fr\/wp-json\/wp\/v2\/pages"}],"about":[{"href":"https:\/\/www.turismodealmeria.org\/fr\/wp-json\/wp\/v2\/types\/page"}],"author":[{"embeddable":true,"href":"https:\/\/www.turismodealmeria.org\/fr\/wp-json\/wp\/v2\/users\/1"}],"replies":[{"embeddable":true,"href":"https:\/\/www.turismodealmeria.org\/fr\/wp-json\/wp\/v2\/comments?post=9546"}],"version-history":[{"count":0,"href":"https:\/\/www.turismodealmeria.org\/fr\/wp-json\/wp\/v2\/pages\/9546\/revisions"}],"up":[{"embeddable":true,"href":"https:\/\/www.turismodealmeria.org\/fr\/wp-json\/wp\/v2\/pages\/11077"}],"wp:attachment":[{"href":"https:\/\/www.turismodealmeria.org\/fr\/wp-json\/wp\/v2\/media?parent=9546"}],"curies":[{"name":"wp","href":"https:\/\/api.w.org\/{rel}","templated":true}]}}