{"id":9666,"date":"2016-02-11T07:53:44","date_gmt":"2016-02-11T07:53:44","guid":{"rendered":"https:\/\/www.turismodealmeria.org\/take-at-look-almeria\/?lang=fr"},"modified":"2016-06-15T07:39:51","modified_gmt":"2016-06-15T07:39:51","slug":"caup-dceil-sur-almeria","status":"publish","type":"page","link":"https:\/\/www.turismodealmeria.org\/fr\/preparez-votre-voyage\/caup-dceil-sur-almeria\/","title":{"rendered":"Coup d&rsquo;oeil"},"content":{"rendered":"<div class=\"col-lg-6 col-md-6 col-sm-12 col-xs-12 left0\">\n<p>Almeria est une ville qui se trouve dans le sud-est de la p\u00e9ninsule ib\u00e9rique, et elle appartient \u00e0 la Communaut\u00e9 Autonomique Andalouse. Avec une population de pr\u00e8s de 200.000 habitantes, c\u2019est une ville marine de plus 1.000 ans, commen\u00e7ant par un port arabe sous le Califat de Cordoue. Mais, les vestiges arch\u00e9ologiques d\u00e9montrent qu\u2019elle fut habit\u00e9e il y a plus de 2000 ans.<\/p>\n<p><strong>En raison de son histoire, Almeria<\/strong> offre au visiteur des monuments et lieux d\u2019int\u00e9r\u00eat. De son \u00e9poque arabe, il lui reste <strong>l\u2019Alcazaba<\/strong> qui pr\u00e9side la ville, le quartier de <strong>La Medina et les Citernes de Jayr\u00e1n<\/strong>. De l\u2019\u00e9poque chr\u00e9tienne elle a la <strong>Cath\u00e9drale-Forteresse<\/strong> d\u2019Almeria, ainsi que d\u2019autres \u00e9glises et couvents qui jonchent son centre historique. \u00c0 l\u2019\u00e9poque bourgeoise, ce sont des constructions comme la Maison des Mariposas ou le <strong>Casino Culturel<\/strong> et l\u2019architecture du fer repr\u00e9sent\u00e9e par <strong>le C\u00e2ble Anglais ou la Gare ferroviaire<\/strong>. Dans la premi\u00e8re moiti\u00e9 du XX\u00e8me si\u00e8cle, Almeria fut durement touch\u00e9e durant la guerre civile, et sa population civile bombard\u00e9e, ainsi qu\u2019une grande partie de la ville. De ces ann\u00e9es, nous gardons encore <strong>les refuges<\/strong> con\u00e7us par <strong>Guillermo Langle<\/strong> et qu\u2019il ne faut pas manquer de visiter.<\/p>\n<p><strong>Almeria c\u2019est aussi le cin\u00e9ma<\/strong>. De nombreux films ont \u00e9t\u00e9 tourn\u00e9s dans ses rues, et ses monuments ont \u00e9t\u00e9 utilis\u00e9s par des r\u00e9alisateurs comme David Lean, John Milius ou Steven Spielberg. <strong>Le Vent et le lion, Indiana Jones et la Derni\u00e8re Croisade, Conan le Barbare, Lawrence d\u2019Arabie ou Patton<\/strong> ont \u00e9t\u00e9 certaines des productions cin\u00e9matographiques tourn\u00e9es en partie dans la ville d\u2019Almeria. Actuellement, <strong>The Revenant et le Tr\u00f4ne de fer<\/strong> (sixi\u00e8me saison) ont choisi Almeria comme plateau cin\u00e9matographique.<\/p>\n<p><strong>Le littoral d\u2019Almeria est sans doute, enviable.<\/strong> Avec 16 plages adapt\u00e9es \u00e0 tous les besoins des visiteurs, il offre tant des plages sauvages que d\u2019autres plus populaires, \u00e9quip\u00e9es de tous les services et installations d\u2019acc\u00e8s. Les plages de <strong>El Corralete, Las Salinas, San Miguel de Cabo de Gata, El Toyo ou San Miguel d\u2019Almeria<\/strong> sont quelques une des plus connues et fr\u00e9quent\u00e9es.<br \/>\n<strong>Almeria est, en outre la ville des tapas<\/strong> et offre une vaste <strong>gastronomie<\/strong>, gr\u00e2ce \u00e0 sa proximit\u00e9 de la mer et du fait qu\u2019elle est le jardin potager le plus grand d\u2019Europe, Almeria est un clair exemple de la <strong>gastronomie m\u00e9diterran\u00e9enne<\/strong>. Manger en ville, c\u2019est faire les tapas, et choisir celle qui va le mieux avec chaque boisson : <strong>les migas, le bl\u00e9 ou les Cherigan<\/strong> sont certains des plats les plus populaires. Mais Almeria accroit aussi son offre dans le domaine de la <strong>nouvelle cuisine<\/strong>, sans rien perdre de ses racines et de ses mati\u00e8res premi\u00e8res de grande qualit\u00e9.<br \/>\nEt notre offre ne serait pas comp\u00e8te sans nos magnifiques parcs, espaces naturels et un ample r\u00e9seau de mus\u00e9es.<\/p>\n<blockquote><p><strong>C\u2019est pour tout cela, que les habitant d\u2019Almeria vous invitent \u00e0 visiter notre terroir, \u00e0 jouir de notre histoire, notre mer et notre gastronomie, parce que nous sommes bien s\u00fbrs qu\u2019ici, vous vous sentirez comme dans un film. <\/strong><\/p><\/blockquote>\n<\/div>\n<div class=\"col-lg-6 col-md-6 col-sm-12 col-xs-12 right0\">\n<iframe src=\"https:\/\/www.youtube.com\/embed\/l6oWphMzd3I?rel=0\" width=\"100%\" height=\"315\" frameborder=\"0\" allowfullscreen=\"allowfullscreen\"><\/iframe><\/p>\n<div id=\"gallery-1\" class=\"gallery galleryid-40 gallery-columns-2 gallery-size-thumbnail\">\n<dl class=\"gallery-item\">\n<dt class=\"gallery-icon portrait\">\n<a class=\"mokka-ilightbox\" href=\"https:\/\/www.turismodealmeria.org\/wp-content\/uploads\/2016\/04\/almeria-vistazo-turismo-alboran-golf.jpg\"><img decoding=\"async\" width=\"1920\" height=\"1080\" src=\"https:\/\/www.turismodealmeria.org\/wp-content\/uploads\/2016\/04\/almeria-vistazo-turismo-alboran-golf.jpg\"  alt=\"Albor\u00e1n Golf\"><\/a>\n\t\t\t<\/dt>\n<\/dl>\n<dl class=\"gallery-item\">\n<dt class=\"gallery-icon portrait\">\n<a class=\"mokka-ilightbox\" href=\"https:\/\/www.turismodealmeria.org\/wp-content\/uploads\/2016\/04\/almeria-vistazo-turismo-alcazaba-de-almeria.jpg\"><img decoding=\"async\" width=\"1920\" height=\"1080\" src=\"https:\/\/www.turismodealmeria.org\/wp-content\/uploads\/2016\/04\/almeria-vistazo-turismo-alcazaba-de-almeria.jpg\"  alt=\"Alcazaba\"><\/a>\n\t\t\t<\/dt>\n<\/dl>\n<dl class=\"gallery-item\">\n<dt class=\"gallery-icon portrait\">\n<a class=\"mokka-ilightbox\" href=\"https:\/\/www.turismodealmeria.org\/wp-content\/uploads\/2016\/04\/almeria-vistazo-turismo-cabo-de-gata-pueblo.jpg\"><img decoding=\"async\" width=\"1920\" height=\"1080\" src=\"https:\/\/www.turismodealmeria.org\/wp-content\/uploads\/2016\/04\/almeria-vistazo-turismo-cabo-de-gata-pueblo.jpg\"  alt=\"Cabo de Gata\"><\/a>\n\t\t\t<\/dt>\n<\/dl>\n<dl class=\"gallery-item\">\n<dt class=\"gallery-icon portrait\">\n<a class=\"mokka-ilightbox\" href=\"https:\/\/www.turismodealmeria.org\/wp-content\/uploads\/2016\/04\/almeria-vistazo-turismo-carguero-mineral.jpg\"><img decoding=\"async\" width=\"1920\" height=\"1080\" src=\"https:\/\/www.turismodealmeria.org\/wp-content\/uploads\/2016\/04\/almeria-vistazo-turismo-carguero-mineral.jpg\"  alt=\"Cable Ingles\"><\/a>\n\t\t\t<\/dt>\n<\/dl>\n<dl class=\"gallery-item\">\n<dt class=\"gallery-icon portrait\">\n<a class=\"mokka-ilightbox\" href=\"https:\/\/www.turismodealmeria.org\/wp-content\/uploads\/2016\/04\/almeria-vistazo-turismo-casa-del-cine.jpg\"><img decoding=\"async\" width=\"1920\" height=\"1080\" src=\"https:\/\/www.turismodealmeria.org\/wp-content\/uploads\/2016\/04\/almeria-vistazo-turismo-casa-del-cine.jpg\"  alt=\"Casa del Cine\"><\/a>\n\t\t\t<\/dt>\n<\/dl>\n<dl class=\"gallery-item\">\n<dt class=\"gallery-icon portrait\">\n<a class=\"mokka-ilightbox\" href=\"https:\/\/www.turismodealmeria.org\/wp-content\/uploads\/2016\/04\/almeria-vistazo-turismo-catedral-fortaleza.jpg\"><img decoding=\"async\" width=\"1920\" height=\"1080\" src=\"https:\/\/www.turismodealmeria.org\/wp-content\/uploads\/2016\/04\/almeria-vistazo-turismo-catedral-fortaleza.jpg\"  alt=\"Catedral\"><\/a>\n\t\t\t<\/dt>\n<\/dl>\n<dl class=\"gallery-item\">\n<dt class=\"gallery-icon portrait\">\n<a class=\"mokka-ilightbox\" href=\"https:\/\/www.turismodealmeria.org\/wp-content\/uploads\/2016\/04\/almeria-vistazo-turismo-el-toyo.jpg\"><img decoding=\"async\" width=\"1920\" height=\"1080\" src=\"https:\/\/www.turismodealmeria.org\/wp-content\/uploads\/2016\/04\/almeria-vistazo-turismo-el-toyo.jpg\"  alt=\"El Toyo\"><\/a>\n\t\t\t<\/dt>\n<\/dl>\n<dl class=\"gallery-item\">\n<dt class=\"gallery-icon portrait\">\n<a class=\"mokka-ilightbox\" href=\"https:\/\/www.turismodealmeria.org\/wp-content\/uploads\/2016\/04\/almeria-vistazo-turismo-estacion-ferrocarril.jpg\"><img decoding=\"async\" width=\"1920\" height=\"1080\" src=\"https:\/\/www.turismodealmeria.org\/wp-content\/uploads\/2016\/04\/almeria-vistazo-turismo-estacion-ferrocarril.jpg\"  alt=\"Estaci\u00f3n Ferrocarril\"><\/a>\n\t\t\t<\/dt>\n<\/dl>\n<dl class=\"gallery-item\">\n<dt class=\"gallery-icon portrait\">\n<a class=\"mokka-ilightbox\" href=\"https:\/\/www.turismodealmeria.org\/wp-content\/uploads\/2016\/04\/almeria-vistazo-turismo-iglesia-salinas.jpg\"><img decoding=\"async\" width=\"1920\" height=\"1080\" src=\"https:\/\/www.turismodealmeria.org\/wp-content\/uploads\/2016\/04\/almeria-vistazo-turismo-iglesia-salinas.jpg\"  alt=\"Iglesia Las Salinas\"><\/a>\n\t\t\t<\/dt>\n<\/dl>\n<dl class=\"gallery-item\">\n<dt class=\"gallery-icon portrait\">\n<a class=\"mokka-ilightbox\" href=\"https:\/\/www.turismodealmeria.org\/wp-content\/uploads\/2016\/04\/almeria-vistazo-turismo-panoramica-barrio-aljibe.jpg\"><img decoding=\"async\" width=\"1920\" height=\"1080\" src=\"https:\/\/www.turismodealmeria.org\/wp-content\/uploads\/2016\/04\/almeria-vistazo-turismo-panoramica-barrio-aljibe.jpg\"  alt=\"Barrio Aljibe\"><\/a>\n\t\t\t<\/dt>\n<\/dl>\n<dl class=\"gallery-item\">\n<dt class=\"gallery-icon portrait\">\n<a class=\"mokka-ilightbox\" href=\"https:\/\/www.turismodealmeria.org\/wp-content\/uploads\/2016\/04\/almeria-vistazo-turismo-parque-almadravillas.jpg\"><img decoding=\"async\" width=\"1920\" height=\"1080\" src=\"https:\/\/www.turismodealmeria.org\/wp-content\/uploads\/2016\/04\/almeria-vistazo-turismo-parque-almadravillas.jpg\"  alt=\"Parque Almadravillas\"><\/a>\n\t\t\t<\/dt>\n<\/dl>\n<dl class=\"gallery-item\">\n<dt class=\"gallery-icon portrait\">\n<a class=\"mokka-ilightbox\" href=\"https:\/\/www.turismodealmeria.org\/wp-content\/uploads\/2016\/04\/almeria-vistazo-turismo-paseo-maritimo.jpg\"><img decoding=\"async\" width=\"1920\" height=\"1080\" src=\"https:\/\/www.turismodealmeria.org\/wp-content\/uploads\/2016\/04\/almeria-vistazo-turismo-paseo-maritimo.jpg\"  alt=\"Paseo Mar\u00edtimo\"><\/a>\n\t\t\t<\/dt>\n<\/dl>\n<dl class=\"gallery-item\">\n<dt class=\"gallery-icon portrait\">\n<a class=\"mokka-ilightbox\" href=\"https:\/\/www.turismodealmeria.org\/wp-content\/uploads\/2016\/04\/almeria-vistazo-turismo-puerto-deportivo.jpg\"><img decoding=\"async\" width=\"1920\" height=\"1080\" src=\"https:\/\/www.turismodealmeria.org\/wp-content\/uploads\/2016\/04\/almeria-vistazo-turismo-puerto-deportivo.jpg\"  alt=\"Puerto Deportivo\"><\/a>\n\t\t\t<\/dt>\n<\/dl>\n<dl class=\"gallery-item\">\n<dt class=\"gallery-icon portrait\">\n<a class=\"mokka-ilightbox\" href=\"https:\/\/www.turismodealmeria.org\/wp-content\/uploads\/2016\/04\/almeria-vistazo-turismo-salinas-cabo-gata.jpg\"><img decoding=\"async\" width=\"1920\" height=\"1080\" src=\"https:\/\/www.turismodealmeria.org\/wp-content\/uploads\/2016\/04\/almeria-vistazo-turismo-salinas-cabo-gata.jpg\"  alt=\"Cabo de Gata\"><\/a>\n\t\t\t<\/dt>\n<\/dl>\n<dl class=\"gallery-item\">\n<dt class=\"gallery-icon portrait\">\n<a class=\"mokka-ilightbox\" href=\"https:\/\/www.turismodealmeria.org\/wp-content\/uploads\/2016\/04\/almeria-vistazo-turismo-panoramica-ciudad-mar.jpg\"><img decoding=\"async\" width=\"1920\" height=\"1080\" src=\"https:\/\/www.turismodealmeria.org\/wp-content\/uploads\/2016\/04\/almeria-vistazo-turismo-panoramica-ciudad-mar.jpg\"  alt=\"Cable Ingl\u00e9s\"><\/a>\n\t\t\t<\/dt>\n<\/dl>\n<dl class=\"gallery-item\">\n<dt class=\"gallery-icon portrait\">\n<a class=\"mokka-ilightbox\" href=\"https:\/\/www.turismodealmeria.org\/wp-content\/uploads\/2016\/04\/almeria-vistazo-turismo-migas.jpg\"><img decoding=\"async\" width=\"1920\" height=\"1080\" src=\"https:\/\/www.turismodealmeria.org\/wp-content\/uploads\/2016\/04\/almeria-vistazo-turismo-migas.jpg\"  alt=\"Migas\"><\/a>\n\t\t\t<\/dt>\n<\/dl>\n<dl class=\"gallery-item\">\n<dt class=\"gallery-icon portrait\">\n<a class=\"mokka-ilightbox\" href=\"https:\/\/www.turismodealmeria.org\/wp-content\/uploads\/2016\/04\/almeria-vistazo-turismo-gurullos.jpg\"><img decoding=\"async\" width=\"1920\" height=\"1080\" src=\"https:\/\/www.turismodealmeria.org\/wp-content\/uploads\/2016\/04\/almeria-vistazo-turismo-gurullos.jpg\"  alt=\"Gurullos\"><\/a>\n\t\t\t<\/dt>\n<\/dl>\n<dl class=\"gallery-item\">\n<dt class=\"gallery-icon portrait\">\n<a class=\"mokka-ilightbox\" href=\"https:\/\/www.turismodealmeria.org\/wp-content\/uploads\/2016\/04\/almeria-vistazo-turismo-centro-historico.jpg\"><img decoding=\"async\" width=\"1920\" height=\"1080\" src=\"https:\/\/www.turismodealmeria.org\/wp-content\/uploads\/2016\/04\/almeria-vistazo-turismo-centro-historico.jpg\"  alt=\"Centro Hist\u00f3rico\"><\/a>\n\t\t\t<\/dt>\n<\/dl>\n<dl class=\"gallery-item\">\n<dt class=\"gallery-icon portrait\">\n<a class=\"mokka-ilightbox\" href=\"https:\/\/www.turismodealmeria.org\/wp-content\/uploads\/2016\/05\/parque-del-andarax-1.jpg\"><img decoding=\"async\" width=\"1920\" height=\"1080\" src=\"https:\/\/www.turismodealmeria.org\/wp-content\/uploads\/2016\/05\/parque-del-andarax-1.jpg\"  alt=\"Parque del Andarax\"><\/a>\n\t\t\t<\/dt>\n<\/dl>\n<dl class=\"gallery-item\">\n<dt class=\"gallery-icon portrait\">\n<a class=\"mokka-ilightbox\" href=\"https:\/\/www.turismodealmeria.org\/wp-content\/uploads\/2016\/05\/parque-de-las-familias-3.jpg\"><img decoding=\"async\" width=\"1920\" height=\"1080\" src=\"https:\/\/www.turismodealmeria.org\/wp-content\/uploads\/2016\/05\/parque-de-las-familias-3.jpg\"  alt=\"Parque de las Familias\"><\/a>\n\t\t\t<\/dt>\n<\/dl>\n<\/div>\n<\/div>\n<\/div>\n","protected":false},"excerpt":{"rendered":"<p>Almeria est une ville qui se trouve dans le sud-est de la p\u00e9ninsule ib\u00e9rique, et elle appartient \u00e0 la Communaut\u00e9 [&hellip;]<\/p>\n","protected":false},"author":1,"featured_media":0,"parent":11077,"menu_order":0,"comment_status":"closed","ping_status":"closed","template":"tpl-page-sidebar-left.php","meta":{"_acf_changed":false,"footnotes":""},"class_list":["post-9666","page","type-page","status-publish","hentry"],"acf":[],"ACF":{"imagen_cabecera":10339},"_links":{"self":[{"href":"https:\/\/www.turismodealmeria.org\/fr\/wp-json\/wp\/v2\/pages\/9666","targetHints":{"allow":["GET"]}}],"collection":[{"href":"https:\/\/www.turismodealmeria.org\/fr\/wp-json\/wp\/v2\/pages"}],"about":[{"href":"https:\/\/www.turismodealmeria.org\/fr\/wp-json\/wp\/v2\/types\/page"}],"author":[{"embeddable":true,"href":"https:\/\/www.turismodealmeria.org\/fr\/wp-json\/wp\/v2\/users\/1"}],"replies":[{"embeddable":true,"href":"https:\/\/www.turismodealmeria.org\/fr\/wp-json\/wp\/v2\/comments?post=9666"}],"version-history":[{"count":0,"href":"https:\/\/www.turismodealmeria.org\/fr\/wp-json\/wp\/v2\/pages\/9666\/revisions"}],"up":[{"embeddable":true,"href":"https:\/\/www.turismodealmeria.org\/fr\/wp-json\/wp\/v2\/pages\/11077"}],"wp:attachment":[{"href":"https:\/\/www.turismodealmeria.org\/fr\/wp-json\/wp\/v2\/media?parent=9666"}],"curies":[{"name":"wp","href":"https:\/\/api.w.org\/{rel}","templated":true}]}}