{"id":202,"date":"2020-12-08T08:25:05","date_gmt":"2020-12-08T08:25:05","guid":{"rendered":"https:\/\/www.turismodealmeria.org\/paseo-almeria\/?page_id=202"},"modified":"2020-12-16T08:31:45","modified_gmt":"2020-12-16T08:31:45","slug":"colaboraciones-bibliografia","status":"publish","type":"page","link":"https:\/\/www.turismodealmeria.org\/paseo-almeria\/colaboraciones-bibliografia\/","title":{"rendered":"Bibliograf\u00eda"},"content":{"rendered":"<div class=\"wpb-content-wrapper\"><p>[vc_row unlock_row_content=\u00bbyes\u00bb row_height_percent=\u00bb0&#8243; override_padding=\u00bbyes\u00bb h_padding=\u00bb0&#8243; top_padding=\u00bb0&#8243; bottom_padding=\u00bb0&#8243; back_image=\u00bb169&#8243; back_repeat=\u00bbno-repeat\u00bb back_position=\u00bbcenter bottom\u00bb overlay_alpha=\u00bb100&#8243; gutter_size=\u00bb3&#8243; column_width_percent=\u00bb100&#8243; shift_y=\u00bb0&#8243; z_index=\u00bb0&#8243; back_size=\u00bbcover\u00bb el_class=\u00bbcabecera-principal-detalle\u00bb][vc_column column_width_percent=\u00bb100&#8243; position_vertical=\u00bbmiddle\u00bb gutter_size=\u00bb3&#8243; overlay_alpha=\u00bb50&#8243; shift_x=\u00bb0&#8243; shift_y=\u00bb0&#8243; shift_y_down=\u00bb0&#8243; z_index=\u00bb0&#8243; medium_width=\u00bb0&#8243; mobile_width=\u00bb0&#8243; width=\u00bb1\/1&#8243;][vc_single_image media=\u00bb174&#8243; media_width_use_pixel=\u00bbyes\u00bb alignment=\u00bbcenter\u00bb media_width_pixel=\u00bb430&#8243;][\/vc_column][\/vc_row][vc_row row_height_percent=\u00bb0&#8243; override_padding=\u00bbyes\u00bb h_padding=\u00bb2&#8243; top_padding=\u00bb2&#8243; bottom_padding=\u00bb0&#8243; overlay_alpha=\u00bb50&#8243; gutter_size=\u00bb3&#8243; column_width_percent=\u00bb100&#8243; shift_y=\u00bb0&#8243; z_index=\u00bb0&#8243;][vc_column width=\u00bb1\/1&#8243;][vc_custom_heading auto_text=\u00bbyes\u00bb heading_semantic=\u00bbh1&#8243; text_size=\u00bbfontsize-35&#8243; text_color=\u00bbPoppins\u00bb]This is a custom heading element.<\/p>\n<p>[\/vc_custom_heading][\/vc_column][\/vc_row][vc_row][vc_column width=\u00bb1\/1&#8243;][vc_column_text]<strong>Documentaci\u00f3n:<\/strong><\/p>\n<p>Taller Agencia, con la participaci\u00f3n de Gin\u00e9s Valera y Eduardo Pino.<\/p>\n<p><strong>Bibliograf\u00eda:<\/strong><\/p>\n<p><em>Almer\u00eda de Bolsillo.<br \/>\nGu\u00edas de Almer\u00eda. Territorio, Cultura y Arte. La cuidad de Almer\u00eda.<br \/>\nGu\u00edas de Almer\u00eda. Territorio, Cultura y Arte. Cine.<br \/>\nGu\u00eda de arquitectura de Almer\u00eda.<br \/>\n<a href=\"https:\/\/www.ideal.es\/almeria\/almeria\/canillo-puerta-purchena-20171126171915-nt.html\" target=\"_blank\" rel=\"noopener noreferrer\">Extracto del texto de J.L. Pascual<\/a>. Sobre el ca\u00f1illo.<br \/>\nEduardo Pino.<br \/>\nGin\u00e9s Valera.<br \/>\nWikipedia. El Paseo de Almer\u00eda.<br \/>\nIES Celia Vi\u00f1as <a href=\"https:\/\/iescelia.org\/mapa-1864\/files\/perezderozas.html\" target=\"_blank\" rel=\"noopener noreferrer\">iescelia.org<\/a><br \/>\n<\/em><a href=\"http:\/\/www.dipalme.org\/Servicios\/IEA\/edba.nsf\/xlecturabiografias.xsp?ref=279\" target=\"_blank\" rel=\"noopener noreferrer\">Dipalme.org extractos del texto de Antonio Sevillano Miralles.<\/a><br \/>\n<a href=\"http:\/\/www.iealmerienses.es\/Servicios\/IEA\/edba.nsf\/xlecturabiografias.xsp?ref=120\" target=\"_blank\" rel=\"noopener noreferrer\">iealmerineses.es extracto del texto de Ruiz Garc\u00eda, Alfonso<\/a><br \/>\n<a href=\"https:\/\/www.dipalme.org\/Servicios\/IEA\/edba.nsf\/xlecturabiografias.xsp?ref=260\" target=\"_blank\" rel=\"noopener noreferrer\">iealmerienses.es extracto del texto de Alfonso Ruiz Garc\u00eda<\/a><br \/>\n<a href=\"http:\/\/www.culturandalucia.com\/ALMER%C3%8DA\/Los_crimenes_del_Teatro_Cervantes_de_Almeria_por_Milagros_Soler.htm\" target=\"_blank\" rel=\"noopener noreferrer\">Culturaandaluc\u00eda.com \u201cTeatro Cervantes de Almer\u00eda\u201d por Milagros Soler<\/a><br \/>\n<a href=\"http:\/\/www.culturandalucia.com\/ALMER%C3%8DA\/TEATROS\/Teatro_Cervantes_de_Almeria.htm\" target=\"_blank\" rel=\"noopener noreferrer\">Culturaandalucia.com \u201cLos Crimenes del Teatro Cervantes de Almer\u00eda\u201d, por Milagros Soler<\/a><br \/>\n<em><a href=\"https:\/\/www.cityplan.es\/puntos-de-interes\/parques-jardines-plazas-y-fuentes-802\/16325\/16325\" target=\"_blank\" rel=\"noopener noreferrer\">Citiplan.es<\/a><\/em><em><br \/>\n<\/em><a href=\"https:\/\/guiadigital.iaph.es\/bien\/inmueble\/1104\/almeria\/almeria\/edificio-de-viviendas-pedro-plaza\" target=\"_blank\" rel=\"noopener noreferrer\">guiadigital.iaph.es<\/a><br \/>\n<em><a href=\"https:\/\/hotelcostasol.com\/entrevista-a-maria-del-mar-sanchez-directora-de-hotel-costasol\/\">Hotelcostasol.com<\/a><\/em><\/p>\n<p><strong>Fuentes fotogr\u00e1ficas<\/strong>:<\/p>\n<p>Taller Agencia<br \/>\nTodocolecci\u00f3n.net<br \/>\nMuseosdeandaluc\u00eda.es<br \/>\nColecci\u00f3n Narciso Espinar.<br \/>\nLavozdealmeria.com<br \/>\nElideal.es<br \/>\nAlmeriaisdifferent.com<br \/>\nDiputaci\u00f3n de Almer\u00eda<br \/>\nalmeriaantigua.blogspot.com<br \/>\nraizes.es<br \/>\nMuseo de Almer\u00eda<br \/>\nHO apartamentos<br \/>\nDomingo Leiva<br \/>\nturismodealmeria.org<br \/>\nalmeriaciudad.com<br \/>\nculturaandalucia.com<br \/>\nBiblioteca Nacional de Espa\u00f1a<br \/>\nWikiloc<br \/>\nVivehotels.com<br \/>\nPinterest Almer\u00eda Andaluc\u00eda Foto<br \/>\nmundomusicalalmeria.com<br \/>\namigosdelaalcazaba.com<br \/>\nnoticiasdelameria.com<br \/>\nsaboresalmeria.es<br \/>\nteatrocervantesalmeria.com<br \/>\nkuverproducciones.com<br \/>\nhistoriamujeres.com[\/vc_column_text][\/vc_column][\/vc_row][vc_row unlock_row_content=\u00bbyes\u00bb row_height_percent=\u00bb0&#8243; override_padding=\u00bbyes\u00bb h_padding=\u00bb2&#8243; top_padding=\u00bb3&#8243; bottom_padding=\u00bb3&#8243; back_image=\u00bb107&#8243; back_repeat=\u00bbno-repeat\u00bb back_position=\u00bbcenter center\u00bb overlay_alpha=\u00bb50&#8243; gutter_size=\u00bb3&#8243; column_width_percent=\u00bb100&#8243; shift_y=\u00bb0&#8243; z_index=\u00bb0&#8243; back_size=\u00bbcover\u00bb][vc_column width=\u00bb1\/1&#8243;][vc_single_image media=\u00bb106&#8243; media_width_use_pixel=\u00bbyes\u00bb alignment=\u00bbcenter\u00bb media_width_pixel=\u00bb399&#8243;][\/vc_column][\/vc_row]<\/p>\n<\/div>","protected":false},"excerpt":{"rendered":"<p>[vc_row unlock_row_content=\u00bbyes\u00bb row_height_percent=\u00bb0&#8243; override_padding=\u00bbyes\u00bb h_padding=\u00bb0&#8243; top_padding=\u00bb0&#8243; bottom_padding=\u00bb0&#8243; back_image=\u00bb169&#8243; back_repeat=\u00bbno-repeat\u00bb back_position=\u00bbcenter bottom\u00bb overlay_alpha=\u00bb100&#8243; gutter_size=\u00bb3&#8243; column_width_percent=\u00bb100&#8243; shift_y=\u00bb0&#8243; z_index=\u00bb0&#8243; back_size=\u00bbcover\u00bb el_class=\u00bbcabecera-principal-detalle\u00bb][vc_column column_width_percent=\u00bb100&#8243; position_vertical=\u00bbmiddle\u00bb [&hellip;]<\/p>\n","protected":false},"author":1,"featured_media":153,"parent":0,"menu_order":0,"comment_status":"closed","ping_status":"closed","template":"","meta":{"footnotes":""},"class_list":["post-202","page","type-page","status-publish","has-post-thumbnail","hentry"],"yoast_head":"<!-- This site is optimized with the Yoast SEO plugin v24.6 - https:\/\/yoast.com\/wordpress\/plugins\/seo\/ -->\n<title>Bibliograf\u00eda de la gu\u00eda digital del Paseo. Turismo de Almer\u00eda<\/title>\n<meta name=\"description\" content=\"Conoce todas las fuentes bibliogr\u00e1ficas para la realizaci\u00f3n de esta web sobre el Paseo de Almer\u00eda y su historia\" \/>\n<meta name=\"robots\" content=\"index, follow, max-snippet:-1, max-image-preview:large, max-video-preview:-1\" \/>\n<link rel=\"canonical\" href=\"https:\/\/www.turismodealmeria.org\/paseo-almeria\/colaboraciones-bibliografia\/\" \/>\n<meta property=\"og:locale\" content=\"es_ES\" \/>\n<meta property=\"og:type\" content=\"article\" \/>\n<meta property=\"og:title\" content=\"Bibliograf\u00eda de la gu\u00eda digital del Paseo. Turismo de Almer\u00eda\" \/>\n<meta property=\"og:description\" content=\"Conoce todas las fuentes bibliogr\u00e1ficas para la realizaci\u00f3n de esta web sobre el Paseo de Almer\u00eda y su historia\" \/>\n<meta property=\"og:url\" content=\"https:\/\/www.turismodealmeria.org\/paseo-almeria\/colaboraciones-bibliografia\/\" \/>\n<meta property=\"og:site_name\" content=\"Paseo de Almer\u00eda\" \/>\n<meta property=\"article:publisher\" content=\"https:\/\/www.facebook.com\/enamoradosdealmeria\" \/>\n<meta property=\"article:modified_time\" content=\"2020-12-16T08:31:45+00:00\" \/>\n<meta property=\"og:image\" content=\"https:\/\/www.turismodealmeria.org\/paseo-almeria\/wp-content\/uploads\/2020\/12\/logo-el-paseo-almeria.png\" \/>\n\t<meta property=\"og:image:width\" content=\"617\" \/>\n\t<meta property=\"og:image:height\" content=\"617\" \/>\n\t<meta property=\"og:image:type\" content=\"image\/png\" \/>\n<meta name=\"twitter:card\" content=\"summary_large_image\" \/>\n<meta name=\"twitter:title\" content=\"Bibliograf\u00eda de la gu\u00eda digital del Paseo. Turismo de Almer\u00eda\" \/>\n<meta name=\"twitter:description\" content=\"Conoce todas las fuentes bibliogr\u00e1ficas para la realizaci\u00f3n de esta web sobre el Paseo de Almer\u00eda y su historia\" \/>\n<meta name=\"twitter:image\" content=\"https:\/\/www.turismodealmeria.org\/paseo-almeria\/wp-content\/uploads\/2020\/12\/logo-el-paseo-almeria.png\" \/>\n<meta name=\"twitter:label1\" content=\"Tiempo de lectura\" \/>\n\t<meta name=\"twitter:data1\" content=\"2 minutos\" \/>\n<script type=\"application\/ld+json\" class=\"yoast-schema-graph\">{\"@context\":\"https:\/\/schema.org\",\"@graph\":[{\"@type\":\"WebPage\",\"@id\":\"https:\/\/www.turismodealmeria.org\/paseo-almeria\/colaboraciones-bibliografia\/\",\"url\":\"https:\/\/www.turismodealmeria.org\/paseo-almeria\/colaboraciones-bibliografia\/\",\"name\":\"Bibliograf\u00eda de la gu\u00eda digital del Paseo. Turismo de Almer\u00eda\",\"isPartOf\":{\"@id\":\"https:\/\/www.turismodealmeria.org\/paseo-almeria\/#website\"},\"primaryImageOfPage\":{\"@id\":\"https:\/\/www.turismodealmeria.org\/paseo-almeria\/colaboraciones-bibliografia\/#primaryimage\"},\"image\":{\"@id\":\"https:\/\/www.turismodealmeria.org\/paseo-almeria\/colaboraciones-bibliografia\/#primaryimage\"},\"thumbnailUrl\":\"https:\/\/www.turismodealmeria.org\/paseo-almeria\/wp-content\/uploads\/2020\/12\/comercio.png\",\"datePublished\":\"2020-12-08T08:25:05+00:00\",\"dateModified\":\"2020-12-16T08:31:45+00:00\",\"description\":\"Conoce todas las fuentes bibliogr\u00e1ficas para la realizaci\u00f3n de esta web sobre el Paseo de Almer\u00eda y su historia\",\"breadcrumb\":{\"@id\":\"https:\/\/www.turismodealmeria.org\/paseo-almeria\/colaboraciones-bibliografia\/#breadcrumb\"},\"inLanguage\":\"es\",\"potentialAction\":[{\"@type\":\"ReadAction\",\"target\":[\"https:\/\/www.turismodealmeria.org\/paseo-almeria\/colaboraciones-bibliografia\/\"]}]},{\"@type\":\"ImageObject\",\"inLanguage\":\"es\",\"@id\":\"https:\/\/www.turismodealmeria.org\/paseo-almeria\/colaboraciones-bibliografia\/#primaryimage\",\"url\":\"https:\/\/www.turismodealmeria.org\/paseo-almeria\/wp-content\/uploads\/2020\/12\/comercio.png\",\"contentUrl\":\"https:\/\/www.turismodealmeria.org\/paseo-almeria\/wp-content\/uploads\/2020\/12\/comercio.png\",\"width\":290,\"height\":290,\"caption\":\"El Comercio\"},{\"@type\":\"BreadcrumbList\",\"@id\":\"https:\/\/www.turismodealmeria.org\/paseo-almeria\/colaboraciones-bibliografia\/#breadcrumb\",\"itemListElement\":[{\"@type\":\"ListItem\",\"position\":1,\"name\":\"Portada\",\"item\":\"https:\/\/www.turismodealmeria.org\/paseo-almeria\/\"},{\"@type\":\"ListItem\",\"position\":2,\"name\":\"Bibliograf\u00eda\"}]},{\"@type\":\"WebSite\",\"@id\":\"https:\/\/www.turismodealmeria.org\/paseo-almeria\/#website\",\"url\":\"https:\/\/www.turismodealmeria.org\/paseo-almeria\/\",\"name\":\"Paseo de Almer\u00eda\",\"description\":\"\",\"potentialAction\":[{\"@type\":\"SearchAction\",\"target\":{\"@type\":\"EntryPoint\",\"urlTemplate\":\"https:\/\/www.turismodealmeria.org\/paseo-almeria\/?s={search_term_string}\"},\"query-input\":{\"@type\":\"PropertyValueSpecification\",\"valueRequired\":true,\"valueName\":\"search_term_string\"}}],\"inLanguage\":\"es\"}]}<\/script>\n<!-- \/ Yoast SEO plugin. -->","yoast_head_json":{"title":"Bibliograf\u00eda de la gu\u00eda digital del Paseo. Turismo de Almer\u00eda","description":"Conoce todas las fuentes bibliogr\u00e1ficas para la realizaci\u00f3n de esta web sobre el Paseo de Almer\u00eda y su historia","robots":{"index":"index","follow":"follow","max-snippet":"max-snippet:-1","max-image-preview":"max-image-preview:large","max-video-preview":"max-video-preview:-1"},"canonical":"https:\/\/www.turismodealmeria.org\/paseo-almeria\/colaboraciones-bibliografia\/","og_locale":"es_ES","og_type":"article","og_title":"Bibliograf\u00eda de la gu\u00eda digital del Paseo. Turismo de Almer\u00eda","og_description":"Conoce todas las fuentes bibliogr\u00e1ficas para la realizaci\u00f3n de esta web sobre el Paseo de Almer\u00eda y su historia","og_url":"https:\/\/www.turismodealmeria.org\/paseo-almeria\/colaboraciones-bibliografia\/","og_site_name":"Paseo de Almer\u00eda","article_publisher":"https:\/\/www.facebook.com\/enamoradosdealmeria","article_modified_time":"2020-12-16T08:31:45+00:00","og_image":[{"width":617,"height":617,"url":"https:\/\/www.turismodealmeria.org\/paseo-almeria\/wp-content\/uploads\/2020\/12\/logo-el-paseo-almeria.png","type":"image\/png"}],"twitter_card":"summary_large_image","twitter_title":"Bibliograf\u00eda de la gu\u00eda digital del Paseo. Turismo de Almer\u00eda","twitter_description":"Conoce todas las fuentes bibliogr\u00e1ficas para la realizaci\u00f3n de esta web sobre el Paseo de Almer\u00eda y su historia","twitter_image":"https:\/\/www.turismodealmeria.org\/paseo-almeria\/wp-content\/uploads\/2020\/12\/logo-el-paseo-almeria.png","twitter_misc":{"Tiempo de lectura":"2 minutos"},"schema":{"@context":"https:\/\/schema.org","@graph":[{"@type":"WebPage","@id":"https:\/\/www.turismodealmeria.org\/paseo-almeria\/colaboraciones-bibliografia\/","url":"https:\/\/www.turismodealmeria.org\/paseo-almeria\/colaboraciones-bibliografia\/","name":"Bibliograf\u00eda de la gu\u00eda digital del Paseo. Turismo de Almer\u00eda","isPartOf":{"@id":"https:\/\/www.turismodealmeria.org\/paseo-almeria\/#website"},"primaryImageOfPage":{"@id":"https:\/\/www.turismodealmeria.org\/paseo-almeria\/colaboraciones-bibliografia\/#primaryimage"},"image":{"@id":"https:\/\/www.turismodealmeria.org\/paseo-almeria\/colaboraciones-bibliografia\/#primaryimage"},"thumbnailUrl":"https:\/\/www.turismodealmeria.org\/paseo-almeria\/wp-content\/uploads\/2020\/12\/comercio.png","datePublished":"2020-12-08T08:25:05+00:00","dateModified":"2020-12-16T08:31:45+00:00","description":"Conoce todas las fuentes bibliogr\u00e1ficas para la realizaci\u00f3n de esta web sobre el Paseo de Almer\u00eda y su historia","breadcrumb":{"@id":"https:\/\/www.turismodealmeria.org\/paseo-almeria\/colaboraciones-bibliografia\/#breadcrumb"},"inLanguage":"es","potentialAction":[{"@type":"ReadAction","target":["https:\/\/www.turismodealmeria.org\/paseo-almeria\/colaboraciones-bibliografia\/"]}]},{"@type":"ImageObject","inLanguage":"es","@id":"https:\/\/www.turismodealmeria.org\/paseo-almeria\/colaboraciones-bibliografia\/#primaryimage","url":"https:\/\/www.turismodealmeria.org\/paseo-almeria\/wp-content\/uploads\/2020\/12\/comercio.png","contentUrl":"https:\/\/www.turismodealmeria.org\/paseo-almeria\/wp-content\/uploads\/2020\/12\/comercio.png","width":290,"height":290,"caption":"El Comercio"},{"@type":"BreadcrumbList","@id":"https:\/\/www.turismodealmeria.org\/paseo-almeria\/colaboraciones-bibliografia\/#breadcrumb","itemListElement":[{"@type":"ListItem","position":1,"name":"Portada","item":"https:\/\/www.turismodealmeria.org\/paseo-almeria\/"},{"@type":"ListItem","position":2,"name":"Bibliograf\u00eda"}]},{"@type":"WebSite","@id":"https:\/\/www.turismodealmeria.org\/paseo-almeria\/#website","url":"https:\/\/www.turismodealmeria.org\/paseo-almeria\/","name":"Paseo de Almer\u00eda","description":"","potentialAction":[{"@type":"SearchAction","target":{"@type":"EntryPoint","urlTemplate":"https:\/\/www.turismodealmeria.org\/paseo-almeria\/?s={search_term_string}"},"query-input":{"@type":"PropertyValueSpecification","valueRequired":true,"valueName":"search_term_string"}}],"inLanguage":"es"}]}},"_links":{"self":[{"href":"https:\/\/www.turismodealmeria.org\/paseo-almeria\/wp-json\/wp\/v2\/pages\/202","targetHints":{"allow":["GET"]}}],"collection":[{"href":"https:\/\/www.turismodealmeria.org\/paseo-almeria\/wp-json\/wp\/v2\/pages"}],"about":[{"href":"https:\/\/www.turismodealmeria.org\/paseo-almeria\/wp-json\/wp\/v2\/types\/page"}],"author":[{"embeddable":true,"href":"https:\/\/www.turismodealmeria.org\/paseo-almeria\/wp-json\/wp\/v2\/users\/1"}],"replies":[{"embeddable":true,"href":"https:\/\/www.turismodealmeria.org\/paseo-almeria\/wp-json\/wp\/v2\/comments?post=202"}],"version-history":[{"count":11,"href":"https:\/\/www.turismodealmeria.org\/paseo-almeria\/wp-json\/wp\/v2\/pages\/202\/revisions"}],"predecessor-version":[{"id":585,"href":"https:\/\/www.turismodealmeria.org\/paseo-almeria\/wp-json\/wp\/v2\/pages\/202\/revisions\/585"}],"wp:featuredmedia":[{"embeddable":true,"href":"https:\/\/www.turismodealmeria.org\/paseo-almeria\/wp-json\/wp\/v2\/media\/153"}],"wp:attachment":[{"href":"https:\/\/www.turismodealmeria.org\/paseo-almeria\/wp-json\/wp\/v2\/media?parent=202"}],"curies":[{"name":"wp","href":"https:\/\/api.w.org\/{rel}","templated":true}]}}