{"id":212,"date":"2020-12-08T08:31:39","date_gmt":"2020-12-08T08:31:39","guid":{"rendered":"https:\/\/www.turismodealmeria.org\/paseo-almeria\/?page_id=212"},"modified":"2022-12-12T14:56:48","modified_gmt":"2022-12-12T14:56:48","slug":"actividades-guias","status":"publish","type":"page","link":"https:\/\/www.turismodealmeria.org\/paseo-almeria\/actividades-guias\/","title":{"rendered":"Actividades"},"content":{"rendered":"<div class=\"wpb-content-wrapper\"><p>[vc_row unlock_row_content=\u00bbyes\u00bb row_height_percent=\u00bb0&#8243; override_padding=\u00bbyes\u00bb h_padding=\u00bb0&#8243; top_padding=\u00bb0&#8243; bottom_padding=\u00bb0&#8243; back_image=\u00bb169&#8243; back_repeat=\u00bbno-repeat\u00bb back_position=\u00bbcenter bottom\u00bb overlay_alpha=\u00bb100&#8243; gutter_size=\u00bb3&#8243; column_width_percent=\u00bb100&#8243; shift_y=\u00bb0&#8243; z_index=\u00bb0&#8243; back_size=\u00bbcover\u00bb el_class=\u00bbcabecera-principal-detalle\u00bb][vc_column column_width_percent=\u00bb100&#8243; position_vertical=\u00bbmiddle\u00bb gutter_size=\u00bb3&#8243; overlay_alpha=\u00bb50&#8243; shift_x=\u00bb0&#8243; shift_y=\u00bb0&#8243; shift_y_down=\u00bb0&#8243; z_index=\u00bb0&#8243; medium_width=\u00bb0&#8243; mobile_width=\u00bb0&#8243; width=\u00bb1\/1&#8243;][vc_single_image media=\u00bb174&#8243; media_width_use_pixel=\u00bbyes\u00bb alignment=\u00bbcenter\u00bb media_width_pixel=\u00bb430&#8243;][\/vc_column][\/vc_row][vc_row row_height_percent=\u00bb0&#8243; override_padding=\u00bbyes\u00bb h_padding=\u00bb2&#8243; top_padding=\u00bb2&#8243; bottom_padding=\u00bb0&#8243; overlay_alpha=\u00bb50&#8243; gutter_size=\u00bb3&#8243; column_width_percent=\u00bb100&#8243; shift_y=\u00bb0&#8243; z_index=\u00bb0&#8243;][vc_column width=\u00bb1\/1&#8243;][vc_custom_heading auto_text=\u00bbyes\u00bb heading_semantic=\u00bbh1&#8243; text_size=\u00bbfontsize-35&#8243; text_color=\u00bbPoppins\u00bb]This is a custom heading element.<\/p>\n<p>[\/vc_custom_heading][\/vc_column][\/vc_row][vc_row row_height_percent=\u00bb0&#8243; override_padding=\u00bbyes\u00bb h_padding=\u00bb2&#8243; top_padding=\u00bb2&#8243; bottom_padding=\u00bb0&#8243; overlay_alpha=\u00bb50&#8243; equal_height=\u00bbyes\u00bb gutter_size=\u00bb3&#8243; column_width_percent=\u00bb100&#8243; shift_y=\u00bb0&#8243; z_index=\u00bb0&#8243; css=\u00bb.vc_custom_1670857006474{margin-bottom: 25px !important;}\u00bb shape_dividers=\u00bb\u00bb][vc_column column_width_percent=\u00bb100&#8243; position_vertical=\u00bbmiddle\u00bb gutter_size=\u00bb3&#8243; overlay_alpha=\u00bb50&#8243; shift_x=\u00bb0&#8243; shift_y=\u00bb0&#8243; shift_y_down=\u00bb0&#8243; z_index=\u00bb0&#8243; medium_width=\u00bb0&#8243; mobile_width=\u00bb0&#8243; width=\u00bb1\/1&#8243; el_class=\u00bbcolumna-actividades\u00bb][vc_column_text]<\/p>\n<h2><strong>Centros muse\u00edsticos del Paseo de Almer\u00eda<\/strong><\/h2>\n<p><strong>Visita a los Refugios Antia\u00e9reos de la Guerra Civil<\/strong><\/p>\n<p><strong>Direcci\u00f3n:<\/strong> Plaza Manuel P\u00e9rez Garc\u00eda, s\/n. 04001 &#8211; Almer\u00eda<br \/>\n<strong>Tel\u00e9fono:<\/strong> 950 268 696<br \/>\n<strong>E-mail:<\/strong> refugios@aytoalmeria.es<\/p>\n<p><a href=\"https:\/\/www.turismodealmeria.org\/motivo-tematico\/los-refugios-de-la-guerra-civil-espanola\/\" target=\"_blank\" rel=\"noopener noreferrer\">Visita los Refugios<\/a>.<\/p>\n<p><strong>Visita al Museo de Arte Do\u00f1a Pakyta<\/strong><\/p>\n<p><strong>Direcci\u00f3n:<\/strong> Plaza Emilio P\u00e9rez (Plaza Circular), 2. 04001 &#8211; Almer\u00eda<br \/>\n<strong>Tel\u00e9fono:<\/strong> 670 494 096<\/p>\n<p><a href=\"https:\/\/www.turismodealmeria.org\/motivo-tematico\/museo-de-arte-dona-pakyta\/\">Visita el Museo<\/a>.<\/p>\n<h2><strong>Gu\u00edas profesionales para realizar visitas por la ciudad.<\/strong><\/h2>\n<p><strong>Almer\u00eda Tourism<br \/>\n<\/strong><strong>E-mail:<\/strong> inesalmeriatourism@gmail.com<br \/>\n<strong>Tel\u00e9fono:<\/strong> 655 396 155<\/p>\n<p><strong>Cl\u00e1ritas Turismo<br \/>\n<\/strong><strong>E-mail:<\/strong> info@claritasturismo.com | reservasalmeria@claritasturismo.com<br \/>\n<strong>Tel\u00e9fono:<\/strong> 678 775 043<\/p>\n<p><strong>Viajar en el Tiempo<br \/>\n<\/strong><strong>E-mail:<\/strong> alcazabadealmeria@gmail.com<br \/>\n<strong>Tel\u00e9fono:<\/strong> 635 229 998 | 667 316 862<\/p>\n<p><strong>Congresur<br \/>\n<\/strong><strong>E-mail:<\/strong> gemmagarcia@congresur.es<br \/>\n<strong>Tel\u00e9fono:<\/strong> 950 089 298<\/p>\n<p><strong>TTTourist<br \/>\n<\/strong><strong>E-mail:<\/strong> vcervino@gmail.com | holatttourist@gmail.com<br \/>\n<strong>Tel\u00e9fono:<\/strong> 679 971 777<\/p>\n<p><strong>Cicerone Almer\u00eda<br \/>\n<\/strong><strong>E-mail:<\/strong> ciceronealmeria@gmail.com<br \/>\n<strong>Tel\u00e9fono:<\/strong> 620 004 432<\/p>\n<p><strong>Raizes Turismo Personal<br \/>\n<\/strong><strong>E-mail:<\/strong> experiencias@raizes.es | equipo@raizes.es<br \/>\n<strong>Tel\u00e9fono:<\/strong> 950 576 256 | 669 008 599<\/p>\n<p><strong>Guialmer\u00eda<br \/>\n<\/strong><strong>E-mail:<\/strong> info@guialmeria<br \/>\n<strong>Tel\u00e9fono:<\/strong> 609 283 219<\/p>\n<p><strong>Al indalus<br \/>\n<\/strong><strong>E-mail:<\/strong> antonioguiaturistico@gmail.com | alindalusalmeria@gmail.com<br \/>\n<strong>Tel\u00e9fono:<\/strong> 640 049 073<\/p>\n<p><strong>Expertur<br \/>\n<\/strong><strong>E-mail:<\/strong> info@almeriaexpertur.com<br \/>\n<strong>Tel\u00e9fono:<\/strong> 657 700 819<\/p>\n<p><strong>Ingrid Schulz<br \/>\n<\/strong><strong>E-mail:<\/strong> is@medtrans.es | ingrid_almeria@yahoo.es<br \/>\n<strong>Tel\u00e9fono:<\/strong> 639 216 075<\/p>\n<p><strong>Mar\u00eda Jos\u00e9 Rueda<br \/>\n<\/strong><strong>E-mail:<\/strong> mariajoselita1@yahoo.es<br \/>\n<strong>Tel\u00e9fono:<\/strong> 670 267 332<\/p>\n<p><strong>Karin Classen<br \/>\n<\/strong><strong>E-mail:<\/strong> kcroq1@yahoo.es<br \/>\n<strong>Tel\u00e9fono:<\/strong> 656 230 247<\/p>\n<p><strong>Michael Jaume More<br \/>\n<\/strong><strong>E-mail:<\/strong> jaumemora2009@hotmail.com<br \/>\n<strong>Tel\u00e9fono:<\/strong> 625 444 236<\/p>\n<p><strong>Silverio Mart\u00ednez<br \/>\n<\/strong><strong>E-mail:<\/strong> silveriomarsan@hotmail.com<br \/>\n<strong>Tel\u00e9fono:<\/strong> 627 528 398<\/p>\n<p><strong>Almer\u00eda Gu\u00eda Tur\u00edstico<br \/>\n<\/strong><strong>E-mail:<\/strong> laura@guiaturisticoalmeria.es<br \/>\n<strong>Tel\u00e9fono:<\/strong> 635 929 116<\/p>\n<p><strong>Peter Suter<br \/>\n<\/strong><strong>E-mail:<\/strong> peterenasia@hotmail.com<br \/>\n<strong>Tel\u00e9fono:<\/strong> 606 940 834<\/p>\n<p><strong>Ecoaventurera<br \/>\n<\/strong><strong>E-mail:<\/strong> info@ecoaventureras.com<br \/>\n<strong>Tel\u00e9fono:<\/strong> 697 413 471<\/p>\n<p>[\/vc_column_text][\/vc_column][\/vc_row][vc_row unlock_row_content=\u00bbyes\u00bb row_height_percent=\u00bb0&#8243; override_padding=\u00bbyes\u00bb h_padding=\u00bb2&#8243; top_padding=\u00bb3&#8243; bottom_padding=\u00bb3&#8243; back_image=\u00bb107&#8243; back_repeat=\u00bbno-repeat\u00bb back_position=\u00bbcenter center\u00bb overlay_alpha=\u00bb50&#8243; gutter_size=\u00bb3&#8243; column_width_percent=\u00bb100&#8243; shift_y=\u00bb0&#8243; z_index=\u00bb0&#8243; back_size=\u00bbcover\u00bb][vc_column width=\u00bb1\/1&#8243;][vc_single_image media=\u00bb600&#8243; media_width_use_pixel=\u00bbyes\u00bb alignment=\u00bbcenter\u00bb media_width_pixel=\u00bb399&#8243; media_link=\u00bburl:https%3A%2F%2Fwww.turismodealmeria.org%2Fpaseo-almeria%2F\u00bb][\/vc_column][\/vc_row]<\/p>\n<\/div>","protected":false},"excerpt":{"rendered":"<p>[vc_row unlock_row_content=\u00bbyes\u00bb row_height_percent=\u00bb0&#8243; override_padding=\u00bbyes\u00bb h_padding=\u00bb0&#8243; top_padding=\u00bb0&#8243; bottom_padding=\u00bb0&#8243; back_image=\u00bb169&#8243; back_repeat=\u00bbno-repeat\u00bb back_position=\u00bbcenter bottom\u00bb overlay_alpha=\u00bb100&#8243; gutter_size=\u00bb3&#8243; column_width_percent=\u00bb100&#8243; shift_y=\u00bb0&#8243; z_index=\u00bb0&#8243; back_size=\u00bbcover\u00bb el_class=\u00bbcabecera-principal-detalle\u00bb][vc_column column_width_percent=\u00bb100&#8243; position_vertical=\u00bbmiddle\u00bb [&hellip;]<\/p>\n","protected":false},"author":1,"featured_media":153,"parent":0,"menu_order":0,"comment_status":"closed","ping_status":"closed","template":"","meta":{"footnotes":""},"class_list":["post-212","page","type-page","status-publish","has-post-thumbnail","hentry"],"yoast_head":"<!-- This site is optimized with the Yoast SEO plugin v24.6 - https:\/\/yoast.com\/wordpress\/plugins\/seo\/ -->\n<title>Gu\u00edas profesionales y museos del Paseo. Turismo de Almer\u00eda<\/title>\n<meta name=\"description\" content=\"Contacta con gu\u00edas para conocer la ciudad y visita el Museo de Do\u00f1a Pakyta y los Refugios Antia\u00e9reos de la Guerra Civil.\" \/>\n<meta name=\"robots\" content=\"index, follow, max-snippet:-1, max-image-preview:large, max-video-preview:-1\" \/>\n<link rel=\"canonical\" href=\"https:\/\/www.turismodealmeria.org\/paseo-almeria\/actividades-guias\/\" \/>\n<meta property=\"og:locale\" content=\"es_ES\" \/>\n<meta property=\"og:type\" content=\"article\" \/>\n<meta property=\"og:title\" content=\"Gu\u00edas profesionales y museos del Paseo. Turismo de Almer\u00eda\" \/>\n<meta property=\"og:description\" content=\"Contacta con gu\u00edas para conocer la ciudad y visita el Museo de Do\u00f1a Pakyta y los Refugios Antia\u00e9reos de la Guerra Civil.\" \/>\n<meta property=\"og:url\" content=\"https:\/\/www.turismodealmeria.org\/paseo-almeria\/actividades-guias\/\" \/>\n<meta property=\"og:site_name\" content=\"Paseo de Almer\u00eda\" \/>\n<meta property=\"article:publisher\" content=\"https:\/\/www.facebook.com\/enamoradosdealmeria\" \/>\n<meta property=\"article:modified_time\" content=\"2022-12-12T14:56:48+00:00\" \/>\n<meta property=\"og:image\" content=\"https:\/\/www.turismodealmeria.org\/paseo-almeria\/wp-content\/uploads\/2020\/12\/logo-el-paseo-almeria.png\" \/>\n\t<meta property=\"og:image:width\" content=\"617\" \/>\n\t<meta property=\"og:image:height\" content=\"617\" \/>\n\t<meta property=\"og:image:type\" content=\"image\/png\" \/>\n<meta name=\"twitter:card\" content=\"summary_large_image\" \/>\n<meta name=\"twitter:title\" content=\"Gu\u00edas profesionales y museos del Paseo. Turismo de Almer\u00eda\" \/>\n<meta name=\"twitter:description\" content=\"Contacta con gu\u00edas para conocer la ciudad y visita el Museo de Do\u00f1a Pakyta y los Refugios Antia\u00e9reos de la Guerra Civil.\" \/>\n<meta name=\"twitter:image\" content=\"https:\/\/www.turismodealmeria.org\/paseo-almeria\/wp-content\/uploads\/2020\/12\/logo-el-paseo-almeria.png\" \/>\n<meta name=\"twitter:label1\" content=\"Tiempo de lectura\" \/>\n\t<meta name=\"twitter:data1\" content=\"3 minutos\" \/>\n<script type=\"application\/ld+json\" class=\"yoast-schema-graph\">{\"@context\":\"https:\/\/schema.org\",\"@graph\":[{\"@type\":\"WebPage\",\"@id\":\"https:\/\/www.turismodealmeria.org\/paseo-almeria\/actividades-guias\/\",\"url\":\"https:\/\/www.turismodealmeria.org\/paseo-almeria\/actividades-guias\/\",\"name\":\"Gu\u00edas profesionales y museos del Paseo. Turismo de Almer\u00eda\",\"isPartOf\":{\"@id\":\"https:\/\/www.turismodealmeria.org\/paseo-almeria\/#website\"},\"primaryImageOfPage\":{\"@id\":\"https:\/\/www.turismodealmeria.org\/paseo-almeria\/actividades-guias\/#primaryimage\"},\"image\":{\"@id\":\"https:\/\/www.turismodealmeria.org\/paseo-almeria\/actividades-guias\/#primaryimage\"},\"thumbnailUrl\":\"https:\/\/www.turismodealmeria.org\/paseo-almeria\/wp-content\/uploads\/2020\/12\/comercio.png\",\"datePublished\":\"2020-12-08T08:31:39+00:00\",\"dateModified\":\"2022-12-12T14:56:48+00:00\",\"description\":\"Contacta con gu\u00edas para conocer la ciudad y visita el Museo de Do\u00f1a Pakyta y los Refugios Antia\u00e9reos de la Guerra Civil.\",\"breadcrumb\":{\"@id\":\"https:\/\/www.turismodealmeria.org\/paseo-almeria\/actividades-guias\/#breadcrumb\"},\"inLanguage\":\"es\",\"potentialAction\":[{\"@type\":\"ReadAction\",\"target\":[\"https:\/\/www.turismodealmeria.org\/paseo-almeria\/actividades-guias\/\"]}]},{\"@type\":\"ImageObject\",\"inLanguage\":\"es\",\"@id\":\"https:\/\/www.turismodealmeria.org\/paseo-almeria\/actividades-guias\/#primaryimage\",\"url\":\"https:\/\/www.turismodealmeria.org\/paseo-almeria\/wp-content\/uploads\/2020\/12\/comercio.png\",\"contentUrl\":\"https:\/\/www.turismodealmeria.org\/paseo-almeria\/wp-content\/uploads\/2020\/12\/comercio.png\",\"width\":290,\"height\":290,\"caption\":\"El Comercio\"},{\"@type\":\"BreadcrumbList\",\"@id\":\"https:\/\/www.turismodealmeria.org\/paseo-almeria\/actividades-guias\/#breadcrumb\",\"itemListElement\":[{\"@type\":\"ListItem\",\"position\":1,\"name\":\"Portada\",\"item\":\"https:\/\/www.turismodealmeria.org\/paseo-almeria\/\"},{\"@type\":\"ListItem\",\"position\":2,\"name\":\"Actividades\"}]},{\"@type\":\"WebSite\",\"@id\":\"https:\/\/www.turismodealmeria.org\/paseo-almeria\/#website\",\"url\":\"https:\/\/www.turismodealmeria.org\/paseo-almeria\/\",\"name\":\"Paseo de Almer\u00eda\",\"description\":\"\",\"potentialAction\":[{\"@type\":\"SearchAction\",\"target\":{\"@type\":\"EntryPoint\",\"urlTemplate\":\"https:\/\/www.turismodealmeria.org\/paseo-almeria\/?s={search_term_string}\"},\"query-input\":{\"@type\":\"PropertyValueSpecification\",\"valueRequired\":true,\"valueName\":\"search_term_string\"}}],\"inLanguage\":\"es\"}]}<\/script>\n<!-- \/ Yoast SEO plugin. -->","yoast_head_json":{"title":"Gu\u00edas profesionales y museos del Paseo. Turismo de Almer\u00eda","description":"Contacta con gu\u00edas para conocer la ciudad y visita el Museo de Do\u00f1a Pakyta y los Refugios Antia\u00e9reos de la Guerra Civil.","robots":{"index":"index","follow":"follow","max-snippet":"max-snippet:-1","max-image-preview":"max-image-preview:large","max-video-preview":"max-video-preview:-1"},"canonical":"https:\/\/www.turismodealmeria.org\/paseo-almeria\/actividades-guias\/","og_locale":"es_ES","og_type":"article","og_title":"Gu\u00edas profesionales y museos del Paseo. Turismo de Almer\u00eda","og_description":"Contacta con gu\u00edas para conocer la ciudad y visita el Museo de Do\u00f1a Pakyta y los Refugios Antia\u00e9reos de la Guerra Civil.","og_url":"https:\/\/www.turismodealmeria.org\/paseo-almeria\/actividades-guias\/","og_site_name":"Paseo de Almer\u00eda","article_publisher":"https:\/\/www.facebook.com\/enamoradosdealmeria","article_modified_time":"2022-12-12T14:56:48+00:00","og_image":[{"width":617,"height":617,"url":"https:\/\/www.turismodealmeria.org\/paseo-almeria\/wp-content\/uploads\/2020\/12\/logo-el-paseo-almeria.png","type":"image\/png"}],"twitter_card":"summary_large_image","twitter_title":"Gu\u00edas profesionales y museos del Paseo. Turismo de Almer\u00eda","twitter_description":"Contacta con gu\u00edas para conocer la ciudad y visita el Museo de Do\u00f1a Pakyta y los Refugios Antia\u00e9reos de la Guerra Civil.","twitter_image":"https:\/\/www.turismodealmeria.org\/paseo-almeria\/wp-content\/uploads\/2020\/12\/logo-el-paseo-almeria.png","twitter_misc":{"Tiempo de lectura":"3 minutos"},"schema":{"@context":"https:\/\/schema.org","@graph":[{"@type":"WebPage","@id":"https:\/\/www.turismodealmeria.org\/paseo-almeria\/actividades-guias\/","url":"https:\/\/www.turismodealmeria.org\/paseo-almeria\/actividades-guias\/","name":"Gu\u00edas profesionales y museos del Paseo. Turismo de Almer\u00eda","isPartOf":{"@id":"https:\/\/www.turismodealmeria.org\/paseo-almeria\/#website"},"primaryImageOfPage":{"@id":"https:\/\/www.turismodealmeria.org\/paseo-almeria\/actividades-guias\/#primaryimage"},"image":{"@id":"https:\/\/www.turismodealmeria.org\/paseo-almeria\/actividades-guias\/#primaryimage"},"thumbnailUrl":"https:\/\/www.turismodealmeria.org\/paseo-almeria\/wp-content\/uploads\/2020\/12\/comercio.png","datePublished":"2020-12-08T08:31:39+00:00","dateModified":"2022-12-12T14:56:48+00:00","description":"Contacta con gu\u00edas para conocer la ciudad y visita el Museo de Do\u00f1a Pakyta y los Refugios Antia\u00e9reos de la Guerra Civil.","breadcrumb":{"@id":"https:\/\/www.turismodealmeria.org\/paseo-almeria\/actividades-guias\/#breadcrumb"},"inLanguage":"es","potentialAction":[{"@type":"ReadAction","target":["https:\/\/www.turismodealmeria.org\/paseo-almeria\/actividades-guias\/"]}]},{"@type":"ImageObject","inLanguage":"es","@id":"https:\/\/www.turismodealmeria.org\/paseo-almeria\/actividades-guias\/#primaryimage","url":"https:\/\/www.turismodealmeria.org\/paseo-almeria\/wp-content\/uploads\/2020\/12\/comercio.png","contentUrl":"https:\/\/www.turismodealmeria.org\/paseo-almeria\/wp-content\/uploads\/2020\/12\/comercio.png","width":290,"height":290,"caption":"El Comercio"},{"@type":"BreadcrumbList","@id":"https:\/\/www.turismodealmeria.org\/paseo-almeria\/actividades-guias\/#breadcrumb","itemListElement":[{"@type":"ListItem","position":1,"name":"Portada","item":"https:\/\/www.turismodealmeria.org\/paseo-almeria\/"},{"@type":"ListItem","position":2,"name":"Actividades"}]},{"@type":"WebSite","@id":"https:\/\/www.turismodealmeria.org\/paseo-almeria\/#website","url":"https:\/\/www.turismodealmeria.org\/paseo-almeria\/","name":"Paseo de Almer\u00eda","description":"","potentialAction":[{"@type":"SearchAction","target":{"@type":"EntryPoint","urlTemplate":"https:\/\/www.turismodealmeria.org\/paseo-almeria\/?s={search_term_string}"},"query-input":{"@type":"PropertyValueSpecification","valueRequired":true,"valueName":"search_term_string"}}],"inLanguage":"es"}]}},"_links":{"self":[{"href":"https:\/\/www.turismodealmeria.org\/paseo-almeria\/wp-json\/wp\/v2\/pages\/212","targetHints":{"allow":["GET"]}}],"collection":[{"href":"https:\/\/www.turismodealmeria.org\/paseo-almeria\/wp-json\/wp\/v2\/pages"}],"about":[{"href":"https:\/\/www.turismodealmeria.org\/paseo-almeria\/wp-json\/wp\/v2\/types\/page"}],"author":[{"embeddable":true,"href":"https:\/\/www.turismodealmeria.org\/paseo-almeria\/wp-json\/wp\/v2\/users\/1"}],"replies":[{"embeddable":true,"href":"https:\/\/www.turismodealmeria.org\/paseo-almeria\/wp-json\/wp\/v2\/comments?post=212"}],"version-history":[{"count":13,"href":"https:\/\/www.turismodealmeria.org\/paseo-almeria\/wp-json\/wp\/v2\/pages\/212\/revisions"}],"predecessor-version":[{"id":579,"href":"https:\/\/www.turismodealmeria.org\/paseo-almeria\/wp-json\/wp\/v2\/pages\/212\/revisions\/579"}],"wp:featuredmedia":[{"embeddable":true,"href":"https:\/\/www.turismodealmeria.org\/paseo-almeria\/wp-json\/wp\/v2\/media\/153"}],"wp:attachment":[{"href":"https:\/\/www.turismodealmeria.org\/paseo-almeria\/wp-json\/wp\/v2\/media?parent=212"}],"curies":[{"name":"wp","href":"https:\/\/api.w.org\/{rel}","templated":true}]}}