{"id":652,"date":"2020-12-16T15:01:50","date_gmt":"2020-12-16T15:01:50","guid":{"rendered":"https:\/\/www.turismodealmeria.org\/paseo-almeria\/?page_id=652"},"modified":"2020-12-16T15:03:11","modified_gmt":"2020-12-16T15:03:11","slug":"privacidad","status":"publish","type":"page","link":"https:\/\/www.turismodealmeria.org\/paseo-almeria\/privacidad\/","title":{"rendered":"Pol\u00edtica de privacidad"},"content":{"rendered":"<div class=\"wpb-content-wrapper\"><p>[vc_row unlock_row_content=\u00bbyes\u00bb row_height_percent=\u00bb0&#8243; override_padding=\u00bbyes\u00bb h_padding=\u00bb0&#8243; top_padding=\u00bb0&#8243; bottom_padding=\u00bb0&#8243; back_image=\u00bb588&#8243; back_repeat=\u00bbno-repeat\u00bb back_position=\u00bbcenter bottom\u00bb overlay_alpha=\u00bb100&#8243; gutter_size=\u00bb3&#8243; column_width_percent=\u00bb100&#8243; shift_y=\u00bb0&#8243; z_index=\u00bb0&#8243; back_size=\u00bbcover\u00bb el_class=\u00bbcabecera-principal-detalle\u00bb][vc_column column_width_percent=\u00bb100&#8243; position_vertical=\u00bbmiddle\u00bb gutter_size=\u00bb3&#8243; overlay_alpha=\u00bb50&#8243; shift_x=\u00bb0&#8243; shift_y=\u00bb0&#8243; shift_y_down=\u00bb0&#8243; z_index=\u00bb0&#8243; medium_width=\u00bb0&#8243; mobile_width=\u00bb0&#8243; width=\u00bb1\/1&#8243;][vc_single_image media=\u00bb174&#8243; media_width_use_pixel=\u00bbyes\u00bb alignment=\u00bbcenter\u00bb media_width_pixel=\u00bb430&#8243;][\/vc_column][\/vc_row][vc_row row_height_percent=\u00bb0&#8243; override_padding=\u00bbyes\u00bb h_padding=\u00bb2&#8243; top_padding=\u00bb2&#8243; bottom_padding=\u00bb0&#8243; overlay_alpha=\u00bb50&#8243; gutter_size=\u00bb3&#8243; column_width_percent=\u00bb100&#8243; shift_y=\u00bb0&#8243; z_index=\u00bb0&#8243;][vc_column width=\u00bb1\/1&#8243;][vc_custom_heading auto_text=\u00bbyes\u00bb heading_semantic=\u00bbh1&#8243; text_size=\u00bbfontsize-35&#8243; text_color=\u00bbPoppins\u00bb]This is a custom heading element.<\/p>\n<p>[\/vc_custom_heading][\/vc_column][\/vc_row][vc_row row_height_percent=\u00bb0&#8243; override_padding=\u00bbyes\u00bb h_padding=\u00bb2&#8243; top_padding=\u00bb2&#8243; bottom_padding=\u00bb0&#8243; overlay_alpha=\u00bb50&#8243; equal_height=\u00bbyes\u00bb gutter_size=\u00bb3&#8243; column_width_percent=\u00bb100&#8243; shift_y=\u00bb0&#8243; z_index=\u00bb0&#8243;][vc_column column_width_percent=\u00bb100&#8243; position_vertical=\u00bbmiddle\u00bb gutter_size=\u00bb3&#8243; overlay_alpha=\u00bb50&#8243; shift_x=\u00bb0&#8243; shift_y=\u00bb0&#8243; shift_y_down=\u00bb0&#8243; z_index=\u00bb0&#8243; medium_width=\u00bb0&#8243; mobile_width=\u00bb0&#8243; width=\u00bb1\/1&#8243; el_class=\u00bbcolumna-actividades\u00bb][vc_column_text]Mediante la presente Pol\u00edtica de Privacidad <strong>Empresa Municipal de Turismo de Almer\u00eda<\/strong> (en adelante, LA EMPRESA) informan a los usuarios del site <a href=\"https:\/\/www.turismodealmeria.org\/paseo-almeria\/\">www.turismodealmeria.org\/paseo-almeria\/<\/a> del tratamiento y usos a los que se someten los datos de car\u00e1cter personal recabados en el web, con el fin de que decidan, libre y voluntariamente, si desean facilitar la informaci\u00f3n solicitada.<\/p>\n<p><strong>LA EMPRESA<\/strong> se reserva la facultad de modificar esta Pol\u00edtica con el objeto de adaptarla a novedades legislativas, criterios jurisprudenciales, pr\u00e1cticas del sector o intereses particulares de la sociedad. En todo caso, las modificaciones ser\u00e1n comunicadas al usuario con la debida antelaci\u00f3n, as\u00ed como el momento en que comenzar\u00e1n a ser efectivas.<\/p>\n<p><strong>Seguridad de los Datos<\/strong><\/p>\n<p><strong>LA EMPRESA<\/strong> garantizar la seguridad y confidencialidad de los datos almacenados, evitando as\u00ed, en la medida de lo posible, su alteraci\u00f3n, p\u00e9rdida, tratamiento o acceso no autorizado.<br \/>\n[\/vc_column_text][\/vc_column][\/vc_row][vc_row unlock_row_content=\u00bbyes\u00bb row_height_percent=\u00bb0&#8243; override_padding=\u00bbyes\u00bb h_padding=\u00bb2&#8243; top_padding=\u00bb3&#8243; bottom_padding=\u00bb3&#8243; back_image=\u00bb107&#8243; back_repeat=\u00bbno-repeat\u00bb back_position=\u00bbcenter center\u00bb overlay_alpha=\u00bb50&#8243; gutter_size=\u00bb3&#8243; column_width_percent=\u00bb100&#8243; shift_y=\u00bb0&#8243; z_index=\u00bb0&#8243; back_size=\u00bbcover\u00bb css=\u00bb.vc_custom_1608120796881{margin-top: 36px !important;}\u00bb][vc_column width=\u00bb1\/1&#8243;][vc_single_image media=\u00bb600&#8243; media_width_use_pixel=\u00bbyes\u00bb alignment=\u00bbcenter\u00bb media_width_pixel=\u00bb399&#8243; media_link=\u00bburl:https%3A%2F%2Fwww.turismodealmeria.org%2Fpaseo-almeria%2F\u00bb][\/vc_column][\/vc_row]<\/p>\n<\/div>","protected":false},"excerpt":{"rendered":"<p>[vc_row unlock_row_content=\u00bbyes\u00bb row_height_percent=\u00bb0&#8243; override_padding=\u00bbyes\u00bb h_padding=\u00bb0&#8243; top_padding=\u00bb0&#8243; bottom_padding=\u00bb0&#8243; back_image=\u00bb588&#8243; back_repeat=\u00bbno-repeat\u00bb back_position=\u00bbcenter bottom\u00bb overlay_alpha=\u00bb100&#8243; gutter_size=\u00bb3&#8243; column_width_percent=\u00bb100&#8243; shift_y=\u00bb0&#8243; z_index=\u00bb0&#8243; back_size=\u00bbcover\u00bb el_class=\u00bbcabecera-principal-detalle\u00bb][vc_column column_width_percent=\u00bb100&#8243; position_vertical=\u00bbmiddle\u00bb [&hellip;]<\/p>\n","protected":false},"author":1,"featured_media":153,"parent":0,"menu_order":0,"comment_status":"closed","ping_status":"closed","template":"","meta":{"footnotes":""},"class_list":["post-652","page","type-page","status-publish","has-post-thumbnail","hentry"],"yoast_head":"<!-- This site is optimized with the Yoast SEO plugin v24.6 - https:\/\/yoast.com\/wordpress\/plugins\/seo\/ -->\n<title>Pol\u00edtica de privacidad<\/title>\n<meta name=\"description\" content=\"Contacta con gu\u00edas para conocer la ciudad y visita el Museo de Do\u00f1a Pakyta y los Refugios Antia\u00e9reos de la Guerra Civil.\" \/>\n<meta name=\"robots\" content=\"index, follow, max-snippet:-1, max-image-preview:large, max-video-preview:-1\" \/>\n<link rel=\"canonical\" href=\"https:\/\/www.turismodealmeria.org\/paseo-almeria\/privacidad\/\" \/>\n<meta property=\"og:locale\" content=\"es_ES\" \/>\n<meta property=\"og:type\" content=\"article\" \/>\n<meta property=\"og:title\" content=\"Gu\u00edas profesionales y museos del Paseo. Turismo de Almer\u00eda\" \/>\n<meta property=\"og:description\" content=\"Contacta con gu\u00edas para conocer la ciudad y visita el Museo de Do\u00f1a Pakyta y los Refugios Antia\u00e9reos de la Guerra Civil.\" \/>\n<meta property=\"og:url\" content=\"https:\/\/www.turismodealmeria.org\/paseo-almeria\/privacidad\/\" \/>\n<meta property=\"og:site_name\" content=\"Paseo de Almer\u00eda\" \/>\n<meta property=\"article:publisher\" content=\"https:\/\/www.facebook.com\/enamoradosdealmeria\" \/>\n<meta property=\"article:modified_time\" content=\"2020-12-16T15:03:11+00:00\" \/>\n<meta property=\"og:image\" content=\"https:\/\/www.turismodealmeria.org\/paseo-almeria\/wp-content\/uploads\/2020\/12\/logo-el-paseo-almeria.png\" \/>\n\t<meta property=\"og:image:width\" content=\"617\" \/>\n\t<meta property=\"og:image:height\" content=\"617\" \/>\n\t<meta property=\"og:image:type\" content=\"image\/png\" \/>\n<meta name=\"twitter:card\" content=\"summary_large_image\" \/>\n<meta name=\"twitter:title\" content=\"Gu\u00edas profesionales y museos del Paseo. Turismo de Almer\u00eda\" \/>\n<meta name=\"twitter:description\" content=\"Contacta con gu\u00edas para conocer la ciudad y visita el Museo de Do\u00f1a Pakyta y los Refugios Antia\u00e9reos de la Guerra Civil.\" \/>\n<meta name=\"twitter:image\" content=\"https:\/\/www.turismodealmeria.org\/paseo-almeria\/wp-content\/uploads\/2020\/12\/logo-el-paseo-almeria.png\" \/>\n<meta name=\"twitter:label1\" content=\"Tiempo de lectura\" \/>\n\t<meta name=\"twitter:data1\" content=\"2 minutos\" \/>\n<script type=\"application\/ld+json\" class=\"yoast-schema-graph\">{\"@context\":\"https:\/\/schema.org\",\"@graph\":[{\"@type\":\"WebPage\",\"@id\":\"https:\/\/www.turismodealmeria.org\/paseo-almeria\/privacidad\/\",\"url\":\"https:\/\/www.turismodealmeria.org\/paseo-almeria\/privacidad\/\",\"name\":\"Pol\u00edtica de privacidad\",\"isPartOf\":{\"@id\":\"https:\/\/www.turismodealmeria.org\/paseo-almeria\/#website\"},\"primaryImageOfPage\":{\"@id\":\"https:\/\/www.turismodealmeria.org\/paseo-almeria\/privacidad\/#primaryimage\"},\"image\":{\"@id\":\"https:\/\/www.turismodealmeria.org\/paseo-almeria\/privacidad\/#primaryimage\"},\"thumbnailUrl\":\"https:\/\/www.turismodealmeria.org\/paseo-almeria\/wp-content\/uploads\/2020\/12\/comercio.png\",\"datePublished\":\"2020-12-16T15:01:50+00:00\",\"dateModified\":\"2020-12-16T15:03:11+00:00\",\"description\":\"Contacta con gu\u00edas para conocer la ciudad y visita el Museo de Do\u00f1a Pakyta y los Refugios Antia\u00e9reos de la Guerra Civil.\",\"breadcrumb\":{\"@id\":\"https:\/\/www.turismodealmeria.org\/paseo-almeria\/privacidad\/#breadcrumb\"},\"inLanguage\":\"es\",\"potentialAction\":[{\"@type\":\"ReadAction\",\"target\":[\"https:\/\/www.turismodealmeria.org\/paseo-almeria\/privacidad\/\"]}]},{\"@type\":\"ImageObject\",\"inLanguage\":\"es\",\"@id\":\"https:\/\/www.turismodealmeria.org\/paseo-almeria\/privacidad\/#primaryimage\",\"url\":\"https:\/\/www.turismodealmeria.org\/paseo-almeria\/wp-content\/uploads\/2020\/12\/comercio.png\",\"contentUrl\":\"https:\/\/www.turismodealmeria.org\/paseo-almeria\/wp-content\/uploads\/2020\/12\/comercio.png\",\"width\":290,\"height\":290,\"caption\":\"El Comercio\"},{\"@type\":\"BreadcrumbList\",\"@id\":\"https:\/\/www.turismodealmeria.org\/paseo-almeria\/privacidad\/#breadcrumb\",\"itemListElement\":[{\"@type\":\"ListItem\",\"position\":1,\"name\":\"Portada\",\"item\":\"https:\/\/www.turismodealmeria.org\/paseo-almeria\/\"},{\"@type\":\"ListItem\",\"position\":2,\"name\":\"Pol\u00edtica de privacidad\"}]},{\"@type\":\"WebSite\",\"@id\":\"https:\/\/www.turismodealmeria.org\/paseo-almeria\/#website\",\"url\":\"https:\/\/www.turismodealmeria.org\/paseo-almeria\/\",\"name\":\"Paseo de Almer\u00eda\",\"description\":\"\",\"potentialAction\":[{\"@type\":\"SearchAction\",\"target\":{\"@type\":\"EntryPoint\",\"urlTemplate\":\"https:\/\/www.turismodealmeria.org\/paseo-almeria\/?s={search_term_string}\"},\"query-input\":{\"@type\":\"PropertyValueSpecification\",\"valueRequired\":true,\"valueName\":\"search_term_string\"}}],\"inLanguage\":\"es\"}]}<\/script>\n<!-- \/ Yoast SEO plugin. -->","yoast_head_json":{"title":"Pol\u00edtica de privacidad","description":"Contacta con gu\u00edas para conocer la ciudad y visita el Museo de Do\u00f1a Pakyta y los Refugios Antia\u00e9reos de la Guerra Civil.","robots":{"index":"index","follow":"follow","max-snippet":"max-snippet:-1","max-image-preview":"max-image-preview:large","max-video-preview":"max-video-preview:-1"},"canonical":"https:\/\/www.turismodealmeria.org\/paseo-almeria\/privacidad\/","og_locale":"es_ES","og_type":"article","og_title":"Gu\u00edas profesionales y museos del Paseo. Turismo de Almer\u00eda","og_description":"Contacta con gu\u00edas para conocer la ciudad y visita el Museo de Do\u00f1a Pakyta y los Refugios Antia\u00e9reos de la Guerra Civil.","og_url":"https:\/\/www.turismodealmeria.org\/paseo-almeria\/privacidad\/","og_site_name":"Paseo de Almer\u00eda","article_publisher":"https:\/\/www.facebook.com\/enamoradosdealmeria","article_modified_time":"2020-12-16T15:03:11+00:00","og_image":[{"width":617,"height":617,"url":"https:\/\/www.turismodealmeria.org\/paseo-almeria\/wp-content\/uploads\/2020\/12\/logo-el-paseo-almeria.png","type":"image\/png"}],"twitter_card":"summary_large_image","twitter_title":"Gu\u00edas profesionales y museos del Paseo. Turismo de Almer\u00eda","twitter_description":"Contacta con gu\u00edas para conocer la ciudad y visita el Museo de Do\u00f1a Pakyta y los Refugios Antia\u00e9reos de la Guerra Civil.","twitter_image":"https:\/\/www.turismodealmeria.org\/paseo-almeria\/wp-content\/uploads\/2020\/12\/logo-el-paseo-almeria.png","twitter_misc":{"Tiempo de lectura":"2 minutos"},"schema":{"@context":"https:\/\/schema.org","@graph":[{"@type":"WebPage","@id":"https:\/\/www.turismodealmeria.org\/paseo-almeria\/privacidad\/","url":"https:\/\/www.turismodealmeria.org\/paseo-almeria\/privacidad\/","name":"Pol\u00edtica de privacidad","isPartOf":{"@id":"https:\/\/www.turismodealmeria.org\/paseo-almeria\/#website"},"primaryImageOfPage":{"@id":"https:\/\/www.turismodealmeria.org\/paseo-almeria\/privacidad\/#primaryimage"},"image":{"@id":"https:\/\/www.turismodealmeria.org\/paseo-almeria\/privacidad\/#primaryimage"},"thumbnailUrl":"https:\/\/www.turismodealmeria.org\/paseo-almeria\/wp-content\/uploads\/2020\/12\/comercio.png","datePublished":"2020-12-16T15:01:50+00:00","dateModified":"2020-12-16T15:03:11+00:00","description":"Contacta con gu\u00edas para conocer la ciudad y visita el Museo de Do\u00f1a Pakyta y los Refugios Antia\u00e9reos de la Guerra Civil.","breadcrumb":{"@id":"https:\/\/www.turismodealmeria.org\/paseo-almeria\/privacidad\/#breadcrumb"},"inLanguage":"es","potentialAction":[{"@type":"ReadAction","target":["https:\/\/www.turismodealmeria.org\/paseo-almeria\/privacidad\/"]}]},{"@type":"ImageObject","inLanguage":"es","@id":"https:\/\/www.turismodealmeria.org\/paseo-almeria\/privacidad\/#primaryimage","url":"https:\/\/www.turismodealmeria.org\/paseo-almeria\/wp-content\/uploads\/2020\/12\/comercio.png","contentUrl":"https:\/\/www.turismodealmeria.org\/paseo-almeria\/wp-content\/uploads\/2020\/12\/comercio.png","width":290,"height":290,"caption":"El Comercio"},{"@type":"BreadcrumbList","@id":"https:\/\/www.turismodealmeria.org\/paseo-almeria\/privacidad\/#breadcrumb","itemListElement":[{"@type":"ListItem","position":1,"name":"Portada","item":"https:\/\/www.turismodealmeria.org\/paseo-almeria\/"},{"@type":"ListItem","position":2,"name":"Pol\u00edtica de privacidad"}]},{"@type":"WebSite","@id":"https:\/\/www.turismodealmeria.org\/paseo-almeria\/#website","url":"https:\/\/www.turismodealmeria.org\/paseo-almeria\/","name":"Paseo de Almer\u00eda","description":"","potentialAction":[{"@type":"SearchAction","target":{"@type":"EntryPoint","urlTemplate":"https:\/\/www.turismodealmeria.org\/paseo-almeria\/?s={search_term_string}"},"query-input":{"@type":"PropertyValueSpecification","valueRequired":true,"valueName":"search_term_string"}}],"inLanguage":"es"}]}},"_links":{"self":[{"href":"https:\/\/www.turismodealmeria.org\/paseo-almeria\/wp-json\/wp\/v2\/pages\/652","targetHints":{"allow":["GET"]}}],"collection":[{"href":"https:\/\/www.turismodealmeria.org\/paseo-almeria\/wp-json\/wp\/v2\/pages"}],"about":[{"href":"https:\/\/www.turismodealmeria.org\/paseo-almeria\/wp-json\/wp\/v2\/types\/page"}],"author":[{"embeddable":true,"href":"https:\/\/www.turismodealmeria.org\/paseo-almeria\/wp-json\/wp\/v2\/users\/1"}],"replies":[{"embeddable":true,"href":"https:\/\/www.turismodealmeria.org\/paseo-almeria\/wp-json\/wp\/v2\/comments?post=652"}],"version-history":[{"count":2,"href":"https:\/\/www.turismodealmeria.org\/paseo-almeria\/wp-json\/wp\/v2\/pages\/652\/revisions"}],"predecessor-version":[{"id":654,"href":"https:\/\/www.turismodealmeria.org\/paseo-almeria\/wp-json\/wp\/v2\/pages\/652\/revisions\/654"}],"wp:featuredmedia":[{"embeddable":true,"href":"https:\/\/www.turismodealmeria.org\/paseo-almeria\/wp-json\/wp\/v2\/media\/153"}],"wp:attachment":[{"href":"https:\/\/www.turismodealmeria.org\/paseo-almeria\/wp-json\/wp\/v2\/media?parent=652"}],"curies":[{"name":"wp","href":"https:\/\/api.w.org\/{rel}","templated":true}]}}